{"id":1262,"date":"2017-11-16T15:53:45","date_gmt":"2017-11-16T14:53:45","guid":{"rendered":"http:\/\/kupmyjnie.pl\/post-your-ad-on-our-portal\/"},"modified":"2022-09-23T11:38:18","modified_gmt":"2022-09-23T09:38:18","slug":"post-your-ad-on-our-portal","status":"publish","type":"page","link":"https:\/\/kupmyjnie.pl\/en\/post-your-ad-on-our-portal\/","title":{"rendered":"Post your ad on our portal"},"content":{"rendered":"<div class=\"wpb-content-wrapper\"><p>[vc_row css=&#8221;.vc_custom_1510844615512{background-color: #ffffff !important;}&#8221;][vc_column width=&#8221;2\/3&#8243; css=&#8221;.vc_custom_1510844804848{background-color: #ffffff !important;}&#8221; el_class=&#8221;m-b-lg&#8221;][vc_custom_heading text=&#8221;Application form&#8221; use_theme_fonts=&#8221;yes&#8221;][vc_btn title=&#8221;Get acquainted with cooperation options&#8221; style=&#8221;outline&#8221; shape=&#8221;square&#8221; color=&#8221;warning&#8221; link=&#8221;url:http%3A%2F%2Fkupmyjnie.pl%2Fjak-sprzedac%2F|&#8221;][vc_column_text css=&#8221;.vc_custom_1588062591907{background-color: #ffffff !important;}&#8221;]To add an ad on our portal, fill out the form below.<br \/>\nRemember to provide correct contact information and answer each question as accurately as possible.<\/p>\n<p><strong>Once submitted, your application will be verified by our staff and then posted on kupmyjnie.pl<\/strong>[\/vc_column_text]<div role=\"form\" class=\"wpcf7\" id=\"wpcf7-f308-o1\" lang=\"pl-PL\" dir=\"ltr\">\n<div class=\"screen-reader-response\"><\/div>\n<form action=\"\/en\/wp-json\/wp\/v2\/pages\/1262#wpcf7-f308-o1\" method=\"post\" class=\"wpcf7-form\" enctype=\"multipart\/form-data\" novalidate=\"novalidate\">\n<div style=\"display: none;\">\n<input type=\"hidden\" name=\"_wpcf7\" value=\"308\" \/>\n<input type=\"hidden\" name=\"_wpcf7_version\" value=\"4.9.1\" \/>\n<input type=\"hidden\" name=\"_wpcf7_locale\" value=\"pl_PL\" \/>\n<input type=\"hidden\" name=\"_wpcf7_unit_tag\" value=\"wpcf7-f308-o1\" \/>\n<input type=\"hidden\" name=\"_wpcf7_container_post\" value=\"0\" \/>\n<\/div>\n<div class=\"row\">\n<h3>Informacje og\u00f3lne<\/h3>\n<div class=\"col-md-12\">\n<div class=\"form-group\">\n        <span class=\"wpcf7-form-control-wrap your-name\"><input type=\"text\" name=\"your-name\" value=\"\" size=\"40\" class=\"wpcf7-form-control wpcf7-text wpcf7-validates-as-required form-control\" aria-required=\"true\" aria-invalid=\"false\" placeholder=\"Imi\u0119 i nazwisko*\" \/><\/span>\n    <\/div>\n<\/div>\n<div class=\"col-md-12\">\n<div class=\"form-group\">\n        <span class=\"wpcf7-form-control-wrap your-email\"><input type=\"text\" name=\"your-email\" value=\"\" size=\"40\" class=\"wpcf7-form-control wpcf7-text wpcf7-validates-as-required form-control\" aria-required=\"true\" aria-invalid=\"false\" placeholder=\"E-mail*\" \/><\/span>\n    <\/div>\n<\/div>\n<div class=\"col-md-12\">\n<div class=\"form-group\">\n        <span class=\"wpcf7-form-control-wrap your-phone\"><input type=\"text\" name=\"your-phone\" value=\"\" size=\"40\" class=\"wpcf7-form-control wpcf7-text wpcf7-validates-as-required form-control\" aria-required=\"true\" aria-invalid=\"false\" placeholder=\"Telefon*\" \/><\/span>\n    <\/div>\n<\/div>\n<p><i>* pole oznaczone gwiazdk\u0105 jest wymagane<\/i><\/p>\n<h3>Dane techniczne myjni<\/h3>\n<div class=\"col-md-12\">\n<div class=\"form-group\">\n        <span class=\"wpcf7-form-control-wrap text-producent\"><input type=\"text\" name=\"text-producent\" value=\"\" size=\"40\" class=\"wpcf7-form-control wpcf7-text form-control\" aria-invalid=\"false\" placeholder=\"Producent\" \/><\/span>\n    <\/div>\n<\/div>\n<div class=\"col-md-12\">\n<div class=\"form-group\">\n        <span class=\"wpcf7-form-control-wrap text-model\"><input type=\"text\" name=\"text-model\" value=\"\" size=\"40\" class=\"wpcf7-form-control wpcf7-text form-control\" aria-invalid=\"false\" placeholder=\"Rodzaj i model urz\u0105dzenia\" \/><\/span>\n    <\/div>\n<\/div>\n<div class=\"col-md-12\">\n<div class=\"form-group\">\n        <span class=\"wpcf7-form-control-wrap text-rok\"><input type=\"text\" name=\"text-rok\" value=\"\" size=\"40\" class=\"wpcf7-form-control wpcf7-text form-control\" aria-invalid=\"false\" placeholder=\"Rok produkcji\" \/><\/span>\n    <\/div>\n<\/div>\n<div class=\"col-md-12\">\n<div class=\"form-group\">\n        <span class=\"wpcf7-form-control-wrap text-stanowisk\"><input type=\"text\" name=\"text-stanowisk\" value=\"\" size=\"40\" class=\"wpcf7-form-control wpcf7-text form-control\" aria-invalid=\"false\" placeholder=\"Ilo\u015b\u0107 stanowisk\" \/><\/span>\n    <\/div>\n<\/div>\n<div class=\"col-md-12\">\n<div class=\"form-group\">\n        <span class=\"wpcf7-form-control-wrap text-kociol\"><input type=\"text\" name=\"text-kociol\" value=\"\" size=\"40\" class=\"wpcf7-form-control wpcf7-text form-control\" aria-invalid=\"false\" placeholder=\"Rodzaj kot\u0142a (zasilanie gazowe, olejowe, elektryczne)\" \/><\/span>\n    <\/div>\n<\/div>\n<div class=\"col-md-12\">\n<div class=\"form-group\">\n        <span class=\"wpcf7-form-control-wrap text-programy\"><input type=\"text\" name=\"text-programy\" value=\"\" size=\"40\" class=\"wpcf7-form-control wpcf7-text form-control\" aria-invalid=\"false\" placeholder=\"Ilo\u015b\u0107 oraz rodzaj program\u00f3w\" \/><\/span>\n    <\/div>\n<\/div>\n<div class=\"col-md-12\">\n<div class=\"form-group\">\n        <span class=\"wpcf7-form-control-wrap text-funkcjonalnosci\"><input type=\"text\" name=\"text-funkcjonalnosci\" value=\"\" size=\"40\" class=\"wpcf7-form-control wpcf7-text form-control\" aria-invalid=\"false\" placeholder=\"Dodatkowe funkcjonalno\u015bci\" \/><\/span>\n    <\/div>\n<\/div>\n<div class=\"col-md-12\">\n<div class=\"form-group\">\n        <span class=\"wpcf7-form-control-wrap text-lokalizacja\"><input type=\"text\" name=\"text-lokalizacja\" value=\"\" size=\"40\" class=\"wpcf7-form-control wpcf7-text form-control\" aria-invalid=\"false\" placeholder=\"Lokalizacja myjni\" \/><\/span>\n    <\/div>\n<\/div>\n<div class=\"col-md-12\">\n<div class=\"form-group\">\n        <span class=\"wpcf7-form-control-wrap text-dostepnosc\"><input type=\"text\" name=\"text-dostepnosc\" value=\"\" size=\"40\" class=\"wpcf7-form-control wpcf7-text form-control\" aria-invalid=\"false\" placeholder=\"Dost\u0119pno\u015b\u0107\" \/><\/span>\n    <\/div>\n<\/div>\n<div class=\"col-md-12\">\n<div class=\"form-group\">\n        <span class=\"wpcf7-form-control-wrap text-stan\"><input type=\"text\" name=\"text-stan\" value=\"\" size=\"40\" class=\"wpcf7-form-control wpcf7-text form-control\" aria-invalid=\"false\" placeholder=\"Stan techniczny urz\u0105dzenia\" \/><\/span>\n    <\/div>\n<\/div>\n<div class=\"col-md-12\">\n<div class=\"form-group\">\n        <span class=\"wpcf7-form-control-wrap text-cena\"><input type=\"text\" name=\"text-cena\" value=\"\" size=\"40\" class=\"wpcf7-form-control wpcf7-text form-control\" aria-invalid=\"false\" placeholder=\"Proponowana cena netto sprzeda\u017cy\" \/><\/span>\n    <\/div>\n<\/div>\n<div class=\"col-md-12\">\n<div class=\"form-group\">\n        <span class=\"wpcf7-form-control-wrap text-komentarz\"><textarea name=\"text-komentarz\" cols=\"40\" rows=\"10\" class=\"wpcf7-form-control wpcf7-textarea form-control\" aria-invalid=\"false\" placeholder=\"Dodatkowe informacje\"><\/textarea><\/span>\n    <\/div>\n<\/div>\n<div class=\"col-md-12\">\n<div class=\"form-group\">\n<label for=\"multifile-436\"><br \/>\n<h5>Dodaj zdj\u0119cia myjni<\/h5>\n<p><\/label><br \/>\n<i> Maksymalny \u0142\u0105czny rozmiar: 20MB, Format plik\u00f3w: .JPG<\/i><br \/>\n        <span class=\"wpcf7-form-control-wrap multifile-436\"><input type=\"file\" name=\"multifile-436[]\" size=\"40\" class=\"wpcf7-form-control wpcf7-multifile\" multiple=\"multiple\" aria-invalid=\"false\" \/><\/span>\n    <\/div>\n<\/div>\n<div class=\"col-md-12\">\n<div class=\"wpcf7-form-control-wrap\"><div data-sitekey=\"6LcWIkUUAAAAACwESNDFX5MUBrjlE9YUes1W1g8u\" class=\"wpcf7-form-control g-recaptcha wpcf7-recaptcha\"><\/div>\n<noscript>\n\t<div style=\"width: 302px; height: 422px;\">\n\t\t<div style=\"width: 302px; height: 422px; position: relative;\">\n\t\t\t<div style=\"width: 302px; height: 422px; position: absolute;\">\n\t\t\t\t<iframe src=\"https:\/\/www.google.com\/recaptcha\/api\/fallback?k=6LcWIkUUAAAAACwESNDFX5MUBrjlE9YUes1W1g8u\" frameborder=\"0\" scrolling=\"no\" style=\"width: 302px; height:422px; border-style: none;\">\n\t\t\t\t<\/iframe>\n\t\t\t<\/div>\n\t\t\t<div style=\"width: 300px; height: 60px; border-style: none; bottom: 12px; left: 25px; margin: 0px; padding: 0px; right: 25px; background: #f9f9f9; border: 1px solid #c1c1c1; border-radius: 3px;\">\n\t\t\t\t<textarea id=\"g-recaptcha-response\" name=\"g-recaptcha-response\" class=\"g-recaptcha-response\" style=\"width: 250px; height: 40px; border: 1px solid #c1c1c1; margin: 10px 25px; padding: 0px; resize: none;\">\n\t\t\t\t<\/textarea>\n\t\t\t<\/div>\n\t\t<\/div>\n\t<\/div>\n<\/noscript>\n<\/div>\n<div class=\"form-group\">\n        <input type=\"submit\" value=\"Wy\u015blij\" class=\"wpcf7-form-control wpcf7-submit\" \/>\n     <\/div>\n<\/div>\n<\/div>\n<div class=\"wpcf7-response-output wpcf7-display-none\"><\/div><\/form><\/div>[\/vc_column][vc_column width=&#8221;1\/3&#8243;][\/vc_column][\/vc_row]<\/p>\n<\/div>","protected":false},"excerpt":{"rendered":"<p>[vc_row css=&#8221;.vc_custom_1510844615512{background-color: #ffffff !important;}&#8221;][vc_column width=&#8221;2\/3&#8243; css=&#8221;.vc_custom_1510844804848{background-color: #ffffff !important;}&#8221; el_class=&#8221;m-b-lg&#8221;][vc_custom_heading text=&#8221;Application form&#8221; use_theme_fonts=&#8221;yes&#8221;][vc_btn title=&#8221;Get acquainted with cooperation options&#8221; style=&#8221;outline&#8221; shape=&#8221;square&#8221; color=&#8221;warning&#8221; link=&#8221;url:http%3A%2F%2Fkupmyjnie.pl%2Fjak-sprzedac%2F|&#8221;][vc_column_text css=&#8221;.vc_custom_1588062591907{background-color: #ffffff !important;}&#8221;]To add an ad on our portal, fill out the form below. Remember to provide correct contact information and answer each question as accurately as possible. Once submitted, your application will be [&hellip;]<\/p>\n","protected":false},"author":1,"featured_media":0,"parent":0,"menu_order":0,"comment_status":"closed","ping_status":"closed","template":"","meta":{"footnotes":""},"class_list":["post-1262","page","type-page","status-publish","hentry"],"yoast_head":"<!-- This site is optimized with the Yoast SEO Premium plugin v26.8 (Yoast SEO v26.8) - https:\/\/yoast.com\/product\/yoast-seo-premium-wordpress\/ -->\n<title>Post your ad on our portal - KUPMYJNIE.pl<\/title>\n<meta name=\"robots\" content=\"index, follow, max-snippet:-1, max-image-preview:large, max-video-preview:-1\" \/>\n<link rel=\"canonical\" href=\"https:\/\/kupmyjnie.pl\/en\/post-your-ad-on-our-portal\/\" \/>\n<meta property=\"og:locale\" content=\"en_US\" \/>\n<meta property=\"og:type\" content=\"article\" \/>\n<meta property=\"og:title\" content=\"Post your ad on our portal\" \/>\n<meta property=\"og:description\" content=\"[vc_row css=&#8221;.vc_custom_1510844615512{background-color: #ffffff !important;}&#8221;][vc_column width=&#8221;2\/3&#8243; css=&#8221;.vc_custom_1510844804848{background-color: #ffffff !important;}&#8221; el_class=&#8221;m-b-lg&#8221;][vc_custom_heading text=&#8221;Application form&#8221; use_theme_fonts=&#8221;yes&#8221;][vc_btn title=&#8221;Get acquainted with cooperation options&#8221; style=&#8221;outline&#8221; shape=&#8221;square&#8221; color=&#8221;warning&#8221; link=&#8221;url:http%3A%2F%2Fkupmyjnie.pl%2Fjak-sprzedac%2F|&#8221;][vc_column_text css=&#8221;.vc_custom_1588062591907{background-color: #ffffff !important;}&#8221;]To add an ad on our portal, fill out the form below. Remember to provide correct contact information and answer each question as accurately as possible. Once submitted, your application will be [&hellip;]\" \/>\n<meta property=\"og:url\" content=\"https:\/\/kupmyjnie.pl\/en\/post-your-ad-on-our-portal\/\" \/>\n<meta property=\"og:site_name\" content=\"KUPMYJNIE.pl\" \/>\n<meta property=\"article:modified_time\" content=\"2022-09-23T09:38:18+00:00\" \/>\n<meta name=\"twitter:card\" content=\"summary_large_image\" \/>\n<meta name=\"twitter:label1\" content=\"Est. reading time\" \/>\n\t<meta name=\"twitter:data1\" content=\"1 minute\" \/>\n<script type=\"application\/ld+json\" class=\"yoast-schema-graph\">{\"@context\":\"https:\/\/schema.org\",\"@graph\":[{\"@type\":\"WebPage\",\"@id\":\"https:\/\/kupmyjnie.pl\/en\/post-your-ad-on-our-portal\/\",\"url\":\"https:\/\/kupmyjnie.pl\/en\/post-your-ad-on-our-portal\/\",\"name\":\"Post your ad on our portal - KUPMYJNIE.pl\",\"isPartOf\":{\"@id\":\"https:\/\/kupmyjnie.pl\/#website\"},\"datePublished\":\"2017-11-16T14:53:45+00:00\",\"dateModified\":\"2022-09-23T09:38:18+00:00\",\"breadcrumb\":{\"@id\":\"https:\/\/kupmyjnie.pl\/en\/post-your-ad-on-our-portal\/#breadcrumb\"},\"inLanguage\":\"en-US\",\"potentialAction\":[{\"@type\":\"ReadAction\",\"target\":[\"https:\/\/kupmyjnie.pl\/en\/post-your-ad-on-our-portal\/\"]}]},{\"@type\":\"BreadcrumbList\",\"@id\":\"https:\/\/kupmyjnie.pl\/en\/post-your-ad-on-our-portal\/#breadcrumb\",\"itemListElement\":[{\"@type\":\"ListItem\",\"position\":1,\"name\":\"Home\",\"item\":\"https:\/\/kupmyjnie.pl\/en\/\"},{\"@type\":\"ListItem\",\"position\":2,\"name\":\"Post your ad on our portal\"}]},{\"@type\":\"WebSite\",\"@id\":\"https:\/\/kupmyjnie.pl\/#website\",\"url\":\"https:\/\/kupmyjnie.pl\/\",\"name\":\"KUPMYJNIE.pl\",\"description\":\"Gie\u0142da myjni u\u017cywanych\",\"potentialAction\":[{\"@type\":\"SearchAction\",\"target\":{\"@type\":\"EntryPoint\",\"urlTemplate\":\"https:\/\/kupmyjnie.pl\/?s={search_term_string}\"},\"query-input\":{\"@type\":\"PropertyValueSpecification\",\"valueRequired\":true,\"valueName\":\"search_term_string\"}}],\"inLanguage\":\"en-US\"}]}<\/script>\n<!-- \/ Yoast SEO Premium plugin. -->","yoast_head_json":{"title":"Post your ad on our portal - KUPMYJNIE.pl","robots":{"index":"index","follow":"follow","max-snippet":"max-snippet:-1","max-image-preview":"max-image-preview:large","max-video-preview":"max-video-preview:-1"},"canonical":"https:\/\/kupmyjnie.pl\/en\/post-your-ad-on-our-portal\/","og_locale":"en_US","og_type":"article","og_title":"Post your ad on our portal","og_description":"[vc_row css=&#8221;.vc_custom_1510844615512{background-color: #ffffff !important;}&#8221;][vc_column width=&#8221;2\/3&#8243; css=&#8221;.vc_custom_1510844804848{background-color: #ffffff !important;}&#8221; el_class=&#8221;m-b-lg&#8221;][vc_custom_heading text=&#8221;Application form&#8221; use_theme_fonts=&#8221;yes&#8221;][vc_btn title=&#8221;Get acquainted with cooperation options&#8221; style=&#8221;outline&#8221; shape=&#8221;square&#8221; color=&#8221;warning&#8221; link=&#8221;url:http%3A%2F%2Fkupmyjnie.pl%2Fjak-sprzedac%2F|&#8221;][vc_column_text css=&#8221;.vc_custom_1588062591907{background-color: #ffffff !important;}&#8221;]To add an ad on our portal, fill out the form below. Remember to provide correct contact information and answer each question as accurately as possible. Once submitted, your application will be [&hellip;]","og_url":"https:\/\/kupmyjnie.pl\/en\/post-your-ad-on-our-portal\/","og_site_name":"KUPMYJNIE.pl","article_modified_time":"2022-09-23T09:38:18+00:00","twitter_card":"summary_large_image","twitter_misc":{"Est. reading time":"1 minute"},"schema":{"@context":"https:\/\/schema.org","@graph":[{"@type":"WebPage","@id":"https:\/\/kupmyjnie.pl\/en\/post-your-ad-on-our-portal\/","url":"https:\/\/kupmyjnie.pl\/en\/post-your-ad-on-our-portal\/","name":"Post your ad on our portal - KUPMYJNIE.pl","isPartOf":{"@id":"https:\/\/kupmyjnie.pl\/#website"},"datePublished":"2017-11-16T14:53:45+00:00","dateModified":"2022-09-23T09:38:18+00:00","breadcrumb":{"@id":"https:\/\/kupmyjnie.pl\/en\/post-your-ad-on-our-portal\/#breadcrumb"},"inLanguage":"en-US","potentialAction":[{"@type":"ReadAction","target":["https:\/\/kupmyjnie.pl\/en\/post-your-ad-on-our-portal\/"]}]},{"@type":"BreadcrumbList","@id":"https:\/\/kupmyjnie.pl\/en\/post-your-ad-on-our-portal\/#breadcrumb","itemListElement":[{"@type":"ListItem","position":1,"name":"Home","item":"https:\/\/kupmyjnie.pl\/en\/"},{"@type":"ListItem","position":2,"name":"Post your ad on our portal"}]},{"@type":"WebSite","@id":"https:\/\/kupmyjnie.pl\/#website","url":"https:\/\/kupmyjnie.pl\/","name":"KUPMYJNIE.pl","description":"Gie\u0142da myjni u\u017cywanych","potentialAction":[{"@type":"SearchAction","target":{"@type":"EntryPoint","urlTemplate":"https:\/\/kupmyjnie.pl\/?s={search_term_string}"},"query-input":{"@type":"PropertyValueSpecification","valueRequired":true,"valueName":"search_term_string"}}],"inLanguage":"en-US"}]}},"_links":{"self":[{"href":"https:\/\/kupmyjnie.pl\/en\/wp-json\/wp\/v2\/pages\/1262","targetHints":{"allow":["GET"]}}],"collection":[{"href":"https:\/\/kupmyjnie.pl\/en\/wp-json\/wp\/v2\/pages"}],"about":[{"href":"https:\/\/kupmyjnie.pl\/en\/wp-json\/wp\/v2\/types\/page"}],"author":[{"embeddable":true,"href":"https:\/\/kupmyjnie.pl\/en\/wp-json\/wp\/v2\/users\/1"}],"replies":[{"embeddable":true,"href":"https:\/\/kupmyjnie.pl\/en\/wp-json\/wp\/v2\/comments?post=1262"}],"version-history":[{"count":3,"href":"https:\/\/kupmyjnie.pl\/en\/wp-json\/wp\/v2\/pages\/1262\/revisions"}],"predecessor-version":[{"id":1265,"href":"https:\/\/kupmyjnie.pl\/en\/wp-json\/wp\/v2\/pages\/1262\/revisions\/1265"}],"wp:attachment":[{"href":"https:\/\/kupmyjnie.pl\/en\/wp-json\/wp\/v2\/media?parent=1262"}],"curies":[{"name":"wp","href":"https:\/\/api.w.org\/{rel}","templated":true}]}}