{"id":1391,"date":"2022-10-18T10:55:07","date_gmt":"2022-10-18T08:55:07","guid":{"rendered":"http:\/\/kupmyjnie.pl\/?post_type=product&#038;p=1391"},"modified":"2022-12-13T09:45:34","modified_gmt":"2022-12-13T08:45:34","slug":"myjnia-istobal-kube-45m-tir","status":"publish","type":"product","link":"https:\/\/kupmyjnie.pl\/en\/produkt\/myjnia-istobal-kube-45m-tir\/","title":{"rendered":"Myjnia Istobal Kube 4,5m (TIR)"},"content":{"rendered":"","protected":false},"excerpt":{"rendered":"<p>Sprzedam myjni\u0119 Istobal Cube przeznaczon\u0105 dla pojazd\u00f3w ci\u0119\u017carowych TIR<\/p>\n<p>1. Myjnia ISTOBAL KUBE 4,5 m 4HWK100 &#8211; 2 SZT<\/p>\n<ol>\n<li>Przy\u0142\u0105cza wody z obiegu zamkni\u0119tego ( bez pompy )\u00a0 34CM500 &#8211; 2 szt.<br \/>\nb. Os\u0142ony szczotek bocznych 34CL600 &#8211; 2 kpl.<br \/>\nc. Szyny prowadz\u0105ce ocynkowane 2x6m 4676400 &#8211; 2 kpl.<br \/>\nd. Zbiornik retencyjny 1500L z polietylenu ( z zaworem i czujnikiem poziomu wody ) z pomp\u0105 \u00a0\u00a0\u00a02,2kW 4825500 &#8211; 2 szt.<br \/>\ne. Modu\u0142 mycia podwozia 20 Bar ze sterowaniem i zaworem ci\u015bnieniowym RC08004 &#8211; 1 szt.<br \/>\nf. Pompa elektryczna 15 kW 20 Bar do mycia podwozia RC065033 &#8211; 1 szt<\/li>\n<li>System nanoszenia chemii do mycia wst\u0119pnego ( in\u017cektor &#8211; 2 szt, lance opryskuj\u0105ce &#8211; 2 szt, w\u0119\u017ce 2&#215;30 mb, dwustronny system prowadzenia w\u0119\u017cy) &#8211; 2 kpl.<\/li>\n<li>Myjka gor\u0105co wodna ALTO NEPTUN 175 Bar 21L\/min do mycia wst\u0119pnego &#8211; 2 szt.<\/li>\n<li>System transportu w\u0119\u017cy wysokoci\u015bnieniowych do mycia wst\u0119pnego ( pistolety z lancami &#8211; 2 szt, w\u0119\u017ce 2&#215;30 mb, dwustronny system prowadzenia w\u0119\u017cy) &#8211; 2 kpl<\/li>\n<li>Obieg zamkni\u0119ty wody Bioclean o wydajno\u015bci 20000l\/h, zbiornik reaktora o pojemno\u015bci 2000L ( zbiornik 2000L, obudowa z orurowaniem z PCV, sterownik elektryczny do sterowania automatycznego lub \u00a0\u00a0r\u0119cznego, pompa ss\u0105ca 3 kW, dysza napowietrzaj\u0105ca, dwie pompy 3 kW podaj\u0105ce wod\u0119 do myjni, hydrocyklon )<\/li>\n<\/ol>\n<p>Cena 89 tys. z\u0142 netto (do negocjacji)<br \/>\ntel. 781\u00a0816\u00a0268<\/p>\n<p>Lokalizacja:<br \/>\nS\u0142omczyn 81<br \/>\n05-600 Gr\u00f3jec<\/p>\n","protected":false},"featured_media":1398,"comment_status":"open","ping_status":"closed","template":"","meta":[],"product_brand":[],"product_cat":[34],"product_tag":[],"class_list":{"0":"post-1391","1":"product","2":"type-product","3":"status-publish","4":"has-post-thumbnail","6":"product_cat-uncategorized","8":"first","9":"instock","10":"featured","11":"taxable","12":"shipping-taxable","13":"purchasable","14":"product-type-simple"},"yoast_head":"<!-- This site is optimized with the Yoast SEO Premium plugin v26.8 (Yoast SEO v26.8) - https:\/\/yoast.com\/product\/yoast-seo-premium-wordpress\/ -->\n<title>Myjnia Istobal Kube 4,5m (TIR) - KUPMYJNIE.pl<\/title>\n<meta name=\"robots\" content=\"index, follow, max-snippet:-1, max-image-preview:large, max-video-preview:-1\" \/>\n<link rel=\"canonical\" href=\"https:\/\/kupmyjnie.pl\/produkt\/myjnia-istobal-kube-45m-tir\/\" \/>\n<meta property=\"og:locale\" content=\"en_US\" \/>\n<meta property=\"og:type\" content=\"article\" \/>\n<meta property=\"og:title\" content=\"Myjnia Istobal Kube 4,5m (TIR)\" \/>\n<meta property=\"og:description\" content=\"Sprzedam myjni\u0119 Istobal Cube przeznaczon\u0105 dla pojazd\u00f3w ci\u0119\u017carowych TIR  1. Myjnia ISTOBAL KUBE 4,5 m 4HWK100 - 2 SZT   Przy\u0142\u0105cza wody z obiegu zamkni\u0119tego ( bez pompy )\u00a0 34CM500 - 2 szt. b. Os\u0142ony szczotek bocznych 34CL600 - 2 kpl. c. Szyny prowadz\u0105ce ocynkowane 2x6m 4676400 - 2 kpl. d. Zbiornik retencyjny 1500L z polietylenu ( z zaworem i czujnikiem poziomu wody ) z pomp\u0105 \u00a0\u00a0\u00a02,2kW 4825500 - 2 szt. e. Modu\u0142 mycia podwozia 20 Bar ze sterowaniem i zaworem ci\u015bnieniowym RC08004 - 1 szt. f. Pompa elektryczna 15 kW 20 Bar do mycia podwozia RC065033 - 1 szt  System nanoszenia chemii do mycia wst\u0119pnego ( in\u017cektor - 2 szt, lance opryskuj\u0105ce - 2 szt, w\u0119\u017ce 2x30 mb, dwustronny system prowadzenia w\u0119\u017cy) - 2 kpl.  Myjka gor\u0105co wodna ALTO NEPTUN 175 Bar 21L\/min do mycia wst\u0119pnego - 2 szt.  System transportu w\u0119\u017cy wysokoci\u015bnieniowych do mycia wst\u0119pnego ( pistolety z lancami - 2 szt, w\u0119\u017ce 2x30 mb, dwustronny system prowadzenia w\u0119\u017cy) - 2 kpl  Obieg zamkni\u0119ty wody Bioclean o wydajno\u015bci 20000l\/h, zbiornik reaktora o pojemno\u015bci 2000L ( zbiornik 2000L, obudowa z orurowaniem z PCV, sterownik elektryczny do sterowania automatycznego lub \u00a0\u00a0r\u0119cznego, pompa ss\u0105ca 3 kW, dysza napowietrzaj\u0105ca, dwie pompy 3 kW podaj\u0105ce wod\u0119 do myjni, hydrocyklon )  Cena 89 tys. z\u0142 netto (do negocjacji) tel. 781\u00a0816\u00a0268  Lokalizacja: S\u0142omczyn 81 05-600 Gr\u00f3jec\" \/>\n<meta property=\"og:url\" content=\"https:\/\/kupmyjnie.pl\/produkt\/myjnia-istobal-kube-45m-tir\/\" \/>\n<meta property=\"og:site_name\" content=\"KUPMYJNIE.pl\" \/>\n<meta property=\"article:modified_time\" content=\"2022-12-13T08:45:34+00:00\" \/>\n<meta property=\"og:image\" content=\"https:\/\/kupmyjnie.pl\/wp-content\/uploads\/2022\/10\/MYJNIA-SZCZOTKI-OS\u0141ONY.jpg\" \/>\n\t<meta property=\"og:image:width\" content=\"1800\" \/>\n\t<meta property=\"og:image:height\" content=\"2400\" \/>\n\t<meta property=\"og:image:type\" content=\"image\/jpeg\" \/>\n<meta name=\"twitter:card\" content=\"summary_large_image\" \/>\n<script type=\"application\/ld+json\" class=\"yoast-schema-graph\">{\"@context\":\"https:\/\/schema.org\",\"@graph\":[{\"@type\":\"WebPage\",\"@id\":\"https:\/\/kupmyjnie.pl\/produkt\/myjnia-istobal-kube-45m-tir\/\",\"url\":\"https:\/\/kupmyjnie.pl\/produkt\/myjnia-istobal-kube-45m-tir\/\",\"name\":\"Myjnia Istobal Kube 4,5m (TIR) - KUPMYJNIE.pl\",\"isPartOf\":{\"@id\":\"https:\/\/kupmyjnie.pl\/#website\"},\"primaryImageOfPage\":{\"@id\":\"https:\/\/kupmyjnie.pl\/produkt\/myjnia-istobal-kube-45m-tir\/#primaryimage\"},\"image\":{\"@id\":\"https:\/\/kupmyjnie.pl\/produkt\/myjnia-istobal-kube-45m-tir\/#primaryimage\"},\"thumbnailUrl\":\"https:\/\/kupmyjnie.pl\/wp-content\/uploads\/2022\/10\/MYJNIA-SZCZOTKI-OS\u0141ONY.jpg\",\"datePublished\":\"2022-10-18T08:55:07+00:00\",\"dateModified\":\"2022-12-13T08:45:34+00:00\",\"breadcrumb\":{\"@id\":\"https:\/\/kupmyjnie.pl\/produkt\/myjnia-istobal-kube-45m-tir\/#breadcrumb\"},\"inLanguage\":\"en-US\",\"potentialAction\":[{\"@type\":\"ReadAction\",\"target\":[\"https:\/\/kupmyjnie.pl\/produkt\/myjnia-istobal-kube-45m-tir\/\"]}]},{\"@type\":\"ImageObject\",\"inLanguage\":\"en-US\",\"@id\":\"https:\/\/kupmyjnie.pl\/produkt\/myjnia-istobal-kube-45m-tir\/#primaryimage\",\"url\":\"https:\/\/kupmyjnie.pl\/wp-content\/uploads\/2022\/10\/MYJNIA-SZCZOTKI-OS\u0141ONY.jpg\",\"contentUrl\":\"https:\/\/kupmyjnie.pl\/wp-content\/uploads\/2022\/10\/MYJNIA-SZCZOTKI-OS\u0141ONY.jpg\",\"width\":1800,\"height\":2400},{\"@type\":\"BreadcrumbList\",\"@id\":\"https:\/\/kupmyjnie.pl\/produkt\/myjnia-istobal-kube-45m-tir\/#breadcrumb\",\"itemListElement\":[{\"@type\":\"ListItem\",\"position\":1,\"name\":\"Home\",\"item\":\"https:\/\/kupmyjnie.pl\/en\/\"},{\"@type\":\"ListItem\",\"position\":2,\"name\":\"Aktualne og\u0142oszenia\",\"item\":\"https:\/\/kupmyjnie.pl\/ogloszenia\/\"},{\"@type\":\"ListItem\",\"position\":3,\"name\":\"Myjnia Istobal Kube 4,5m (TIR)\"}]},{\"@type\":\"WebSite\",\"@id\":\"https:\/\/kupmyjnie.pl\/#website\",\"url\":\"https:\/\/kupmyjnie.pl\/\",\"name\":\"KUPMYJNIE.pl\",\"description\":\"Gie\u0142da myjni u\u017cywanych\",\"potentialAction\":[{\"@type\":\"SearchAction\",\"target\":{\"@type\":\"EntryPoint\",\"urlTemplate\":\"https:\/\/kupmyjnie.pl\/?s={search_term_string}\"},\"query-input\":{\"@type\":\"PropertyValueSpecification\",\"valueRequired\":true,\"valueName\":\"search_term_string\"}}],\"inLanguage\":\"en-US\"}]}<\/script>\n<!-- \/ Yoast SEO Premium plugin. -->","yoast_head_json":{"title":"Myjnia Istobal Kube 4,5m (TIR) - KUPMYJNIE.pl","robots":{"index":"index","follow":"follow","max-snippet":"max-snippet:-1","max-image-preview":"max-image-preview:large","max-video-preview":"max-video-preview:-1"},"canonical":"https:\/\/kupmyjnie.pl\/produkt\/myjnia-istobal-kube-45m-tir\/","og_locale":"en_US","og_type":"article","og_title":"Myjnia Istobal Kube 4,5m (TIR)","og_description":"Sprzedam myjni\u0119 Istobal Cube przeznaczon\u0105 dla pojazd\u00f3w ci\u0119\u017carowych TIR  1. Myjnia ISTOBAL KUBE 4,5 m 4HWK100 - 2 SZT   Przy\u0142\u0105cza wody z obiegu zamkni\u0119tego ( bez pompy )\u00a0 34CM500 - 2 szt. b. Os\u0142ony szczotek bocznych 34CL600 - 2 kpl. c. Szyny prowadz\u0105ce ocynkowane 2x6m 4676400 - 2 kpl. d. Zbiornik retencyjny 1500L z polietylenu ( z zaworem i czujnikiem poziomu wody ) z pomp\u0105 \u00a0\u00a0\u00a02,2kW 4825500 - 2 szt. e. Modu\u0142 mycia podwozia 20 Bar ze sterowaniem i zaworem ci\u015bnieniowym RC08004 - 1 szt. f. Pompa elektryczna 15 kW 20 Bar do mycia podwozia RC065033 - 1 szt  System nanoszenia chemii do mycia wst\u0119pnego ( in\u017cektor - 2 szt, lance opryskuj\u0105ce - 2 szt, w\u0119\u017ce 2x30 mb, dwustronny system prowadzenia w\u0119\u017cy) - 2 kpl.  Myjka gor\u0105co wodna ALTO NEPTUN 175 Bar 21L\/min do mycia wst\u0119pnego - 2 szt.  System transportu w\u0119\u017cy wysokoci\u015bnieniowych do mycia wst\u0119pnego ( pistolety z lancami - 2 szt, w\u0119\u017ce 2x30 mb, dwustronny system prowadzenia w\u0119\u017cy) - 2 kpl  Obieg zamkni\u0119ty wody Bioclean o wydajno\u015bci 20000l\/h, zbiornik reaktora o pojemno\u015bci 2000L ( zbiornik 2000L, obudowa z orurowaniem z PCV, sterownik elektryczny do sterowania automatycznego lub \u00a0\u00a0r\u0119cznego, pompa ss\u0105ca 3 kW, dysza napowietrzaj\u0105ca, dwie pompy 3 kW podaj\u0105ce wod\u0119 do myjni, hydrocyklon )  Cena 89 tys. z\u0142 netto (do negocjacji) tel. 781\u00a0816\u00a0268  Lokalizacja: S\u0142omczyn 81 05-600 Gr\u00f3jec","og_url":"https:\/\/kupmyjnie.pl\/produkt\/myjnia-istobal-kube-45m-tir\/","og_site_name":"KUPMYJNIE.pl","article_modified_time":"2022-12-13T08:45:34+00:00","og_image":[{"width":1800,"height":2400,"url":"https:\/\/kupmyjnie.pl\/wp-content\/uploads\/2022\/10\/MYJNIA-SZCZOTKI-OS\u0141ONY.jpg","type":"image\/jpeg"}],"twitter_card":"summary_large_image","schema":{"@context":"https:\/\/schema.org","@graph":[{"@type":"WebPage","@id":"https:\/\/kupmyjnie.pl\/produkt\/myjnia-istobal-kube-45m-tir\/","url":"https:\/\/kupmyjnie.pl\/produkt\/myjnia-istobal-kube-45m-tir\/","name":"Myjnia Istobal Kube 4,5m (TIR) - KUPMYJNIE.pl","isPartOf":{"@id":"https:\/\/kupmyjnie.pl\/#website"},"primaryImageOfPage":{"@id":"https:\/\/kupmyjnie.pl\/produkt\/myjnia-istobal-kube-45m-tir\/#primaryimage"},"image":{"@id":"https:\/\/kupmyjnie.pl\/produkt\/myjnia-istobal-kube-45m-tir\/#primaryimage"},"thumbnailUrl":"https:\/\/kupmyjnie.pl\/wp-content\/uploads\/2022\/10\/MYJNIA-SZCZOTKI-OS\u0141ONY.jpg","datePublished":"2022-10-18T08:55:07+00:00","dateModified":"2022-12-13T08:45:34+00:00","breadcrumb":{"@id":"https:\/\/kupmyjnie.pl\/produkt\/myjnia-istobal-kube-45m-tir\/#breadcrumb"},"inLanguage":"en-US","potentialAction":[{"@type":"ReadAction","target":["https:\/\/kupmyjnie.pl\/produkt\/myjnia-istobal-kube-45m-tir\/"]}]},{"@type":"ImageObject","inLanguage":"en-US","@id":"https:\/\/kupmyjnie.pl\/produkt\/myjnia-istobal-kube-45m-tir\/#primaryimage","url":"https:\/\/kupmyjnie.pl\/wp-content\/uploads\/2022\/10\/MYJNIA-SZCZOTKI-OS\u0141ONY.jpg","contentUrl":"https:\/\/kupmyjnie.pl\/wp-content\/uploads\/2022\/10\/MYJNIA-SZCZOTKI-OS\u0141ONY.jpg","width":1800,"height":2400},{"@type":"BreadcrumbList","@id":"https:\/\/kupmyjnie.pl\/produkt\/myjnia-istobal-kube-45m-tir\/#breadcrumb","itemListElement":[{"@type":"ListItem","position":1,"name":"Home","item":"https:\/\/kupmyjnie.pl\/en\/"},{"@type":"ListItem","position":2,"name":"Aktualne og\u0142oszenia","item":"https:\/\/kupmyjnie.pl\/ogloszenia\/"},{"@type":"ListItem","position":3,"name":"Myjnia Istobal Kube 4,5m (TIR)"}]},{"@type":"WebSite","@id":"https:\/\/kupmyjnie.pl\/#website","url":"https:\/\/kupmyjnie.pl\/","name":"KUPMYJNIE.pl","description":"Gie\u0142da myjni u\u017cywanych","potentialAction":[{"@type":"SearchAction","target":{"@type":"EntryPoint","urlTemplate":"https:\/\/kupmyjnie.pl\/?s={search_term_string}"},"query-input":{"@type":"PropertyValueSpecification","valueRequired":true,"valueName":"search_term_string"}}],"inLanguage":"en-US"}]}},"_links":{"self":[{"href":"https:\/\/kupmyjnie.pl\/en\/wp-json\/wp\/v2\/product\/1391","targetHints":{"allow":["GET"]}}],"collection":[{"href":"https:\/\/kupmyjnie.pl\/en\/wp-json\/wp\/v2\/product"}],"about":[{"href":"https:\/\/kupmyjnie.pl\/en\/wp-json\/wp\/v2\/types\/product"}],"replies":[{"embeddable":true,"href":"https:\/\/kupmyjnie.pl\/en\/wp-json\/wp\/v2\/comments?post=1391"}],"wp:featuredmedia":[{"embeddable":true,"href":"https:\/\/kupmyjnie.pl\/en\/wp-json\/wp\/v2\/media\/1398"}],"wp:attachment":[{"href":"https:\/\/kupmyjnie.pl\/en\/wp-json\/wp\/v2\/media?parent=1391"}],"wp:term":[{"taxonomy":"product_brand","embeddable":true,"href":"https:\/\/kupmyjnie.pl\/en\/wp-json\/wp\/v2\/product_brand?post=1391"},{"taxonomy":"product_cat","embeddable":true,"href":"https:\/\/kupmyjnie.pl\/en\/wp-json\/wp\/v2\/product_cat?post=1391"},{"taxonomy":"product_tag","embeddable":true,"href":"https:\/\/kupmyjnie.pl\/en\/wp-json\/wp\/v2\/product_tag?post=1391"}],"curies":[{"name":"wp","href":"https:\/\/api.w.org\/{rel}","templated":true}]}}