{"id":1439,"date":"2022-11-22T13:46:31","date_gmt":"2022-11-22T12:46:31","guid":{"rendered":"http:\/\/kupmyjnie.pl\/?post_type=product&#038;p=1439"},"modified":"2023-03-30T07:43:29","modified_gmt":"2023-03-30T05:43:29","slug":"myjnia-3-stanowiskowa-istobal","status":"publish","type":"product","link":"https:\/\/kupmyjnie.pl\/en\/produkt\/myjnia-3-stanowiskowa-istobal\/","title":{"rendered":"Myjnia 3 &#8211; stanowiskowa Istobal"},"content":{"rendered":"","protected":false},"excerpt":{"rendered":"<div dir=\"auto\">Sprzedam myjni\u0119: Istobal \/ Sultof 4CC2300<\/div>\n<div dir=\"auto\">Rok produkcji 2011 rok.<\/div>\n<div dir=\"auto\">Rodzaj kot\u0142a: gazowy<\/div>\n<div>Programy:<\/div>\n<div>\u00a0&#8211; Myjnia by\u0142a usprawniania jaki\u015b czas temu, tak \u017ceby mog\u0142a mie\u0107 pian\u0119 aktywn\u0105<\/div>\n<div>\u00a0&#8211; 6 program\u00f3w<\/div>\n<div>\u00a0&#8211; Mycie zasadnicze, Super piana\/szczotka, sp\u0142ukiwanie, super wosk, super sp\u0142ukiwanie i nab\u0142yszczanie<\/div>\n<div>Do sprzedania ca\u0142a technologia, wraz z kontenerem oraz panelami s\u0142onecznymi i wszystkimi urz\u0105dzeniami zwi\u0105zanymi z myjni\u0105, tj. rozmieniark\u0105 i odkurzaczem r\u00f3wnie\u017c.<br \/>\nLokalizacja myjni Koszalin.<\/div>\n<div>Cena 99 000 netto (do negocjacji).<br \/>\nOsoby zainteresowane prosz\u0119 o kontakt pod numerem: 502532867.<\/div>\n","protected":false},"featured_media":1440,"comment_status":"open","ping_status":"closed","template":"","meta":[],"product_brand":[],"product_cat":[34],"product_tag":[],"class_list":{"0":"post-1439","1":"product","2":"type-product","3":"status-publish","4":"has-post-thumbnail","6":"product_cat-uncategorized","8":"first","9":"instock","10":"featured","11":"taxable","12":"shipping-taxable","13":"purchasable","14":"product-type-simple"},"yoast_head":"<!-- This site is optimized with the Yoast SEO Premium plugin v26.8 (Yoast SEO v26.8) - https:\/\/yoast.com\/product\/yoast-seo-premium-wordpress\/ -->\n<title>Myjnia 3 - stanowiskowa Istobal - KUPMYJNIE.pl<\/title>\n<meta name=\"robots\" content=\"index, follow, max-snippet:-1, max-image-preview:large, max-video-preview:-1\" \/>\n<link rel=\"canonical\" href=\"https:\/\/kupmyjnie.pl\/produkt\/myjnia-3-stanowiskowa-istobal\/\" \/>\n<meta property=\"og:locale\" content=\"en_US\" \/>\n<meta property=\"og:type\" content=\"article\" \/>\n<meta property=\"og:title\" content=\"Myjnia 3 - stanowiskowa Istobal\" \/>\n<meta property=\"og:description\" content=\"Sprzedam myjni\u0119: Istobal \/ Sultof 4CC2300 Rok produkcji 2011 rok. Rodzaj kot\u0142a: gazowy Programy: \u00a0- Myjnia by\u0142a usprawniania jaki\u015b czas temu, tak \u017ceby mog\u0142a mie\u0107 pian\u0119 aktywn\u0105 \u00a0- 6 program\u00f3w \u00a0- Mycie zasadnicze, Super piana\/szczotka, sp\u0142ukiwanie, super wosk, super sp\u0142ukiwanie i nab\u0142yszczanie Do sprzedania ca\u0142a technologia, wraz z kontenerem oraz panelami s\u0142onecznymi i wszystkimi urz\u0105dzeniami zwi\u0105zanymi z myjni\u0105, tj. rozmieniark\u0105 i odkurzaczem r\u00f3wnie\u017c. Lokalizacja myjni Koszalin. Cena 99 000 netto (do negocjacji). Osoby zainteresowane prosz\u0119 o kontakt pod numerem: 502532867.\" \/>\n<meta property=\"og:url\" content=\"https:\/\/kupmyjnie.pl\/produkt\/myjnia-3-stanowiskowa-istobal\/\" \/>\n<meta property=\"og:site_name\" content=\"KUPMYJNIE.pl\" \/>\n<meta property=\"article:modified_time\" content=\"2023-03-30T05:43:29+00:00\" \/>\n<meta property=\"og:image\" content=\"https:\/\/kupmyjnie.pl\/wp-content\/uploads\/2022\/11\/1-1.jpg\" \/>\n\t<meta property=\"og:image:width\" content=\"1900\" \/>\n\t<meta property=\"og:image:height\" content=\"659\" \/>\n\t<meta property=\"og:image:type\" content=\"image\/jpeg\" \/>\n<meta name=\"twitter:card\" content=\"summary_large_image\" \/>\n<script type=\"application\/ld+json\" class=\"yoast-schema-graph\">{\"@context\":\"https:\/\/schema.org\",\"@graph\":[{\"@type\":\"WebPage\",\"@id\":\"https:\/\/kupmyjnie.pl\/produkt\/myjnia-3-stanowiskowa-istobal\/\",\"url\":\"https:\/\/kupmyjnie.pl\/produkt\/myjnia-3-stanowiskowa-istobal\/\",\"name\":\"Myjnia 3 - stanowiskowa Istobal - KUPMYJNIE.pl\",\"isPartOf\":{\"@id\":\"https:\/\/kupmyjnie.pl\/#website\"},\"primaryImageOfPage\":{\"@id\":\"https:\/\/kupmyjnie.pl\/produkt\/myjnia-3-stanowiskowa-istobal\/#primaryimage\"},\"image\":{\"@id\":\"https:\/\/kupmyjnie.pl\/produkt\/myjnia-3-stanowiskowa-istobal\/#primaryimage\"},\"thumbnailUrl\":\"https:\/\/kupmyjnie.pl\/wp-content\/uploads\/2022\/11\/1-1.jpg\",\"datePublished\":\"2022-11-22T12:46:31+00:00\",\"dateModified\":\"2023-03-30T05:43:29+00:00\",\"breadcrumb\":{\"@id\":\"https:\/\/kupmyjnie.pl\/produkt\/myjnia-3-stanowiskowa-istobal\/#breadcrumb\"},\"inLanguage\":\"en-US\",\"potentialAction\":[{\"@type\":\"ReadAction\",\"target\":[\"https:\/\/kupmyjnie.pl\/produkt\/myjnia-3-stanowiskowa-istobal\/\"]}]},{\"@type\":\"ImageObject\",\"inLanguage\":\"en-US\",\"@id\":\"https:\/\/kupmyjnie.pl\/produkt\/myjnia-3-stanowiskowa-istobal\/#primaryimage\",\"url\":\"https:\/\/kupmyjnie.pl\/wp-content\/uploads\/2022\/11\/1-1.jpg\",\"contentUrl\":\"https:\/\/kupmyjnie.pl\/wp-content\/uploads\/2022\/11\/1-1.jpg\",\"width\":1900,\"height\":659},{\"@type\":\"BreadcrumbList\",\"@id\":\"https:\/\/kupmyjnie.pl\/produkt\/myjnia-3-stanowiskowa-istobal\/#breadcrumb\",\"itemListElement\":[{\"@type\":\"ListItem\",\"position\":1,\"name\":\"Home\",\"item\":\"https:\/\/kupmyjnie.pl\/en\/\"},{\"@type\":\"ListItem\",\"position\":2,\"name\":\"Aktualne og\u0142oszenia\",\"item\":\"https:\/\/kupmyjnie.pl\/ogloszenia\/\"},{\"@type\":\"ListItem\",\"position\":3,\"name\":\"Myjnia 3 &#8211; stanowiskowa Istobal\"}]},{\"@type\":\"WebSite\",\"@id\":\"https:\/\/kupmyjnie.pl\/#website\",\"url\":\"https:\/\/kupmyjnie.pl\/\",\"name\":\"KUPMYJNIE.pl\",\"description\":\"Gie\u0142da myjni u\u017cywanych\",\"potentialAction\":[{\"@type\":\"SearchAction\",\"target\":{\"@type\":\"EntryPoint\",\"urlTemplate\":\"https:\/\/kupmyjnie.pl\/?s={search_term_string}\"},\"query-input\":{\"@type\":\"PropertyValueSpecification\",\"valueRequired\":true,\"valueName\":\"search_term_string\"}}],\"inLanguage\":\"en-US\"}]}<\/script>\n<!-- \/ Yoast SEO Premium plugin. -->","yoast_head_json":{"title":"Myjnia 3 - stanowiskowa Istobal - KUPMYJNIE.pl","robots":{"index":"index","follow":"follow","max-snippet":"max-snippet:-1","max-image-preview":"max-image-preview:large","max-video-preview":"max-video-preview:-1"},"canonical":"https:\/\/kupmyjnie.pl\/produkt\/myjnia-3-stanowiskowa-istobal\/","og_locale":"en_US","og_type":"article","og_title":"Myjnia 3 - stanowiskowa Istobal","og_description":"Sprzedam myjni\u0119: Istobal \/ Sultof 4CC2300 Rok produkcji 2011 rok. Rodzaj kot\u0142a: gazowy Programy: \u00a0- Myjnia by\u0142a usprawniania jaki\u015b czas temu, tak \u017ceby mog\u0142a mie\u0107 pian\u0119 aktywn\u0105 \u00a0- 6 program\u00f3w \u00a0- Mycie zasadnicze, Super piana\/szczotka, sp\u0142ukiwanie, super wosk, super sp\u0142ukiwanie i nab\u0142yszczanie Do sprzedania ca\u0142a technologia, wraz z kontenerem oraz panelami s\u0142onecznymi i wszystkimi urz\u0105dzeniami zwi\u0105zanymi z myjni\u0105, tj. rozmieniark\u0105 i odkurzaczem r\u00f3wnie\u017c. Lokalizacja myjni Koszalin. Cena 99 000 netto (do negocjacji). Osoby zainteresowane prosz\u0119 o kontakt pod numerem: 502532867.","og_url":"https:\/\/kupmyjnie.pl\/produkt\/myjnia-3-stanowiskowa-istobal\/","og_site_name":"KUPMYJNIE.pl","article_modified_time":"2023-03-30T05:43:29+00:00","og_image":[{"width":1900,"height":659,"url":"https:\/\/kupmyjnie.pl\/wp-content\/uploads\/2022\/11\/1-1.jpg","type":"image\/jpeg"}],"twitter_card":"summary_large_image","schema":{"@context":"https:\/\/schema.org","@graph":[{"@type":"WebPage","@id":"https:\/\/kupmyjnie.pl\/produkt\/myjnia-3-stanowiskowa-istobal\/","url":"https:\/\/kupmyjnie.pl\/produkt\/myjnia-3-stanowiskowa-istobal\/","name":"Myjnia 3 - stanowiskowa Istobal - KUPMYJNIE.pl","isPartOf":{"@id":"https:\/\/kupmyjnie.pl\/#website"},"primaryImageOfPage":{"@id":"https:\/\/kupmyjnie.pl\/produkt\/myjnia-3-stanowiskowa-istobal\/#primaryimage"},"image":{"@id":"https:\/\/kupmyjnie.pl\/produkt\/myjnia-3-stanowiskowa-istobal\/#primaryimage"},"thumbnailUrl":"https:\/\/kupmyjnie.pl\/wp-content\/uploads\/2022\/11\/1-1.jpg","datePublished":"2022-11-22T12:46:31+00:00","dateModified":"2023-03-30T05:43:29+00:00","breadcrumb":{"@id":"https:\/\/kupmyjnie.pl\/produkt\/myjnia-3-stanowiskowa-istobal\/#breadcrumb"},"inLanguage":"en-US","potentialAction":[{"@type":"ReadAction","target":["https:\/\/kupmyjnie.pl\/produkt\/myjnia-3-stanowiskowa-istobal\/"]}]},{"@type":"ImageObject","inLanguage":"en-US","@id":"https:\/\/kupmyjnie.pl\/produkt\/myjnia-3-stanowiskowa-istobal\/#primaryimage","url":"https:\/\/kupmyjnie.pl\/wp-content\/uploads\/2022\/11\/1-1.jpg","contentUrl":"https:\/\/kupmyjnie.pl\/wp-content\/uploads\/2022\/11\/1-1.jpg","width":1900,"height":659},{"@type":"BreadcrumbList","@id":"https:\/\/kupmyjnie.pl\/produkt\/myjnia-3-stanowiskowa-istobal\/#breadcrumb","itemListElement":[{"@type":"ListItem","position":1,"name":"Home","item":"https:\/\/kupmyjnie.pl\/en\/"},{"@type":"ListItem","position":2,"name":"Aktualne og\u0142oszenia","item":"https:\/\/kupmyjnie.pl\/ogloszenia\/"},{"@type":"ListItem","position":3,"name":"Myjnia 3 &#8211; stanowiskowa Istobal"}]},{"@type":"WebSite","@id":"https:\/\/kupmyjnie.pl\/#website","url":"https:\/\/kupmyjnie.pl\/","name":"KUPMYJNIE.pl","description":"Gie\u0142da myjni u\u017cywanych","potentialAction":[{"@type":"SearchAction","target":{"@type":"EntryPoint","urlTemplate":"https:\/\/kupmyjnie.pl\/?s={search_term_string}"},"query-input":{"@type":"PropertyValueSpecification","valueRequired":true,"valueName":"search_term_string"}}],"inLanguage":"en-US"}]}},"_links":{"self":[{"href":"https:\/\/kupmyjnie.pl\/en\/wp-json\/wp\/v2\/product\/1439","targetHints":{"allow":["GET"]}}],"collection":[{"href":"https:\/\/kupmyjnie.pl\/en\/wp-json\/wp\/v2\/product"}],"about":[{"href":"https:\/\/kupmyjnie.pl\/en\/wp-json\/wp\/v2\/types\/product"}],"replies":[{"embeddable":true,"href":"https:\/\/kupmyjnie.pl\/en\/wp-json\/wp\/v2\/comments?post=1439"}],"wp:featuredmedia":[{"embeddable":true,"href":"https:\/\/kupmyjnie.pl\/en\/wp-json\/wp\/v2\/media\/1440"}],"wp:attachment":[{"href":"https:\/\/kupmyjnie.pl\/en\/wp-json\/wp\/v2\/media?parent=1439"}],"wp:term":[{"taxonomy":"product_brand","embeddable":true,"href":"https:\/\/kupmyjnie.pl\/en\/wp-json\/wp\/v2\/product_brand?post=1439"},{"taxonomy":"product_cat","embeddable":true,"href":"https:\/\/kupmyjnie.pl\/en\/wp-json\/wp\/v2\/product_cat?post=1439"},{"taxonomy":"product_tag","embeddable":true,"href":"https:\/\/kupmyjnie.pl\/en\/wp-json\/wp\/v2\/product_tag?post=1439"}],"curies":[{"name":"wp","href":"https:\/\/api.w.org\/{rel}","templated":true}]}}