{"id":1488,"date":"2023-02-07T14:04:02","date_gmt":"2023-02-07T13:04:02","guid":{"rendered":"http:\/\/kupmyjnie.pl\/?post_type=product&#038;p=1488"},"modified":"2023-03-15T09:11:47","modified_gmt":"2023-03-15T08:11:47","slug":"myjnia-karcher-4-stanowiskowa-lublin","status":"publish","type":"product","link":"https:\/\/kupmyjnie.pl\/en\/produkt\/myjnia-karcher-4-stanowiskowa-lublin\/","title":{"rendered":"Myjnia Karcher 4-stanowiskowa Lublin"},"content":{"rendered":"","protected":false},"excerpt":{"rendered":"<p>Do sprzedania myjnia Karcher, 4 &#8211; stanowiskowa , lokalizacja Lublin.<\/p>\n<p>1. Myjnia Karcher 4 stanowiskowa SB-C 4002 &#8211; 2009\/2010 rok, 5 program\u00f3w mycia wraz ze szczotk\u0105,<br \/>\n2. Odkurzacze Karcher Duo &#8211; x 2, 2009\/2010 rok,<br \/>\n3. Rozmieniarka,<br \/>\n4. Zestaw solarny Buderus do grzania ciep\u0142ej wody wraz z zasobnikami 2 x 2000 l, 2014<br \/>\n5. Pompa ciep\u0142a do grzania ciep\u0142ej wody, \/2014<br \/>\n6. Totem reklamowy,<br \/>\n7. Kontener techniczny wraz z wiatami stanowiskowymi,<br \/>\n8. System NAYAX do p\u0142atno\u015bci bezgot\u00f3wkowych na ka\u017cdym stanowisku,<br \/>\n9. Piec OLEJOWY Karcher,<br \/>\n10. System Sygnalizacji W\u0142amania i Napadu podpi\u0119ty pod kontener oraz wrzutniki,<\/p>\n<p>System solarny wraz z pomp\u0105 ciep\u0142a pozwala na grzanie ciep\u0142ej wody przez wi\u0119ksz\u0105 cz\u0119\u015b\u0107 roku.<br \/>\nOszcz\u0119dny piec Olejowy.<br \/>\nUrz\u0105dzenia myjni s\u0105 sprzedawane ze wzgl\u0119du na przeznaczenie dzia\u0142ki pod budownictwo mieszkaniowe.<br \/>\nRozbi\u00f3rka i transport myjni po stronie kupuj\u0105cego. Na sprzeda\u017c wystawiona b\u0119dzie faktura VAT.<br \/>\nMyjnia w ci\u0105g\u0142ej eksploatacji, serwisowana na bie\u017c\u0105co.<br \/>\nKontakt: 728858100<br \/>\n<strong>Cena 199 tys netto<\/strong><\/p>\n","protected":false},"featured_media":1499,"comment_status":"open","ping_status":"closed","template":"","meta":[],"product_brand":[],"product_cat":[34],"product_tag":[],"class_list":{"0":"post-1488","1":"product","2":"type-product","3":"status-publish","4":"has-post-thumbnail","6":"product_cat-uncategorized","8":"first","9":"instock","10":"featured","11":"taxable","12":"shipping-taxable","13":"purchasable","14":"product-type-simple"},"yoast_head":"<!-- This site is optimized with the Yoast SEO Premium plugin v26.8 (Yoast SEO v26.8) - https:\/\/yoast.com\/product\/yoast-seo-premium-wordpress\/ -->\n<title>Myjnia Karcher 4-stanowiskowa Lublin - KUPMYJNIE.pl<\/title>\n<meta name=\"robots\" content=\"index, follow, max-snippet:-1, max-image-preview:large, max-video-preview:-1\" \/>\n<link rel=\"canonical\" href=\"https:\/\/kupmyjnie.pl\/produkt\/myjnia-karcher-4-stanowiskowa-lublin\/\" \/>\n<meta property=\"og:locale\" content=\"en_US\" \/>\n<meta property=\"og:type\" content=\"article\" \/>\n<meta property=\"og:title\" content=\"Myjnia Karcher 4-stanowiskowa Lublin\" \/>\n<meta property=\"og:description\" content=\"Do sprzedania myjnia Karcher, 4 - stanowiskowa , lokalizacja Lublin.  1. Myjnia Karcher 4 stanowiskowa SB-C 4002 - 2009\/2010 rok, 5 program\u00f3w mycia wraz ze szczotk\u0105, 2. Odkurzacze Karcher Duo - x 2, 2009\/2010 rok, 3. Rozmieniarka, 4. Zestaw solarny Buderus do grzania ciep\u0142ej wody wraz z zasobnikami 2 x 2000 l, 2014 5. Pompa ciep\u0142a do grzania ciep\u0142ej wody, \/2014 6. Totem reklamowy, 7. Kontener techniczny wraz z wiatami stanowiskowymi, 8. System NAYAX do p\u0142atno\u015bci bezgot\u00f3wkowych na ka\u017cdym stanowisku, 9. Piec OLEJOWY Karcher, 10. System Sygnalizacji W\u0142amania i Napadu podpi\u0119ty pod kontener oraz wrzutniki,  System solarny wraz z pomp\u0105 ciep\u0142a pozwala na grzanie ciep\u0142ej wody przez wi\u0119ksz\u0105 cz\u0119\u015b\u0107 roku. Oszcz\u0119dny piec Olejowy. Urz\u0105dzenia myjni s\u0105 sprzedawane ze wzgl\u0119du na przeznaczenie dzia\u0142ki pod budownictwo mieszkaniowe. Rozbi\u00f3rka i transport myjni po stronie kupuj\u0105cego. Na sprzeda\u017c wystawiona b\u0119dzie faktura VAT. Myjnia w ci\u0105g\u0142ej eksploatacji, serwisowana na bie\u017c\u0105co. Kontakt: 728858100 Cena 199 tys netto\" \/>\n<meta property=\"og:url\" content=\"https:\/\/kupmyjnie.pl\/produkt\/myjnia-karcher-4-stanowiskowa-lublin\/\" \/>\n<meta property=\"og:site_name\" content=\"KUPMYJNIE.pl\" \/>\n<meta property=\"article:modified_time\" content=\"2023-03-15T08:11:47+00:00\" \/>\n<meta property=\"og:image\" content=\"https:\/\/kupmyjnie.pl\/wp-content\/uploads\/2023\/02\/Resized-20210411-130448.jpeg\" \/>\n\t<meta property=\"og:image:width\" content=\"720\" \/>\n\t<meta property=\"og:image:height\" content=\"960\" \/>\n\t<meta property=\"og:image:type\" content=\"image\/jpeg\" \/>\n<meta name=\"twitter:card\" content=\"summary_large_image\" \/>\n<script type=\"application\/ld+json\" class=\"yoast-schema-graph\">{\"@context\":\"https:\/\/schema.org\",\"@graph\":[{\"@type\":\"WebPage\",\"@id\":\"https:\/\/kupmyjnie.pl\/produkt\/myjnia-karcher-4-stanowiskowa-lublin\/\",\"url\":\"https:\/\/kupmyjnie.pl\/produkt\/myjnia-karcher-4-stanowiskowa-lublin\/\",\"name\":\"Myjnia Karcher 4-stanowiskowa Lublin - KUPMYJNIE.pl\",\"isPartOf\":{\"@id\":\"https:\/\/kupmyjnie.pl\/#website\"},\"primaryImageOfPage\":{\"@id\":\"https:\/\/kupmyjnie.pl\/produkt\/myjnia-karcher-4-stanowiskowa-lublin\/#primaryimage\"},\"image\":{\"@id\":\"https:\/\/kupmyjnie.pl\/produkt\/myjnia-karcher-4-stanowiskowa-lublin\/#primaryimage\"},\"thumbnailUrl\":\"https:\/\/kupmyjnie.pl\/wp-content\/uploads\/2023\/02\/Resized-20210411-130448.jpeg\",\"datePublished\":\"2023-02-07T13:04:02+00:00\",\"dateModified\":\"2023-03-15T08:11:47+00:00\",\"breadcrumb\":{\"@id\":\"https:\/\/kupmyjnie.pl\/produkt\/myjnia-karcher-4-stanowiskowa-lublin\/#breadcrumb\"},\"inLanguage\":\"en-US\",\"potentialAction\":[{\"@type\":\"ReadAction\",\"target\":[\"https:\/\/kupmyjnie.pl\/produkt\/myjnia-karcher-4-stanowiskowa-lublin\/\"]}]},{\"@type\":\"ImageObject\",\"inLanguage\":\"en-US\",\"@id\":\"https:\/\/kupmyjnie.pl\/produkt\/myjnia-karcher-4-stanowiskowa-lublin\/#primaryimage\",\"url\":\"https:\/\/kupmyjnie.pl\/wp-content\/uploads\/2023\/02\/Resized-20210411-130448.jpeg\",\"contentUrl\":\"https:\/\/kupmyjnie.pl\/wp-content\/uploads\/2023\/02\/Resized-20210411-130448.jpeg\",\"width\":720,\"height\":960},{\"@type\":\"BreadcrumbList\",\"@id\":\"https:\/\/kupmyjnie.pl\/produkt\/myjnia-karcher-4-stanowiskowa-lublin\/#breadcrumb\",\"itemListElement\":[{\"@type\":\"ListItem\",\"position\":1,\"name\":\"Home\",\"item\":\"https:\/\/kupmyjnie.pl\/en\/\"},{\"@type\":\"ListItem\",\"position\":2,\"name\":\"Aktualne og\u0142oszenia\",\"item\":\"https:\/\/kupmyjnie.pl\/ogloszenia\/\"},{\"@type\":\"ListItem\",\"position\":3,\"name\":\"Myjnia Karcher 4-stanowiskowa Lublin\"}]},{\"@type\":\"WebSite\",\"@id\":\"https:\/\/kupmyjnie.pl\/#website\",\"url\":\"https:\/\/kupmyjnie.pl\/\",\"name\":\"KUPMYJNIE.pl\",\"description\":\"Gie\u0142da myjni u\u017cywanych\",\"potentialAction\":[{\"@type\":\"SearchAction\",\"target\":{\"@type\":\"EntryPoint\",\"urlTemplate\":\"https:\/\/kupmyjnie.pl\/?s={search_term_string}\"},\"query-input\":{\"@type\":\"PropertyValueSpecification\",\"valueRequired\":true,\"valueName\":\"search_term_string\"}}],\"inLanguage\":\"en-US\"}]}<\/script>\n<!-- \/ Yoast SEO Premium plugin. -->","yoast_head_json":{"title":"Myjnia Karcher 4-stanowiskowa Lublin - KUPMYJNIE.pl","robots":{"index":"index","follow":"follow","max-snippet":"max-snippet:-1","max-image-preview":"max-image-preview:large","max-video-preview":"max-video-preview:-1"},"canonical":"https:\/\/kupmyjnie.pl\/produkt\/myjnia-karcher-4-stanowiskowa-lublin\/","og_locale":"en_US","og_type":"article","og_title":"Myjnia Karcher 4-stanowiskowa Lublin","og_description":"Do sprzedania myjnia Karcher, 4 - stanowiskowa , lokalizacja Lublin.  1. Myjnia Karcher 4 stanowiskowa SB-C 4002 - 2009\/2010 rok, 5 program\u00f3w mycia wraz ze szczotk\u0105, 2. Odkurzacze Karcher Duo - x 2, 2009\/2010 rok, 3. Rozmieniarka, 4. Zestaw solarny Buderus do grzania ciep\u0142ej wody wraz z zasobnikami 2 x 2000 l, 2014 5. Pompa ciep\u0142a do grzania ciep\u0142ej wody, \/2014 6. Totem reklamowy, 7. Kontener techniczny wraz z wiatami stanowiskowymi, 8. System NAYAX do p\u0142atno\u015bci bezgot\u00f3wkowych na ka\u017cdym stanowisku, 9. Piec OLEJOWY Karcher, 10. System Sygnalizacji W\u0142amania i Napadu podpi\u0119ty pod kontener oraz wrzutniki,  System solarny wraz z pomp\u0105 ciep\u0142a pozwala na grzanie ciep\u0142ej wody przez wi\u0119ksz\u0105 cz\u0119\u015b\u0107 roku. Oszcz\u0119dny piec Olejowy. Urz\u0105dzenia myjni s\u0105 sprzedawane ze wzgl\u0119du na przeznaczenie dzia\u0142ki pod budownictwo mieszkaniowe. Rozbi\u00f3rka i transport myjni po stronie kupuj\u0105cego. Na sprzeda\u017c wystawiona b\u0119dzie faktura VAT. Myjnia w ci\u0105g\u0142ej eksploatacji, serwisowana na bie\u017c\u0105co. Kontakt: 728858100 Cena 199 tys netto","og_url":"https:\/\/kupmyjnie.pl\/produkt\/myjnia-karcher-4-stanowiskowa-lublin\/","og_site_name":"KUPMYJNIE.pl","article_modified_time":"2023-03-15T08:11:47+00:00","og_image":[{"width":720,"height":960,"url":"https:\/\/kupmyjnie.pl\/wp-content\/uploads\/2023\/02\/Resized-20210411-130448.jpeg","type":"image\/jpeg"}],"twitter_card":"summary_large_image","schema":{"@context":"https:\/\/schema.org","@graph":[{"@type":"WebPage","@id":"https:\/\/kupmyjnie.pl\/produkt\/myjnia-karcher-4-stanowiskowa-lublin\/","url":"https:\/\/kupmyjnie.pl\/produkt\/myjnia-karcher-4-stanowiskowa-lublin\/","name":"Myjnia Karcher 4-stanowiskowa Lublin - KUPMYJNIE.pl","isPartOf":{"@id":"https:\/\/kupmyjnie.pl\/#website"},"primaryImageOfPage":{"@id":"https:\/\/kupmyjnie.pl\/produkt\/myjnia-karcher-4-stanowiskowa-lublin\/#primaryimage"},"image":{"@id":"https:\/\/kupmyjnie.pl\/produkt\/myjnia-karcher-4-stanowiskowa-lublin\/#primaryimage"},"thumbnailUrl":"https:\/\/kupmyjnie.pl\/wp-content\/uploads\/2023\/02\/Resized-20210411-130448.jpeg","datePublished":"2023-02-07T13:04:02+00:00","dateModified":"2023-03-15T08:11:47+00:00","breadcrumb":{"@id":"https:\/\/kupmyjnie.pl\/produkt\/myjnia-karcher-4-stanowiskowa-lublin\/#breadcrumb"},"inLanguage":"en-US","potentialAction":[{"@type":"ReadAction","target":["https:\/\/kupmyjnie.pl\/produkt\/myjnia-karcher-4-stanowiskowa-lublin\/"]}]},{"@type":"ImageObject","inLanguage":"en-US","@id":"https:\/\/kupmyjnie.pl\/produkt\/myjnia-karcher-4-stanowiskowa-lublin\/#primaryimage","url":"https:\/\/kupmyjnie.pl\/wp-content\/uploads\/2023\/02\/Resized-20210411-130448.jpeg","contentUrl":"https:\/\/kupmyjnie.pl\/wp-content\/uploads\/2023\/02\/Resized-20210411-130448.jpeg","width":720,"height":960},{"@type":"BreadcrumbList","@id":"https:\/\/kupmyjnie.pl\/produkt\/myjnia-karcher-4-stanowiskowa-lublin\/#breadcrumb","itemListElement":[{"@type":"ListItem","position":1,"name":"Home","item":"https:\/\/kupmyjnie.pl\/en\/"},{"@type":"ListItem","position":2,"name":"Aktualne og\u0142oszenia","item":"https:\/\/kupmyjnie.pl\/ogloszenia\/"},{"@type":"ListItem","position":3,"name":"Myjnia Karcher 4-stanowiskowa Lublin"}]},{"@type":"WebSite","@id":"https:\/\/kupmyjnie.pl\/#website","url":"https:\/\/kupmyjnie.pl\/","name":"KUPMYJNIE.pl","description":"Gie\u0142da myjni u\u017cywanych","potentialAction":[{"@type":"SearchAction","target":{"@type":"EntryPoint","urlTemplate":"https:\/\/kupmyjnie.pl\/?s={search_term_string}"},"query-input":{"@type":"PropertyValueSpecification","valueRequired":true,"valueName":"search_term_string"}}],"inLanguage":"en-US"}]}},"_links":{"self":[{"href":"https:\/\/kupmyjnie.pl\/en\/wp-json\/wp\/v2\/product\/1488","targetHints":{"allow":["GET"]}}],"collection":[{"href":"https:\/\/kupmyjnie.pl\/en\/wp-json\/wp\/v2\/product"}],"about":[{"href":"https:\/\/kupmyjnie.pl\/en\/wp-json\/wp\/v2\/types\/product"}],"replies":[{"embeddable":true,"href":"https:\/\/kupmyjnie.pl\/en\/wp-json\/wp\/v2\/comments?post=1488"}],"wp:featuredmedia":[{"embeddable":true,"href":"https:\/\/kupmyjnie.pl\/en\/wp-json\/wp\/v2\/media\/1499"}],"wp:attachment":[{"href":"https:\/\/kupmyjnie.pl\/en\/wp-json\/wp\/v2\/media?parent=1488"}],"wp:term":[{"taxonomy":"product_brand","embeddable":true,"href":"https:\/\/kupmyjnie.pl\/en\/wp-json\/wp\/v2\/product_brand?post=1488"},{"taxonomy":"product_cat","embeddable":true,"href":"https:\/\/kupmyjnie.pl\/en\/wp-json\/wp\/v2\/product_cat?post=1488"},{"taxonomy":"product_tag","embeddable":true,"href":"https:\/\/kupmyjnie.pl\/en\/wp-json\/wp\/v2\/product_tag?post=1488"}],"curies":[{"name":"wp","href":"https:\/\/api.w.org\/{rel}","templated":true}]}}