{"id":1552,"date":"2023-04-17T09:00:17","date_gmt":"2023-04-17T07:00:17","guid":{"rendered":"http:\/\/kupmyjnie.pl\/?post_type=product&#038;p=1552"},"modified":"2023-04-17T09:00:17","modified_gmt":"2023-04-17T07:00:17","slug":"myjnia-3-stanowiskowa-carman-kontener","status":"publish","type":"product","link":"https:\/\/kupmyjnie.pl\/en\/produkt\/myjnia-3-stanowiskowa-carman-kontener\/","title":{"rendered":"Myjnia 3-stanowiskowa Carman &#8211; kontener"},"content":{"rendered":"","protected":false},"excerpt":{"rendered":"<p>Mamy do sprzeda\u017cy kompletna konstrukcj\u0119 wraz z kontenerem technicznym myjni bezdotykowej firmy Carman 3 stanowiskowa + kontener .<\/p>\n<p>PROGRAMY:<\/p>\n<p>1. Mycie ci\u015bnieniowe wod\u0105 mi\u0119kk\u0105 60 stopni z mikroproszkiem<br \/>\n2. Mycie szczotk\u0105<br \/>\n3. Sp\u0142ukiwanie wod\u0105 zdemineralizowan\u0105<br \/>\n4. Woskowanie<br \/>\n5. Nab\u0142yszczanie<\/p>\n<p>Pompa CAT x 4 \u2013 350 , wszystko na bie\u017c\u0105co modernizowane.<br \/>\nKocio\u0142 dwu-funkcyjny ACV Veissman 100<br \/>\nSterowniki SIEMENS<br \/>\nElektrozawory DANFOSS<br \/>\nSystem zmi\u0119kczania i demineralizacji wody<br \/>\nPompy GRUNDFOSS<br \/>\nSystem przeciwzamarzaniowy<\/p>\n<p>Myjnia obecnie z\u0142o\u017cona jest w siedzibie naszej Firmy w \u015awi\u0119toch\u0142owicach<\/p>\n<p>Cena 130 000 z\u0142 netto + Vat<\/p>\n<p>W przypadku zainteresowania zapraszamy do kontaktu :<br \/>\ntel. 509 190\u00a0333<\/p>\n","protected":false},"featured_media":1553,"comment_status":"open","ping_status":"closed","template":"","meta":[],"product_brand":[],"product_cat":[34],"product_tag":[],"class_list":{"0":"post-1552","1":"product","2":"type-product","3":"status-publish","4":"has-post-thumbnail","6":"product_cat-uncategorized","8":"first","9":"instock","10":"featured","11":"taxable","12":"shipping-taxable","13":"purchasable","14":"product-type-simple"},"yoast_head":"<!-- This site is optimized with the Yoast SEO Premium plugin v26.8 (Yoast SEO v26.8) - https:\/\/yoast.com\/product\/yoast-seo-premium-wordpress\/ -->\n<title>Myjnia 3-stanowiskowa Carman - kontener - KUPMYJNIE.pl<\/title>\n<meta name=\"robots\" content=\"index, follow, max-snippet:-1, max-image-preview:large, max-video-preview:-1\" \/>\n<link rel=\"canonical\" href=\"https:\/\/kupmyjnie.pl\/produkt\/myjnia-3-stanowiskowa-carman-kontener\/\" \/>\n<meta property=\"og:locale\" content=\"en_US\" \/>\n<meta property=\"og:type\" content=\"article\" \/>\n<meta property=\"og:title\" content=\"Myjnia 3-stanowiskowa Carman - kontener\" \/>\n<meta property=\"og:description\" content=\"Mamy do sprzeda\u017cy kompletna konstrukcj\u0119 wraz z kontenerem technicznym myjni bezdotykowej firmy Carman 3 stanowiskowa + kontener .  PROGRAMY:  1. Mycie ci\u015bnieniowe wod\u0105 mi\u0119kk\u0105 60 stopni z mikroproszkiem 2. Mycie szczotk\u0105 3. Sp\u0142ukiwanie wod\u0105 zdemineralizowan\u0105 4. Woskowanie 5. Nab\u0142yszczanie  Pompa CAT x 4 \u2013 350 , wszystko na bie\u017c\u0105co modernizowane. Kocio\u0142 dwu-funkcyjny ACV Veissman 100 Sterowniki SIEMENS Elektrozawory DANFOSS System zmi\u0119kczania i demineralizacji wody Pompy GRUNDFOSS System przeciwzamarzaniowy  Myjnia obecnie z\u0142o\u017cona jest w siedzibie naszej Firmy w \u015awi\u0119toch\u0142owicach  Cena 130 000 z\u0142 netto + Vat  W przypadku zainteresowania zapraszamy do kontaktu : tel. 509 190\u00a0333\" \/>\n<meta property=\"og:url\" content=\"https:\/\/kupmyjnie.pl\/produkt\/myjnia-3-stanowiskowa-carman-kontener\/\" \/>\n<meta property=\"og:site_name\" content=\"KUPMYJNIE.pl\" \/>\n<meta property=\"og:image\" content=\"https:\/\/kupmyjnie.pl\/wp-content\/uploads\/2023\/04\/chorz\u00f3w_3_maja_4ma\u0142e.jpg\" \/>\n\t<meta property=\"og:image:width\" content=\"1000\" \/>\n\t<meta property=\"og:image:height\" content=\"488\" \/>\n\t<meta property=\"og:image:type\" content=\"image\/jpeg\" \/>\n<meta name=\"twitter:card\" content=\"summary_large_image\" \/>\n<script type=\"application\/ld+json\" class=\"yoast-schema-graph\">{\"@context\":\"https:\/\/schema.org\",\"@graph\":[{\"@type\":\"WebPage\",\"@id\":\"https:\/\/kupmyjnie.pl\/produkt\/myjnia-3-stanowiskowa-carman-kontener\/\",\"url\":\"https:\/\/kupmyjnie.pl\/produkt\/myjnia-3-stanowiskowa-carman-kontener\/\",\"name\":\"Myjnia 3-stanowiskowa Carman - kontener - KUPMYJNIE.pl\",\"isPartOf\":{\"@id\":\"https:\/\/kupmyjnie.pl\/#website\"},\"primaryImageOfPage\":{\"@id\":\"https:\/\/kupmyjnie.pl\/produkt\/myjnia-3-stanowiskowa-carman-kontener\/#primaryimage\"},\"image\":{\"@id\":\"https:\/\/kupmyjnie.pl\/produkt\/myjnia-3-stanowiskowa-carman-kontener\/#primaryimage\"},\"thumbnailUrl\":\"https:\/\/kupmyjnie.pl\/wp-content\/uploads\/2023\/04\/chorz\u00f3w_3_maja_4ma\u0142e.jpg\",\"datePublished\":\"2023-04-17T07:00:17+00:00\",\"breadcrumb\":{\"@id\":\"https:\/\/kupmyjnie.pl\/produkt\/myjnia-3-stanowiskowa-carman-kontener\/#breadcrumb\"},\"inLanguage\":\"en-US\",\"potentialAction\":[{\"@type\":\"ReadAction\",\"target\":[\"https:\/\/kupmyjnie.pl\/produkt\/myjnia-3-stanowiskowa-carman-kontener\/\"]}]},{\"@type\":\"ImageObject\",\"inLanguage\":\"en-US\",\"@id\":\"https:\/\/kupmyjnie.pl\/produkt\/myjnia-3-stanowiskowa-carman-kontener\/#primaryimage\",\"url\":\"https:\/\/kupmyjnie.pl\/wp-content\/uploads\/2023\/04\/chorz\u00f3w_3_maja_4ma\u0142e.jpg\",\"contentUrl\":\"https:\/\/kupmyjnie.pl\/wp-content\/uploads\/2023\/04\/chorz\u00f3w_3_maja_4ma\u0142e.jpg\",\"width\":1000,\"height\":488},{\"@type\":\"BreadcrumbList\",\"@id\":\"https:\/\/kupmyjnie.pl\/produkt\/myjnia-3-stanowiskowa-carman-kontener\/#breadcrumb\",\"itemListElement\":[{\"@type\":\"ListItem\",\"position\":1,\"name\":\"Home\",\"item\":\"https:\/\/kupmyjnie.pl\/en\/\"},{\"@type\":\"ListItem\",\"position\":2,\"name\":\"Aktualne og\u0142oszenia\",\"item\":\"https:\/\/kupmyjnie.pl\/ogloszenia\/\"},{\"@type\":\"ListItem\",\"position\":3,\"name\":\"Myjnia 3-stanowiskowa Carman &#8211; kontener\"}]},{\"@type\":\"WebSite\",\"@id\":\"https:\/\/kupmyjnie.pl\/#website\",\"url\":\"https:\/\/kupmyjnie.pl\/\",\"name\":\"KUPMYJNIE.pl\",\"description\":\"Gie\u0142da myjni u\u017cywanych\",\"potentialAction\":[{\"@type\":\"SearchAction\",\"target\":{\"@type\":\"EntryPoint\",\"urlTemplate\":\"https:\/\/kupmyjnie.pl\/?s={search_term_string}\"},\"query-input\":{\"@type\":\"PropertyValueSpecification\",\"valueRequired\":true,\"valueName\":\"search_term_string\"}}],\"inLanguage\":\"en-US\"}]}<\/script>\n<!-- \/ Yoast SEO Premium plugin. -->","yoast_head_json":{"title":"Myjnia 3-stanowiskowa Carman - kontener - KUPMYJNIE.pl","robots":{"index":"index","follow":"follow","max-snippet":"max-snippet:-1","max-image-preview":"max-image-preview:large","max-video-preview":"max-video-preview:-1"},"canonical":"https:\/\/kupmyjnie.pl\/produkt\/myjnia-3-stanowiskowa-carman-kontener\/","og_locale":"en_US","og_type":"article","og_title":"Myjnia 3-stanowiskowa Carman - kontener","og_description":"Mamy do sprzeda\u017cy kompletna konstrukcj\u0119 wraz z kontenerem technicznym myjni bezdotykowej firmy Carman 3 stanowiskowa + kontener .  PROGRAMY:  1. Mycie ci\u015bnieniowe wod\u0105 mi\u0119kk\u0105 60 stopni z mikroproszkiem 2. Mycie szczotk\u0105 3. Sp\u0142ukiwanie wod\u0105 zdemineralizowan\u0105 4. Woskowanie 5. Nab\u0142yszczanie  Pompa CAT x 4 \u2013 350 , wszystko na bie\u017c\u0105co modernizowane. Kocio\u0142 dwu-funkcyjny ACV Veissman 100 Sterowniki SIEMENS Elektrozawory DANFOSS System zmi\u0119kczania i demineralizacji wody Pompy GRUNDFOSS System przeciwzamarzaniowy  Myjnia obecnie z\u0142o\u017cona jest w siedzibie naszej Firmy w \u015awi\u0119toch\u0142owicach  Cena 130 000 z\u0142 netto + Vat  W przypadku zainteresowania zapraszamy do kontaktu : tel. 509 190\u00a0333","og_url":"https:\/\/kupmyjnie.pl\/produkt\/myjnia-3-stanowiskowa-carman-kontener\/","og_site_name":"KUPMYJNIE.pl","og_image":[{"width":1000,"height":488,"url":"https:\/\/kupmyjnie.pl\/wp-content\/uploads\/2023\/04\/chorz\u00f3w_3_maja_4ma\u0142e.jpg","type":"image\/jpeg"}],"twitter_card":"summary_large_image","schema":{"@context":"https:\/\/schema.org","@graph":[{"@type":"WebPage","@id":"https:\/\/kupmyjnie.pl\/produkt\/myjnia-3-stanowiskowa-carman-kontener\/","url":"https:\/\/kupmyjnie.pl\/produkt\/myjnia-3-stanowiskowa-carman-kontener\/","name":"Myjnia 3-stanowiskowa Carman - kontener - KUPMYJNIE.pl","isPartOf":{"@id":"https:\/\/kupmyjnie.pl\/#website"},"primaryImageOfPage":{"@id":"https:\/\/kupmyjnie.pl\/produkt\/myjnia-3-stanowiskowa-carman-kontener\/#primaryimage"},"image":{"@id":"https:\/\/kupmyjnie.pl\/produkt\/myjnia-3-stanowiskowa-carman-kontener\/#primaryimage"},"thumbnailUrl":"https:\/\/kupmyjnie.pl\/wp-content\/uploads\/2023\/04\/chorz\u00f3w_3_maja_4ma\u0142e.jpg","datePublished":"2023-04-17T07:00:17+00:00","breadcrumb":{"@id":"https:\/\/kupmyjnie.pl\/produkt\/myjnia-3-stanowiskowa-carman-kontener\/#breadcrumb"},"inLanguage":"en-US","potentialAction":[{"@type":"ReadAction","target":["https:\/\/kupmyjnie.pl\/produkt\/myjnia-3-stanowiskowa-carman-kontener\/"]}]},{"@type":"ImageObject","inLanguage":"en-US","@id":"https:\/\/kupmyjnie.pl\/produkt\/myjnia-3-stanowiskowa-carman-kontener\/#primaryimage","url":"https:\/\/kupmyjnie.pl\/wp-content\/uploads\/2023\/04\/chorz\u00f3w_3_maja_4ma\u0142e.jpg","contentUrl":"https:\/\/kupmyjnie.pl\/wp-content\/uploads\/2023\/04\/chorz\u00f3w_3_maja_4ma\u0142e.jpg","width":1000,"height":488},{"@type":"BreadcrumbList","@id":"https:\/\/kupmyjnie.pl\/produkt\/myjnia-3-stanowiskowa-carman-kontener\/#breadcrumb","itemListElement":[{"@type":"ListItem","position":1,"name":"Home","item":"https:\/\/kupmyjnie.pl\/en\/"},{"@type":"ListItem","position":2,"name":"Aktualne og\u0142oszenia","item":"https:\/\/kupmyjnie.pl\/ogloszenia\/"},{"@type":"ListItem","position":3,"name":"Myjnia 3-stanowiskowa Carman &#8211; kontener"}]},{"@type":"WebSite","@id":"https:\/\/kupmyjnie.pl\/#website","url":"https:\/\/kupmyjnie.pl\/","name":"KUPMYJNIE.pl","description":"Gie\u0142da myjni u\u017cywanych","potentialAction":[{"@type":"SearchAction","target":{"@type":"EntryPoint","urlTemplate":"https:\/\/kupmyjnie.pl\/?s={search_term_string}"},"query-input":{"@type":"PropertyValueSpecification","valueRequired":true,"valueName":"search_term_string"}}],"inLanguage":"en-US"}]}},"_links":{"self":[{"href":"https:\/\/kupmyjnie.pl\/en\/wp-json\/wp\/v2\/product\/1552","targetHints":{"allow":["GET"]}}],"collection":[{"href":"https:\/\/kupmyjnie.pl\/en\/wp-json\/wp\/v2\/product"}],"about":[{"href":"https:\/\/kupmyjnie.pl\/en\/wp-json\/wp\/v2\/types\/product"}],"replies":[{"embeddable":true,"href":"https:\/\/kupmyjnie.pl\/en\/wp-json\/wp\/v2\/comments?post=1552"}],"wp:featuredmedia":[{"embeddable":true,"href":"https:\/\/kupmyjnie.pl\/en\/wp-json\/wp\/v2\/media\/1553"}],"wp:attachment":[{"href":"https:\/\/kupmyjnie.pl\/en\/wp-json\/wp\/v2\/media?parent=1552"}],"wp:term":[{"taxonomy":"product_brand","embeddable":true,"href":"https:\/\/kupmyjnie.pl\/en\/wp-json\/wp\/v2\/product_brand?post=1552"},{"taxonomy":"product_cat","embeddable":true,"href":"https:\/\/kupmyjnie.pl\/en\/wp-json\/wp\/v2\/product_cat?post=1552"},{"taxonomy":"product_tag","embeddable":true,"href":"https:\/\/kupmyjnie.pl\/en\/wp-json\/wp\/v2\/product_tag?post=1552"}],"curies":[{"name":"wp","href":"https:\/\/api.w.org\/{rel}","templated":true}]}}