{"id":1558,"date":"2023-05-31T12:30:55","date_gmt":"2023-05-31T10:30:55","guid":{"rendered":"http:\/\/kupmyjnie.pl\/?post_type=product&#038;p=1558"},"modified":"2023-05-31T12:30:55","modified_gmt":"2023-05-31T10:30:55","slug":"myjnia-tir-cambus-ae3-45","status":"publish","type":"product","link":"https:\/\/kupmyjnie.pl\/en\/produkt\/myjnia-tir-cambus-ae3-45\/","title":{"rendered":"Myjnia TIR CAMBUS AE3 45"},"content":{"rendered":"","protected":false},"excerpt":{"rendered":"<p>Oferujemy do sprzeda\u017cy gotowy biznes- myjnia TIR, Zakup ca\u0142ej sp\u00f3\u0142ki + cesja umowy dzier\u017cawy.<br \/>\nNasza myjnia zosta\u0142a otwarta pod koniec 2021 roku.<\/p>\n<p>Myjnia przeznaczona jest dla samochod\u00f3w ci\u0119\u017carowych, autobus\u00f3w, mini bus\u00f3w i innych pojazd\u00f3w u\u017cytkowych. Mycie samochod\u00f3w osobowych odbywa si\u0119 w trybie r\u0119cznym.<\/p>\n<p>Po\u0142o\u017cona w bezpo\u015brednim s\u0105siedztwie autostrady A2 \/ A12 przy wyje\u017adzie z miejscowo\u015bci S\u0142ubice 69-100, Transportowa 11, na granice Polsko-Niemieckiej o du\u017cym nat\u0119\u017ceniu ruchu ci\u0119\u017car\u00f3wek.<\/p>\n<p>Myjnia znajduje si\u0119 na terenie parkingu samochod\u00f3w ci\u0119\u017carowych. Obszar obj\u0119ty ochron\u0105. Myjnia jest w jednym bloku z serwisami samochod\u00f3w ci\u0119\u017carowych. Zapewnia to nap\u0142yw nowych klient\u00f3w, kt\u00f3rzy przyje\u017cd\u017caj\u0105 do konserwacji i naprawy ci\u0119\u017car\u00f3wek.<\/p>\n<p>Lokal, w kt\u00f3rym znajduje si\u0119 Myjnia, wynaj\u0119ty na podstawie d\u0142ugoterminowej dzier\u017cawy na 20 lat.<\/p>\n<p>Posiadamy reklam\u0119 r\u00f3\u017cnego rodzaju: sp\u00f3lny baner ze stancj\u0105 paliwow\u0105 przy trasie, oraz na samym kompleksie TOTAL, mamy reklam\u0119 \u015bwietln\u0105 na parkingu.<\/p>\n<p>Dysponujemy portfelem um\u00f3w z du\u017cymi firmami transportowymi na mycie samochod\u00f3w.<\/p>\n<p>G\u0142\u00f3wnym wyposa\u017ceniem jest nowoczesna automatyczna myjnia tunelowa CAMBUS AE3 45 CM wyprodukowana we W\u0142oszech, kt\u00f3ry zosta\u0142 zakupiony i zainstalowany przez oficjalnego dystrybutora i oddany do u\u017cytku w pa\u017adzierniku 2021 roku.<\/p>\n<p>Mamy jeden tunel (Post), w kt\u00f3rym jednocze\u015bnie mo\u017ce by\u0107 obs\u0142ugiwany jeden samoch\u00f3d.<\/p>\n<p>Zalety:<\/p>\n<p>&#8211; automatyczne podawanie chemii, w tym wosku;<br \/>\n&#8211; r\u00f3\u017cne tryby mycia wed\u0142ug wybranego programu;<br \/>\n&#8211; mo\u017cliwo\u015b\u0107 mycia ramy samochodu pod wysokim ci\u015bnieniem;<br \/>\n&#8211; mycie wod\u0105 demineralizowan\u0105 (System demineralizacji wody OSMOS)co zapewnia brak \u00a0\u00a0\u00a0\u015blad\u00f3w po wyschni\u0119ciu;<br \/>\n&#8211; woskowanie.<\/p>\n<p>Kompleks urz\u0105dze\u0144 obejmuje system recyklingu wody z dwoma osadnikami. System wykonuje oczyszczanie w celu wielokrotnego wykorzystania wody, co pozwala oszcz\u0119dzi\u0107 na rachunkach za wod\u0119.<\/p>\n<p>Tryb pracy sprz\u0119tu dla jednej standardowej maszyny (ci\u0105gnik z naczep\u0105) sk\u0142ada si\u0119 z czterech cykli. Trwa 17 minut. Dodatkowe prace wymagaj\u0105 5-20 minut. Zale\u017cy to od rodzaju pojazdu i stopnia jego zanieczyszczenia. W ci\u0105gu jednej godziny pracy Istnieje mo\u017cliwo\u015b\u0107 obs\u0142ugi 1,5-2 maszyn.<\/p>\n<p>Zapewniony jest przyspieszony cykl mycia- Ekspresowy. Zajmuje tylko 10 minut. Dla tych, kt\u00f3rzy si\u0119 spiesz\u0105.<\/p>\n<p>Najnowszy sprz\u0119t z mo\u017cliwo\u015bciami i funkcjami, kt\u00f3rych nie maj\u0105 konkurenci. W po\u0142\u0105czeniu z odpowiednio zorganizowanym marketingiem Myjnia stanie si\u0119 liderem w\u015br\u00f3d konkurent\u00f3w w tym regionie. Bior\u0105c pod uwag\u0119, \u017ce otworzyli\u015bmy si\u0119 mniej ni\u017c 2 lata temu, a nasza dzia\u0142alno\u015b\u0107 jest na etapie rozwoju d\u0105\u017cymy do osi\u0105gni\u0119cia lepszych wynik\u00f3w.<\/p>\n<p>Ca\u0142y sprz\u0119t, w tym sama myjka, jest nasz\u0105 w\u0142asno\u015bci\u0105.<\/p>\n<p>Je\u015bli chodzi o informacje finansowe.<\/p>\n<p>Zgodnie z rzeczywistymi danymi uzyskanymi w trakcie pracy przy 12-godzinnym dniu pracy mo\u017cna obs\u0142u\u017cy\u0107 15 &#8211; 24 samochody.<\/p>\n<p>Moc pozwala zrobi\u0107 40 i wi\u0119cej.<\/p>\n<p>Wed\u0142ug naszych dotychczasowych stawek diapazon przychodu za jeden samoch\u00f3d wynosi 140 \u2013 250 z\u0142 (czyli 31-55 euro). Bior\u0105c pod uwag\u0119 , dzisiejsze ceny na rynku, istnieje mo\u017cliwo\u015b\u0107 podniesienia cen o 8% &#8211; 12%.<\/p>\n<p>Nasza strona\u00a0 <a href=\"https:\/\/www.asg-tir.com\">https:\/\/www.asg-tir.com<\/a> \u00a0\/\u00a0 mamy powi\u0105zanie z Mapami Google.<\/p>\n<p>Mamy najwy\u017csz\u0105 pozycj\u0119 w Google pod wzgl\u0119dem opinii klient\u00f3w. <a href=\"https:\/\/www.google.com\/search?q=myjnia+tir&amp;oq=&amp;aqs=chrome.2.69i65j69i57j69i59j0i131i433i512j69i65j69i60j69i65j69i60.14006j0j7&amp;sourceid=chrome&amp;ie=UTF-8#rlimm=12723149357507241798\">https:\/\/www.google.com\/search?q=myjnia+tir&amp;oq=&amp;aqs=chrome.2.69i65j69i57j69i59j0i131i433i512j69i65j69i60j69i65j69i60.14006j0j7&amp;sourceid=chrome&amp;ie=UTF-8#rlimm=12723149357507241798<\/a><\/p>\n<p>Cena sprzeda\u017cy <u>750 000 z\u0142<\/u> Mo\u017cliwo\u015b\u0107 targowania si\u0119.<\/p>\n<p>Informacje kontaktowe:<\/p>\n<p>+48\u00a0886\u00a0213 059\u00a0 Pawel<br \/>\n+48\u00a0722\u00a0749 544 \u00a0Dumitru<\/p>\n<p>&nbsp;<\/p>\n","protected":false},"featured_media":1559,"comment_status":"open","ping_status":"closed","template":"","meta":[],"product_brand":[],"product_cat":[34],"product_tag":[],"class_list":{"0":"post-1558","1":"product","2":"type-product","3":"status-publish","4":"has-post-thumbnail","6":"product_cat-uncategorized","8":"first","9":"instock","10":"featured","11":"taxable","12":"shipping-taxable","13":"purchasable","14":"product-type-simple"},"yoast_head":"<!-- This site is optimized with the Yoast SEO Premium plugin v26.8 (Yoast SEO v26.8) - https:\/\/yoast.com\/product\/yoast-seo-premium-wordpress\/ -->\n<title>Myjnia TIR CAMBUS AE3 45 - KUPMYJNIE.pl<\/title>\n<meta name=\"robots\" content=\"index, follow, max-snippet:-1, max-image-preview:large, max-video-preview:-1\" \/>\n<link rel=\"canonical\" href=\"https:\/\/kupmyjnie.pl\/produkt\/myjnia-tir-cambus-ae3-45\/\" \/>\n<meta property=\"og:locale\" content=\"en_US\" \/>\n<meta property=\"og:type\" content=\"article\" \/>\n<meta property=\"og:title\" content=\"Myjnia TIR CAMBUS AE3 45\" \/>\n<meta property=\"og:description\" content=\"Oferujemy do sprzeda\u017cy gotowy biznes- myjnia TIR, Zakup ca\u0142ej sp\u00f3\u0142ki + cesja umowy dzier\u017cawy. Nasza myjnia zosta\u0142a otwarta pod koniec 2021 roku.  Myjnia przeznaczona jest dla samochod\u00f3w ci\u0119\u017carowych, autobus\u00f3w, mini bus\u00f3w i innych pojazd\u00f3w u\u017cytkowych. Mycie samochod\u00f3w osobowych odbywa si\u0119 w trybie r\u0119cznym.  Po\u0142o\u017cona w bezpo\u015brednim s\u0105siedztwie autostrady A2 \/ A12 przy wyje\u017adzie z miejscowo\u015bci S\u0142ubice 69-100, Transportowa 11, na granice Polsko-Niemieckiej o du\u017cym nat\u0119\u017ceniu ruchu ci\u0119\u017car\u00f3wek.  Myjnia znajduje si\u0119 na terenie parkingu samochod\u00f3w ci\u0119\u017carowych. Obszar obj\u0119ty ochron\u0105. Myjnia jest w jednym bloku z serwisami samochod\u00f3w ci\u0119\u017carowych. Zapewnia to nap\u0142yw nowych klient\u00f3w, kt\u00f3rzy przyje\u017cd\u017caj\u0105 do konserwacji i naprawy ci\u0119\u017car\u00f3wek.  Lokal, w kt\u00f3rym znajduje si\u0119 Myjnia, wynaj\u0119ty na podstawie d\u0142ugoterminowej dzier\u017cawy na 20 lat.  Posiadamy reklam\u0119 r\u00f3\u017cnego rodzaju: sp\u00f3lny baner ze stancj\u0105 paliwow\u0105 przy trasie, oraz na samym kompleksie TOTAL, mamy reklam\u0119 \u015bwietln\u0105 na parkingu.  Dysponujemy portfelem um\u00f3w z du\u017cymi firmami transportowymi na mycie samochod\u00f3w.  G\u0142\u00f3wnym wyposa\u017ceniem jest nowoczesna automatyczna myjnia tunelowa CAMBUS AE3 45 CM wyprodukowana we W\u0142oszech, kt\u00f3ry zosta\u0142 zakupiony i zainstalowany przez oficjalnego dystrybutora i oddany do u\u017cytku w pa\u017adzierniku 2021 roku.  Mamy jeden tunel (Post), w kt\u00f3rym jednocze\u015bnie mo\u017ce by\u0107 obs\u0142ugiwany jeden samoch\u00f3d.  Zalety:  - automatyczne podawanie chemii, w tym wosku; - r\u00f3\u017cne tryby mycia wed\u0142ug wybranego programu; - mo\u017cliwo\u015b\u0107 mycia ramy samochodu pod wysokim ci\u015bnieniem; - mycie wod\u0105 demineralizowan\u0105 (System demineralizacji wody OSMOS)co zapewnia brak \u00a0\u00a0\u00a0\u015blad\u00f3w po wyschni\u0119ciu; - woskowanie.  Kompleks urz\u0105dze\u0144 obejmuje system recyklingu wody z dwoma osadnikami. System wykonuje oczyszczanie w celu wielokrotnego wykorzystania wody, co pozwala oszcz\u0119dzi\u0107 na rachunkach za wod\u0119.  Tryb pracy sprz\u0119tu dla jednej standardowej maszyny (ci\u0105gnik z naczep\u0105) sk\u0142ada si\u0119 z czterech cykli. Trwa 17 minut. Dodatkowe prace wymagaj\u0105 5-20 minut. Zale\u017cy to od rodzaju pojazdu i stopnia jego zanieczyszczenia. W ci\u0105gu jednej godziny pracy Istnieje mo\u017cliwo\u015b\u0107 obs\u0142ugi 1,5-2 maszyn.  Zapewniony jest przyspieszony cykl mycia- Ekspresowy. Zajmuje tylko 10 minut. Dla tych, kt\u00f3rzy si\u0119 spiesz\u0105.  Najnowszy sprz\u0119t z mo\u017cliwo\u015bciami i funkcjami, kt\u00f3rych nie maj\u0105 konkurenci. W po\u0142\u0105czeniu z odpowiednio zorganizowanym marketingiem Myjnia stanie si\u0119 liderem w\u015br\u00f3d konkurent\u00f3w w tym regionie. Bior\u0105c pod uwag\u0119, \u017ce otworzyli\u015bmy si\u0119 mniej ni\u017c 2 lata temu, a nasza dzia\u0142alno\u015b\u0107 jest na etapie rozwoju d\u0105\u017cymy do osi\u0105gni\u0119cia lepszych wynik\u00f3w.  Ca\u0142y sprz\u0119t, w tym sama myjka, jest nasz\u0105 w\u0142asno\u015bci\u0105.  Je\u015bli chodzi o informacje finansowe.  Zgodnie z rzeczywistymi danymi uzyskanymi w trakcie pracy przy 12-godzinnym dniu pracy mo\u017cna obs\u0142u\u017cy\u0107 15 - 24 samochody.  Moc pozwala zrobi\u0107 40 i wi\u0119cej.  Wed\u0142ug naszych dotychczasowych stawek diapazon przychodu za jeden samoch\u00f3d wynosi 140 \u2013 250 z\u0142 (czyli 31-55 euro). Bior\u0105c pod uwag\u0119 , dzisiejsze ceny na rynku, istnieje mo\u017cliwo\u015b\u0107 podniesienia cen o 8% - 12%.  Nasza strona\u00a0 https:\/\/www.asg-tir.com \u00a0\/\u00a0 mamy powi\u0105zanie z Mapami Google.  Mamy najwy\u017csz\u0105 pozycj\u0119 w Google pod wzgl\u0119dem opinii klient\u00f3w. https:\/\/www.google.com\/search?q=myjnia+tir&amp;oq=&amp;aqs=chrome.2.69i65j69i57j69i59j0i131i433i512j69i65j69i60j69i65j69i60.14006j0j7&amp;sourceid=chrome&amp;ie=UTF-8#rlimm=12723149357507241798  Cena sprzeda\u017cy 750 000 z\u0142 Mo\u017cliwo\u015b\u0107 targowania si\u0119.  Informacje kontaktowe:  +48\u00a0886\u00a0213 059\u00a0 Pawel +48\u00a0722\u00a0749 544 \u00a0Dumitru  &nbsp;\" \/>\n<meta property=\"og:url\" content=\"https:\/\/kupmyjnie.pl\/produkt\/myjnia-tir-cambus-ae3-45\/\" \/>\n<meta property=\"og:site_name\" content=\"KUPMYJNIE.pl\" \/>\n<meta property=\"og:image\" content=\"https:\/\/kupmyjnie.pl\/wp-content\/uploads\/2023\/05\/1-scaled.jpg\" \/>\n\t<meta property=\"og:image:width\" content=\"2784\" \/>\n\t<meta property=\"og:image:height\" content=\"1856\" \/>\n\t<meta property=\"og:image:type\" content=\"image\/jpeg\" \/>\n<meta name=\"twitter:card\" content=\"summary_large_image\" \/>\n<script type=\"application\/ld+json\" class=\"yoast-schema-graph\">{\"@context\":\"https:\/\/schema.org\",\"@graph\":[{\"@type\":\"WebPage\",\"@id\":\"https:\/\/kupmyjnie.pl\/produkt\/myjnia-tir-cambus-ae3-45\/\",\"url\":\"https:\/\/kupmyjnie.pl\/produkt\/myjnia-tir-cambus-ae3-45\/\",\"name\":\"Myjnia TIR CAMBUS AE3 45 - KUPMYJNIE.pl\",\"isPartOf\":{\"@id\":\"https:\/\/kupmyjnie.pl\/#website\"},\"primaryImageOfPage\":{\"@id\":\"https:\/\/kupmyjnie.pl\/produkt\/myjnia-tir-cambus-ae3-45\/#primaryimage\"},\"image\":{\"@id\":\"https:\/\/kupmyjnie.pl\/produkt\/myjnia-tir-cambus-ae3-45\/#primaryimage\"},\"thumbnailUrl\":\"https:\/\/kupmyjnie.pl\/wp-content\/uploads\/2023\/05\/1-scaled.jpg\",\"datePublished\":\"2023-05-31T10:30:55+00:00\",\"breadcrumb\":{\"@id\":\"https:\/\/kupmyjnie.pl\/produkt\/myjnia-tir-cambus-ae3-45\/#breadcrumb\"},\"inLanguage\":\"en-US\",\"potentialAction\":[{\"@type\":\"ReadAction\",\"target\":[\"https:\/\/kupmyjnie.pl\/produkt\/myjnia-tir-cambus-ae3-45\/\"]}]},{\"@type\":\"ImageObject\",\"inLanguage\":\"en-US\",\"@id\":\"https:\/\/kupmyjnie.pl\/produkt\/myjnia-tir-cambus-ae3-45\/#primaryimage\",\"url\":\"https:\/\/kupmyjnie.pl\/wp-content\/uploads\/2023\/05\/1-scaled.jpg\",\"contentUrl\":\"https:\/\/kupmyjnie.pl\/wp-content\/uploads\/2023\/05\/1-scaled.jpg\",\"width\":2784,\"height\":1856},{\"@type\":\"BreadcrumbList\",\"@id\":\"https:\/\/kupmyjnie.pl\/produkt\/myjnia-tir-cambus-ae3-45\/#breadcrumb\",\"itemListElement\":[{\"@type\":\"ListItem\",\"position\":1,\"name\":\"Home\",\"item\":\"https:\/\/kupmyjnie.pl\/en\/\"},{\"@type\":\"ListItem\",\"position\":2,\"name\":\"Aktualne og\u0142oszenia\",\"item\":\"https:\/\/kupmyjnie.pl\/ogloszenia\/\"},{\"@type\":\"ListItem\",\"position\":3,\"name\":\"Myjnia TIR CAMBUS AE3 45\"}]},{\"@type\":\"WebSite\",\"@id\":\"https:\/\/kupmyjnie.pl\/#website\",\"url\":\"https:\/\/kupmyjnie.pl\/\",\"name\":\"KUPMYJNIE.pl\",\"description\":\"Gie\u0142da myjni u\u017cywanych\",\"potentialAction\":[{\"@type\":\"SearchAction\",\"target\":{\"@type\":\"EntryPoint\",\"urlTemplate\":\"https:\/\/kupmyjnie.pl\/?s={search_term_string}\"},\"query-input\":{\"@type\":\"PropertyValueSpecification\",\"valueRequired\":true,\"valueName\":\"search_term_string\"}}],\"inLanguage\":\"en-US\"}]}<\/script>\n<!-- \/ Yoast SEO Premium plugin. -->","yoast_head_json":{"title":"Myjnia TIR CAMBUS AE3 45 - KUPMYJNIE.pl","robots":{"index":"index","follow":"follow","max-snippet":"max-snippet:-1","max-image-preview":"max-image-preview:large","max-video-preview":"max-video-preview:-1"},"canonical":"https:\/\/kupmyjnie.pl\/produkt\/myjnia-tir-cambus-ae3-45\/","og_locale":"en_US","og_type":"article","og_title":"Myjnia TIR CAMBUS AE3 45","og_description":"Oferujemy do sprzeda\u017cy gotowy biznes- myjnia TIR, Zakup ca\u0142ej sp\u00f3\u0142ki + cesja umowy dzier\u017cawy. Nasza myjnia zosta\u0142a otwarta pod koniec 2021 roku.  Myjnia przeznaczona jest dla samochod\u00f3w ci\u0119\u017carowych, autobus\u00f3w, mini bus\u00f3w i innych pojazd\u00f3w u\u017cytkowych. Mycie samochod\u00f3w osobowych odbywa si\u0119 w trybie r\u0119cznym.  Po\u0142o\u017cona w bezpo\u015brednim s\u0105siedztwie autostrady A2 \/ A12 przy wyje\u017adzie z miejscowo\u015bci S\u0142ubice 69-100, Transportowa 11, na granice Polsko-Niemieckiej o du\u017cym nat\u0119\u017ceniu ruchu ci\u0119\u017car\u00f3wek.  Myjnia znajduje si\u0119 na terenie parkingu samochod\u00f3w ci\u0119\u017carowych. Obszar obj\u0119ty ochron\u0105. Myjnia jest w jednym bloku z serwisami samochod\u00f3w ci\u0119\u017carowych. Zapewnia to nap\u0142yw nowych klient\u00f3w, kt\u00f3rzy przyje\u017cd\u017caj\u0105 do konserwacji i naprawy ci\u0119\u017car\u00f3wek.  Lokal, w kt\u00f3rym znajduje si\u0119 Myjnia, wynaj\u0119ty na podstawie d\u0142ugoterminowej dzier\u017cawy na 20 lat.  Posiadamy reklam\u0119 r\u00f3\u017cnego rodzaju: sp\u00f3lny baner ze stancj\u0105 paliwow\u0105 przy trasie, oraz na samym kompleksie TOTAL, mamy reklam\u0119 \u015bwietln\u0105 na parkingu.  Dysponujemy portfelem um\u00f3w z du\u017cymi firmami transportowymi na mycie samochod\u00f3w.  G\u0142\u00f3wnym wyposa\u017ceniem jest nowoczesna automatyczna myjnia tunelowa CAMBUS AE3 45 CM wyprodukowana we W\u0142oszech, kt\u00f3ry zosta\u0142 zakupiony i zainstalowany przez oficjalnego dystrybutora i oddany do u\u017cytku w pa\u017adzierniku 2021 roku.  Mamy jeden tunel (Post), w kt\u00f3rym jednocze\u015bnie mo\u017ce by\u0107 obs\u0142ugiwany jeden samoch\u00f3d.  Zalety:  - automatyczne podawanie chemii, w tym wosku; - r\u00f3\u017cne tryby mycia wed\u0142ug wybranego programu; - mo\u017cliwo\u015b\u0107 mycia ramy samochodu pod wysokim ci\u015bnieniem; - mycie wod\u0105 demineralizowan\u0105 (System demineralizacji wody OSMOS)co zapewnia brak \u00a0\u00a0\u00a0\u015blad\u00f3w po wyschni\u0119ciu; - woskowanie.  Kompleks urz\u0105dze\u0144 obejmuje system recyklingu wody z dwoma osadnikami. System wykonuje oczyszczanie w celu wielokrotnego wykorzystania wody, co pozwala oszcz\u0119dzi\u0107 na rachunkach za wod\u0119.  Tryb pracy sprz\u0119tu dla jednej standardowej maszyny (ci\u0105gnik z naczep\u0105) sk\u0142ada si\u0119 z czterech cykli. Trwa 17 minut. Dodatkowe prace wymagaj\u0105 5-20 minut. Zale\u017cy to od rodzaju pojazdu i stopnia jego zanieczyszczenia. W ci\u0105gu jednej godziny pracy Istnieje mo\u017cliwo\u015b\u0107 obs\u0142ugi 1,5-2 maszyn.  Zapewniony jest przyspieszony cykl mycia- Ekspresowy. Zajmuje tylko 10 minut. Dla tych, kt\u00f3rzy si\u0119 spiesz\u0105.  Najnowszy sprz\u0119t z mo\u017cliwo\u015bciami i funkcjami, kt\u00f3rych nie maj\u0105 konkurenci. W po\u0142\u0105czeniu z odpowiednio zorganizowanym marketingiem Myjnia stanie si\u0119 liderem w\u015br\u00f3d konkurent\u00f3w w tym regionie. Bior\u0105c pod uwag\u0119, \u017ce otworzyli\u015bmy si\u0119 mniej ni\u017c 2 lata temu, a nasza dzia\u0142alno\u015b\u0107 jest na etapie rozwoju d\u0105\u017cymy do osi\u0105gni\u0119cia lepszych wynik\u00f3w.  Ca\u0142y sprz\u0119t, w tym sama myjka, jest nasz\u0105 w\u0142asno\u015bci\u0105.  Je\u015bli chodzi o informacje finansowe.  Zgodnie z rzeczywistymi danymi uzyskanymi w trakcie pracy przy 12-godzinnym dniu pracy mo\u017cna obs\u0142u\u017cy\u0107 15 - 24 samochody.  Moc pozwala zrobi\u0107 40 i wi\u0119cej.  Wed\u0142ug naszych dotychczasowych stawek diapazon przychodu za jeden samoch\u00f3d wynosi 140 \u2013 250 z\u0142 (czyli 31-55 euro). Bior\u0105c pod uwag\u0119 , dzisiejsze ceny na rynku, istnieje mo\u017cliwo\u015b\u0107 podniesienia cen o 8% - 12%.  Nasza strona\u00a0 https:\/\/www.asg-tir.com \u00a0\/\u00a0 mamy powi\u0105zanie z Mapami Google.  Mamy najwy\u017csz\u0105 pozycj\u0119 w Google pod wzgl\u0119dem opinii klient\u00f3w. https:\/\/www.google.com\/search?q=myjnia+tir&amp;oq=&amp;aqs=chrome.2.69i65j69i57j69i59j0i131i433i512j69i65j69i60j69i65j69i60.14006j0j7&amp;sourceid=chrome&amp;ie=UTF-8#rlimm=12723149357507241798  Cena sprzeda\u017cy 750 000 z\u0142 Mo\u017cliwo\u015b\u0107 targowania si\u0119.  Informacje kontaktowe:  +48\u00a0886\u00a0213 059\u00a0 Pawel +48\u00a0722\u00a0749 544 \u00a0Dumitru  &nbsp;","og_url":"https:\/\/kupmyjnie.pl\/produkt\/myjnia-tir-cambus-ae3-45\/","og_site_name":"KUPMYJNIE.pl","og_image":[{"width":2784,"height":1856,"url":"https:\/\/kupmyjnie.pl\/wp-content\/uploads\/2023\/05\/1-scaled.jpg","type":"image\/jpeg"}],"twitter_card":"summary_large_image","schema":{"@context":"https:\/\/schema.org","@graph":[{"@type":"WebPage","@id":"https:\/\/kupmyjnie.pl\/produkt\/myjnia-tir-cambus-ae3-45\/","url":"https:\/\/kupmyjnie.pl\/produkt\/myjnia-tir-cambus-ae3-45\/","name":"Myjnia TIR CAMBUS AE3 45 - KUPMYJNIE.pl","isPartOf":{"@id":"https:\/\/kupmyjnie.pl\/#website"},"primaryImageOfPage":{"@id":"https:\/\/kupmyjnie.pl\/produkt\/myjnia-tir-cambus-ae3-45\/#primaryimage"},"image":{"@id":"https:\/\/kupmyjnie.pl\/produkt\/myjnia-tir-cambus-ae3-45\/#primaryimage"},"thumbnailUrl":"https:\/\/kupmyjnie.pl\/wp-content\/uploads\/2023\/05\/1-scaled.jpg","datePublished":"2023-05-31T10:30:55+00:00","breadcrumb":{"@id":"https:\/\/kupmyjnie.pl\/produkt\/myjnia-tir-cambus-ae3-45\/#breadcrumb"},"inLanguage":"en-US","potentialAction":[{"@type":"ReadAction","target":["https:\/\/kupmyjnie.pl\/produkt\/myjnia-tir-cambus-ae3-45\/"]}]},{"@type":"ImageObject","inLanguage":"en-US","@id":"https:\/\/kupmyjnie.pl\/produkt\/myjnia-tir-cambus-ae3-45\/#primaryimage","url":"https:\/\/kupmyjnie.pl\/wp-content\/uploads\/2023\/05\/1-scaled.jpg","contentUrl":"https:\/\/kupmyjnie.pl\/wp-content\/uploads\/2023\/05\/1-scaled.jpg","width":2784,"height":1856},{"@type":"BreadcrumbList","@id":"https:\/\/kupmyjnie.pl\/produkt\/myjnia-tir-cambus-ae3-45\/#breadcrumb","itemListElement":[{"@type":"ListItem","position":1,"name":"Home","item":"https:\/\/kupmyjnie.pl\/en\/"},{"@type":"ListItem","position":2,"name":"Aktualne og\u0142oszenia","item":"https:\/\/kupmyjnie.pl\/ogloszenia\/"},{"@type":"ListItem","position":3,"name":"Myjnia TIR CAMBUS AE3 45"}]},{"@type":"WebSite","@id":"https:\/\/kupmyjnie.pl\/#website","url":"https:\/\/kupmyjnie.pl\/","name":"KUPMYJNIE.pl","description":"Gie\u0142da myjni u\u017cywanych","potentialAction":[{"@type":"SearchAction","target":{"@type":"EntryPoint","urlTemplate":"https:\/\/kupmyjnie.pl\/?s={search_term_string}"},"query-input":{"@type":"PropertyValueSpecification","valueRequired":true,"valueName":"search_term_string"}}],"inLanguage":"en-US"}]}},"_links":{"self":[{"href":"https:\/\/kupmyjnie.pl\/en\/wp-json\/wp\/v2\/product\/1558","targetHints":{"allow":["GET"]}}],"collection":[{"href":"https:\/\/kupmyjnie.pl\/en\/wp-json\/wp\/v2\/product"}],"about":[{"href":"https:\/\/kupmyjnie.pl\/en\/wp-json\/wp\/v2\/types\/product"}],"replies":[{"embeddable":true,"href":"https:\/\/kupmyjnie.pl\/en\/wp-json\/wp\/v2\/comments?post=1558"}],"wp:featuredmedia":[{"embeddable":true,"href":"https:\/\/kupmyjnie.pl\/en\/wp-json\/wp\/v2\/media\/1559"}],"wp:attachment":[{"href":"https:\/\/kupmyjnie.pl\/en\/wp-json\/wp\/v2\/media?parent=1558"}],"wp:term":[{"taxonomy":"product_brand","embeddable":true,"href":"https:\/\/kupmyjnie.pl\/en\/wp-json\/wp\/v2\/product_brand?post=1558"},{"taxonomy":"product_cat","embeddable":true,"href":"https:\/\/kupmyjnie.pl\/en\/wp-json\/wp\/v2\/product_cat?post=1558"},{"taxonomy":"product_tag","embeddable":true,"href":"https:\/\/kupmyjnie.pl\/en\/wp-json\/wp\/v2\/product_tag?post=1558"}],"curies":[{"name":"wp","href":"https:\/\/api.w.org\/{rel}","templated":true}]}}