{"id":1601,"date":"2023-06-01T11:09:58","date_gmt":"2023-06-01T09:09:58","guid":{"rendered":"http:\/\/kupmyjnie.pl\/?post_type=product&#038;p=1601"},"modified":"2023-06-01T11:09:58","modified_gmt":"2023-06-01T09:09:58","slug":"myjnia-ehrle-3-stanowiskowa-2","status":"publish","type":"product","link":"https:\/\/kupmyjnie.pl\/en\/produkt\/myjnia-ehrle-3-stanowiskowa-2\/","title":{"rendered":"Myjnia Ehrle 3 &#8211; stanowiskowa"},"content":{"rendered":"","protected":false},"excerpt":{"rendered":"<p>Sprzedam technik\u0119 i kostrukcj\u0119 myjni Ehrle. Mo\u017cliwa jest te\u017c opcja dzier\u017cawy.<\/p>\n<p>Dane dotycz\u0105ce posiadanej myjni bezdotykowej Ehrle CarWash Outdoor:<\/p>\n<p>&#8211; 3 stanowiska ( w tym 1 odkryte ),<br \/>\n&#8211; wersja Outdoor 3in1<br \/>\n&#8211; konstrukcja stalowa \u2013 standard<br \/>\n&#8211; zmi\u0119kczacz wody 2&#215;120 m3<br \/>\n&#8211; system odwr\u00f3conej osmozy 7.200 l\/da,<br \/>\n&#8211; zbiornik odwr\u00f3conej osmozy 800 L<br \/>\n&#8211; system grzewczy LCE Boiler 58 kW,<br \/>\n&#8211; palnik \u2013 GASburner 12,5-50 kW,<br \/>\n&#8211; podgrzewanie posadzki 3&#215;7,5 Kw<br \/>\n&#8211; \u00a0rozmieniarka \u2013 includer,<br \/>\n&#8211; odkurzacz samoobs\u0142ugowy 2 stanowiskowy,<br \/>\n&#8211; 5 program\u00f3w mycia (wst\u0119pne, zasadnicze, p\u0142ukanie, wosk, osmoza)<br \/>\n&#8211; mycie aktywn\u0105 pian\u0105<br \/>\n&#8211; rok produkcji 2016<br \/>\n&#8211; lokalizacja Toru\u0144 w bezpo\u015brednim s\u0105siedztwie sklepu Biedronka oraz ul. Olszty\u0144skiej \u2013 wylot na Olsztyn<\/p>\n<p>Proponowana cena 180.000 netto. Sprzeda\u017c na faktur\u0119 VAT<\/p>\n<p>Dzier\u017cawa myjni \u2013 warunki do ustalenia<\/p>\n<p>Kontakt telefoniczny 602-747-429 lub 698-924-330<\/p>\n","protected":false},"featured_media":1602,"comment_status":"open","ping_status":"closed","template":"","meta":[],"product_brand":[],"product_cat":[34],"product_tag":[],"class_list":{"0":"post-1601","1":"product","2":"type-product","3":"status-publish","4":"has-post-thumbnail","6":"product_cat-uncategorized","8":"first","9":"instock","10":"featured","11":"taxable","12":"shipping-taxable","13":"purchasable","14":"product-type-simple"},"yoast_head":"<!-- This site is optimized with the Yoast SEO Premium plugin v26.8 (Yoast SEO v26.8) - https:\/\/yoast.com\/product\/yoast-seo-premium-wordpress\/ -->\n<title>Myjnia Ehrle 3 - stanowiskowa - KUPMYJNIE.pl<\/title>\n<meta name=\"robots\" content=\"index, follow, max-snippet:-1, max-image-preview:large, max-video-preview:-1\" \/>\n<link rel=\"canonical\" href=\"https:\/\/kupmyjnie.pl\/produkt\/myjnia-ehrle-3-stanowiskowa-2\/\" \/>\n<meta property=\"og:locale\" content=\"en_US\" \/>\n<meta property=\"og:type\" content=\"article\" \/>\n<meta property=\"og:title\" content=\"Myjnia Ehrle 3 - stanowiskowa\" \/>\n<meta property=\"og:description\" content=\"Sprzedam technik\u0119 i kostrukcj\u0119 myjni Ehrle. Mo\u017cliwa jest te\u017c opcja dzier\u017cawy.  Dane dotycz\u0105ce posiadanej myjni bezdotykowej Ehrle CarWash Outdoor:  - 3 stanowiska ( w tym 1 odkryte ), - wersja Outdoor 3in1 - konstrukcja stalowa \u2013 standard - zmi\u0119kczacz wody 2x120 m3 - system odwr\u00f3conej osmozy 7.200 l\/da, - zbiornik odwr\u00f3conej osmozy 800 L - system grzewczy LCE Boiler 58 kW, - palnik \u2013 GASburner 12,5-50 kW, - podgrzewanie posadzki 3x7,5 Kw - \u00a0rozmieniarka \u2013 includer, - odkurzacz samoobs\u0142ugowy 2 stanowiskowy, - 5 program\u00f3w mycia (wst\u0119pne, zasadnicze, p\u0142ukanie, wosk, osmoza) - mycie aktywn\u0105 pian\u0105 - rok produkcji 2016 - lokalizacja Toru\u0144 w bezpo\u015brednim s\u0105siedztwie sklepu Biedronka oraz ul. Olszty\u0144skiej \u2013 wylot na Olsztyn  Proponowana cena 180.000 netto. Sprzeda\u017c na faktur\u0119 VAT  Dzier\u017cawa myjni \u2013 warunki do ustalenia  Kontakt telefoniczny 602-747-429 lub 698-924-330\" \/>\n<meta property=\"og:url\" content=\"https:\/\/kupmyjnie.pl\/produkt\/myjnia-ehrle-3-stanowiskowa-2\/\" \/>\n<meta property=\"og:site_name\" content=\"KUPMYJNIE.pl\" \/>\n<meta property=\"og:image\" content=\"https:\/\/kupmyjnie.pl\/wp-content\/uploads\/2023\/06\/20230531_132221.jpg\" \/>\n\t<meta property=\"og:image:width\" content=\"2888\" \/>\n\t<meta property=\"og:image:height\" content=\"2888\" \/>\n\t<meta property=\"og:image:type\" content=\"image\/jpeg\" \/>\n<meta name=\"twitter:card\" content=\"summary_large_image\" \/>\n<script type=\"application\/ld+json\" class=\"yoast-schema-graph\">{\"@context\":\"https:\/\/schema.org\",\"@graph\":[{\"@type\":\"WebPage\",\"@id\":\"https:\/\/kupmyjnie.pl\/produkt\/myjnia-ehrle-3-stanowiskowa-2\/\",\"url\":\"https:\/\/kupmyjnie.pl\/produkt\/myjnia-ehrle-3-stanowiskowa-2\/\",\"name\":\"Myjnia Ehrle 3 - stanowiskowa - KUPMYJNIE.pl\",\"isPartOf\":{\"@id\":\"https:\/\/kupmyjnie.pl\/#website\"},\"primaryImageOfPage\":{\"@id\":\"https:\/\/kupmyjnie.pl\/produkt\/myjnia-ehrle-3-stanowiskowa-2\/#primaryimage\"},\"image\":{\"@id\":\"https:\/\/kupmyjnie.pl\/produkt\/myjnia-ehrle-3-stanowiskowa-2\/#primaryimage\"},\"thumbnailUrl\":\"https:\/\/kupmyjnie.pl\/wp-content\/uploads\/2023\/06\/20230531_132221.jpg\",\"datePublished\":\"2023-06-01T09:09:58+00:00\",\"breadcrumb\":{\"@id\":\"https:\/\/kupmyjnie.pl\/produkt\/myjnia-ehrle-3-stanowiskowa-2\/#breadcrumb\"},\"inLanguage\":\"en-US\",\"potentialAction\":[{\"@type\":\"ReadAction\",\"target\":[\"https:\/\/kupmyjnie.pl\/produkt\/myjnia-ehrle-3-stanowiskowa-2\/\"]}]},{\"@type\":\"ImageObject\",\"inLanguage\":\"en-US\",\"@id\":\"https:\/\/kupmyjnie.pl\/produkt\/myjnia-ehrle-3-stanowiskowa-2\/#primaryimage\",\"url\":\"https:\/\/kupmyjnie.pl\/wp-content\/uploads\/2023\/06\/20230531_132221.jpg\",\"contentUrl\":\"https:\/\/kupmyjnie.pl\/wp-content\/uploads\/2023\/06\/20230531_132221.jpg\",\"width\":2888,\"height\":2888},{\"@type\":\"BreadcrumbList\",\"@id\":\"https:\/\/kupmyjnie.pl\/produkt\/myjnia-ehrle-3-stanowiskowa-2\/#breadcrumb\",\"itemListElement\":[{\"@type\":\"ListItem\",\"position\":1,\"name\":\"Home\",\"item\":\"https:\/\/kupmyjnie.pl\/en\/\"},{\"@type\":\"ListItem\",\"position\":2,\"name\":\"Aktualne og\u0142oszenia\",\"item\":\"https:\/\/kupmyjnie.pl\/ogloszenia\/\"},{\"@type\":\"ListItem\",\"position\":3,\"name\":\"Myjnia Ehrle 3 &#8211; stanowiskowa\"}]},{\"@type\":\"WebSite\",\"@id\":\"https:\/\/kupmyjnie.pl\/#website\",\"url\":\"https:\/\/kupmyjnie.pl\/\",\"name\":\"KUPMYJNIE.pl\",\"description\":\"Gie\u0142da myjni u\u017cywanych\",\"potentialAction\":[{\"@type\":\"SearchAction\",\"target\":{\"@type\":\"EntryPoint\",\"urlTemplate\":\"https:\/\/kupmyjnie.pl\/?s={search_term_string}\"},\"query-input\":{\"@type\":\"PropertyValueSpecification\",\"valueRequired\":true,\"valueName\":\"search_term_string\"}}],\"inLanguage\":\"en-US\"}]}<\/script>\n<!-- \/ Yoast SEO Premium plugin. -->","yoast_head_json":{"title":"Myjnia Ehrle 3 - stanowiskowa - KUPMYJNIE.pl","robots":{"index":"index","follow":"follow","max-snippet":"max-snippet:-1","max-image-preview":"max-image-preview:large","max-video-preview":"max-video-preview:-1"},"canonical":"https:\/\/kupmyjnie.pl\/produkt\/myjnia-ehrle-3-stanowiskowa-2\/","og_locale":"en_US","og_type":"article","og_title":"Myjnia Ehrle 3 - stanowiskowa","og_description":"Sprzedam technik\u0119 i kostrukcj\u0119 myjni Ehrle. Mo\u017cliwa jest te\u017c opcja dzier\u017cawy.  Dane dotycz\u0105ce posiadanej myjni bezdotykowej Ehrle CarWash Outdoor:  - 3 stanowiska ( w tym 1 odkryte ), - wersja Outdoor 3in1 - konstrukcja stalowa \u2013 standard - zmi\u0119kczacz wody 2x120 m3 - system odwr\u00f3conej osmozy 7.200 l\/da, - zbiornik odwr\u00f3conej osmozy 800 L - system grzewczy LCE Boiler 58 kW, - palnik \u2013 GASburner 12,5-50 kW, - podgrzewanie posadzki 3x7,5 Kw - \u00a0rozmieniarka \u2013 includer, - odkurzacz samoobs\u0142ugowy 2 stanowiskowy, - 5 program\u00f3w mycia (wst\u0119pne, zasadnicze, p\u0142ukanie, wosk, osmoza) - mycie aktywn\u0105 pian\u0105 - rok produkcji 2016 - lokalizacja Toru\u0144 w bezpo\u015brednim s\u0105siedztwie sklepu Biedronka oraz ul. Olszty\u0144skiej \u2013 wylot na Olsztyn  Proponowana cena 180.000 netto. Sprzeda\u017c na faktur\u0119 VAT  Dzier\u017cawa myjni \u2013 warunki do ustalenia  Kontakt telefoniczny 602-747-429 lub 698-924-330","og_url":"https:\/\/kupmyjnie.pl\/produkt\/myjnia-ehrle-3-stanowiskowa-2\/","og_site_name":"KUPMYJNIE.pl","og_image":[{"width":2888,"height":2888,"url":"https:\/\/kupmyjnie.pl\/wp-content\/uploads\/2023\/06\/20230531_132221.jpg","type":"image\/jpeg"}],"twitter_card":"summary_large_image","schema":{"@context":"https:\/\/schema.org","@graph":[{"@type":"WebPage","@id":"https:\/\/kupmyjnie.pl\/produkt\/myjnia-ehrle-3-stanowiskowa-2\/","url":"https:\/\/kupmyjnie.pl\/produkt\/myjnia-ehrle-3-stanowiskowa-2\/","name":"Myjnia Ehrle 3 - stanowiskowa - KUPMYJNIE.pl","isPartOf":{"@id":"https:\/\/kupmyjnie.pl\/#website"},"primaryImageOfPage":{"@id":"https:\/\/kupmyjnie.pl\/produkt\/myjnia-ehrle-3-stanowiskowa-2\/#primaryimage"},"image":{"@id":"https:\/\/kupmyjnie.pl\/produkt\/myjnia-ehrle-3-stanowiskowa-2\/#primaryimage"},"thumbnailUrl":"https:\/\/kupmyjnie.pl\/wp-content\/uploads\/2023\/06\/20230531_132221.jpg","datePublished":"2023-06-01T09:09:58+00:00","breadcrumb":{"@id":"https:\/\/kupmyjnie.pl\/produkt\/myjnia-ehrle-3-stanowiskowa-2\/#breadcrumb"},"inLanguage":"en-US","potentialAction":[{"@type":"ReadAction","target":["https:\/\/kupmyjnie.pl\/produkt\/myjnia-ehrle-3-stanowiskowa-2\/"]}]},{"@type":"ImageObject","inLanguage":"en-US","@id":"https:\/\/kupmyjnie.pl\/produkt\/myjnia-ehrle-3-stanowiskowa-2\/#primaryimage","url":"https:\/\/kupmyjnie.pl\/wp-content\/uploads\/2023\/06\/20230531_132221.jpg","contentUrl":"https:\/\/kupmyjnie.pl\/wp-content\/uploads\/2023\/06\/20230531_132221.jpg","width":2888,"height":2888},{"@type":"BreadcrumbList","@id":"https:\/\/kupmyjnie.pl\/produkt\/myjnia-ehrle-3-stanowiskowa-2\/#breadcrumb","itemListElement":[{"@type":"ListItem","position":1,"name":"Home","item":"https:\/\/kupmyjnie.pl\/en\/"},{"@type":"ListItem","position":2,"name":"Aktualne og\u0142oszenia","item":"https:\/\/kupmyjnie.pl\/ogloszenia\/"},{"@type":"ListItem","position":3,"name":"Myjnia Ehrle 3 &#8211; stanowiskowa"}]},{"@type":"WebSite","@id":"https:\/\/kupmyjnie.pl\/#website","url":"https:\/\/kupmyjnie.pl\/","name":"KUPMYJNIE.pl","description":"Gie\u0142da myjni u\u017cywanych","potentialAction":[{"@type":"SearchAction","target":{"@type":"EntryPoint","urlTemplate":"https:\/\/kupmyjnie.pl\/?s={search_term_string}"},"query-input":{"@type":"PropertyValueSpecification","valueRequired":true,"valueName":"search_term_string"}}],"inLanguage":"en-US"}]}},"_links":{"self":[{"href":"https:\/\/kupmyjnie.pl\/en\/wp-json\/wp\/v2\/product\/1601","targetHints":{"allow":["GET"]}}],"collection":[{"href":"https:\/\/kupmyjnie.pl\/en\/wp-json\/wp\/v2\/product"}],"about":[{"href":"https:\/\/kupmyjnie.pl\/en\/wp-json\/wp\/v2\/types\/product"}],"replies":[{"embeddable":true,"href":"https:\/\/kupmyjnie.pl\/en\/wp-json\/wp\/v2\/comments?post=1601"}],"wp:featuredmedia":[{"embeddable":true,"href":"https:\/\/kupmyjnie.pl\/en\/wp-json\/wp\/v2\/media\/1602"}],"wp:attachment":[{"href":"https:\/\/kupmyjnie.pl\/en\/wp-json\/wp\/v2\/media?parent=1601"}],"wp:term":[{"taxonomy":"product_brand","embeddable":true,"href":"https:\/\/kupmyjnie.pl\/en\/wp-json\/wp\/v2\/product_brand?post=1601"},{"taxonomy":"product_cat","embeddable":true,"href":"https:\/\/kupmyjnie.pl\/en\/wp-json\/wp\/v2\/product_cat?post=1601"},{"taxonomy":"product_tag","embeddable":true,"href":"https:\/\/kupmyjnie.pl\/en\/wp-json\/wp\/v2\/product_tag?post=1601"}],"curies":[{"name":"wp","href":"https:\/\/api.w.org\/{rel}","templated":true}]}}