{"id":1617,"date":"2023-06-27T11:23:29","date_gmt":"2023-06-27T09:23:29","guid":{"rendered":"http:\/\/kupmyjnie.pl\/?post_type=product&#038;p=1617"},"modified":"2023-07-14T13:07:38","modified_gmt":"2023-07-14T11:07:38","slug":"myjnia-5-stanowiskowa-hydrowash-sanok","status":"publish","type":"product","link":"https:\/\/kupmyjnie.pl\/en\/produkt\/myjnia-5-stanowiskowa-hydrowash-sanok\/","title":{"rendered":"Myjnia 5 &#8211; stanowiskowa Hydrowash Sanok"},"content":{"rendered":"","protected":false},"excerpt":{"rendered":"<p>Do sprzedania (do demonta\u017cu) myjnia 5-cio stanowiskowa Hydrowash z 2010 roku, zmodernizowana w 2020 roku.<\/p>\n<p>Piec gazowy, p\u0142atno\u015b\u0107 kart\u0105, rozmieniarka.<\/p>\n<p>Programy:<\/p>\n<p>&#8211; oprysk felg<\/p>\n<p>&#8211; aktywna piana<\/p>\n<p>&#8211; mycie zasadnicze<\/p>\n<p>&#8211; mycie ceramiki<\/p>\n<p>&#8211; p\u0142ukanie<\/p>\n<p>&#8211; woskowanie<\/p>\n<p>&#8211; nab\u0142yszczanie<\/p>\n<p>&nbsp;<\/p>\n<p>Cena 180.000z\u0142 netto do negocjacji. (Wiata fotowoltaiczna nie zawiera si\u0119 w cenie).<\/p>\n<p>Mo\u017cliwo\u015b\u0107 zakupu r\u00f3wnie\u017c z dzia\u0142k\u0105 cena samej dzia\u0142ki to 400.000 netto<\/p>\n<p>&nbsp;<\/p>\n<p>Kontakt:<\/p>\n<p>Izabela Wojnarowska<\/p>\n<p>666 027 383<\/p>\n","protected":false},"featured_media":1618,"comment_status":"open","ping_status":"closed","template":"","meta":[],"product_brand":[],"product_cat":[34],"product_tag":[],"class_list":{"0":"post-1617","1":"product","2":"type-product","3":"status-publish","4":"has-post-thumbnail","6":"product_cat-uncategorized","8":"first","9":"instock","10":"featured","11":"taxable","12":"shipping-taxable","13":"purchasable","14":"product-type-simple"},"yoast_head":"<!-- This site is optimized with the Yoast SEO Premium plugin v26.8 (Yoast SEO v26.8) - https:\/\/yoast.com\/product\/yoast-seo-premium-wordpress\/ -->\n<title>Myjnia 5 - stanowiskowa Hydrowash Sanok - KUPMYJNIE.pl<\/title>\n<meta name=\"robots\" content=\"index, follow, max-snippet:-1, max-image-preview:large, max-video-preview:-1\" \/>\n<link rel=\"canonical\" href=\"https:\/\/kupmyjnie.pl\/produkt\/myjnia-5-stanowiskowa-hydrowash-sanok\/\" \/>\n<meta property=\"og:locale\" content=\"en_US\" \/>\n<meta property=\"og:type\" content=\"article\" \/>\n<meta property=\"og:title\" content=\"Myjnia 5 - stanowiskowa Hydrowash Sanok\" \/>\n<meta property=\"og:description\" content=\"Do sprzedania (do demonta\u017cu) myjnia 5-cio stanowiskowa Hydrowash z 2010 roku, zmodernizowana w 2020 roku.  Piec gazowy, p\u0142atno\u015b\u0107 kart\u0105, rozmieniarka.  Programy:  - oprysk felg  - aktywna piana  - mycie zasadnicze  - mycie ceramiki  - p\u0142ukanie  - woskowanie  - nab\u0142yszczanie  &nbsp;  Cena 180.000z\u0142 netto do negocjacji. (Wiata fotowoltaiczna nie zawiera si\u0119 w cenie).  Mo\u017cliwo\u015b\u0107 zakupu r\u00f3wnie\u017c z dzia\u0142k\u0105 cena samej dzia\u0142ki to 400.000 netto  &nbsp;  Kontakt:  Izabela Wojnarowska  666 027 383\" \/>\n<meta property=\"og:url\" content=\"https:\/\/kupmyjnie.pl\/produkt\/myjnia-5-stanowiskowa-hydrowash-sanok\/\" \/>\n<meta property=\"og:site_name\" content=\"KUPMYJNIE.pl\" \/>\n<meta property=\"article:modified_time\" content=\"2023-07-14T11:07:38+00:00\" \/>\n<meta property=\"og:image\" content=\"https:\/\/kupmyjnie.pl\/wp-content\/uploads\/2023\/06\/1.jpg\" \/>\n\t<meta property=\"og:image:width\" content=\"933\" \/>\n\t<meta property=\"og:image:height\" content=\"700\" \/>\n\t<meta property=\"og:image:type\" content=\"image\/jpeg\" \/>\n<meta name=\"twitter:card\" content=\"summary_large_image\" \/>\n<script type=\"application\/ld+json\" class=\"yoast-schema-graph\">{\"@context\":\"https:\/\/schema.org\",\"@graph\":[{\"@type\":\"WebPage\",\"@id\":\"https:\/\/kupmyjnie.pl\/produkt\/myjnia-5-stanowiskowa-hydrowash-sanok\/\",\"url\":\"https:\/\/kupmyjnie.pl\/produkt\/myjnia-5-stanowiskowa-hydrowash-sanok\/\",\"name\":\"Myjnia 5 - stanowiskowa Hydrowash Sanok - KUPMYJNIE.pl\",\"isPartOf\":{\"@id\":\"https:\/\/kupmyjnie.pl\/#website\"},\"primaryImageOfPage\":{\"@id\":\"https:\/\/kupmyjnie.pl\/produkt\/myjnia-5-stanowiskowa-hydrowash-sanok\/#primaryimage\"},\"image\":{\"@id\":\"https:\/\/kupmyjnie.pl\/produkt\/myjnia-5-stanowiskowa-hydrowash-sanok\/#primaryimage\"},\"thumbnailUrl\":\"https:\/\/kupmyjnie.pl\/wp-content\/uploads\/2023\/06\/1.jpg\",\"datePublished\":\"2023-06-27T09:23:29+00:00\",\"dateModified\":\"2023-07-14T11:07:38+00:00\",\"breadcrumb\":{\"@id\":\"https:\/\/kupmyjnie.pl\/produkt\/myjnia-5-stanowiskowa-hydrowash-sanok\/#breadcrumb\"},\"inLanguage\":\"en-US\",\"potentialAction\":[{\"@type\":\"ReadAction\",\"target\":[\"https:\/\/kupmyjnie.pl\/produkt\/myjnia-5-stanowiskowa-hydrowash-sanok\/\"]}]},{\"@type\":\"ImageObject\",\"inLanguage\":\"en-US\",\"@id\":\"https:\/\/kupmyjnie.pl\/produkt\/myjnia-5-stanowiskowa-hydrowash-sanok\/#primaryimage\",\"url\":\"https:\/\/kupmyjnie.pl\/wp-content\/uploads\/2023\/06\/1.jpg\",\"contentUrl\":\"https:\/\/kupmyjnie.pl\/wp-content\/uploads\/2023\/06\/1.jpg\",\"width\":933,\"height\":700},{\"@type\":\"BreadcrumbList\",\"@id\":\"https:\/\/kupmyjnie.pl\/produkt\/myjnia-5-stanowiskowa-hydrowash-sanok\/#breadcrumb\",\"itemListElement\":[{\"@type\":\"ListItem\",\"position\":1,\"name\":\"Home\",\"item\":\"https:\/\/kupmyjnie.pl\/en\/\"},{\"@type\":\"ListItem\",\"position\":2,\"name\":\"Aktualne og\u0142oszenia\",\"item\":\"https:\/\/kupmyjnie.pl\/ogloszenia\/\"},{\"@type\":\"ListItem\",\"position\":3,\"name\":\"Myjnia 5 &#8211; stanowiskowa Hydrowash Sanok\"}]},{\"@type\":\"WebSite\",\"@id\":\"https:\/\/kupmyjnie.pl\/#website\",\"url\":\"https:\/\/kupmyjnie.pl\/\",\"name\":\"KUPMYJNIE.pl\",\"description\":\"Gie\u0142da myjni u\u017cywanych\",\"potentialAction\":[{\"@type\":\"SearchAction\",\"target\":{\"@type\":\"EntryPoint\",\"urlTemplate\":\"https:\/\/kupmyjnie.pl\/?s={search_term_string}\"},\"query-input\":{\"@type\":\"PropertyValueSpecification\",\"valueRequired\":true,\"valueName\":\"search_term_string\"}}],\"inLanguage\":\"en-US\"}]}<\/script>\n<!-- \/ Yoast SEO Premium plugin. -->","yoast_head_json":{"title":"Myjnia 5 - stanowiskowa Hydrowash Sanok - KUPMYJNIE.pl","robots":{"index":"index","follow":"follow","max-snippet":"max-snippet:-1","max-image-preview":"max-image-preview:large","max-video-preview":"max-video-preview:-1"},"canonical":"https:\/\/kupmyjnie.pl\/produkt\/myjnia-5-stanowiskowa-hydrowash-sanok\/","og_locale":"en_US","og_type":"article","og_title":"Myjnia 5 - stanowiskowa Hydrowash Sanok","og_description":"Do sprzedania (do demonta\u017cu) myjnia 5-cio stanowiskowa Hydrowash z 2010 roku, zmodernizowana w 2020 roku.  Piec gazowy, p\u0142atno\u015b\u0107 kart\u0105, rozmieniarka.  Programy:  - oprysk felg  - aktywna piana  - mycie zasadnicze  - mycie ceramiki  - p\u0142ukanie  - woskowanie  - nab\u0142yszczanie  &nbsp;  Cena 180.000z\u0142 netto do negocjacji. (Wiata fotowoltaiczna nie zawiera si\u0119 w cenie).  Mo\u017cliwo\u015b\u0107 zakupu r\u00f3wnie\u017c z dzia\u0142k\u0105 cena samej dzia\u0142ki to 400.000 netto  &nbsp;  Kontakt:  Izabela Wojnarowska  666 027 383","og_url":"https:\/\/kupmyjnie.pl\/produkt\/myjnia-5-stanowiskowa-hydrowash-sanok\/","og_site_name":"KUPMYJNIE.pl","article_modified_time":"2023-07-14T11:07:38+00:00","og_image":[{"width":933,"height":700,"url":"https:\/\/kupmyjnie.pl\/wp-content\/uploads\/2023\/06\/1.jpg","type":"image\/jpeg"}],"twitter_card":"summary_large_image","schema":{"@context":"https:\/\/schema.org","@graph":[{"@type":"WebPage","@id":"https:\/\/kupmyjnie.pl\/produkt\/myjnia-5-stanowiskowa-hydrowash-sanok\/","url":"https:\/\/kupmyjnie.pl\/produkt\/myjnia-5-stanowiskowa-hydrowash-sanok\/","name":"Myjnia 5 - stanowiskowa Hydrowash Sanok - KUPMYJNIE.pl","isPartOf":{"@id":"https:\/\/kupmyjnie.pl\/#website"},"primaryImageOfPage":{"@id":"https:\/\/kupmyjnie.pl\/produkt\/myjnia-5-stanowiskowa-hydrowash-sanok\/#primaryimage"},"image":{"@id":"https:\/\/kupmyjnie.pl\/produkt\/myjnia-5-stanowiskowa-hydrowash-sanok\/#primaryimage"},"thumbnailUrl":"https:\/\/kupmyjnie.pl\/wp-content\/uploads\/2023\/06\/1.jpg","datePublished":"2023-06-27T09:23:29+00:00","dateModified":"2023-07-14T11:07:38+00:00","breadcrumb":{"@id":"https:\/\/kupmyjnie.pl\/produkt\/myjnia-5-stanowiskowa-hydrowash-sanok\/#breadcrumb"},"inLanguage":"en-US","potentialAction":[{"@type":"ReadAction","target":["https:\/\/kupmyjnie.pl\/produkt\/myjnia-5-stanowiskowa-hydrowash-sanok\/"]}]},{"@type":"ImageObject","inLanguage":"en-US","@id":"https:\/\/kupmyjnie.pl\/produkt\/myjnia-5-stanowiskowa-hydrowash-sanok\/#primaryimage","url":"https:\/\/kupmyjnie.pl\/wp-content\/uploads\/2023\/06\/1.jpg","contentUrl":"https:\/\/kupmyjnie.pl\/wp-content\/uploads\/2023\/06\/1.jpg","width":933,"height":700},{"@type":"BreadcrumbList","@id":"https:\/\/kupmyjnie.pl\/produkt\/myjnia-5-stanowiskowa-hydrowash-sanok\/#breadcrumb","itemListElement":[{"@type":"ListItem","position":1,"name":"Home","item":"https:\/\/kupmyjnie.pl\/en\/"},{"@type":"ListItem","position":2,"name":"Aktualne og\u0142oszenia","item":"https:\/\/kupmyjnie.pl\/ogloszenia\/"},{"@type":"ListItem","position":3,"name":"Myjnia 5 &#8211; stanowiskowa Hydrowash Sanok"}]},{"@type":"WebSite","@id":"https:\/\/kupmyjnie.pl\/#website","url":"https:\/\/kupmyjnie.pl\/","name":"KUPMYJNIE.pl","description":"Gie\u0142da myjni u\u017cywanych","potentialAction":[{"@type":"SearchAction","target":{"@type":"EntryPoint","urlTemplate":"https:\/\/kupmyjnie.pl\/?s={search_term_string}"},"query-input":{"@type":"PropertyValueSpecification","valueRequired":true,"valueName":"search_term_string"}}],"inLanguage":"en-US"}]}},"_links":{"self":[{"href":"https:\/\/kupmyjnie.pl\/en\/wp-json\/wp\/v2\/product\/1617","targetHints":{"allow":["GET"]}}],"collection":[{"href":"https:\/\/kupmyjnie.pl\/en\/wp-json\/wp\/v2\/product"}],"about":[{"href":"https:\/\/kupmyjnie.pl\/en\/wp-json\/wp\/v2\/types\/product"}],"replies":[{"embeddable":true,"href":"https:\/\/kupmyjnie.pl\/en\/wp-json\/wp\/v2\/comments?post=1617"}],"wp:featuredmedia":[{"embeddable":true,"href":"https:\/\/kupmyjnie.pl\/en\/wp-json\/wp\/v2\/media\/1618"}],"wp:attachment":[{"href":"https:\/\/kupmyjnie.pl\/en\/wp-json\/wp\/v2\/media?parent=1617"}],"wp:term":[{"taxonomy":"product_brand","embeddable":true,"href":"https:\/\/kupmyjnie.pl\/en\/wp-json\/wp\/v2\/product_brand?post=1617"},{"taxonomy":"product_cat","embeddable":true,"href":"https:\/\/kupmyjnie.pl\/en\/wp-json\/wp\/v2\/product_cat?post=1617"},{"taxonomy":"product_tag","embeddable":true,"href":"https:\/\/kupmyjnie.pl\/en\/wp-json\/wp\/v2\/product_tag?post=1617"}],"curies":[{"name":"wp","href":"https:\/\/api.w.org\/{rel}","templated":true}]}}