{"id":1698,"date":"2023-10-27T07:40:53","date_gmt":"2023-10-27T05:40:53","guid":{"rendered":"http:\/\/kupmyjnie.pl\/?post_type=product&#038;p=1698"},"modified":"2024-05-13T10:48:18","modified_gmt":"2024-05-13T08:48:18","slug":"myjnia-ehrle-car-wash-3-1-dobczyce","status":"publish","type":"product","link":"https:\/\/kupmyjnie.pl\/en\/produkt\/myjnia-ehrle-car-wash-3-1-dobczyce\/","title":{"rendered":"Myjnia Ehrle Car Wash 3 stanowiskowa Dobczyce"},"content":{"rendered":"","protected":false},"excerpt":{"rendered":"<p>Do sprzedania myjnia\u00a03\u00a0&#8211; stanowiskowa\u00a0renomowanej firmy EHRLE, konstrukcyjnie przygotowana do uruchomienia czwartego (otwartego stanowiska).<br \/>\nOferujemy technik\u0119 w\u00a0module wraz z konstrukcj\u0105 oraz umow\u0105 najmu.<br \/>\nZasilanie\u00a0gazowe,\u00a05 program\u00f3w mycia (na jednym stanowisku szczotka a na dw\u00f3ch pozosta\u0142ych piana aktywna).<br \/>\nMyjnia wyposa\u017cona w kasy fiskalne oraz system p\u0142atno\u015bci mobilnej.<br \/>\nIstnieje mo\u017cliwo\u015b\u0107 monta\u017cu odkurzacza dwustanowiskowego (przygotowana instalacja).<br \/>\nBardzo korzystna umowa najmu.<\/p>\n<p>Cena myjni 259.000 netto\/318.570 z VAT\u00a0 w stanie obecnym.<\/p>\n<p>Sprzeda\u017c na faktur\u0119 VAT. Oferujemy pomoc w formalno\u015bciach leasingowych.<br \/>\nKontakt wy\u0142\u0105cznie telefoniczny.\u00a0<strong>501676416, 508194825<\/strong><\/p>\n","protected":false},"featured_media":1701,"comment_status":"open","ping_status":"closed","template":"","meta":[],"product_brand":[],"product_cat":[33],"product_tag":[],"class_list":{"0":"post-1698","1":"product","2":"type-product","3":"status-publish","4":"has-post-thumbnail","6":"product_cat-tylko-u-nas","8":"first","9":"instock","10":"featured","11":"taxable","12":"shipping-taxable","13":"purchasable","14":"product-type-simple"},"yoast_head":"<!-- This site is optimized with the Yoast SEO Premium plugin v26.8 (Yoast SEO v26.8) - https:\/\/yoast.com\/product\/yoast-seo-premium-wordpress\/ -->\n<title>Myjnia Ehrle Car Wash 3 stanowiskowa Dobczyce - KUPMYJNIE.pl<\/title>\n<meta name=\"robots\" content=\"index, follow, max-snippet:-1, max-image-preview:large, max-video-preview:-1\" \/>\n<link rel=\"canonical\" href=\"https:\/\/kupmyjnie.pl\/produkt\/myjnia-ehrle-car-wash-3-1-dobczyce\/\" \/>\n<meta property=\"og:locale\" content=\"en_US\" \/>\n<meta property=\"og:type\" content=\"article\" \/>\n<meta property=\"og:title\" content=\"Myjnia Ehrle Car Wash 3 stanowiskowa Dobczyce\" \/>\n<meta property=\"og:description\" content=\"Do sprzedania myjnia\u00a03\u00a0- stanowiskowa\u00a0renomowanej firmy EHRLE, konstrukcyjnie przygotowana do uruchomienia czwartego (otwartego stanowiska). Oferujemy technik\u0119 w\u00a0module wraz z konstrukcj\u0105 oraz umow\u0105 najmu. Zasilanie\u00a0gazowe,\u00a05 program\u00f3w mycia (na jednym stanowisku szczotka a na dw\u00f3ch pozosta\u0142ych piana aktywna). Myjnia wyposa\u017cona w kasy fiskalne oraz system p\u0142atno\u015bci mobilnej. Istnieje mo\u017cliwo\u015b\u0107 monta\u017cu odkurzacza dwustanowiskowego (przygotowana instalacja). Bardzo korzystna umowa najmu.  Cena myjni 259.000 netto\/318.570 z VAT\u00a0 w stanie obecnym.  Sprzeda\u017c na faktur\u0119 VAT. Oferujemy pomoc w formalno\u015bciach leasingowych. Kontakt wy\u0142\u0105cznie telefoniczny.\u00a0501676416, 508194825\" \/>\n<meta property=\"og:url\" content=\"https:\/\/kupmyjnie.pl\/produkt\/myjnia-ehrle-car-wash-3-1-dobczyce\/\" \/>\n<meta property=\"og:site_name\" content=\"KUPMYJNIE.pl\" \/>\n<meta property=\"article:modified_time\" content=\"2024-05-13T08:48:18+00:00\" \/>\n<meta property=\"og:image\" content=\"https:\/\/kupmyjnie.pl\/wp-content\/uploads\/2023\/10\/image_50400513-scaled.jpg\" \/>\n\t<meta property=\"og:image:width\" content=\"3032\" \/>\n\t<meta property=\"og:image:height\" content=\"2274\" \/>\n\t<meta property=\"og:image:type\" content=\"image\/jpeg\" \/>\n<meta name=\"twitter:card\" content=\"summary_large_image\" \/>\n<script type=\"application\/ld+json\" class=\"yoast-schema-graph\">{\"@context\":\"https:\/\/schema.org\",\"@graph\":[{\"@type\":\"WebPage\",\"@id\":\"https:\/\/kupmyjnie.pl\/produkt\/myjnia-ehrle-car-wash-3-1-dobczyce\/\",\"url\":\"https:\/\/kupmyjnie.pl\/produkt\/myjnia-ehrle-car-wash-3-1-dobczyce\/\",\"name\":\"Myjnia Ehrle Car Wash 3 stanowiskowa Dobczyce - KUPMYJNIE.pl\",\"isPartOf\":{\"@id\":\"https:\/\/kupmyjnie.pl\/#website\"},\"primaryImageOfPage\":{\"@id\":\"https:\/\/kupmyjnie.pl\/produkt\/myjnia-ehrle-car-wash-3-1-dobczyce\/#primaryimage\"},\"image\":{\"@id\":\"https:\/\/kupmyjnie.pl\/produkt\/myjnia-ehrle-car-wash-3-1-dobczyce\/#primaryimage\"},\"thumbnailUrl\":\"https:\/\/kupmyjnie.pl\/wp-content\/uploads\/2023\/10\/image_50400513-scaled.jpg\",\"datePublished\":\"2023-10-27T05:40:53+00:00\",\"dateModified\":\"2024-05-13T08:48:18+00:00\",\"breadcrumb\":{\"@id\":\"https:\/\/kupmyjnie.pl\/produkt\/myjnia-ehrle-car-wash-3-1-dobczyce\/#breadcrumb\"},\"inLanguage\":\"en-US\",\"potentialAction\":[{\"@type\":\"ReadAction\",\"target\":[\"https:\/\/kupmyjnie.pl\/produkt\/myjnia-ehrle-car-wash-3-1-dobczyce\/\"]}]},{\"@type\":\"ImageObject\",\"inLanguage\":\"en-US\",\"@id\":\"https:\/\/kupmyjnie.pl\/produkt\/myjnia-ehrle-car-wash-3-1-dobczyce\/#primaryimage\",\"url\":\"https:\/\/kupmyjnie.pl\/wp-content\/uploads\/2023\/10\/image_50400513-scaled.jpg\",\"contentUrl\":\"https:\/\/kupmyjnie.pl\/wp-content\/uploads\/2023\/10\/image_50400513-scaled.jpg\",\"width\":3032,\"height\":2274},{\"@type\":\"BreadcrumbList\",\"@id\":\"https:\/\/kupmyjnie.pl\/produkt\/myjnia-ehrle-car-wash-3-1-dobczyce\/#breadcrumb\",\"itemListElement\":[{\"@type\":\"ListItem\",\"position\":1,\"name\":\"Home\",\"item\":\"https:\/\/kupmyjnie.pl\/en\/\"},{\"@type\":\"ListItem\",\"position\":2,\"name\":\"Aktualne og\u0142oszenia\",\"item\":\"https:\/\/kupmyjnie.pl\/ogloszenia\/\"},{\"@type\":\"ListItem\",\"position\":3,\"name\":\"Myjnia Ehrle Car Wash 3 stanowiskowa Dobczyce\"}]},{\"@type\":\"WebSite\",\"@id\":\"https:\/\/kupmyjnie.pl\/#website\",\"url\":\"https:\/\/kupmyjnie.pl\/\",\"name\":\"KUPMYJNIE.pl\",\"description\":\"Gie\u0142da myjni u\u017cywanych\",\"potentialAction\":[{\"@type\":\"SearchAction\",\"target\":{\"@type\":\"EntryPoint\",\"urlTemplate\":\"https:\/\/kupmyjnie.pl\/?s={search_term_string}\"},\"query-input\":{\"@type\":\"PropertyValueSpecification\",\"valueRequired\":true,\"valueName\":\"search_term_string\"}}],\"inLanguage\":\"en-US\"}]}<\/script>\n<!-- \/ Yoast SEO Premium plugin. -->","yoast_head_json":{"title":"Myjnia Ehrle Car Wash 3 stanowiskowa Dobczyce - KUPMYJNIE.pl","robots":{"index":"index","follow":"follow","max-snippet":"max-snippet:-1","max-image-preview":"max-image-preview:large","max-video-preview":"max-video-preview:-1"},"canonical":"https:\/\/kupmyjnie.pl\/produkt\/myjnia-ehrle-car-wash-3-1-dobczyce\/","og_locale":"en_US","og_type":"article","og_title":"Myjnia Ehrle Car Wash 3 stanowiskowa Dobczyce","og_description":"Do sprzedania myjnia\u00a03\u00a0- stanowiskowa\u00a0renomowanej firmy EHRLE, konstrukcyjnie przygotowana do uruchomienia czwartego (otwartego stanowiska). Oferujemy technik\u0119 w\u00a0module wraz z konstrukcj\u0105 oraz umow\u0105 najmu. Zasilanie\u00a0gazowe,\u00a05 program\u00f3w mycia (na jednym stanowisku szczotka a na dw\u00f3ch pozosta\u0142ych piana aktywna). Myjnia wyposa\u017cona w kasy fiskalne oraz system p\u0142atno\u015bci mobilnej. Istnieje mo\u017cliwo\u015b\u0107 monta\u017cu odkurzacza dwustanowiskowego (przygotowana instalacja). Bardzo korzystna umowa najmu.  Cena myjni 259.000 netto\/318.570 z VAT\u00a0 w stanie obecnym.  Sprzeda\u017c na faktur\u0119 VAT. Oferujemy pomoc w formalno\u015bciach leasingowych. Kontakt wy\u0142\u0105cznie telefoniczny.\u00a0501676416, 508194825","og_url":"https:\/\/kupmyjnie.pl\/produkt\/myjnia-ehrle-car-wash-3-1-dobczyce\/","og_site_name":"KUPMYJNIE.pl","article_modified_time":"2024-05-13T08:48:18+00:00","og_image":[{"width":3032,"height":2274,"url":"https:\/\/kupmyjnie.pl\/wp-content\/uploads\/2023\/10\/image_50400513-scaled.jpg","type":"image\/jpeg"}],"twitter_card":"summary_large_image","schema":{"@context":"https:\/\/schema.org","@graph":[{"@type":"WebPage","@id":"https:\/\/kupmyjnie.pl\/produkt\/myjnia-ehrle-car-wash-3-1-dobczyce\/","url":"https:\/\/kupmyjnie.pl\/produkt\/myjnia-ehrle-car-wash-3-1-dobczyce\/","name":"Myjnia Ehrle Car Wash 3 stanowiskowa Dobczyce - KUPMYJNIE.pl","isPartOf":{"@id":"https:\/\/kupmyjnie.pl\/#website"},"primaryImageOfPage":{"@id":"https:\/\/kupmyjnie.pl\/produkt\/myjnia-ehrle-car-wash-3-1-dobczyce\/#primaryimage"},"image":{"@id":"https:\/\/kupmyjnie.pl\/produkt\/myjnia-ehrle-car-wash-3-1-dobczyce\/#primaryimage"},"thumbnailUrl":"https:\/\/kupmyjnie.pl\/wp-content\/uploads\/2023\/10\/image_50400513-scaled.jpg","datePublished":"2023-10-27T05:40:53+00:00","dateModified":"2024-05-13T08:48:18+00:00","breadcrumb":{"@id":"https:\/\/kupmyjnie.pl\/produkt\/myjnia-ehrle-car-wash-3-1-dobczyce\/#breadcrumb"},"inLanguage":"en-US","potentialAction":[{"@type":"ReadAction","target":["https:\/\/kupmyjnie.pl\/produkt\/myjnia-ehrle-car-wash-3-1-dobczyce\/"]}]},{"@type":"ImageObject","inLanguage":"en-US","@id":"https:\/\/kupmyjnie.pl\/produkt\/myjnia-ehrle-car-wash-3-1-dobczyce\/#primaryimage","url":"https:\/\/kupmyjnie.pl\/wp-content\/uploads\/2023\/10\/image_50400513-scaled.jpg","contentUrl":"https:\/\/kupmyjnie.pl\/wp-content\/uploads\/2023\/10\/image_50400513-scaled.jpg","width":3032,"height":2274},{"@type":"BreadcrumbList","@id":"https:\/\/kupmyjnie.pl\/produkt\/myjnia-ehrle-car-wash-3-1-dobczyce\/#breadcrumb","itemListElement":[{"@type":"ListItem","position":1,"name":"Home","item":"https:\/\/kupmyjnie.pl\/en\/"},{"@type":"ListItem","position":2,"name":"Aktualne og\u0142oszenia","item":"https:\/\/kupmyjnie.pl\/ogloszenia\/"},{"@type":"ListItem","position":3,"name":"Myjnia Ehrle Car Wash 3 stanowiskowa Dobczyce"}]},{"@type":"WebSite","@id":"https:\/\/kupmyjnie.pl\/#website","url":"https:\/\/kupmyjnie.pl\/","name":"KUPMYJNIE.pl","description":"Gie\u0142da myjni u\u017cywanych","potentialAction":[{"@type":"SearchAction","target":{"@type":"EntryPoint","urlTemplate":"https:\/\/kupmyjnie.pl\/?s={search_term_string}"},"query-input":{"@type":"PropertyValueSpecification","valueRequired":true,"valueName":"search_term_string"}}],"inLanguage":"en-US"}]}},"_links":{"self":[{"href":"https:\/\/kupmyjnie.pl\/en\/wp-json\/wp\/v2\/product\/1698","targetHints":{"allow":["GET"]}}],"collection":[{"href":"https:\/\/kupmyjnie.pl\/en\/wp-json\/wp\/v2\/product"}],"about":[{"href":"https:\/\/kupmyjnie.pl\/en\/wp-json\/wp\/v2\/types\/product"}],"replies":[{"embeddable":true,"href":"https:\/\/kupmyjnie.pl\/en\/wp-json\/wp\/v2\/comments?post=1698"}],"wp:featuredmedia":[{"embeddable":true,"href":"https:\/\/kupmyjnie.pl\/en\/wp-json\/wp\/v2\/media\/1701"}],"wp:attachment":[{"href":"https:\/\/kupmyjnie.pl\/en\/wp-json\/wp\/v2\/media?parent=1698"}],"wp:term":[{"taxonomy":"product_brand","embeddable":true,"href":"https:\/\/kupmyjnie.pl\/en\/wp-json\/wp\/v2\/product_brand?post=1698"},{"taxonomy":"product_cat","embeddable":true,"href":"https:\/\/kupmyjnie.pl\/en\/wp-json\/wp\/v2\/product_cat?post=1698"},{"taxonomy":"product_tag","embeddable":true,"href":"https:\/\/kupmyjnie.pl\/en\/wp-json\/wp\/v2\/product_tag?post=1698"}],"curies":[{"name":"wp","href":"https:\/\/api.w.org\/{rel}","templated":true}]}}