{"id":1720,"date":"2024-02-26T13:14:55","date_gmt":"2024-02-26T12:14:55","guid":{"rendered":"http:\/\/kupmyjnie.pl\/?post_type=product&#038;p=1720"},"modified":"2024-02-26T13:14:55","modified_gmt":"2024-02-26T12:14:55","slug":"konstrukcja-myjni-8-stanowiskowej-typu-arcwash-krakow","status":"publish","type":"product","link":"https:\/\/kupmyjnie.pl\/en\/produkt\/konstrukcja-myjni-8-stanowiskowej-typu-arcwash-krakow\/","title":{"rendered":"Konstrukcja myjni 8-stanowiskowej typu ArcWash &#8211; Krak\u00f3w"},"content":{"rendered":"<p>Lokalizacja konstrukcji \u2013 Krak\u00f3w.<br \/>\nZdj\u0119cie pogl\u0105dowe, cena nie zawiera demonta\u017cu oraz transportu.<\/p>\n","protected":false},"excerpt":{"rendered":"<p>Lokalizacja konstrukcji \u2013 Krak\u00f3w. Zdj\u0119cie pogl\u0105dowe, cena nie zawiera demonta\u017cu oraz transportu.<\/p>\n","protected":false},"featured_media":1723,"comment_status":"open","ping_status":"closed","template":"","meta":[],"product_brand":[],"product_cat":[26,33],"product_tag":[],"class_list":{"0":"post-1720","1":"product","2":"type-product","3":"status-publish","4":"has-post-thumbnail","6":"product_cat-myjnie","7":"product_cat-tylko-u-nas","9":"first","10":"instock","11":"taxable","12":"shipping-taxable","13":"purchasable","14":"product-type-simple"},"yoast_head":"<!-- This site is optimized with the Yoast SEO Premium plugin v26.8 (Yoast SEO v26.8) - https:\/\/yoast.com\/product\/yoast-seo-premium-wordpress\/ -->\n<title>Konstrukcja myjni 8-stanowiskowej typu ArcWash - Krak\u00f3w - KUPMYJNIE.pl<\/title>\n<meta name=\"robots\" content=\"index, follow, max-snippet:-1, max-image-preview:large, max-video-preview:-1\" \/>\n<link rel=\"canonical\" href=\"https:\/\/kupmyjnie.pl\/produkt\/konstrukcja-myjni-8-stanowiskowej-typu-arcwash-krakow\/\" \/>\n<meta property=\"og:locale\" content=\"en_US\" \/>\n<meta property=\"og:type\" content=\"article\" \/>\n<meta property=\"og:title\" content=\"Konstrukcja myjni 8-stanowiskowej typu ArcWash - Krak\u00f3w\" \/>\n<meta property=\"og:description\" content=\"Lokalizacja konstrukcji \u2013 Krak\u00f3w. Zdj\u0119cie pogl\u0105dowe, cena nie zawiera demonta\u017cu oraz transportu.\" \/>\n<meta property=\"og:url\" content=\"https:\/\/kupmyjnie.pl\/produkt\/konstrukcja-myjni-8-stanowiskowej-typu-arcwash-krakow\/\" \/>\n<meta property=\"og:site_name\" content=\"KUPMYJNIE.pl\" \/>\n<meta property=\"og:image\" content=\"https:\/\/kupmyjnie.pl\/wp-content\/uploads\/2024\/02\/DSC_1318.jpg\" \/>\n\t<meta property=\"og:image:width\" content=\"2000\" \/>\n\t<meta property=\"og:image:height\" content=\"1325\" \/>\n\t<meta property=\"og:image:type\" content=\"image\/jpeg\" \/>\n<meta name=\"twitter:card\" content=\"summary_large_image\" \/>\n<script type=\"application\/ld+json\" class=\"yoast-schema-graph\">{\"@context\":\"https:\/\/schema.org\",\"@graph\":[{\"@type\":\"WebPage\",\"@id\":\"https:\/\/kupmyjnie.pl\/produkt\/konstrukcja-myjni-8-stanowiskowej-typu-arcwash-krakow\/\",\"url\":\"https:\/\/kupmyjnie.pl\/produkt\/konstrukcja-myjni-8-stanowiskowej-typu-arcwash-krakow\/\",\"name\":\"Konstrukcja myjni 8-stanowiskowej typu ArcWash - Krak\u00f3w - KUPMYJNIE.pl\",\"isPartOf\":{\"@id\":\"https:\/\/kupmyjnie.pl\/#website\"},\"primaryImageOfPage\":{\"@id\":\"https:\/\/kupmyjnie.pl\/produkt\/konstrukcja-myjni-8-stanowiskowej-typu-arcwash-krakow\/#primaryimage\"},\"image\":{\"@id\":\"https:\/\/kupmyjnie.pl\/produkt\/konstrukcja-myjni-8-stanowiskowej-typu-arcwash-krakow\/#primaryimage\"},\"thumbnailUrl\":\"https:\/\/kupmyjnie.pl\/wp-content\/uploads\/2024\/02\/DSC_1318.jpg\",\"datePublished\":\"2024-02-26T12:14:55+00:00\",\"breadcrumb\":{\"@id\":\"https:\/\/kupmyjnie.pl\/produkt\/konstrukcja-myjni-8-stanowiskowej-typu-arcwash-krakow\/#breadcrumb\"},\"inLanguage\":\"en-US\",\"potentialAction\":[{\"@type\":\"ReadAction\",\"target\":[\"https:\/\/kupmyjnie.pl\/produkt\/konstrukcja-myjni-8-stanowiskowej-typu-arcwash-krakow\/\"]}]},{\"@type\":\"ImageObject\",\"inLanguage\":\"en-US\",\"@id\":\"https:\/\/kupmyjnie.pl\/produkt\/konstrukcja-myjni-8-stanowiskowej-typu-arcwash-krakow\/#primaryimage\",\"url\":\"https:\/\/kupmyjnie.pl\/wp-content\/uploads\/2024\/02\/DSC_1318.jpg\",\"contentUrl\":\"https:\/\/kupmyjnie.pl\/wp-content\/uploads\/2024\/02\/DSC_1318.jpg\",\"width\":2000,\"height\":1325},{\"@type\":\"BreadcrumbList\",\"@id\":\"https:\/\/kupmyjnie.pl\/produkt\/konstrukcja-myjni-8-stanowiskowej-typu-arcwash-krakow\/#breadcrumb\",\"itemListElement\":[{\"@type\":\"ListItem\",\"position\":1,\"name\":\"Home\",\"item\":\"https:\/\/kupmyjnie.pl\/en\/\"},{\"@type\":\"ListItem\",\"position\":2,\"name\":\"Aktualne og\u0142oszenia\",\"item\":\"https:\/\/kupmyjnie.pl\/ogloszenia\/\"},{\"@type\":\"ListItem\",\"position\":3,\"name\":\"Konstrukcja myjni 8-stanowiskowej typu ArcWash &#8211; Krak\u00f3w\"}]},{\"@type\":\"WebSite\",\"@id\":\"https:\/\/kupmyjnie.pl\/#website\",\"url\":\"https:\/\/kupmyjnie.pl\/\",\"name\":\"KUPMYJNIE.pl\",\"description\":\"Gie\u0142da myjni u\u017cywanych\",\"potentialAction\":[{\"@type\":\"SearchAction\",\"target\":{\"@type\":\"EntryPoint\",\"urlTemplate\":\"https:\/\/kupmyjnie.pl\/?s={search_term_string}\"},\"query-input\":{\"@type\":\"PropertyValueSpecification\",\"valueRequired\":true,\"valueName\":\"search_term_string\"}}],\"inLanguage\":\"en-US\"}]}<\/script>\n<!-- \/ Yoast SEO Premium plugin. -->","yoast_head_json":{"title":"Konstrukcja myjni 8-stanowiskowej typu ArcWash - Krak\u00f3w - KUPMYJNIE.pl","robots":{"index":"index","follow":"follow","max-snippet":"max-snippet:-1","max-image-preview":"max-image-preview:large","max-video-preview":"max-video-preview:-1"},"canonical":"https:\/\/kupmyjnie.pl\/produkt\/konstrukcja-myjni-8-stanowiskowej-typu-arcwash-krakow\/","og_locale":"en_US","og_type":"article","og_title":"Konstrukcja myjni 8-stanowiskowej typu ArcWash - Krak\u00f3w","og_description":"Lokalizacja konstrukcji \u2013 Krak\u00f3w. Zdj\u0119cie pogl\u0105dowe, cena nie zawiera demonta\u017cu oraz transportu.","og_url":"https:\/\/kupmyjnie.pl\/produkt\/konstrukcja-myjni-8-stanowiskowej-typu-arcwash-krakow\/","og_site_name":"KUPMYJNIE.pl","og_image":[{"width":2000,"height":1325,"url":"https:\/\/kupmyjnie.pl\/wp-content\/uploads\/2024\/02\/DSC_1318.jpg","type":"image\/jpeg"}],"twitter_card":"summary_large_image","schema":{"@context":"https:\/\/schema.org","@graph":[{"@type":"WebPage","@id":"https:\/\/kupmyjnie.pl\/produkt\/konstrukcja-myjni-8-stanowiskowej-typu-arcwash-krakow\/","url":"https:\/\/kupmyjnie.pl\/produkt\/konstrukcja-myjni-8-stanowiskowej-typu-arcwash-krakow\/","name":"Konstrukcja myjni 8-stanowiskowej typu ArcWash - Krak\u00f3w - KUPMYJNIE.pl","isPartOf":{"@id":"https:\/\/kupmyjnie.pl\/#website"},"primaryImageOfPage":{"@id":"https:\/\/kupmyjnie.pl\/produkt\/konstrukcja-myjni-8-stanowiskowej-typu-arcwash-krakow\/#primaryimage"},"image":{"@id":"https:\/\/kupmyjnie.pl\/produkt\/konstrukcja-myjni-8-stanowiskowej-typu-arcwash-krakow\/#primaryimage"},"thumbnailUrl":"https:\/\/kupmyjnie.pl\/wp-content\/uploads\/2024\/02\/DSC_1318.jpg","datePublished":"2024-02-26T12:14:55+00:00","breadcrumb":{"@id":"https:\/\/kupmyjnie.pl\/produkt\/konstrukcja-myjni-8-stanowiskowej-typu-arcwash-krakow\/#breadcrumb"},"inLanguage":"en-US","potentialAction":[{"@type":"ReadAction","target":["https:\/\/kupmyjnie.pl\/produkt\/konstrukcja-myjni-8-stanowiskowej-typu-arcwash-krakow\/"]}]},{"@type":"ImageObject","inLanguage":"en-US","@id":"https:\/\/kupmyjnie.pl\/produkt\/konstrukcja-myjni-8-stanowiskowej-typu-arcwash-krakow\/#primaryimage","url":"https:\/\/kupmyjnie.pl\/wp-content\/uploads\/2024\/02\/DSC_1318.jpg","contentUrl":"https:\/\/kupmyjnie.pl\/wp-content\/uploads\/2024\/02\/DSC_1318.jpg","width":2000,"height":1325},{"@type":"BreadcrumbList","@id":"https:\/\/kupmyjnie.pl\/produkt\/konstrukcja-myjni-8-stanowiskowej-typu-arcwash-krakow\/#breadcrumb","itemListElement":[{"@type":"ListItem","position":1,"name":"Home","item":"https:\/\/kupmyjnie.pl\/en\/"},{"@type":"ListItem","position":2,"name":"Aktualne og\u0142oszenia","item":"https:\/\/kupmyjnie.pl\/ogloszenia\/"},{"@type":"ListItem","position":3,"name":"Konstrukcja myjni 8-stanowiskowej typu ArcWash &#8211; Krak\u00f3w"}]},{"@type":"WebSite","@id":"https:\/\/kupmyjnie.pl\/#website","url":"https:\/\/kupmyjnie.pl\/","name":"KUPMYJNIE.pl","description":"Gie\u0142da myjni u\u017cywanych","potentialAction":[{"@type":"SearchAction","target":{"@type":"EntryPoint","urlTemplate":"https:\/\/kupmyjnie.pl\/?s={search_term_string}"},"query-input":{"@type":"PropertyValueSpecification","valueRequired":true,"valueName":"search_term_string"}}],"inLanguage":"en-US"}]}},"_links":{"self":[{"href":"https:\/\/kupmyjnie.pl\/en\/wp-json\/wp\/v2\/product\/1720","targetHints":{"allow":["GET"]}}],"collection":[{"href":"https:\/\/kupmyjnie.pl\/en\/wp-json\/wp\/v2\/product"}],"about":[{"href":"https:\/\/kupmyjnie.pl\/en\/wp-json\/wp\/v2\/types\/product"}],"replies":[{"embeddable":true,"href":"https:\/\/kupmyjnie.pl\/en\/wp-json\/wp\/v2\/comments?post=1720"}],"wp:featuredmedia":[{"embeddable":true,"href":"https:\/\/kupmyjnie.pl\/en\/wp-json\/wp\/v2\/media\/1723"}],"wp:attachment":[{"href":"https:\/\/kupmyjnie.pl\/en\/wp-json\/wp\/v2\/media?parent=1720"}],"wp:term":[{"taxonomy":"product_brand","embeddable":true,"href":"https:\/\/kupmyjnie.pl\/en\/wp-json\/wp\/v2\/product_brand?post=1720"},{"taxonomy":"product_cat","embeddable":true,"href":"https:\/\/kupmyjnie.pl\/en\/wp-json\/wp\/v2\/product_cat?post=1720"},{"taxonomy":"product_tag","embeddable":true,"href":"https:\/\/kupmyjnie.pl\/en\/wp-json\/wp\/v2\/product_tag?post=1720"}],"curies":[{"name":"wp","href":"https:\/\/api.w.org\/{rel}","templated":true}]}}