{"id":413,"date":"2017-11-23T17:09:45","date_gmt":"2017-11-23T16:09:45","guid":{"rendered":"http:\/\/kupmyjnie.pl\/?post_type=product&#038;p=413"},"modified":"2017-11-27T20:15:55","modified_gmt":"2017-11-27T19:15:55","slug":"myjnia-czysto-pl-w-brzozowie","status":"publish","type":"product","link":"https:\/\/kupmyjnie.pl\/en\/produkt\/myjnia-czysto-pl-w-brzozowie\/","title":{"rendered":"Myjnia Czysto.pl w Brzozowie"},"content":{"rendered":"<p>Sprzedam 2 stanowiskow\u0105 myjni\u0119 samochodow\u0105 bezdotykow\u0105 firmy CZYSTO.PL (EHRLE), po\u0142o\u017con\u0105 w Brzozowie przy ulicy Ko\u015bciuszki, bezpo\u015brednio przy nowym placu targowym, miasto w kt\u00f3rym s\u0105 tylko dwie du\u017ce myjnie bezdotykowe, niedaleko Biedronka i inne sieci handlowe. Wjazd na myjni\u0119 z drogi krajowej. Du\u017cy plac manewrowy wy\u0142o\u017cony kostk\u0105 brukow\u0105 na kt\u00f3rym w okresach wzmo\u017conego ob\u0142o\u017cenia myjni mie\u015bci si\u0119 kilkana\u015bcie samochod\u00f3w.<\/p>\n<p>Myjnia posiada:<\/p>\n<p>&#8211; 2 stanowiska mycia,<\/p>\n<p>&#8211; szafa techniczny z urz\u0105dzeniami,<\/p>\n<p>&#8211; 4 program\u00f3w mycia,<\/p>\n<p>&#8211; system p\u0142atno\u015bci na \u017cetony,<\/p>\n<p>&#8211; system monitoringu 4 kamery,<\/p>\n<p>&#8211; 24 godziny mycia,<\/p>\n<p>&#8211; studni\u0119 g\u0142\u0119binow\u0105 oraz uj\u0119cie wody miejskiej<\/p>\n<p>Myjnia \u015bwietnie wyeksponowana, przy ulicy, dobrze prosperuj\u0105ca, nie wymagaj\u0105ca du\u017cego nak\u0142adu pracy &#8211; dochodowa.<\/p>\n","protected":false},"excerpt":{"rendered":"<p>Myjnia bezdotykowa firmy CZYSTO.PL (EHRLE), po\u0142o\u017cona w Brzozowie przy ulicy Ko\u015bciuszki. 2 stanowiska mycia, szafa techniczna z urz\u0105dzeniami, 4 programy mycia, system p\u0142atno\u015bci na \u017cetony, system monitoringu 4 kamery, 24 godziny mycia, studnia g\u0142\u0119binowa oraz uj\u0119cie wody miejskiej.<\/p>\n","protected":false},"featured_media":414,"comment_status":"open","ping_status":"closed","template":"","meta":[],"product_brand":[],"product_cat":[26],"product_tag":[],"class_list":{"0":"post-413","1":"product","2":"type-product","3":"status-publish","4":"has-post-thumbnail","6":"product_cat-myjnie","8":"first","9":"instock","10":"taxable","11":"shipping-taxable","12":"purchasable","13":"product-type-simple"},"yoast_head":"<!-- This site is optimized with the Yoast SEO Premium plugin v26.8 (Yoast SEO v26.8) - https:\/\/yoast.com\/product\/yoast-seo-premium-wordpress\/ -->\n<title>Myjnia Czysto.pl w Brzozowie - KUPMYJNIE.pl<\/title>\n<meta name=\"robots\" content=\"index, follow, max-snippet:-1, max-image-preview:large, max-video-preview:-1\" \/>\n<link rel=\"canonical\" href=\"https:\/\/kupmyjnie.pl\/produkt\/myjnia-czysto-pl-w-brzozowie\/\" \/>\n<meta property=\"og:locale\" content=\"en_US\" \/>\n<meta property=\"og:type\" content=\"article\" \/>\n<meta property=\"og:title\" content=\"Myjnia Czysto.pl w Brzozowie\" \/>\n<meta property=\"og:description\" content=\"Myjnia bezdotykowa firmy CZYSTO.PL (EHRLE), po\u0142o\u017cona w Brzozowie przy ulicy Ko\u015bciuszki. 2 stanowiska mycia, szafa techniczna z urz\u0105dzeniami, 4 programy mycia, system p\u0142atno\u015bci na \u017cetony, system monitoringu 4 kamery, 24 godziny mycia, studnia g\u0142\u0119binowa oraz uj\u0119cie wody miejskiej.\" \/>\n<meta property=\"og:url\" content=\"https:\/\/kupmyjnie.pl\/produkt\/myjnia-czysto-pl-w-brzozowie\/\" \/>\n<meta property=\"og:site_name\" content=\"KUPMYJNIE.pl\" \/>\n<meta property=\"article:modified_time\" content=\"2017-11-27T19:15:55+00:00\" \/>\n<meta property=\"og:image\" content=\"https:\/\/kupmyjnie.pl\/wp-content\/uploads\/2017\/11\/567668956_1_1000x700_myjnia-bezdotykowa-dwustanowiskowa-brzozow.jpg\" \/>\n\t<meta property=\"og:image:width\" content=\"900\" \/>\n\t<meta property=\"og:image:height\" content=\"563\" \/>\n\t<meta property=\"og:image:type\" content=\"image\/jpeg\" \/>\n<meta name=\"twitter:card\" content=\"summary_large_image\" \/>\n<meta name=\"twitter:label1\" content=\"Est. reading time\" \/>\n\t<meta name=\"twitter:data1\" content=\"1 minute\" \/>\n<script type=\"application\/ld+json\" class=\"yoast-schema-graph\">{\"@context\":\"https:\/\/schema.org\",\"@graph\":[{\"@type\":\"WebPage\",\"@id\":\"https:\/\/kupmyjnie.pl\/produkt\/myjnia-czysto-pl-w-brzozowie\/\",\"url\":\"https:\/\/kupmyjnie.pl\/produkt\/myjnia-czysto-pl-w-brzozowie\/\",\"name\":\"Myjnia Czysto.pl w Brzozowie - KUPMYJNIE.pl\",\"isPartOf\":{\"@id\":\"https:\/\/kupmyjnie.pl\/#website\"},\"primaryImageOfPage\":{\"@id\":\"https:\/\/kupmyjnie.pl\/produkt\/myjnia-czysto-pl-w-brzozowie\/#primaryimage\"},\"image\":{\"@id\":\"https:\/\/kupmyjnie.pl\/produkt\/myjnia-czysto-pl-w-brzozowie\/#primaryimage\"},\"thumbnailUrl\":\"https:\/\/kupmyjnie.pl\/wp-content\/uploads\/2017\/11\/567668956_1_1000x700_myjnia-bezdotykowa-dwustanowiskowa-brzozow.jpg\",\"datePublished\":\"2017-11-23T16:09:45+00:00\",\"dateModified\":\"2017-11-27T19:15:55+00:00\",\"breadcrumb\":{\"@id\":\"https:\/\/kupmyjnie.pl\/produkt\/myjnia-czysto-pl-w-brzozowie\/#breadcrumb\"},\"inLanguage\":\"en-US\",\"potentialAction\":[{\"@type\":\"ReadAction\",\"target\":[\"https:\/\/kupmyjnie.pl\/produkt\/myjnia-czysto-pl-w-brzozowie\/\"]}]},{\"@type\":\"ImageObject\",\"inLanguage\":\"en-US\",\"@id\":\"https:\/\/kupmyjnie.pl\/produkt\/myjnia-czysto-pl-w-brzozowie\/#primaryimage\",\"url\":\"https:\/\/kupmyjnie.pl\/wp-content\/uploads\/2017\/11\/567668956_1_1000x700_myjnia-bezdotykowa-dwustanowiskowa-brzozow.jpg\",\"contentUrl\":\"https:\/\/kupmyjnie.pl\/wp-content\/uploads\/2017\/11\/567668956_1_1000x700_myjnia-bezdotykowa-dwustanowiskowa-brzozow.jpg\",\"width\":900,\"height\":563},{\"@type\":\"BreadcrumbList\",\"@id\":\"https:\/\/kupmyjnie.pl\/produkt\/myjnia-czysto-pl-w-brzozowie\/#breadcrumb\",\"itemListElement\":[{\"@type\":\"ListItem\",\"position\":1,\"name\":\"Home\",\"item\":\"https:\/\/kupmyjnie.pl\/en\/\"},{\"@type\":\"ListItem\",\"position\":2,\"name\":\"Aktualne og\u0142oszenia\",\"item\":\"https:\/\/kupmyjnie.pl\/ogloszenia\/\"},{\"@type\":\"ListItem\",\"position\":3,\"name\":\"Myjnia Czysto.pl w Brzozowie\"}]},{\"@type\":\"WebSite\",\"@id\":\"https:\/\/kupmyjnie.pl\/#website\",\"url\":\"https:\/\/kupmyjnie.pl\/\",\"name\":\"KUPMYJNIE.pl\",\"description\":\"Gie\u0142da myjni u\u017cywanych\",\"potentialAction\":[{\"@type\":\"SearchAction\",\"target\":{\"@type\":\"EntryPoint\",\"urlTemplate\":\"https:\/\/kupmyjnie.pl\/?s={search_term_string}\"},\"query-input\":{\"@type\":\"PropertyValueSpecification\",\"valueRequired\":true,\"valueName\":\"search_term_string\"}}],\"inLanguage\":\"en-US\"}]}<\/script>\n<!-- \/ Yoast SEO Premium plugin. -->","yoast_head_json":{"title":"Myjnia Czysto.pl w Brzozowie - KUPMYJNIE.pl","robots":{"index":"index","follow":"follow","max-snippet":"max-snippet:-1","max-image-preview":"max-image-preview:large","max-video-preview":"max-video-preview:-1"},"canonical":"https:\/\/kupmyjnie.pl\/produkt\/myjnia-czysto-pl-w-brzozowie\/","og_locale":"en_US","og_type":"article","og_title":"Myjnia Czysto.pl w Brzozowie","og_description":"Myjnia bezdotykowa firmy CZYSTO.PL (EHRLE), po\u0142o\u017cona w Brzozowie przy ulicy Ko\u015bciuszki. 2 stanowiska mycia, szafa techniczna z urz\u0105dzeniami, 4 programy mycia, system p\u0142atno\u015bci na \u017cetony, system monitoringu 4 kamery, 24 godziny mycia, studnia g\u0142\u0119binowa oraz uj\u0119cie wody miejskiej.","og_url":"https:\/\/kupmyjnie.pl\/produkt\/myjnia-czysto-pl-w-brzozowie\/","og_site_name":"KUPMYJNIE.pl","article_modified_time":"2017-11-27T19:15:55+00:00","og_image":[{"width":900,"height":563,"url":"https:\/\/kupmyjnie.pl\/wp-content\/uploads\/2017\/11\/567668956_1_1000x700_myjnia-bezdotykowa-dwustanowiskowa-brzozow.jpg","type":"image\/jpeg"}],"twitter_card":"summary_large_image","twitter_misc":{"Est. reading time":"1 minute"},"schema":{"@context":"https:\/\/schema.org","@graph":[{"@type":"WebPage","@id":"https:\/\/kupmyjnie.pl\/produkt\/myjnia-czysto-pl-w-brzozowie\/","url":"https:\/\/kupmyjnie.pl\/produkt\/myjnia-czysto-pl-w-brzozowie\/","name":"Myjnia Czysto.pl w Brzozowie - KUPMYJNIE.pl","isPartOf":{"@id":"https:\/\/kupmyjnie.pl\/#website"},"primaryImageOfPage":{"@id":"https:\/\/kupmyjnie.pl\/produkt\/myjnia-czysto-pl-w-brzozowie\/#primaryimage"},"image":{"@id":"https:\/\/kupmyjnie.pl\/produkt\/myjnia-czysto-pl-w-brzozowie\/#primaryimage"},"thumbnailUrl":"https:\/\/kupmyjnie.pl\/wp-content\/uploads\/2017\/11\/567668956_1_1000x700_myjnia-bezdotykowa-dwustanowiskowa-brzozow.jpg","datePublished":"2017-11-23T16:09:45+00:00","dateModified":"2017-11-27T19:15:55+00:00","breadcrumb":{"@id":"https:\/\/kupmyjnie.pl\/produkt\/myjnia-czysto-pl-w-brzozowie\/#breadcrumb"},"inLanguage":"en-US","potentialAction":[{"@type":"ReadAction","target":["https:\/\/kupmyjnie.pl\/produkt\/myjnia-czysto-pl-w-brzozowie\/"]}]},{"@type":"ImageObject","inLanguage":"en-US","@id":"https:\/\/kupmyjnie.pl\/produkt\/myjnia-czysto-pl-w-brzozowie\/#primaryimage","url":"https:\/\/kupmyjnie.pl\/wp-content\/uploads\/2017\/11\/567668956_1_1000x700_myjnia-bezdotykowa-dwustanowiskowa-brzozow.jpg","contentUrl":"https:\/\/kupmyjnie.pl\/wp-content\/uploads\/2017\/11\/567668956_1_1000x700_myjnia-bezdotykowa-dwustanowiskowa-brzozow.jpg","width":900,"height":563},{"@type":"BreadcrumbList","@id":"https:\/\/kupmyjnie.pl\/produkt\/myjnia-czysto-pl-w-brzozowie\/#breadcrumb","itemListElement":[{"@type":"ListItem","position":1,"name":"Home","item":"https:\/\/kupmyjnie.pl\/en\/"},{"@type":"ListItem","position":2,"name":"Aktualne og\u0142oszenia","item":"https:\/\/kupmyjnie.pl\/ogloszenia\/"},{"@type":"ListItem","position":3,"name":"Myjnia Czysto.pl w Brzozowie"}]},{"@type":"WebSite","@id":"https:\/\/kupmyjnie.pl\/#website","url":"https:\/\/kupmyjnie.pl\/","name":"KUPMYJNIE.pl","description":"Gie\u0142da myjni u\u017cywanych","potentialAction":[{"@type":"SearchAction","target":{"@type":"EntryPoint","urlTemplate":"https:\/\/kupmyjnie.pl\/?s={search_term_string}"},"query-input":{"@type":"PropertyValueSpecification","valueRequired":true,"valueName":"search_term_string"}}],"inLanguage":"en-US"}]}},"_links":{"self":[{"href":"https:\/\/kupmyjnie.pl\/en\/wp-json\/wp\/v2\/product\/413","targetHints":{"allow":["GET"]}}],"collection":[{"href":"https:\/\/kupmyjnie.pl\/en\/wp-json\/wp\/v2\/product"}],"about":[{"href":"https:\/\/kupmyjnie.pl\/en\/wp-json\/wp\/v2\/types\/product"}],"replies":[{"embeddable":true,"href":"https:\/\/kupmyjnie.pl\/en\/wp-json\/wp\/v2\/comments?post=413"}],"wp:featuredmedia":[{"embeddable":true,"href":"https:\/\/kupmyjnie.pl\/en\/wp-json\/wp\/v2\/media\/414"}],"wp:attachment":[{"href":"https:\/\/kupmyjnie.pl\/en\/wp-json\/wp\/v2\/media?parent=413"}],"wp:term":[{"taxonomy":"product_brand","embeddable":true,"href":"https:\/\/kupmyjnie.pl\/en\/wp-json\/wp\/v2\/product_brand?post=413"},{"taxonomy":"product_cat","embeddable":true,"href":"https:\/\/kupmyjnie.pl\/en\/wp-json\/wp\/v2\/product_cat?post=413"},{"taxonomy":"product_tag","embeddable":true,"href":"https:\/\/kupmyjnie.pl\/en\/wp-json\/wp\/v2\/product_tag?post=413"}],"curies":[{"name":"wp","href":"https:\/\/api.w.org\/{rel}","templated":true}]}}