{"id":417,"date":"2017-11-29T13:49:04","date_gmt":"2017-11-29T12:49:04","guid":{"rendered":"http:\/\/kupmyjnie.pl\/?post_type=product&#038;p=417"},"modified":"2017-11-29T13:52:32","modified_gmt":"2017-11-29T12:52:32","slug":"myjnia-bezdotykowa-bkf-kielce","status":"publish","type":"product","link":"https:\/\/kupmyjnie.pl\/en\/produkt\/myjnia-bezdotykowa-bkf-kielce\/","title":{"rendered":"Myjnia bezdotykowa BKF (Kielce)"},"content":{"rendered":"<p>Urz\u0105dzenia myjni bezdotykowej produkcji BKF. 3 stanowiska mycia. 6 program\u00f3w: turbo oprysk, oprysk felg, mycie bezdotykowe, sp\u0142ukiwanie, konserwacja, nab\u0142yszczanie. Rama ze stali nierdzewnej. Samoobs\u0142ugowy odkurzacz stacjonarny Mono. Stan bardzo dobry. Dost\u0119pne od r\u0119ki. Lokalizacja: Kielce.<\/p>\n","protected":false},"excerpt":{"rendered":"<p>Urz\u0105dzenia myjni bezdotykowej produkcji BKF. 3 stanowiska mycia. 6 program\u00f3w. Rama ze stali nierdzewnej. Samoobs\u0142ugowy odkurzacz stacjonarny Mono. Lokalizacja: Kielce.<\/p>\n","protected":false},"featured_media":421,"comment_status":"open","ping_status":"closed","template":"","meta":[],"product_brand":[],"product_cat":[34],"product_tag":[],"class_list":{"0":"post-417","1":"product","2":"type-product","3":"status-publish","4":"has-post-thumbnail","6":"product_cat-uncategorized","8":"first","9":"instock","10":"taxable","11":"shipping-taxable","12":"purchasable","13":"product-type-simple"},"yoast_head":"<!-- This site is optimized with the Yoast SEO Premium plugin v26.8 (Yoast SEO v26.8) - https:\/\/yoast.com\/product\/yoast-seo-premium-wordpress\/ -->\n<title>Myjnia bezdotykowa BKF (Kielce) - KUPMYJNIE.pl<\/title>\n<meta name=\"robots\" content=\"index, follow, max-snippet:-1, max-image-preview:large, max-video-preview:-1\" \/>\n<link rel=\"canonical\" href=\"https:\/\/kupmyjnie.pl\/produkt\/myjnia-bezdotykowa-bkf-kielce\/\" \/>\n<meta property=\"og:locale\" content=\"en_US\" \/>\n<meta property=\"og:type\" content=\"article\" \/>\n<meta property=\"og:title\" content=\"Myjnia bezdotykowa BKF (Kielce)\" \/>\n<meta property=\"og:description\" content=\"Urz\u0105dzenia myjni bezdotykowej produkcji BKF. 3 stanowiska mycia. 6 program\u00f3w. Rama ze stali nierdzewnej. Samoobs\u0142ugowy odkurzacz stacjonarny Mono. Lokalizacja: Kielce.\" \/>\n<meta property=\"og:url\" content=\"https:\/\/kupmyjnie.pl\/produkt\/myjnia-bezdotykowa-bkf-kielce\/\" \/>\n<meta property=\"og:site_name\" content=\"KUPMYJNIE.pl\" \/>\n<meta property=\"article:modified_time\" content=\"2017-11-29T12:52:32+00:00\" \/>\n<meta property=\"og:image\" content=\"https:\/\/kupmyjnie.pl\/wp-content\/uploads\/2017\/11\/623808927_3_644x461_myjnia-bezdotykowa-maszyny-i-urzadzenia-dla-firm.jpg\" \/>\n\t<meta property=\"og:image:width\" content=\"614\" \/>\n\t<meta property=\"og:image:height\" content=\"461\" \/>\n\t<meta property=\"og:image:type\" content=\"image\/jpeg\" \/>\n<meta name=\"twitter:card\" content=\"summary_large_image\" \/>\n<script type=\"application\/ld+json\" class=\"yoast-schema-graph\">{\"@context\":\"https:\/\/schema.org\",\"@graph\":[{\"@type\":\"WebPage\",\"@id\":\"https:\/\/kupmyjnie.pl\/produkt\/myjnia-bezdotykowa-bkf-kielce\/\",\"url\":\"https:\/\/kupmyjnie.pl\/produkt\/myjnia-bezdotykowa-bkf-kielce\/\",\"name\":\"Myjnia bezdotykowa BKF (Kielce) - KUPMYJNIE.pl\",\"isPartOf\":{\"@id\":\"https:\/\/kupmyjnie.pl\/#website\"},\"primaryImageOfPage\":{\"@id\":\"https:\/\/kupmyjnie.pl\/produkt\/myjnia-bezdotykowa-bkf-kielce\/#primaryimage\"},\"image\":{\"@id\":\"https:\/\/kupmyjnie.pl\/produkt\/myjnia-bezdotykowa-bkf-kielce\/#primaryimage\"},\"thumbnailUrl\":\"https:\/\/kupmyjnie.pl\/wp-content\/uploads\/2017\/11\/623808927_3_644x461_myjnia-bezdotykowa-maszyny-i-urzadzenia-dla-firm.jpg\",\"datePublished\":\"2017-11-29T12:49:04+00:00\",\"dateModified\":\"2017-11-29T12:52:32+00:00\",\"breadcrumb\":{\"@id\":\"https:\/\/kupmyjnie.pl\/produkt\/myjnia-bezdotykowa-bkf-kielce\/#breadcrumb\"},\"inLanguage\":\"en-US\",\"potentialAction\":[{\"@type\":\"ReadAction\",\"target\":[\"https:\/\/kupmyjnie.pl\/produkt\/myjnia-bezdotykowa-bkf-kielce\/\"]}]},{\"@type\":\"ImageObject\",\"inLanguage\":\"en-US\",\"@id\":\"https:\/\/kupmyjnie.pl\/produkt\/myjnia-bezdotykowa-bkf-kielce\/#primaryimage\",\"url\":\"https:\/\/kupmyjnie.pl\/wp-content\/uploads\/2017\/11\/623808927_3_644x461_myjnia-bezdotykowa-maszyny-i-urzadzenia-dla-firm.jpg\",\"contentUrl\":\"https:\/\/kupmyjnie.pl\/wp-content\/uploads\/2017\/11\/623808927_3_644x461_myjnia-bezdotykowa-maszyny-i-urzadzenia-dla-firm.jpg\",\"width\":614,\"height\":461},{\"@type\":\"BreadcrumbList\",\"@id\":\"https:\/\/kupmyjnie.pl\/produkt\/myjnia-bezdotykowa-bkf-kielce\/#breadcrumb\",\"itemListElement\":[{\"@type\":\"ListItem\",\"position\":1,\"name\":\"Home\",\"item\":\"https:\/\/kupmyjnie.pl\/en\/\"},{\"@type\":\"ListItem\",\"position\":2,\"name\":\"Aktualne og\u0142oszenia\",\"item\":\"https:\/\/kupmyjnie.pl\/ogloszenia\/\"},{\"@type\":\"ListItem\",\"position\":3,\"name\":\"Myjnia bezdotykowa BKF (Kielce)\"}]},{\"@type\":\"WebSite\",\"@id\":\"https:\/\/kupmyjnie.pl\/#website\",\"url\":\"https:\/\/kupmyjnie.pl\/\",\"name\":\"KUPMYJNIE.pl\",\"description\":\"Gie\u0142da myjni u\u017cywanych\",\"potentialAction\":[{\"@type\":\"SearchAction\",\"target\":{\"@type\":\"EntryPoint\",\"urlTemplate\":\"https:\/\/kupmyjnie.pl\/?s={search_term_string}\"},\"query-input\":{\"@type\":\"PropertyValueSpecification\",\"valueRequired\":true,\"valueName\":\"search_term_string\"}}],\"inLanguage\":\"en-US\"}]}<\/script>\n<!-- \/ Yoast SEO Premium plugin. -->","yoast_head_json":{"title":"Myjnia bezdotykowa BKF (Kielce) - KUPMYJNIE.pl","robots":{"index":"index","follow":"follow","max-snippet":"max-snippet:-1","max-image-preview":"max-image-preview:large","max-video-preview":"max-video-preview:-1"},"canonical":"https:\/\/kupmyjnie.pl\/produkt\/myjnia-bezdotykowa-bkf-kielce\/","og_locale":"en_US","og_type":"article","og_title":"Myjnia bezdotykowa BKF (Kielce)","og_description":"Urz\u0105dzenia myjni bezdotykowej produkcji BKF. 3 stanowiska mycia. 6 program\u00f3w. Rama ze stali nierdzewnej. Samoobs\u0142ugowy odkurzacz stacjonarny Mono. Lokalizacja: Kielce.","og_url":"https:\/\/kupmyjnie.pl\/produkt\/myjnia-bezdotykowa-bkf-kielce\/","og_site_name":"KUPMYJNIE.pl","article_modified_time":"2017-11-29T12:52:32+00:00","og_image":[{"width":614,"height":461,"url":"https:\/\/kupmyjnie.pl\/wp-content\/uploads\/2017\/11\/623808927_3_644x461_myjnia-bezdotykowa-maszyny-i-urzadzenia-dla-firm.jpg","type":"image\/jpeg"}],"twitter_card":"summary_large_image","schema":{"@context":"https:\/\/schema.org","@graph":[{"@type":"WebPage","@id":"https:\/\/kupmyjnie.pl\/produkt\/myjnia-bezdotykowa-bkf-kielce\/","url":"https:\/\/kupmyjnie.pl\/produkt\/myjnia-bezdotykowa-bkf-kielce\/","name":"Myjnia bezdotykowa BKF (Kielce) - KUPMYJNIE.pl","isPartOf":{"@id":"https:\/\/kupmyjnie.pl\/#website"},"primaryImageOfPage":{"@id":"https:\/\/kupmyjnie.pl\/produkt\/myjnia-bezdotykowa-bkf-kielce\/#primaryimage"},"image":{"@id":"https:\/\/kupmyjnie.pl\/produkt\/myjnia-bezdotykowa-bkf-kielce\/#primaryimage"},"thumbnailUrl":"https:\/\/kupmyjnie.pl\/wp-content\/uploads\/2017\/11\/623808927_3_644x461_myjnia-bezdotykowa-maszyny-i-urzadzenia-dla-firm.jpg","datePublished":"2017-11-29T12:49:04+00:00","dateModified":"2017-11-29T12:52:32+00:00","breadcrumb":{"@id":"https:\/\/kupmyjnie.pl\/produkt\/myjnia-bezdotykowa-bkf-kielce\/#breadcrumb"},"inLanguage":"en-US","potentialAction":[{"@type":"ReadAction","target":["https:\/\/kupmyjnie.pl\/produkt\/myjnia-bezdotykowa-bkf-kielce\/"]}]},{"@type":"ImageObject","inLanguage":"en-US","@id":"https:\/\/kupmyjnie.pl\/produkt\/myjnia-bezdotykowa-bkf-kielce\/#primaryimage","url":"https:\/\/kupmyjnie.pl\/wp-content\/uploads\/2017\/11\/623808927_3_644x461_myjnia-bezdotykowa-maszyny-i-urzadzenia-dla-firm.jpg","contentUrl":"https:\/\/kupmyjnie.pl\/wp-content\/uploads\/2017\/11\/623808927_3_644x461_myjnia-bezdotykowa-maszyny-i-urzadzenia-dla-firm.jpg","width":614,"height":461},{"@type":"BreadcrumbList","@id":"https:\/\/kupmyjnie.pl\/produkt\/myjnia-bezdotykowa-bkf-kielce\/#breadcrumb","itemListElement":[{"@type":"ListItem","position":1,"name":"Home","item":"https:\/\/kupmyjnie.pl\/en\/"},{"@type":"ListItem","position":2,"name":"Aktualne og\u0142oszenia","item":"https:\/\/kupmyjnie.pl\/ogloszenia\/"},{"@type":"ListItem","position":3,"name":"Myjnia bezdotykowa BKF (Kielce)"}]},{"@type":"WebSite","@id":"https:\/\/kupmyjnie.pl\/#website","url":"https:\/\/kupmyjnie.pl\/","name":"KUPMYJNIE.pl","description":"Gie\u0142da myjni u\u017cywanych","potentialAction":[{"@type":"SearchAction","target":{"@type":"EntryPoint","urlTemplate":"https:\/\/kupmyjnie.pl\/?s={search_term_string}"},"query-input":{"@type":"PropertyValueSpecification","valueRequired":true,"valueName":"search_term_string"}}],"inLanguage":"en-US"}]}},"_links":{"self":[{"href":"https:\/\/kupmyjnie.pl\/en\/wp-json\/wp\/v2\/product\/417","targetHints":{"allow":["GET"]}}],"collection":[{"href":"https:\/\/kupmyjnie.pl\/en\/wp-json\/wp\/v2\/product"}],"about":[{"href":"https:\/\/kupmyjnie.pl\/en\/wp-json\/wp\/v2\/types\/product"}],"replies":[{"embeddable":true,"href":"https:\/\/kupmyjnie.pl\/en\/wp-json\/wp\/v2\/comments?post=417"}],"wp:featuredmedia":[{"embeddable":true,"href":"https:\/\/kupmyjnie.pl\/en\/wp-json\/wp\/v2\/media\/421"}],"wp:attachment":[{"href":"https:\/\/kupmyjnie.pl\/en\/wp-json\/wp\/v2\/media?parent=417"}],"wp:term":[{"taxonomy":"product_brand","embeddable":true,"href":"https:\/\/kupmyjnie.pl\/en\/wp-json\/wp\/v2\/product_brand?post=417"},{"taxonomy":"product_cat","embeddable":true,"href":"https:\/\/kupmyjnie.pl\/en\/wp-json\/wp\/v2\/product_cat?post=417"},{"taxonomy":"product_tag","embeddable":true,"href":"https:\/\/kupmyjnie.pl\/en\/wp-json\/wp\/v2\/product_tag?post=417"}],"curies":[{"name":"wp","href":"https:\/\/api.w.org\/{rel}","templated":true}]}}