{"id":469,"date":"2018-05-25T16:57:46","date_gmt":"2018-05-25T14:57:46","guid":{"rendered":"http:\/\/kupmyjnie.pl\/?post_type=product&#038;p=469"},"modified":"2020-09-21T15:41:43","modified_gmt":"2020-09-21T13:41:43","slug":"myjnia-christ-2-stanowiskowa","status":"publish","type":"product","link":"https:\/\/kupmyjnie.pl\/en\/produkt\/myjnia-christ-2-stanowiskowa\/","title":{"rendered":"Myjnia Christ 2-stanowiskowa"},"content":{"rendered":"<p>Myjnia marki Christ Compact z 2014 r. 2 stanowiska mycia. 5 program\u00f3w: mycie , szczotka, sp\u0142ukiwanie, wosk, nab\u0142yszczanie. Myjnia ogrzewana piecem gazowym ACV. Myjnia zlokalizowana w S\u0119dziszowie Ma\u0142opolskim przy du\u017cym osiedlu mieszkaniowym i bezpo\u015brednio przy zje\u017adzie z drogi krajowej 94. Na oko\u0142o myjni znajduje si\u0119 650 m2 kostki brukowej. Dodatkowo na terenie myjni jest odkurzacz samoobs\u0142ugowy. Stan techniczny myjni bardzo dobry.\u00a0 Myjnia serwisowana od pocz\u0105tku przez autoryzowany serwis.<br \/>\nWojew\u00f3dztwo podkarpackie<\/p>\n","protected":false},"excerpt":{"rendered":"<p>Myjnia produkcji Christ. Model Compact. 2 stanowiska mycia. Rok produkcji: 2014. Kocio\u0142 gazowy. 5 program\u00f3w: mycie , szczotka, sp\u0142ukiwanie, wosk, nab\u0142yszczanie.<\/p>\n","protected":false},"featured_media":472,"comment_status":"open","ping_status":"closed","template":"","meta":[],"product_brand":[],"product_cat":[34],"product_tag":[],"class_list":{"0":"post-469","1":"product","2":"type-product","3":"status-publish","4":"has-post-thumbnail","6":"product_cat-uncategorized","8":"first","9":"instock","10":"taxable","11":"shipping-taxable","12":"purchasable","13":"product-type-simple"},"yoast_head":"<!-- This site is optimized with the Yoast SEO Premium plugin v26.8 (Yoast SEO v26.8) - https:\/\/yoast.com\/product\/yoast-seo-premium-wordpress\/ -->\n<title>Myjnia Christ 2-stanowiskowa - KUPMYJNIE.pl<\/title>\n<meta name=\"robots\" content=\"index, follow, max-snippet:-1, max-image-preview:large, max-video-preview:-1\" \/>\n<link rel=\"canonical\" href=\"https:\/\/kupmyjnie.pl\/produkt\/myjnia-christ-2-stanowiskowa\/\" \/>\n<meta property=\"og:locale\" content=\"en_US\" \/>\n<meta property=\"og:type\" content=\"article\" \/>\n<meta property=\"og:title\" content=\"Myjnia Christ 2-stanowiskowa\" \/>\n<meta property=\"og:description\" content=\"Myjnia produkcji Christ. Model Compact. 2 stanowiska mycia. Rok produkcji: 2014. Kocio\u0142 gazowy. 5 program\u00f3w: mycie , szczotka, sp\u0142ukiwanie, wosk, nab\u0142yszczanie.\" \/>\n<meta property=\"og:url\" content=\"https:\/\/kupmyjnie.pl\/produkt\/myjnia-christ-2-stanowiskowa\/\" \/>\n<meta property=\"og:site_name\" content=\"KUPMYJNIE.pl\" \/>\n<meta property=\"article:modified_time\" content=\"2020-09-21T13:41:43+00:00\" \/>\n<meta property=\"og:image\" content=\"https:\/\/kupmyjnie.pl\/wp-content\/uploads\/2018\/05\/img_1276.jpg\" \/>\n\t<meta property=\"og:image:width\" content=\"1024\" \/>\n\t<meta property=\"og:image:height\" content=\"677\" \/>\n\t<meta property=\"og:image:type\" content=\"image\/jpeg\" \/>\n<meta name=\"twitter:card\" content=\"summary_large_image\" \/>\n<script type=\"application\/ld+json\" class=\"yoast-schema-graph\">{\"@context\":\"https:\/\/schema.org\",\"@graph\":[{\"@type\":\"WebPage\",\"@id\":\"https:\/\/kupmyjnie.pl\/produkt\/myjnia-christ-2-stanowiskowa\/\",\"url\":\"https:\/\/kupmyjnie.pl\/produkt\/myjnia-christ-2-stanowiskowa\/\",\"name\":\"Myjnia Christ 2-stanowiskowa - KUPMYJNIE.pl\",\"isPartOf\":{\"@id\":\"https:\/\/kupmyjnie.pl\/#website\"},\"primaryImageOfPage\":{\"@id\":\"https:\/\/kupmyjnie.pl\/produkt\/myjnia-christ-2-stanowiskowa\/#primaryimage\"},\"image\":{\"@id\":\"https:\/\/kupmyjnie.pl\/produkt\/myjnia-christ-2-stanowiskowa\/#primaryimage\"},\"thumbnailUrl\":\"https:\/\/kupmyjnie.pl\/wp-content\/uploads\/2018\/05\/img_1276.jpg\",\"datePublished\":\"2018-05-25T14:57:46+00:00\",\"dateModified\":\"2020-09-21T13:41:43+00:00\",\"breadcrumb\":{\"@id\":\"https:\/\/kupmyjnie.pl\/produkt\/myjnia-christ-2-stanowiskowa\/#breadcrumb\"},\"inLanguage\":\"en-US\",\"potentialAction\":[{\"@type\":\"ReadAction\",\"target\":[\"https:\/\/kupmyjnie.pl\/produkt\/myjnia-christ-2-stanowiskowa\/\"]}]},{\"@type\":\"ImageObject\",\"inLanguage\":\"en-US\",\"@id\":\"https:\/\/kupmyjnie.pl\/produkt\/myjnia-christ-2-stanowiskowa\/#primaryimage\",\"url\":\"https:\/\/kupmyjnie.pl\/wp-content\/uploads\/2018\/05\/img_1276.jpg\",\"contentUrl\":\"https:\/\/kupmyjnie.pl\/wp-content\/uploads\/2018\/05\/img_1276.jpg\",\"width\":1024,\"height\":677},{\"@type\":\"BreadcrumbList\",\"@id\":\"https:\/\/kupmyjnie.pl\/produkt\/myjnia-christ-2-stanowiskowa\/#breadcrumb\",\"itemListElement\":[{\"@type\":\"ListItem\",\"position\":1,\"name\":\"Home\",\"item\":\"https:\/\/kupmyjnie.pl\/en\/\"},{\"@type\":\"ListItem\",\"position\":2,\"name\":\"Aktualne og\u0142oszenia\",\"item\":\"https:\/\/kupmyjnie.pl\/ogloszenia\/\"},{\"@type\":\"ListItem\",\"position\":3,\"name\":\"Myjnia Christ 2-stanowiskowa\"}]},{\"@type\":\"WebSite\",\"@id\":\"https:\/\/kupmyjnie.pl\/#website\",\"url\":\"https:\/\/kupmyjnie.pl\/\",\"name\":\"KUPMYJNIE.pl\",\"description\":\"Gie\u0142da myjni u\u017cywanych\",\"potentialAction\":[{\"@type\":\"SearchAction\",\"target\":{\"@type\":\"EntryPoint\",\"urlTemplate\":\"https:\/\/kupmyjnie.pl\/?s={search_term_string}\"},\"query-input\":{\"@type\":\"PropertyValueSpecification\",\"valueRequired\":true,\"valueName\":\"search_term_string\"}}],\"inLanguage\":\"en-US\"}]}<\/script>\n<!-- \/ Yoast SEO Premium plugin. -->","yoast_head_json":{"title":"Myjnia Christ 2-stanowiskowa - KUPMYJNIE.pl","robots":{"index":"index","follow":"follow","max-snippet":"max-snippet:-1","max-image-preview":"max-image-preview:large","max-video-preview":"max-video-preview:-1"},"canonical":"https:\/\/kupmyjnie.pl\/produkt\/myjnia-christ-2-stanowiskowa\/","og_locale":"en_US","og_type":"article","og_title":"Myjnia Christ 2-stanowiskowa","og_description":"Myjnia produkcji Christ. Model Compact. 2 stanowiska mycia. Rok produkcji: 2014. Kocio\u0142 gazowy. 5 program\u00f3w: mycie , szczotka, sp\u0142ukiwanie, wosk, nab\u0142yszczanie.","og_url":"https:\/\/kupmyjnie.pl\/produkt\/myjnia-christ-2-stanowiskowa\/","og_site_name":"KUPMYJNIE.pl","article_modified_time":"2020-09-21T13:41:43+00:00","og_image":[{"width":1024,"height":677,"url":"https:\/\/kupmyjnie.pl\/wp-content\/uploads\/2018\/05\/img_1276.jpg","type":"image\/jpeg"}],"twitter_card":"summary_large_image","schema":{"@context":"https:\/\/schema.org","@graph":[{"@type":"WebPage","@id":"https:\/\/kupmyjnie.pl\/produkt\/myjnia-christ-2-stanowiskowa\/","url":"https:\/\/kupmyjnie.pl\/produkt\/myjnia-christ-2-stanowiskowa\/","name":"Myjnia Christ 2-stanowiskowa - KUPMYJNIE.pl","isPartOf":{"@id":"https:\/\/kupmyjnie.pl\/#website"},"primaryImageOfPage":{"@id":"https:\/\/kupmyjnie.pl\/produkt\/myjnia-christ-2-stanowiskowa\/#primaryimage"},"image":{"@id":"https:\/\/kupmyjnie.pl\/produkt\/myjnia-christ-2-stanowiskowa\/#primaryimage"},"thumbnailUrl":"https:\/\/kupmyjnie.pl\/wp-content\/uploads\/2018\/05\/img_1276.jpg","datePublished":"2018-05-25T14:57:46+00:00","dateModified":"2020-09-21T13:41:43+00:00","breadcrumb":{"@id":"https:\/\/kupmyjnie.pl\/produkt\/myjnia-christ-2-stanowiskowa\/#breadcrumb"},"inLanguage":"en-US","potentialAction":[{"@type":"ReadAction","target":["https:\/\/kupmyjnie.pl\/produkt\/myjnia-christ-2-stanowiskowa\/"]}]},{"@type":"ImageObject","inLanguage":"en-US","@id":"https:\/\/kupmyjnie.pl\/produkt\/myjnia-christ-2-stanowiskowa\/#primaryimage","url":"https:\/\/kupmyjnie.pl\/wp-content\/uploads\/2018\/05\/img_1276.jpg","contentUrl":"https:\/\/kupmyjnie.pl\/wp-content\/uploads\/2018\/05\/img_1276.jpg","width":1024,"height":677},{"@type":"BreadcrumbList","@id":"https:\/\/kupmyjnie.pl\/produkt\/myjnia-christ-2-stanowiskowa\/#breadcrumb","itemListElement":[{"@type":"ListItem","position":1,"name":"Home","item":"https:\/\/kupmyjnie.pl\/en\/"},{"@type":"ListItem","position":2,"name":"Aktualne og\u0142oszenia","item":"https:\/\/kupmyjnie.pl\/ogloszenia\/"},{"@type":"ListItem","position":3,"name":"Myjnia Christ 2-stanowiskowa"}]},{"@type":"WebSite","@id":"https:\/\/kupmyjnie.pl\/#website","url":"https:\/\/kupmyjnie.pl\/","name":"KUPMYJNIE.pl","description":"Gie\u0142da myjni u\u017cywanych","potentialAction":[{"@type":"SearchAction","target":{"@type":"EntryPoint","urlTemplate":"https:\/\/kupmyjnie.pl\/?s={search_term_string}"},"query-input":{"@type":"PropertyValueSpecification","valueRequired":true,"valueName":"search_term_string"}}],"inLanguage":"en-US"}]}},"_links":{"self":[{"href":"https:\/\/kupmyjnie.pl\/en\/wp-json\/wp\/v2\/product\/469","targetHints":{"allow":["GET"]}}],"collection":[{"href":"https:\/\/kupmyjnie.pl\/en\/wp-json\/wp\/v2\/product"}],"about":[{"href":"https:\/\/kupmyjnie.pl\/en\/wp-json\/wp\/v2\/types\/product"}],"replies":[{"embeddable":true,"href":"https:\/\/kupmyjnie.pl\/en\/wp-json\/wp\/v2\/comments?post=469"}],"wp:featuredmedia":[{"embeddable":true,"href":"https:\/\/kupmyjnie.pl\/en\/wp-json\/wp\/v2\/media\/472"}],"wp:attachment":[{"href":"https:\/\/kupmyjnie.pl\/en\/wp-json\/wp\/v2\/media?parent=469"}],"wp:term":[{"taxonomy":"product_brand","embeddable":true,"href":"https:\/\/kupmyjnie.pl\/en\/wp-json\/wp\/v2\/product_brand?post=469"},{"taxonomy":"product_cat","embeddable":true,"href":"https:\/\/kupmyjnie.pl\/en\/wp-json\/wp\/v2\/product_cat?post=469"},{"taxonomy":"product_tag","embeddable":true,"href":"https:\/\/kupmyjnie.pl\/en\/wp-json\/wp\/v2\/product_tag?post=469"}],"curies":[{"name":"wp","href":"https:\/\/api.w.org\/{rel}","templated":true}]}}