{"id":497,"date":"2018-07-13T11:01:20","date_gmt":"2018-07-13T09:01:20","guid":{"rendered":"http:\/\/kupmyjnie.pl\/?post_type=product&#038;p=497"},"modified":"2018-07-13T11:01:20","modified_gmt":"2018-07-13T09:01:20","slug":"myjnia-aquarama-kozienice","status":"publish","type":"product","link":"https:\/\/kupmyjnie.pl\/en\/produkt\/myjnia-aquarama-kozienice\/","title":{"rendered":"Myjnia Aquarama (Kozienice)"},"content":{"rendered":"<p>Myjnia produkcji Aquarama, model Aqua 6.6. Rok produkcji 2016. Ilo\u015b\u0107 stanowisk: 3 (2+1). Ogrzewanie wody elektryczne.<\/p>\n<p>6 program\u00f3w mycia na 3 osobnych lancach:<\/p>\n<p>1. Program do mycia felg<br \/>\n2. Aktywna piana<br \/>\n3. Mycie szczotk\u0105<br \/>\n4. Sp\u0142ukiwanie wysokim ci\u015bnieniem<br \/>\n5. Woskowanie<br \/>\n6. Nab\u0142yszczanie<\/p>\n<p>Myjnia zlokalizowana w miejscowo\u015bci Kozienice, ul. Warszawska 57. Myjnia 100% sprawna i od 2 lat w ci\u0105g\u0142ej eksploatacji z coraz wi\u0119ksz\u0105 liczb\u0105 klient\u00f3w oraz w bardzo dobrej lokalizacji, przy drodze krajowej nr 79 z Warszawy do Kozienic. W s\u0105siedztwie: stacja paliw Lotos, galeria handlowa, Lidl i najwi\u0119ksze osiedle mieszkalne w mie\u015bcie. Grunt na kt\u00f3rym stoi myjnia jest w kilkunastoletniej dzier\u017cawie od miejscowego GS-u.<\/p>\n","protected":false},"excerpt":{"rendered":"<p>Myjnia produkcji Aquarama, model Aqua 6.6. Rok produkcji 2016. Ilo\u015b\u0107 stanowisk: 3 (2+1). Ogrzewanie wody elektryczne. 6 program\u00f3w mycia &#8211; 3 osobne lance. Lokalizacja: 26-900 Kozienice ul. Warszawska 57. Stan bardzo dobry.<\/p>\n","protected":false},"featured_media":500,"comment_status":"open","ping_status":"closed","template":"","meta":[],"product_brand":[],"product_cat":[34],"product_tag":[],"class_list":{"0":"post-497","1":"product","2":"type-product","3":"status-publish","4":"has-post-thumbnail","6":"product_cat-uncategorized","8":"first","9":"instock","10":"taxable","11":"shipping-taxable","12":"purchasable","13":"product-type-simple"},"yoast_head":"<!-- This site is optimized with the Yoast SEO Premium plugin v26.8 (Yoast SEO v26.8) - https:\/\/yoast.com\/product\/yoast-seo-premium-wordpress\/ -->\n<title>Myjnia Aquarama (Kozienice) - KUPMYJNIE.pl<\/title>\n<meta name=\"robots\" content=\"index, follow, max-snippet:-1, max-image-preview:large, max-video-preview:-1\" \/>\n<link rel=\"canonical\" href=\"https:\/\/kupmyjnie.pl\/produkt\/myjnia-aquarama-kozienice\/\" \/>\n<meta property=\"og:locale\" content=\"en_US\" \/>\n<meta property=\"og:type\" content=\"article\" \/>\n<meta property=\"og:title\" content=\"Myjnia Aquarama (Kozienice)\" \/>\n<meta property=\"og:description\" content=\"Myjnia produkcji Aquarama, model Aqua 6.6. Rok produkcji 2016. Ilo\u015b\u0107 stanowisk: 3 (2+1). Ogrzewanie wody elektryczne. 6 program\u00f3w mycia - 3 osobne lance. Lokalizacja: 26-900 Kozienice ul. Warszawska 57. Stan bardzo dobry.\" \/>\n<meta property=\"og:url\" content=\"https:\/\/kupmyjnie.pl\/produkt\/myjnia-aquarama-kozienice\/\" \/>\n<meta property=\"og:site_name\" content=\"KUPMYJNIE.pl\" \/>\n<meta property=\"og:image\" content=\"https:\/\/kupmyjnie.pl\/wp-content\/uploads\/2018\/07\/19113948_1403922693001285_2458360407555051428_n.jpg\" \/>\n\t<meta property=\"og:image:width\" content=\"960\" \/>\n\t<meta property=\"og:image:height\" content=\"527\" \/>\n\t<meta property=\"og:image:type\" content=\"image\/jpeg\" \/>\n<meta name=\"twitter:card\" content=\"summary_large_image\" \/>\n<meta name=\"twitter:label1\" content=\"Est. reading time\" \/>\n\t<meta name=\"twitter:data1\" content=\"1 minute\" \/>\n<script type=\"application\/ld+json\" class=\"yoast-schema-graph\">{\"@context\":\"https:\/\/schema.org\",\"@graph\":[{\"@type\":\"WebPage\",\"@id\":\"https:\/\/kupmyjnie.pl\/produkt\/myjnia-aquarama-kozienice\/\",\"url\":\"https:\/\/kupmyjnie.pl\/produkt\/myjnia-aquarama-kozienice\/\",\"name\":\"Myjnia Aquarama (Kozienice) - KUPMYJNIE.pl\",\"isPartOf\":{\"@id\":\"https:\/\/kupmyjnie.pl\/#website\"},\"primaryImageOfPage\":{\"@id\":\"https:\/\/kupmyjnie.pl\/produkt\/myjnia-aquarama-kozienice\/#primaryimage\"},\"image\":{\"@id\":\"https:\/\/kupmyjnie.pl\/produkt\/myjnia-aquarama-kozienice\/#primaryimage\"},\"thumbnailUrl\":\"https:\/\/kupmyjnie.pl\/wp-content\/uploads\/2018\/07\/19113948_1403922693001285_2458360407555051428_n.jpg\",\"datePublished\":\"2018-07-13T09:01:20+00:00\",\"breadcrumb\":{\"@id\":\"https:\/\/kupmyjnie.pl\/produkt\/myjnia-aquarama-kozienice\/#breadcrumb\"},\"inLanguage\":\"en-US\",\"potentialAction\":[{\"@type\":\"ReadAction\",\"target\":[\"https:\/\/kupmyjnie.pl\/produkt\/myjnia-aquarama-kozienice\/\"]}]},{\"@type\":\"ImageObject\",\"inLanguage\":\"en-US\",\"@id\":\"https:\/\/kupmyjnie.pl\/produkt\/myjnia-aquarama-kozienice\/#primaryimage\",\"url\":\"https:\/\/kupmyjnie.pl\/wp-content\/uploads\/2018\/07\/19113948_1403922693001285_2458360407555051428_n.jpg\",\"contentUrl\":\"https:\/\/kupmyjnie.pl\/wp-content\/uploads\/2018\/07\/19113948_1403922693001285_2458360407555051428_n.jpg\",\"width\":960,\"height\":527},{\"@type\":\"BreadcrumbList\",\"@id\":\"https:\/\/kupmyjnie.pl\/produkt\/myjnia-aquarama-kozienice\/#breadcrumb\",\"itemListElement\":[{\"@type\":\"ListItem\",\"position\":1,\"name\":\"Home\",\"item\":\"https:\/\/kupmyjnie.pl\/en\/\"},{\"@type\":\"ListItem\",\"position\":2,\"name\":\"Aktualne og\u0142oszenia\",\"item\":\"https:\/\/kupmyjnie.pl\/ogloszenia\/\"},{\"@type\":\"ListItem\",\"position\":3,\"name\":\"Myjnia Aquarama (Kozienice)\"}]},{\"@type\":\"WebSite\",\"@id\":\"https:\/\/kupmyjnie.pl\/#website\",\"url\":\"https:\/\/kupmyjnie.pl\/\",\"name\":\"KUPMYJNIE.pl\",\"description\":\"Gie\u0142da myjni u\u017cywanych\",\"potentialAction\":[{\"@type\":\"SearchAction\",\"target\":{\"@type\":\"EntryPoint\",\"urlTemplate\":\"https:\/\/kupmyjnie.pl\/?s={search_term_string}\"},\"query-input\":{\"@type\":\"PropertyValueSpecification\",\"valueRequired\":true,\"valueName\":\"search_term_string\"}}],\"inLanguage\":\"en-US\"}]}<\/script>\n<!-- \/ Yoast SEO Premium plugin. -->","yoast_head_json":{"title":"Myjnia Aquarama (Kozienice) - KUPMYJNIE.pl","robots":{"index":"index","follow":"follow","max-snippet":"max-snippet:-1","max-image-preview":"max-image-preview:large","max-video-preview":"max-video-preview:-1"},"canonical":"https:\/\/kupmyjnie.pl\/produkt\/myjnia-aquarama-kozienice\/","og_locale":"en_US","og_type":"article","og_title":"Myjnia Aquarama (Kozienice)","og_description":"Myjnia produkcji Aquarama, model Aqua 6.6. Rok produkcji 2016. Ilo\u015b\u0107 stanowisk: 3 (2+1). Ogrzewanie wody elektryczne. 6 program\u00f3w mycia - 3 osobne lance. Lokalizacja: 26-900 Kozienice ul. Warszawska 57. Stan bardzo dobry.","og_url":"https:\/\/kupmyjnie.pl\/produkt\/myjnia-aquarama-kozienice\/","og_site_name":"KUPMYJNIE.pl","og_image":[{"width":960,"height":527,"url":"https:\/\/kupmyjnie.pl\/wp-content\/uploads\/2018\/07\/19113948_1403922693001285_2458360407555051428_n.jpg","type":"image\/jpeg"}],"twitter_card":"summary_large_image","twitter_misc":{"Est. reading time":"1 minute"},"schema":{"@context":"https:\/\/schema.org","@graph":[{"@type":"WebPage","@id":"https:\/\/kupmyjnie.pl\/produkt\/myjnia-aquarama-kozienice\/","url":"https:\/\/kupmyjnie.pl\/produkt\/myjnia-aquarama-kozienice\/","name":"Myjnia Aquarama (Kozienice) - KUPMYJNIE.pl","isPartOf":{"@id":"https:\/\/kupmyjnie.pl\/#website"},"primaryImageOfPage":{"@id":"https:\/\/kupmyjnie.pl\/produkt\/myjnia-aquarama-kozienice\/#primaryimage"},"image":{"@id":"https:\/\/kupmyjnie.pl\/produkt\/myjnia-aquarama-kozienice\/#primaryimage"},"thumbnailUrl":"https:\/\/kupmyjnie.pl\/wp-content\/uploads\/2018\/07\/19113948_1403922693001285_2458360407555051428_n.jpg","datePublished":"2018-07-13T09:01:20+00:00","breadcrumb":{"@id":"https:\/\/kupmyjnie.pl\/produkt\/myjnia-aquarama-kozienice\/#breadcrumb"},"inLanguage":"en-US","potentialAction":[{"@type":"ReadAction","target":["https:\/\/kupmyjnie.pl\/produkt\/myjnia-aquarama-kozienice\/"]}]},{"@type":"ImageObject","inLanguage":"en-US","@id":"https:\/\/kupmyjnie.pl\/produkt\/myjnia-aquarama-kozienice\/#primaryimage","url":"https:\/\/kupmyjnie.pl\/wp-content\/uploads\/2018\/07\/19113948_1403922693001285_2458360407555051428_n.jpg","contentUrl":"https:\/\/kupmyjnie.pl\/wp-content\/uploads\/2018\/07\/19113948_1403922693001285_2458360407555051428_n.jpg","width":960,"height":527},{"@type":"BreadcrumbList","@id":"https:\/\/kupmyjnie.pl\/produkt\/myjnia-aquarama-kozienice\/#breadcrumb","itemListElement":[{"@type":"ListItem","position":1,"name":"Home","item":"https:\/\/kupmyjnie.pl\/en\/"},{"@type":"ListItem","position":2,"name":"Aktualne og\u0142oszenia","item":"https:\/\/kupmyjnie.pl\/ogloszenia\/"},{"@type":"ListItem","position":3,"name":"Myjnia Aquarama (Kozienice)"}]},{"@type":"WebSite","@id":"https:\/\/kupmyjnie.pl\/#website","url":"https:\/\/kupmyjnie.pl\/","name":"KUPMYJNIE.pl","description":"Gie\u0142da myjni u\u017cywanych","potentialAction":[{"@type":"SearchAction","target":{"@type":"EntryPoint","urlTemplate":"https:\/\/kupmyjnie.pl\/?s={search_term_string}"},"query-input":{"@type":"PropertyValueSpecification","valueRequired":true,"valueName":"search_term_string"}}],"inLanguage":"en-US"}]}},"_links":{"self":[{"href":"https:\/\/kupmyjnie.pl\/en\/wp-json\/wp\/v2\/product\/497","targetHints":{"allow":["GET"]}}],"collection":[{"href":"https:\/\/kupmyjnie.pl\/en\/wp-json\/wp\/v2\/product"}],"about":[{"href":"https:\/\/kupmyjnie.pl\/en\/wp-json\/wp\/v2\/types\/product"}],"replies":[{"embeddable":true,"href":"https:\/\/kupmyjnie.pl\/en\/wp-json\/wp\/v2\/comments?post=497"}],"wp:featuredmedia":[{"embeddable":true,"href":"https:\/\/kupmyjnie.pl\/en\/wp-json\/wp\/v2\/media\/500"}],"wp:attachment":[{"href":"https:\/\/kupmyjnie.pl\/en\/wp-json\/wp\/v2\/media?parent=497"}],"wp:term":[{"taxonomy":"product_brand","embeddable":true,"href":"https:\/\/kupmyjnie.pl\/en\/wp-json\/wp\/v2\/product_brand?post=497"},{"taxonomy":"product_cat","embeddable":true,"href":"https:\/\/kupmyjnie.pl\/en\/wp-json\/wp\/v2\/product_cat?post=497"},{"taxonomy":"product_tag","embeddable":true,"href":"https:\/\/kupmyjnie.pl\/en\/wp-json\/wp\/v2\/product_tag?post=497"}],"curies":[{"name":"wp","href":"https:\/\/api.w.org\/{rel}","templated":true}]}}