{"id":511,"date":"2018-11-16T14:09:47","date_gmt":"2018-11-16T13:09:47","guid":{"rendered":"http:\/\/kupmyjnie.pl\/?post_type=product&#038;p=511"},"modified":"2019-01-20T13:58:14","modified_gmt":"2019-01-20T12:58:14","slug":"automatyczna-myjnia-portalowa-christ-dysze-vitesse","status":"publish","type":"product","link":"https:\/\/kupmyjnie.pl\/en\/produkt\/automatyczna-myjnia-portalowa-christ-dysze-vitesse\/","title":{"rendered":"Automatyczna myjnia portalowa CHRIST + dysze VITESSE"},"content":{"rendered":"<p>Jedyna w swoim rodzaju roczna myjnia portalowa GENIUS C160 firmy CHRIST z dyszami VITESSE. Wysoko\u015b\u0107 mycia 2,7m, szeroko\u015b\u0107 mycia 2,4m, wysoko\u015b\u0107 suszenia bocznego 1,7m. Wysokiej jako\u015bci myjnia z automatycznym wyborem programu dla kompletnego mycia, konserwacji i suszenia pojazd\u00f3w osobowych i dostawczych.<\/p>\n<p>Informacje podstawowe:<br \/>\nWysoko\u015b\u0107 przejazdowa: 2.700 mm;<br \/>\nSzeroko\u015b\u0107 przejazdowa: 2.400 mm (na wysoko\u015bci lusterek);<br \/>\nOPTIAIR wentylator dachowy obrotowy 2 x 3 kW;<br \/>\nDwa wentylatory boczne po 4,0kW ka\u017cdy;<br \/>\nWysoko\u015b\u0107 suszarki bocznej 1.700 mm;<br \/>\nKonstrukcja portalu galwanizowana;<br \/>\nDuplex + podw\u00f3jna warstwa lakieru proszkowego;<br \/>\nOPTIFLEX system pochylania szczotek bocznych;<br \/>\nDwie pompy dozuj\u0105ce z regulacj\u0105 skoku i cz\u0119stotliwo\u015bci;<br \/>\n2 pojemniki na media-szampon i osuszacz;<br \/>\nKontrola poziomu chemii dla ka\u017cdego zbiornika;<br \/>\nZintegrowana ochrona przed prac\u0105 &#8221; na sucho&#8221;;<br \/>\nSzyny z zabezpieczeniem przed przewr\u00f3ceniem portalu;<br \/>\nPrzewody zasilaj\u0105ce (woda, pr\u0105d i spr\u0119\u017cone powietrze);<br \/>\nOs\u0142ony z tworzywa sztucznego;<br \/>\nSzafa sterownicza w pomieszczeniu technicznym;<br \/>\nZgodno\u015b\u0107 z wymaganiami VDA.<\/p>\n<p>W\u0142osie szczotek:<br \/>\nW\u0142osie SENSOFIL+, dla wysoko\u015bci mycia 2,7m + dodatkowy komplet.<\/p>\n<p>Szczotki:<br \/>\nPrzegubowe szczotki boczne dla wysoko\u015bci mycia 2,7m.<br \/>\nOs\u0142ona szczotki bocznej, lewa, CLASSIC<br \/>\nOs\u0142ona szczotki bocznej, prawa, CLASSIC<\/p>\n<p>Zaopatrzenie w wod\u0119:<br \/>\nPrzy\u0142\u0105cze wody osmotycznej. Mo\u017ce by\u0107 zastosowane w po\u0142\u0105czeniu z systemami woskowania na zimno i gor\u0105co.<\/p>\n<p>Mycie wst\u0119pne manualne:<br \/>\nPiana aktywna VITESSE. Trzy napowietrzane dysze na panelu frontowym.<br \/>\nPiana zmi\u0119kcza b\u0142oto, \u015blady insekt\u00f3w, olej i t\u0142uszcze u\u0142atwiaj\u0105c ich usuwanie. Gwarantuje wspania\u0142y efekt wizualny i doskona\u0142e mycie. Na wyposa\u017ceniu pompa dozuj\u0105ca i urz\u0105dzenie napowietrzaj\u0105ce.<br \/>\nBoczne mycie ci\u015bnieniowe, 2 dysze obrotowe, 1 cykl, 10 \/ 20ltr. \/ min, 85 bar. Mycie wst\u0119pne bok\u00f3w i k\u00f3\u0142.<br \/>\nBoczne mycie ci\u015bnieniowe VITESSE, 8 dysz oscylacyjnych, 1 cykl, 40ltr.\/min, 50bar.<br \/>\nMycie &#8220;anty-owad&#8221;. System natrysku wraz z pomp\u0105 dozuj\u0105c\u0105.<br \/>\nMycie podwozia.<\/p>\n<p>Konserwacja:<br \/>\nWosk pianowy &#8211; natrysk przedni podczas jazdy do ty\u0142u.<br \/>\nWosk specjalny PROTECT SHINE XPRESS nak\u0142adany z wod\u0105. Zbiornik chemii, pompa dozuj\u0105ca, przy\u0142\u0105cze spr\u0119\u017conego powietrza, rury, zawory, napowietrzane dysze, oprogramowanie.<\/p>\n<p>Mycie k\u00f3\u0142:<br \/>\nMycie k\u00f3\u0142, szczotkowe, technika linearna. Talerzowe, zraszane wod\u0105, dla intensywnego mycia k\u00f3\u0142 i felg podczas mycia zasadniczego. Posiada system zmiany kierunk\u00f3w obrotu. Sterowane za pomoc\u0105 fotokom\u00f3rek. Zastosowana technika docisku pulsacyjnego pozwala na bardziej agresywne mycie bez przeci\u0105\u017cania nap\u0119d\u00f3w.<br \/>\nDodatkowo mo\u017cliwo\u015b\u0107 mycia podwozia.<\/p>\n<p>Wy\u015bwietlacze:<br \/>\nPozycjoner LED, sztywny (naprz\u00f3d, stop, powr\u00f3t \/ strza\u0142ki, stop, strza\u0142ki).<br \/>\nSystem pozycjonowania fotoelektrycznego z wy\u015bwietlaczem komend montowanym na lewej kolumnie portalu.<\/p>\n<p>Przy\u0142\u0105cza:<br \/>\nZaw\u00f3r zwrotny, spe\u0142niaj\u0105cy wymagania normy DIN1988 w zakresie separacji sieci wodoci\u0105gowej zasilaj\u0105cej myjni\u0119.<br \/>\nG\u0105sienica zasilaj\u0105ca doprowadzaj\u0105ca wod\u0119, energi\u0119 elektryczn\u0105 i spr\u0119\u017cone powietrze do portalu myj\u0105cego. Na wyposa\u017ceniu wieszaki \u015bcienne.<\/p>\n<p>Pompy:<br \/>\nZesp\u00f3\u0142 3 pomp po 4,0 Kw, 60 l\/min, 45\/50\/85 bar, zbiornik 400 l.<\/p>\n<p>Rodzaj kot\u0142a: zasilanie gazowe.<\/p>\n<p>Sterowanie:<br \/>\nTerminal samoobs\u0142ugi &#8211; 4 programy mycia.<\/p>\n<p>Pozycjonowanie:<br \/>\nProwadnice pod\u0142ogowe u\u0142atwiaj\u0105ce wjazd na stanowisko mycia. \u0141ukowo rozwidlone od strony wjazdu.<br \/>\nZewn\u0119trzna stacja dozowania chemii:<br \/>\nZewn\u0119trzny system dozowanie chemii, monta\u017c \u015bcienny.<\/p>\n","protected":false},"excerpt":{"rendered":"<p>Myjnia portalowa GENIUS C160 firmy CHRIST z dyszami VITESSE. Wysoko\u015b\u0107 mycia 2,7m, szeroko\u015b\u0107 mycia 2,4m, wysoko\u015b\u0107 suszenia bocznego 1,7m. Wysokiej jako\u015bci myjnia z automatycznym wyborem programu dla kompletnego mycia, konserwacji i suszenia pojazd\u00f3w osobowych i dostawczych.<\/p>\n","protected":false},"featured_media":514,"comment_status":"open","ping_status":"closed","template":"","meta":[],"product_brand":[],"product_cat":[34],"product_tag":[],"class_list":{"0":"post-511","1":"product","2":"type-product","3":"status-publish","4":"has-post-thumbnail","6":"product_cat-uncategorized","8":"first","9":"instock","10":"taxable","11":"shipping-taxable","12":"purchasable","13":"product-type-simple"},"yoast_head":"<!-- This site is optimized with the Yoast SEO Premium plugin v26.8 (Yoast SEO v26.8) - https:\/\/yoast.com\/product\/yoast-seo-premium-wordpress\/ -->\n<title>Automatyczna myjnia portalowa CHRIST + dysze VITESSE - KUPMYJNIE.pl<\/title>\n<meta name=\"robots\" content=\"index, follow, max-snippet:-1, max-image-preview:large, max-video-preview:-1\" \/>\n<link rel=\"canonical\" href=\"https:\/\/kupmyjnie.pl\/produkt\/automatyczna-myjnia-portalowa-christ-dysze-vitesse\/\" \/>\n<meta property=\"og:locale\" content=\"en_US\" \/>\n<meta property=\"og:type\" content=\"article\" \/>\n<meta property=\"og:title\" content=\"Automatyczna myjnia portalowa CHRIST + dysze VITESSE\" \/>\n<meta property=\"og:description\" content=\"Myjnia portalowa GENIUS C160 firmy CHRIST z dyszami VITESSE. Wysoko\u015b\u0107 mycia 2,7m, szeroko\u015b\u0107 mycia 2,4m, wysoko\u015b\u0107 suszenia bocznego 1,7m. Wysokiej jako\u015bci myjnia z automatycznym wyborem programu dla kompletnego mycia, konserwacji i suszenia pojazd\u00f3w osobowych i dostawczych.\" \/>\n<meta property=\"og:url\" content=\"https:\/\/kupmyjnie.pl\/produkt\/automatyczna-myjnia-portalowa-christ-dysze-vitesse\/\" \/>\n<meta property=\"og:site_name\" content=\"KUPMYJNIE.pl\" \/>\n<meta property=\"article:modified_time\" content=\"2019-01-20T12:58:14+00:00\" \/>\n<meta property=\"og:image\" content=\"https:\/\/kupmyjnie.pl\/wp-content\/uploads\/2018\/11\/1.jpg\" \/>\n\t<meta property=\"og:image:width\" content=\"1075\" \/>\n\t<meta property=\"og:image:height\" content=\"900\" \/>\n\t<meta property=\"og:image:type\" content=\"image\/jpeg\" \/>\n<meta name=\"twitter:card\" content=\"summary_large_image\" \/>\n<meta name=\"twitter:label1\" content=\"Est. reading time\" \/>\n\t<meta name=\"twitter:data1\" content=\"2 minutes\" \/>\n<script type=\"application\/ld+json\" class=\"yoast-schema-graph\">{\"@context\":\"https:\/\/schema.org\",\"@graph\":[{\"@type\":\"WebPage\",\"@id\":\"https:\/\/kupmyjnie.pl\/produkt\/automatyczna-myjnia-portalowa-christ-dysze-vitesse\/\",\"url\":\"https:\/\/kupmyjnie.pl\/produkt\/automatyczna-myjnia-portalowa-christ-dysze-vitesse\/\",\"name\":\"Automatyczna myjnia portalowa CHRIST + dysze VITESSE - KUPMYJNIE.pl\",\"isPartOf\":{\"@id\":\"https:\/\/kupmyjnie.pl\/#website\"},\"primaryImageOfPage\":{\"@id\":\"https:\/\/kupmyjnie.pl\/produkt\/automatyczna-myjnia-portalowa-christ-dysze-vitesse\/#primaryimage\"},\"image\":{\"@id\":\"https:\/\/kupmyjnie.pl\/produkt\/automatyczna-myjnia-portalowa-christ-dysze-vitesse\/#primaryimage\"},\"thumbnailUrl\":\"https:\/\/kupmyjnie.pl\/wp-content\/uploads\/2018\/11\/1.jpg\",\"datePublished\":\"2018-11-16T13:09:47+00:00\",\"dateModified\":\"2019-01-20T12:58:14+00:00\",\"breadcrumb\":{\"@id\":\"https:\/\/kupmyjnie.pl\/produkt\/automatyczna-myjnia-portalowa-christ-dysze-vitesse\/#breadcrumb\"},\"inLanguage\":\"en-US\",\"potentialAction\":[{\"@type\":\"ReadAction\",\"target\":[\"https:\/\/kupmyjnie.pl\/produkt\/automatyczna-myjnia-portalowa-christ-dysze-vitesse\/\"]}]},{\"@type\":\"ImageObject\",\"inLanguage\":\"en-US\",\"@id\":\"https:\/\/kupmyjnie.pl\/produkt\/automatyczna-myjnia-portalowa-christ-dysze-vitesse\/#primaryimage\",\"url\":\"https:\/\/kupmyjnie.pl\/wp-content\/uploads\/2018\/11\/1.jpg\",\"contentUrl\":\"https:\/\/kupmyjnie.pl\/wp-content\/uploads\/2018\/11\/1.jpg\",\"width\":1075,\"height\":900},{\"@type\":\"BreadcrumbList\",\"@id\":\"https:\/\/kupmyjnie.pl\/produkt\/automatyczna-myjnia-portalowa-christ-dysze-vitesse\/#breadcrumb\",\"itemListElement\":[{\"@type\":\"ListItem\",\"position\":1,\"name\":\"Home\",\"item\":\"https:\/\/kupmyjnie.pl\/en\/\"},{\"@type\":\"ListItem\",\"position\":2,\"name\":\"Aktualne og\u0142oszenia\",\"item\":\"https:\/\/kupmyjnie.pl\/ogloszenia\/\"},{\"@type\":\"ListItem\",\"position\":3,\"name\":\"Automatyczna myjnia portalowa CHRIST + dysze VITESSE\"}]},{\"@type\":\"WebSite\",\"@id\":\"https:\/\/kupmyjnie.pl\/#website\",\"url\":\"https:\/\/kupmyjnie.pl\/\",\"name\":\"KUPMYJNIE.pl\",\"description\":\"Gie\u0142da myjni u\u017cywanych\",\"potentialAction\":[{\"@type\":\"SearchAction\",\"target\":{\"@type\":\"EntryPoint\",\"urlTemplate\":\"https:\/\/kupmyjnie.pl\/?s={search_term_string}\"},\"query-input\":{\"@type\":\"PropertyValueSpecification\",\"valueRequired\":true,\"valueName\":\"search_term_string\"}}],\"inLanguage\":\"en-US\"}]}<\/script>\n<!-- \/ Yoast SEO Premium plugin. -->","yoast_head_json":{"title":"Automatyczna myjnia portalowa CHRIST + dysze VITESSE - KUPMYJNIE.pl","robots":{"index":"index","follow":"follow","max-snippet":"max-snippet:-1","max-image-preview":"max-image-preview:large","max-video-preview":"max-video-preview:-1"},"canonical":"https:\/\/kupmyjnie.pl\/produkt\/automatyczna-myjnia-portalowa-christ-dysze-vitesse\/","og_locale":"en_US","og_type":"article","og_title":"Automatyczna myjnia portalowa CHRIST + dysze VITESSE","og_description":"Myjnia portalowa GENIUS C160 firmy CHRIST z dyszami VITESSE. Wysoko\u015b\u0107 mycia 2,7m, szeroko\u015b\u0107 mycia 2,4m, wysoko\u015b\u0107 suszenia bocznego 1,7m. Wysokiej jako\u015bci myjnia z automatycznym wyborem programu dla kompletnego mycia, konserwacji i suszenia pojazd\u00f3w osobowych i dostawczych.","og_url":"https:\/\/kupmyjnie.pl\/produkt\/automatyczna-myjnia-portalowa-christ-dysze-vitesse\/","og_site_name":"KUPMYJNIE.pl","article_modified_time":"2019-01-20T12:58:14+00:00","og_image":[{"width":1075,"height":900,"url":"https:\/\/kupmyjnie.pl\/wp-content\/uploads\/2018\/11\/1.jpg","type":"image\/jpeg"}],"twitter_card":"summary_large_image","twitter_misc":{"Est. reading time":"2 minutes"},"schema":{"@context":"https:\/\/schema.org","@graph":[{"@type":"WebPage","@id":"https:\/\/kupmyjnie.pl\/produkt\/automatyczna-myjnia-portalowa-christ-dysze-vitesse\/","url":"https:\/\/kupmyjnie.pl\/produkt\/automatyczna-myjnia-portalowa-christ-dysze-vitesse\/","name":"Automatyczna myjnia portalowa CHRIST + dysze VITESSE - KUPMYJNIE.pl","isPartOf":{"@id":"https:\/\/kupmyjnie.pl\/#website"},"primaryImageOfPage":{"@id":"https:\/\/kupmyjnie.pl\/produkt\/automatyczna-myjnia-portalowa-christ-dysze-vitesse\/#primaryimage"},"image":{"@id":"https:\/\/kupmyjnie.pl\/produkt\/automatyczna-myjnia-portalowa-christ-dysze-vitesse\/#primaryimage"},"thumbnailUrl":"https:\/\/kupmyjnie.pl\/wp-content\/uploads\/2018\/11\/1.jpg","datePublished":"2018-11-16T13:09:47+00:00","dateModified":"2019-01-20T12:58:14+00:00","breadcrumb":{"@id":"https:\/\/kupmyjnie.pl\/produkt\/automatyczna-myjnia-portalowa-christ-dysze-vitesse\/#breadcrumb"},"inLanguage":"en-US","potentialAction":[{"@type":"ReadAction","target":["https:\/\/kupmyjnie.pl\/produkt\/automatyczna-myjnia-portalowa-christ-dysze-vitesse\/"]}]},{"@type":"ImageObject","inLanguage":"en-US","@id":"https:\/\/kupmyjnie.pl\/produkt\/automatyczna-myjnia-portalowa-christ-dysze-vitesse\/#primaryimage","url":"https:\/\/kupmyjnie.pl\/wp-content\/uploads\/2018\/11\/1.jpg","contentUrl":"https:\/\/kupmyjnie.pl\/wp-content\/uploads\/2018\/11\/1.jpg","width":1075,"height":900},{"@type":"BreadcrumbList","@id":"https:\/\/kupmyjnie.pl\/produkt\/automatyczna-myjnia-portalowa-christ-dysze-vitesse\/#breadcrumb","itemListElement":[{"@type":"ListItem","position":1,"name":"Home","item":"https:\/\/kupmyjnie.pl\/en\/"},{"@type":"ListItem","position":2,"name":"Aktualne og\u0142oszenia","item":"https:\/\/kupmyjnie.pl\/ogloszenia\/"},{"@type":"ListItem","position":3,"name":"Automatyczna myjnia portalowa CHRIST + dysze VITESSE"}]},{"@type":"WebSite","@id":"https:\/\/kupmyjnie.pl\/#website","url":"https:\/\/kupmyjnie.pl\/","name":"KUPMYJNIE.pl","description":"Gie\u0142da myjni u\u017cywanych","potentialAction":[{"@type":"SearchAction","target":{"@type":"EntryPoint","urlTemplate":"https:\/\/kupmyjnie.pl\/?s={search_term_string}"},"query-input":{"@type":"PropertyValueSpecification","valueRequired":true,"valueName":"search_term_string"}}],"inLanguage":"en-US"}]}},"_links":{"self":[{"href":"https:\/\/kupmyjnie.pl\/en\/wp-json\/wp\/v2\/product\/511","targetHints":{"allow":["GET"]}}],"collection":[{"href":"https:\/\/kupmyjnie.pl\/en\/wp-json\/wp\/v2\/product"}],"about":[{"href":"https:\/\/kupmyjnie.pl\/en\/wp-json\/wp\/v2\/types\/product"}],"replies":[{"embeddable":true,"href":"https:\/\/kupmyjnie.pl\/en\/wp-json\/wp\/v2\/comments?post=511"}],"wp:featuredmedia":[{"embeddable":true,"href":"https:\/\/kupmyjnie.pl\/en\/wp-json\/wp\/v2\/media\/514"}],"wp:attachment":[{"href":"https:\/\/kupmyjnie.pl\/en\/wp-json\/wp\/v2\/media?parent=511"}],"wp:term":[{"taxonomy":"product_brand","embeddable":true,"href":"https:\/\/kupmyjnie.pl\/en\/wp-json\/wp\/v2\/product_brand?post=511"},{"taxonomy":"product_cat","embeddable":true,"href":"https:\/\/kupmyjnie.pl\/en\/wp-json\/wp\/v2\/product_cat?post=511"},{"taxonomy":"product_tag","embeddable":true,"href":"https:\/\/kupmyjnie.pl\/en\/wp-json\/wp\/v2\/product_tag?post=511"}],"curies":[{"name":"wp","href":"https:\/\/api.w.org\/{rel}","templated":true}]}}