{"id":520,"date":"2018-11-16T14:32:45","date_gmt":"2018-11-16T13:32:45","guid":{"rendered":"http:\/\/kupmyjnie.pl\/?post_type=product&#038;p=520"},"modified":"2020-05-18T14:10:42","modified_gmt":"2020-05-18T12:10:42","slug":"technika-myjni-bezdotykowej-4-stanowiskowej-bkf","status":"publish","type":"product","link":"https:\/\/kupmyjnie.pl\/en\/produkt\/technika-myjni-bezdotykowej-4-stanowiskowej-bkf\/","title":{"rendered":"Technika myjni bezdotykowej 4-stanowiskowej BKF"},"content":{"rendered":"<p>Myjnia samoobs\u0142ugowa bezdotykowa (technika) produkcji BKF. Rok produkcji 2012.<\/p>\n<p>Programy mycia:<br \/>\n1. Wst\u0119pny oprysk chemi\u0105 do rozpuszczenia zabrudzenia (turbo).<br \/>\n2. Mycie ciep\u0142\u0105 wod\u0105 z detergentem, mikro proszkiem pod wysokim ci\u015bnieniem 90 max 150  BAR (bezdotykowo).<br \/>\n3. Sp\u0142ukiwanie, wod\u0105 zmi\u0119kczona.<br \/>\n4. Woskowanie, wosk, zmi\u0119kczona woda.<br \/>\n5. Sp\u0142ukiwanie ko\u0144cowe\/nab\u0142yszczanie.<\/p>\n<p>W sk\u0142ad kompletu wchodz\u0105:<br \/>\n&#8211; urz\u0105dzenia techniczne (pompy, filtry, osmoza),<br \/>\n&#8211; pulpity do obs\u0142ugi stanowisk 2 sztuki ( po 1 na podw\u00f3jne stanowisko),<br \/>\n&#8211; automat na monety, karty lojalno\u015bciowe oraz kluczyki,<br \/>\n&#8211; lance, przewody wysokiego ci\u015bnienia i ramiona obrotowe,<br \/>\n&#8211; piec gazowy firmy ACV.<\/p>\n","protected":false},"excerpt":{"rendered":"<p>Technika myjni bezdotykowej produkcji BKF. Rok produkcji 2012. 4 stanowiska mycia. 5 program\u00f3w. Piec gazowy ACV.<\/p>\n","protected":false},"featured_media":521,"comment_status":"open","ping_status":"closed","template":"","meta":[],"product_brand":[],"product_cat":[34],"product_tag":[],"class_list":{"0":"post-520","1":"product","2":"type-product","3":"status-publish","4":"has-post-thumbnail","6":"product_cat-uncategorized","8":"first","9":"outofstock","10":"taxable","11":"shipping-taxable","12":"purchasable","13":"product-type-simple"},"yoast_head":"<!-- This site is optimized with the Yoast SEO Premium plugin v26.8 (Yoast SEO v26.8) - https:\/\/yoast.com\/product\/yoast-seo-premium-wordpress\/ -->\n<title>Technika myjni bezdotykowej 4-stanowiskowej BKF - KUPMYJNIE.pl<\/title>\n<meta name=\"robots\" content=\"index, follow, max-snippet:-1, max-image-preview:large, max-video-preview:-1\" \/>\n<link rel=\"canonical\" href=\"https:\/\/kupmyjnie.pl\/produkt\/technika-myjni-bezdotykowej-4-stanowiskowej-bkf\/\" \/>\n<meta property=\"og:locale\" content=\"en_US\" \/>\n<meta property=\"og:type\" content=\"article\" \/>\n<meta property=\"og:title\" content=\"Technika myjni bezdotykowej 4-stanowiskowej BKF\" \/>\n<meta property=\"og:description\" content=\"Technika myjni bezdotykowej produkcji BKF. Rok produkcji 2012. 4 stanowiska mycia. 5 program\u00f3w. Piec gazowy ACV.\" \/>\n<meta property=\"og:url\" content=\"https:\/\/kupmyjnie.pl\/produkt\/technika-myjni-bezdotykowej-4-stanowiskowej-bkf\/\" \/>\n<meta property=\"og:site_name\" content=\"KUPMYJNIE.pl\" \/>\n<meta property=\"article:modified_time\" content=\"2020-05-18T12:10:42+00:00\" \/>\n<meta property=\"og:image\" content=\"https:\/\/kupmyjnie.pl\/wp-content\/uploads\/2018\/11\/myjnia-bezdotykowa06.jpg\" \/>\n\t<meta property=\"og:image:width\" content=\"1200\" \/>\n\t<meta property=\"og:image:height\" content=\"675\" \/>\n\t<meta property=\"og:image:type\" content=\"image\/jpeg\" \/>\n<meta name=\"twitter:card\" content=\"summary_large_image\" \/>\n<script type=\"application\/ld+json\" class=\"yoast-schema-graph\">{\"@context\":\"https:\/\/schema.org\",\"@graph\":[{\"@type\":\"WebPage\",\"@id\":\"https:\/\/kupmyjnie.pl\/produkt\/technika-myjni-bezdotykowej-4-stanowiskowej-bkf\/\",\"url\":\"https:\/\/kupmyjnie.pl\/produkt\/technika-myjni-bezdotykowej-4-stanowiskowej-bkf\/\",\"name\":\"Technika myjni bezdotykowej 4-stanowiskowej BKF - KUPMYJNIE.pl\",\"isPartOf\":{\"@id\":\"https:\/\/kupmyjnie.pl\/#website\"},\"primaryImageOfPage\":{\"@id\":\"https:\/\/kupmyjnie.pl\/produkt\/technika-myjni-bezdotykowej-4-stanowiskowej-bkf\/#primaryimage\"},\"image\":{\"@id\":\"https:\/\/kupmyjnie.pl\/produkt\/technika-myjni-bezdotykowej-4-stanowiskowej-bkf\/#primaryimage\"},\"thumbnailUrl\":\"https:\/\/kupmyjnie.pl\/wp-content\/uploads\/2018\/11\/myjnia-bezdotykowa06.jpg\",\"datePublished\":\"2018-11-16T13:32:45+00:00\",\"dateModified\":\"2020-05-18T12:10:42+00:00\",\"breadcrumb\":{\"@id\":\"https:\/\/kupmyjnie.pl\/produkt\/technika-myjni-bezdotykowej-4-stanowiskowej-bkf\/#breadcrumb\"},\"inLanguage\":\"en-US\",\"potentialAction\":[{\"@type\":\"ReadAction\",\"target\":[\"https:\/\/kupmyjnie.pl\/produkt\/technika-myjni-bezdotykowej-4-stanowiskowej-bkf\/\"]}]},{\"@type\":\"ImageObject\",\"inLanguage\":\"en-US\",\"@id\":\"https:\/\/kupmyjnie.pl\/produkt\/technika-myjni-bezdotykowej-4-stanowiskowej-bkf\/#primaryimage\",\"url\":\"https:\/\/kupmyjnie.pl\/wp-content\/uploads\/2018\/11\/myjnia-bezdotykowa06.jpg\",\"contentUrl\":\"https:\/\/kupmyjnie.pl\/wp-content\/uploads\/2018\/11\/myjnia-bezdotykowa06.jpg\",\"width\":1200,\"height\":675},{\"@type\":\"BreadcrumbList\",\"@id\":\"https:\/\/kupmyjnie.pl\/produkt\/technika-myjni-bezdotykowej-4-stanowiskowej-bkf\/#breadcrumb\",\"itemListElement\":[{\"@type\":\"ListItem\",\"position\":1,\"name\":\"Home\",\"item\":\"https:\/\/kupmyjnie.pl\/en\/\"},{\"@type\":\"ListItem\",\"position\":2,\"name\":\"Aktualne og\u0142oszenia\",\"item\":\"https:\/\/kupmyjnie.pl\/ogloszenia\/\"},{\"@type\":\"ListItem\",\"position\":3,\"name\":\"Technika myjni bezdotykowej 4-stanowiskowej BKF\"}]},{\"@type\":\"WebSite\",\"@id\":\"https:\/\/kupmyjnie.pl\/#website\",\"url\":\"https:\/\/kupmyjnie.pl\/\",\"name\":\"KUPMYJNIE.pl\",\"description\":\"Gie\u0142da myjni u\u017cywanych\",\"potentialAction\":[{\"@type\":\"SearchAction\",\"target\":{\"@type\":\"EntryPoint\",\"urlTemplate\":\"https:\/\/kupmyjnie.pl\/?s={search_term_string}\"},\"query-input\":{\"@type\":\"PropertyValueSpecification\",\"valueRequired\":true,\"valueName\":\"search_term_string\"}}],\"inLanguage\":\"en-US\"}]}<\/script>\n<!-- \/ Yoast SEO Premium plugin. -->","yoast_head_json":{"title":"Technika myjni bezdotykowej 4-stanowiskowej BKF - KUPMYJNIE.pl","robots":{"index":"index","follow":"follow","max-snippet":"max-snippet:-1","max-image-preview":"max-image-preview:large","max-video-preview":"max-video-preview:-1"},"canonical":"https:\/\/kupmyjnie.pl\/produkt\/technika-myjni-bezdotykowej-4-stanowiskowej-bkf\/","og_locale":"en_US","og_type":"article","og_title":"Technika myjni bezdotykowej 4-stanowiskowej BKF","og_description":"Technika myjni bezdotykowej produkcji BKF. Rok produkcji 2012. 4 stanowiska mycia. 5 program\u00f3w. Piec gazowy ACV.","og_url":"https:\/\/kupmyjnie.pl\/produkt\/technika-myjni-bezdotykowej-4-stanowiskowej-bkf\/","og_site_name":"KUPMYJNIE.pl","article_modified_time":"2020-05-18T12:10:42+00:00","og_image":[{"width":1200,"height":675,"url":"https:\/\/kupmyjnie.pl\/wp-content\/uploads\/2018\/11\/myjnia-bezdotykowa06.jpg","type":"image\/jpeg"}],"twitter_card":"summary_large_image","schema":{"@context":"https:\/\/schema.org","@graph":[{"@type":"WebPage","@id":"https:\/\/kupmyjnie.pl\/produkt\/technika-myjni-bezdotykowej-4-stanowiskowej-bkf\/","url":"https:\/\/kupmyjnie.pl\/produkt\/technika-myjni-bezdotykowej-4-stanowiskowej-bkf\/","name":"Technika myjni bezdotykowej 4-stanowiskowej BKF - KUPMYJNIE.pl","isPartOf":{"@id":"https:\/\/kupmyjnie.pl\/#website"},"primaryImageOfPage":{"@id":"https:\/\/kupmyjnie.pl\/produkt\/technika-myjni-bezdotykowej-4-stanowiskowej-bkf\/#primaryimage"},"image":{"@id":"https:\/\/kupmyjnie.pl\/produkt\/technika-myjni-bezdotykowej-4-stanowiskowej-bkf\/#primaryimage"},"thumbnailUrl":"https:\/\/kupmyjnie.pl\/wp-content\/uploads\/2018\/11\/myjnia-bezdotykowa06.jpg","datePublished":"2018-11-16T13:32:45+00:00","dateModified":"2020-05-18T12:10:42+00:00","breadcrumb":{"@id":"https:\/\/kupmyjnie.pl\/produkt\/technika-myjni-bezdotykowej-4-stanowiskowej-bkf\/#breadcrumb"},"inLanguage":"en-US","potentialAction":[{"@type":"ReadAction","target":["https:\/\/kupmyjnie.pl\/produkt\/technika-myjni-bezdotykowej-4-stanowiskowej-bkf\/"]}]},{"@type":"ImageObject","inLanguage":"en-US","@id":"https:\/\/kupmyjnie.pl\/produkt\/technika-myjni-bezdotykowej-4-stanowiskowej-bkf\/#primaryimage","url":"https:\/\/kupmyjnie.pl\/wp-content\/uploads\/2018\/11\/myjnia-bezdotykowa06.jpg","contentUrl":"https:\/\/kupmyjnie.pl\/wp-content\/uploads\/2018\/11\/myjnia-bezdotykowa06.jpg","width":1200,"height":675},{"@type":"BreadcrumbList","@id":"https:\/\/kupmyjnie.pl\/produkt\/technika-myjni-bezdotykowej-4-stanowiskowej-bkf\/#breadcrumb","itemListElement":[{"@type":"ListItem","position":1,"name":"Home","item":"https:\/\/kupmyjnie.pl\/en\/"},{"@type":"ListItem","position":2,"name":"Aktualne og\u0142oszenia","item":"https:\/\/kupmyjnie.pl\/ogloszenia\/"},{"@type":"ListItem","position":3,"name":"Technika myjni bezdotykowej 4-stanowiskowej BKF"}]},{"@type":"WebSite","@id":"https:\/\/kupmyjnie.pl\/#website","url":"https:\/\/kupmyjnie.pl\/","name":"KUPMYJNIE.pl","description":"Gie\u0142da myjni u\u017cywanych","potentialAction":[{"@type":"SearchAction","target":{"@type":"EntryPoint","urlTemplate":"https:\/\/kupmyjnie.pl\/?s={search_term_string}"},"query-input":{"@type":"PropertyValueSpecification","valueRequired":true,"valueName":"search_term_string"}}],"inLanguage":"en-US"}]}},"_links":{"self":[{"href":"https:\/\/kupmyjnie.pl\/en\/wp-json\/wp\/v2\/product\/520","targetHints":{"allow":["GET"]}}],"collection":[{"href":"https:\/\/kupmyjnie.pl\/en\/wp-json\/wp\/v2\/product"}],"about":[{"href":"https:\/\/kupmyjnie.pl\/en\/wp-json\/wp\/v2\/types\/product"}],"replies":[{"embeddable":true,"href":"https:\/\/kupmyjnie.pl\/en\/wp-json\/wp\/v2\/comments?post=520"}],"wp:featuredmedia":[{"embeddable":true,"href":"https:\/\/kupmyjnie.pl\/en\/wp-json\/wp\/v2\/media\/521"}],"wp:attachment":[{"href":"https:\/\/kupmyjnie.pl\/en\/wp-json\/wp\/v2\/media?parent=520"}],"wp:term":[{"taxonomy":"product_brand","embeddable":true,"href":"https:\/\/kupmyjnie.pl\/en\/wp-json\/wp\/v2\/product_brand?post=520"},{"taxonomy":"product_cat","embeddable":true,"href":"https:\/\/kupmyjnie.pl\/en\/wp-json\/wp\/v2\/product_cat?post=520"},{"taxonomy":"product_tag","embeddable":true,"href":"https:\/\/kupmyjnie.pl\/en\/wp-json\/wp\/v2\/product_tag?post=520"}],"curies":[{"name":"wp","href":"https:\/\/api.w.org\/{rel}","templated":true}]}}