{"id":530,"date":"2018-11-16T14:53:07","date_gmt":"2018-11-16T13:53:07","guid":{"rendered":"http:\/\/kupmyjnie.pl\/?post_type=product&#038;p=530"},"modified":"2020-09-21T15:43:25","modified_gmt":"2020-09-21T13:43:25","slug":"myjnia-modulowa-bkf-3-stanowiskowa-2009","status":"publish","type":"product","link":"https:\/\/kupmyjnie.pl\/en\/produkt\/myjnia-modulowa-bkf-3-stanowiskowa-2009\/","title":{"rendered":"Myjnia modu\u0142owa BKF 3-stanowiskowa (2009)"},"content":{"rendered":"<p>Myjnia bezdotykowa modu\u0142owa 3-stanowiskowa. Producent: BKF. Model: 1049. Rodzaj kot\u0142a: gazowy. Lokalizacja: wojew\u00f3dztwo warmi\u0144sko-mazurskie. Technika mycia (modu\u0142 myjni) + wiata z dachem poliw\u0119glanowym i urz\u0105dzeniem wielofunkcyjnym Multiserwis (odkurzacz, pranie tapicerki, sanifikacja, pompowanie k\u00f3\u0142). Myjnia z 2009 roku w stanie technicznym dobrym, 100% sprawna, na bie\u017c\u0105co serwisowana. 5 program\u00f3w mycia. Dost\u0119p do monitoringu i danych przez internet. Cena dotyczy r\u00f3wnie\u017c infrastruktury (kostka na placu manewrowym oko\u0142o 600 m2, s\u0142upy elektryczne, kanalizacja, infrastruktura). Dost\u0119pno\u015b\u0107: od zaraz. Mo\u017cliwo\u015b\u0107 demonta\u017cu myjni i przeniesienia w dowolne miejsce.<\/p>\n","protected":false},"excerpt":{"rendered":"<p>Myjnia bezdotykowa modu\u0142owa 3-stanowiskowa. Producent: BKF. Rok produkcji 2009. Rodzaj kot\u0142a: gazowy. Technika mycia (modu\u0142 myjni) + wiata z dachem poliw\u0119glanowym i urz\u0105dzeniem wielofunkcyjnym Multiserwis (odkurzacz, pranie tapicerki, sanifikacja, pompowanie k\u00f3\u0142). Stan techniczny: dobry. 5 program\u00f3w mycia. Dost\u0119pno\u015b\u0107: od zaraz.<\/p>\n","protected":false},"featured_media":531,"comment_status":"open","ping_status":"closed","template":"","meta":[],"product_brand":[],"product_cat":[34],"product_tag":[],"class_list":{"0":"post-530","1":"product","2":"type-product","3":"status-publish","4":"has-post-thumbnail","6":"product_cat-uncategorized","8":"first","9":"instock","10":"taxable","11":"shipping-taxable","12":"purchasable","13":"product-type-simple"},"yoast_head":"<!-- This site is optimized with the Yoast SEO Premium plugin v26.8 (Yoast SEO v26.8) - https:\/\/yoast.com\/product\/yoast-seo-premium-wordpress\/ -->\n<title>Myjnia modu\u0142owa BKF 3-stanowiskowa (2009) - KUPMYJNIE.pl<\/title>\n<meta name=\"robots\" content=\"index, follow, max-snippet:-1, max-image-preview:large, max-video-preview:-1\" \/>\n<link rel=\"canonical\" href=\"https:\/\/kupmyjnie.pl\/produkt\/myjnia-modulowa-bkf-3-stanowiskowa-2009\/\" \/>\n<meta property=\"og:locale\" content=\"en_US\" \/>\n<meta property=\"og:type\" content=\"article\" \/>\n<meta property=\"og:title\" content=\"Myjnia modu\u0142owa BKF 3-stanowiskowa (2009)\" \/>\n<meta property=\"og:description\" content=\"Myjnia bezdotykowa modu\u0142owa 3-stanowiskowa. Producent: BKF. Rok produkcji 2009. Rodzaj kot\u0142a: gazowy. Technika mycia (modu\u0142 myjni) + wiata z dachem poliw\u0119glanowym i urz\u0105dzeniem wielofunkcyjnym Multiserwis (odkurzacz, pranie tapicerki, sanifikacja, pompowanie k\u00f3\u0142). Stan techniczny: dobry. 5 program\u00f3w mycia. Dost\u0119pno\u015b\u0107: od zaraz.\" \/>\n<meta property=\"og:url\" content=\"https:\/\/kupmyjnie.pl\/produkt\/myjnia-modulowa-bkf-3-stanowiskowa-2009\/\" \/>\n<meta property=\"og:site_name\" content=\"KUPMYJNIE.pl\" \/>\n<meta property=\"article:modified_time\" content=\"2020-09-21T13:43:25+00:00\" \/>\n<meta property=\"og:image\" content=\"https:\/\/kupmyjnie.pl\/wp-content\/uploads\/2018\/11\/small_20141004_130152.jpg\" \/>\n\t<meta property=\"og:image:width\" content=\"1200\" \/>\n\t<meta property=\"og:image:height\" content=\"839\" \/>\n\t<meta property=\"og:image:type\" content=\"image\/jpeg\" \/>\n<meta name=\"twitter:card\" content=\"summary_large_image\" \/>\n<script type=\"application\/ld+json\" class=\"yoast-schema-graph\">{\"@context\":\"https:\/\/schema.org\",\"@graph\":[{\"@type\":\"WebPage\",\"@id\":\"https:\/\/kupmyjnie.pl\/produkt\/myjnia-modulowa-bkf-3-stanowiskowa-2009\/\",\"url\":\"https:\/\/kupmyjnie.pl\/produkt\/myjnia-modulowa-bkf-3-stanowiskowa-2009\/\",\"name\":\"Myjnia modu\u0142owa BKF 3-stanowiskowa (2009) - KUPMYJNIE.pl\",\"isPartOf\":{\"@id\":\"https:\/\/kupmyjnie.pl\/#website\"},\"primaryImageOfPage\":{\"@id\":\"https:\/\/kupmyjnie.pl\/produkt\/myjnia-modulowa-bkf-3-stanowiskowa-2009\/#primaryimage\"},\"image\":{\"@id\":\"https:\/\/kupmyjnie.pl\/produkt\/myjnia-modulowa-bkf-3-stanowiskowa-2009\/#primaryimage\"},\"thumbnailUrl\":\"https:\/\/kupmyjnie.pl\/wp-content\/uploads\/2018\/11\/small_20141004_130152.jpg\",\"datePublished\":\"2018-11-16T13:53:07+00:00\",\"dateModified\":\"2020-09-21T13:43:25+00:00\",\"breadcrumb\":{\"@id\":\"https:\/\/kupmyjnie.pl\/produkt\/myjnia-modulowa-bkf-3-stanowiskowa-2009\/#breadcrumb\"},\"inLanguage\":\"en-US\",\"potentialAction\":[{\"@type\":\"ReadAction\",\"target\":[\"https:\/\/kupmyjnie.pl\/produkt\/myjnia-modulowa-bkf-3-stanowiskowa-2009\/\"]}]},{\"@type\":\"ImageObject\",\"inLanguage\":\"en-US\",\"@id\":\"https:\/\/kupmyjnie.pl\/produkt\/myjnia-modulowa-bkf-3-stanowiskowa-2009\/#primaryimage\",\"url\":\"https:\/\/kupmyjnie.pl\/wp-content\/uploads\/2018\/11\/small_20141004_130152.jpg\",\"contentUrl\":\"https:\/\/kupmyjnie.pl\/wp-content\/uploads\/2018\/11\/small_20141004_130152.jpg\",\"width\":1200,\"height\":839},{\"@type\":\"BreadcrumbList\",\"@id\":\"https:\/\/kupmyjnie.pl\/produkt\/myjnia-modulowa-bkf-3-stanowiskowa-2009\/#breadcrumb\",\"itemListElement\":[{\"@type\":\"ListItem\",\"position\":1,\"name\":\"Home\",\"item\":\"https:\/\/kupmyjnie.pl\/en\/\"},{\"@type\":\"ListItem\",\"position\":2,\"name\":\"Aktualne og\u0142oszenia\",\"item\":\"https:\/\/kupmyjnie.pl\/ogloszenia\/\"},{\"@type\":\"ListItem\",\"position\":3,\"name\":\"Myjnia modu\u0142owa BKF 3-stanowiskowa (2009)\"}]},{\"@type\":\"WebSite\",\"@id\":\"https:\/\/kupmyjnie.pl\/#website\",\"url\":\"https:\/\/kupmyjnie.pl\/\",\"name\":\"KUPMYJNIE.pl\",\"description\":\"Gie\u0142da myjni u\u017cywanych\",\"potentialAction\":[{\"@type\":\"SearchAction\",\"target\":{\"@type\":\"EntryPoint\",\"urlTemplate\":\"https:\/\/kupmyjnie.pl\/?s={search_term_string}\"},\"query-input\":{\"@type\":\"PropertyValueSpecification\",\"valueRequired\":true,\"valueName\":\"search_term_string\"}}],\"inLanguage\":\"en-US\"}]}<\/script>\n<!-- \/ Yoast SEO Premium plugin. -->","yoast_head_json":{"title":"Myjnia modu\u0142owa BKF 3-stanowiskowa (2009) - KUPMYJNIE.pl","robots":{"index":"index","follow":"follow","max-snippet":"max-snippet:-1","max-image-preview":"max-image-preview:large","max-video-preview":"max-video-preview:-1"},"canonical":"https:\/\/kupmyjnie.pl\/produkt\/myjnia-modulowa-bkf-3-stanowiskowa-2009\/","og_locale":"en_US","og_type":"article","og_title":"Myjnia modu\u0142owa BKF 3-stanowiskowa (2009)","og_description":"Myjnia bezdotykowa modu\u0142owa 3-stanowiskowa. Producent: BKF. Rok produkcji 2009. Rodzaj kot\u0142a: gazowy. Technika mycia (modu\u0142 myjni) + wiata z dachem poliw\u0119glanowym i urz\u0105dzeniem wielofunkcyjnym Multiserwis (odkurzacz, pranie tapicerki, sanifikacja, pompowanie k\u00f3\u0142). Stan techniczny: dobry. 5 program\u00f3w mycia. Dost\u0119pno\u015b\u0107: od zaraz.","og_url":"https:\/\/kupmyjnie.pl\/produkt\/myjnia-modulowa-bkf-3-stanowiskowa-2009\/","og_site_name":"KUPMYJNIE.pl","article_modified_time":"2020-09-21T13:43:25+00:00","og_image":[{"width":1200,"height":839,"url":"https:\/\/kupmyjnie.pl\/wp-content\/uploads\/2018\/11\/small_20141004_130152.jpg","type":"image\/jpeg"}],"twitter_card":"summary_large_image","schema":{"@context":"https:\/\/schema.org","@graph":[{"@type":"WebPage","@id":"https:\/\/kupmyjnie.pl\/produkt\/myjnia-modulowa-bkf-3-stanowiskowa-2009\/","url":"https:\/\/kupmyjnie.pl\/produkt\/myjnia-modulowa-bkf-3-stanowiskowa-2009\/","name":"Myjnia modu\u0142owa BKF 3-stanowiskowa (2009) - KUPMYJNIE.pl","isPartOf":{"@id":"https:\/\/kupmyjnie.pl\/#website"},"primaryImageOfPage":{"@id":"https:\/\/kupmyjnie.pl\/produkt\/myjnia-modulowa-bkf-3-stanowiskowa-2009\/#primaryimage"},"image":{"@id":"https:\/\/kupmyjnie.pl\/produkt\/myjnia-modulowa-bkf-3-stanowiskowa-2009\/#primaryimage"},"thumbnailUrl":"https:\/\/kupmyjnie.pl\/wp-content\/uploads\/2018\/11\/small_20141004_130152.jpg","datePublished":"2018-11-16T13:53:07+00:00","dateModified":"2020-09-21T13:43:25+00:00","breadcrumb":{"@id":"https:\/\/kupmyjnie.pl\/produkt\/myjnia-modulowa-bkf-3-stanowiskowa-2009\/#breadcrumb"},"inLanguage":"en-US","potentialAction":[{"@type":"ReadAction","target":["https:\/\/kupmyjnie.pl\/produkt\/myjnia-modulowa-bkf-3-stanowiskowa-2009\/"]}]},{"@type":"ImageObject","inLanguage":"en-US","@id":"https:\/\/kupmyjnie.pl\/produkt\/myjnia-modulowa-bkf-3-stanowiskowa-2009\/#primaryimage","url":"https:\/\/kupmyjnie.pl\/wp-content\/uploads\/2018\/11\/small_20141004_130152.jpg","contentUrl":"https:\/\/kupmyjnie.pl\/wp-content\/uploads\/2018\/11\/small_20141004_130152.jpg","width":1200,"height":839},{"@type":"BreadcrumbList","@id":"https:\/\/kupmyjnie.pl\/produkt\/myjnia-modulowa-bkf-3-stanowiskowa-2009\/#breadcrumb","itemListElement":[{"@type":"ListItem","position":1,"name":"Home","item":"https:\/\/kupmyjnie.pl\/en\/"},{"@type":"ListItem","position":2,"name":"Aktualne og\u0142oszenia","item":"https:\/\/kupmyjnie.pl\/ogloszenia\/"},{"@type":"ListItem","position":3,"name":"Myjnia modu\u0142owa BKF 3-stanowiskowa (2009)"}]},{"@type":"WebSite","@id":"https:\/\/kupmyjnie.pl\/#website","url":"https:\/\/kupmyjnie.pl\/","name":"KUPMYJNIE.pl","description":"Gie\u0142da myjni u\u017cywanych","potentialAction":[{"@type":"SearchAction","target":{"@type":"EntryPoint","urlTemplate":"https:\/\/kupmyjnie.pl\/?s={search_term_string}"},"query-input":{"@type":"PropertyValueSpecification","valueRequired":true,"valueName":"search_term_string"}}],"inLanguage":"en-US"}]}},"_links":{"self":[{"href":"https:\/\/kupmyjnie.pl\/en\/wp-json\/wp\/v2\/product\/530","targetHints":{"allow":["GET"]}}],"collection":[{"href":"https:\/\/kupmyjnie.pl\/en\/wp-json\/wp\/v2\/product"}],"about":[{"href":"https:\/\/kupmyjnie.pl\/en\/wp-json\/wp\/v2\/types\/product"}],"replies":[{"embeddable":true,"href":"https:\/\/kupmyjnie.pl\/en\/wp-json\/wp\/v2\/comments?post=530"}],"wp:featuredmedia":[{"embeddable":true,"href":"https:\/\/kupmyjnie.pl\/en\/wp-json\/wp\/v2\/media\/531"}],"wp:attachment":[{"href":"https:\/\/kupmyjnie.pl\/en\/wp-json\/wp\/v2\/media?parent=530"}],"wp:term":[{"taxonomy":"product_brand","embeddable":true,"href":"https:\/\/kupmyjnie.pl\/en\/wp-json\/wp\/v2\/product_brand?post=530"},{"taxonomy":"product_cat","embeddable":true,"href":"https:\/\/kupmyjnie.pl\/en\/wp-json\/wp\/v2\/product_cat?post=530"},{"taxonomy":"product_tag","embeddable":true,"href":"https:\/\/kupmyjnie.pl\/en\/wp-json\/wp\/v2\/product_tag?post=530"}],"curies":[{"name":"wp","href":"https:\/\/api.w.org\/{rel}","templated":true}]}}