{"id":537,"date":"2019-01-20T13:45:36","date_gmt":"2019-01-20T12:45:36","guid":{"rendered":"http:\/\/kupmyjnie.pl\/?post_type=product&#038;p=537"},"modified":"2020-09-21T15:44:08","modified_gmt":"2020-09-21T13:44:08","slug":"myjnia-washtec-bakowo","status":"publish","type":"product","link":"https:\/\/kupmyjnie.pl\/en\/produkt\/myjnia-washtec-bakowo\/","title":{"rendered":"Myjnia WashTec &#8211; B\u0105kowo"},"content":{"rendered":"<p>Myjnia automatyczna WashTec wraz z kompletn\u0105 hal\u0105, pomieszczeniem technicznym i ca\u0142ym wyposa\u017ceniem (system filtruj\u0105cy i zmi\u0119kczaj\u0105cy wod\u0119, pompy, zbiorniki, komputery). W cenie kompleksowy monta\u017c na przygotowanym miejscu w Tr\u00f3jmie\u015bcie i okolicach. Maszyna po kompletnym remoncie w Niemczech, przebieg malutki, bo dopiero 5000 aut. Myjnia ca\u0142y czas pracuje i nie ma z ni\u0105 problem\u00f3w. Myjnia znajduje si\u0119 w wojew\u00f3dztwie pomorskim.<\/p>\n","protected":false},"excerpt":{"rendered":"<p>Myjnia automatyczna WashTec wraz z kompletn\u0105 hal\u0105, pomieszczeniem technicznym i ca\u0142ym wyposa\u017ceniem (system filtruj\u0105cy i zmi\u0119kczaj\u0105cy wod\u0119, pompy, zbiorniki, komputery). Myjnia znajduje si\u0119 w B\u0105kowie (woj. pomorskie).<\/p>\n","protected":false},"featured_media":538,"comment_status":"open","ping_status":"closed","template":"","meta":[],"product_brand":[],"product_cat":[34],"product_tag":[],"class_list":{"0":"post-537","1":"product","2":"type-product","3":"status-publish","4":"has-post-thumbnail","6":"product_cat-uncategorized","8":"first","9":"instock","10":"taxable","11":"shipping-taxable","12":"purchasable","13":"product-type-simple"},"yoast_head":"<!-- This site is optimized with the Yoast SEO Premium plugin v26.8 (Yoast SEO v26.8) - https:\/\/yoast.com\/product\/yoast-seo-premium-wordpress\/ -->\n<title>Myjnia WashTec - B\u0105kowo - KUPMYJNIE.pl<\/title>\n<meta name=\"robots\" content=\"index, follow, max-snippet:-1, max-image-preview:large, max-video-preview:-1\" \/>\n<link rel=\"canonical\" href=\"https:\/\/kupmyjnie.pl\/produkt\/myjnia-washtec-bakowo\/\" \/>\n<meta property=\"og:locale\" content=\"en_US\" \/>\n<meta property=\"og:type\" content=\"article\" \/>\n<meta property=\"og:title\" content=\"Myjnia WashTec - B\u0105kowo\" \/>\n<meta property=\"og:description\" content=\"Myjnia automatyczna WashTec wraz z kompletn\u0105 hal\u0105, pomieszczeniem technicznym i ca\u0142ym wyposa\u017ceniem (system filtruj\u0105cy i zmi\u0119kczaj\u0105cy wod\u0119, pompy, zbiorniki, komputery). Myjnia znajduje si\u0119 w B\u0105kowie (woj. pomorskie).\" \/>\n<meta property=\"og:url\" content=\"https:\/\/kupmyjnie.pl\/produkt\/myjnia-washtec-bakowo\/\" \/>\n<meta property=\"og:site_name\" content=\"KUPMYJNIE.pl\" \/>\n<meta property=\"article:modified_time\" content=\"2020-09-21T13:44:08+00:00\" \/>\n<meta property=\"og:image\" content=\"https:\/\/kupmyjnie.pl\/wp-content\/uploads\/2019\/01\/img_0602.jpg\" \/>\n\t<meta property=\"og:image:width\" content=\"1024\" \/>\n\t<meta property=\"og:image:height\" content=\"576\" \/>\n\t<meta property=\"og:image:type\" content=\"image\/jpeg\" \/>\n<meta name=\"twitter:card\" content=\"summary_large_image\" \/>\n<script type=\"application\/ld+json\" class=\"yoast-schema-graph\">{\"@context\":\"https:\/\/schema.org\",\"@graph\":[{\"@type\":\"WebPage\",\"@id\":\"https:\/\/kupmyjnie.pl\/produkt\/myjnia-washtec-bakowo\/\",\"url\":\"https:\/\/kupmyjnie.pl\/produkt\/myjnia-washtec-bakowo\/\",\"name\":\"Myjnia WashTec - B\u0105kowo - KUPMYJNIE.pl\",\"isPartOf\":{\"@id\":\"https:\/\/kupmyjnie.pl\/#website\"},\"primaryImageOfPage\":{\"@id\":\"https:\/\/kupmyjnie.pl\/produkt\/myjnia-washtec-bakowo\/#primaryimage\"},\"image\":{\"@id\":\"https:\/\/kupmyjnie.pl\/produkt\/myjnia-washtec-bakowo\/#primaryimage\"},\"thumbnailUrl\":\"https:\/\/kupmyjnie.pl\/wp-content\/uploads\/2019\/01\/img_0602.jpg\",\"datePublished\":\"2019-01-20T12:45:36+00:00\",\"dateModified\":\"2020-09-21T13:44:08+00:00\",\"breadcrumb\":{\"@id\":\"https:\/\/kupmyjnie.pl\/produkt\/myjnia-washtec-bakowo\/#breadcrumb\"},\"inLanguage\":\"en-US\",\"potentialAction\":[{\"@type\":\"ReadAction\",\"target\":[\"https:\/\/kupmyjnie.pl\/produkt\/myjnia-washtec-bakowo\/\"]}]},{\"@type\":\"ImageObject\",\"inLanguage\":\"en-US\",\"@id\":\"https:\/\/kupmyjnie.pl\/produkt\/myjnia-washtec-bakowo\/#primaryimage\",\"url\":\"https:\/\/kupmyjnie.pl\/wp-content\/uploads\/2019\/01\/img_0602.jpg\",\"contentUrl\":\"https:\/\/kupmyjnie.pl\/wp-content\/uploads\/2019\/01\/img_0602.jpg\",\"width\":1024,\"height\":576},{\"@type\":\"BreadcrumbList\",\"@id\":\"https:\/\/kupmyjnie.pl\/produkt\/myjnia-washtec-bakowo\/#breadcrumb\",\"itemListElement\":[{\"@type\":\"ListItem\",\"position\":1,\"name\":\"Home\",\"item\":\"https:\/\/kupmyjnie.pl\/en\/\"},{\"@type\":\"ListItem\",\"position\":2,\"name\":\"Aktualne og\u0142oszenia\",\"item\":\"https:\/\/kupmyjnie.pl\/ogloszenia\/\"},{\"@type\":\"ListItem\",\"position\":3,\"name\":\"Myjnia WashTec &#8211; B\u0105kowo\"}]},{\"@type\":\"WebSite\",\"@id\":\"https:\/\/kupmyjnie.pl\/#website\",\"url\":\"https:\/\/kupmyjnie.pl\/\",\"name\":\"KUPMYJNIE.pl\",\"description\":\"Gie\u0142da myjni u\u017cywanych\",\"potentialAction\":[{\"@type\":\"SearchAction\",\"target\":{\"@type\":\"EntryPoint\",\"urlTemplate\":\"https:\/\/kupmyjnie.pl\/?s={search_term_string}\"},\"query-input\":{\"@type\":\"PropertyValueSpecification\",\"valueRequired\":true,\"valueName\":\"search_term_string\"}}],\"inLanguage\":\"en-US\"}]}<\/script>\n<!-- \/ Yoast SEO Premium plugin. -->","yoast_head_json":{"title":"Myjnia WashTec - B\u0105kowo - KUPMYJNIE.pl","robots":{"index":"index","follow":"follow","max-snippet":"max-snippet:-1","max-image-preview":"max-image-preview:large","max-video-preview":"max-video-preview:-1"},"canonical":"https:\/\/kupmyjnie.pl\/produkt\/myjnia-washtec-bakowo\/","og_locale":"en_US","og_type":"article","og_title":"Myjnia WashTec - B\u0105kowo","og_description":"Myjnia automatyczna WashTec wraz z kompletn\u0105 hal\u0105, pomieszczeniem technicznym i ca\u0142ym wyposa\u017ceniem (system filtruj\u0105cy i zmi\u0119kczaj\u0105cy wod\u0119, pompy, zbiorniki, komputery). Myjnia znajduje si\u0119 w B\u0105kowie (woj. pomorskie).","og_url":"https:\/\/kupmyjnie.pl\/produkt\/myjnia-washtec-bakowo\/","og_site_name":"KUPMYJNIE.pl","article_modified_time":"2020-09-21T13:44:08+00:00","og_image":[{"width":1024,"height":576,"url":"https:\/\/kupmyjnie.pl\/wp-content\/uploads\/2019\/01\/img_0602.jpg","type":"image\/jpeg"}],"twitter_card":"summary_large_image","schema":{"@context":"https:\/\/schema.org","@graph":[{"@type":"WebPage","@id":"https:\/\/kupmyjnie.pl\/produkt\/myjnia-washtec-bakowo\/","url":"https:\/\/kupmyjnie.pl\/produkt\/myjnia-washtec-bakowo\/","name":"Myjnia WashTec - B\u0105kowo - KUPMYJNIE.pl","isPartOf":{"@id":"https:\/\/kupmyjnie.pl\/#website"},"primaryImageOfPage":{"@id":"https:\/\/kupmyjnie.pl\/produkt\/myjnia-washtec-bakowo\/#primaryimage"},"image":{"@id":"https:\/\/kupmyjnie.pl\/produkt\/myjnia-washtec-bakowo\/#primaryimage"},"thumbnailUrl":"https:\/\/kupmyjnie.pl\/wp-content\/uploads\/2019\/01\/img_0602.jpg","datePublished":"2019-01-20T12:45:36+00:00","dateModified":"2020-09-21T13:44:08+00:00","breadcrumb":{"@id":"https:\/\/kupmyjnie.pl\/produkt\/myjnia-washtec-bakowo\/#breadcrumb"},"inLanguage":"en-US","potentialAction":[{"@type":"ReadAction","target":["https:\/\/kupmyjnie.pl\/produkt\/myjnia-washtec-bakowo\/"]}]},{"@type":"ImageObject","inLanguage":"en-US","@id":"https:\/\/kupmyjnie.pl\/produkt\/myjnia-washtec-bakowo\/#primaryimage","url":"https:\/\/kupmyjnie.pl\/wp-content\/uploads\/2019\/01\/img_0602.jpg","contentUrl":"https:\/\/kupmyjnie.pl\/wp-content\/uploads\/2019\/01\/img_0602.jpg","width":1024,"height":576},{"@type":"BreadcrumbList","@id":"https:\/\/kupmyjnie.pl\/produkt\/myjnia-washtec-bakowo\/#breadcrumb","itemListElement":[{"@type":"ListItem","position":1,"name":"Home","item":"https:\/\/kupmyjnie.pl\/en\/"},{"@type":"ListItem","position":2,"name":"Aktualne og\u0142oszenia","item":"https:\/\/kupmyjnie.pl\/ogloszenia\/"},{"@type":"ListItem","position":3,"name":"Myjnia WashTec &#8211; B\u0105kowo"}]},{"@type":"WebSite","@id":"https:\/\/kupmyjnie.pl\/#website","url":"https:\/\/kupmyjnie.pl\/","name":"KUPMYJNIE.pl","description":"Gie\u0142da myjni u\u017cywanych","potentialAction":[{"@type":"SearchAction","target":{"@type":"EntryPoint","urlTemplate":"https:\/\/kupmyjnie.pl\/?s={search_term_string}"},"query-input":{"@type":"PropertyValueSpecification","valueRequired":true,"valueName":"search_term_string"}}],"inLanguage":"en-US"}]}},"_links":{"self":[{"href":"https:\/\/kupmyjnie.pl\/en\/wp-json\/wp\/v2\/product\/537","targetHints":{"allow":["GET"]}}],"collection":[{"href":"https:\/\/kupmyjnie.pl\/en\/wp-json\/wp\/v2\/product"}],"about":[{"href":"https:\/\/kupmyjnie.pl\/en\/wp-json\/wp\/v2\/types\/product"}],"replies":[{"embeddable":true,"href":"https:\/\/kupmyjnie.pl\/en\/wp-json\/wp\/v2\/comments?post=537"}],"wp:featuredmedia":[{"embeddable":true,"href":"https:\/\/kupmyjnie.pl\/en\/wp-json\/wp\/v2\/media\/538"}],"wp:attachment":[{"href":"https:\/\/kupmyjnie.pl\/en\/wp-json\/wp\/v2\/media?parent=537"}],"wp:term":[{"taxonomy":"product_brand","embeddable":true,"href":"https:\/\/kupmyjnie.pl\/en\/wp-json\/wp\/v2\/product_brand?post=537"},{"taxonomy":"product_cat","embeddable":true,"href":"https:\/\/kupmyjnie.pl\/en\/wp-json\/wp\/v2\/product_cat?post=537"},{"taxonomy":"product_tag","embeddable":true,"href":"https:\/\/kupmyjnie.pl\/en\/wp-json\/wp\/v2\/product_tag?post=537"}],"curies":[{"name":"wp","href":"https:\/\/api.w.org\/{rel}","templated":true}]}}