{"id":558,"date":"2019-03-08T12:22:04","date_gmt":"2019-03-08T11:22:04","guid":{"rendered":"http:\/\/kupmyjnie.pl\/?post_type=product&#038;p=558"},"modified":"2021-11-17T10:38:32","modified_gmt":"2021-11-17T09:38:32","slug":"myjnia-bkf-dwustanowiskowa-2013","status":"publish","type":"product","link":"https:\/\/kupmyjnie.pl\/en\/produkt\/myjnia-bkf-dwustanowiskowa-2013\/","title":{"rendered":"Myjnia BKF dwustanowiskowa 2013"},"content":{"rendered":"<p>Sprzedam modu\u0142 2-stanowiska BKF-u. Stan techniczny perfekcyjny na bie\u017c\u0105co serwisowana. Kocio\u0142 olej opa\u0142owy, 5 program\u00f3w mycia.<\/p>\n<p>Dane dotycz\u0105ce myjni<br \/>\nProducent: BKF<br \/>\nModel: Modu\u0142 2-stanowiska<br \/>\nRok produkcji: 2013<br \/>\nIlo\u015b\u0107 stanowisk: 2<br \/>\nRodzaj kot\u0142a: olej opa\u0142owy<br \/>\nProgramy: 5 program\u00f3w<br \/>\nDost\u0119pno\u015b\u0107: do demonta\u017cu<br \/>\nLokalizacja: wojew\u00f3dztwo ma\u0142opolskie<\/p>\n","protected":false},"excerpt":{"rendered":"<p>Sprzedam modu\u0142 2-stanowiska BKF-u. Myjnia do obejrzenia w Zakopanem w ci\u0105g\u0142ej eksploatacji stan techniczny perfekcyjnyo na bie\u017c\u0105co serwisowana. Kocio\u0142 olej opa\u0142owy, 5 program\u00f3w mycia.<\/p>\n","protected":false},"featured_media":560,"comment_status":"open","ping_status":"closed","template":"","meta":[],"product_brand":[],"product_cat":[34],"product_tag":[],"class_list":{"0":"post-558","1":"product","2":"type-product","3":"status-publish","4":"has-post-thumbnail","6":"product_cat-uncategorized","8":"first","9":"instock","10":"taxable","11":"shipping-taxable","12":"purchasable","13":"product-type-simple"},"yoast_head":"<!-- This site is optimized with the Yoast SEO Premium plugin v26.8 (Yoast SEO v26.8) - https:\/\/yoast.com\/product\/yoast-seo-premium-wordpress\/ -->\n<title>Myjnia BKF dwustanowiskowa 2013 - KUPMYJNIE.pl<\/title>\n<meta name=\"robots\" content=\"index, follow, max-snippet:-1, max-image-preview:large, max-video-preview:-1\" \/>\n<link rel=\"canonical\" href=\"https:\/\/kupmyjnie.pl\/produkt\/myjnia-bkf-dwustanowiskowa-2013\/\" \/>\n<meta property=\"og:locale\" content=\"en_US\" \/>\n<meta property=\"og:type\" content=\"article\" \/>\n<meta property=\"og:title\" content=\"Myjnia BKF dwustanowiskowa 2013\" \/>\n<meta property=\"og:description\" content=\"Sprzedam modu\u0142 2-stanowiska BKF-u. Myjnia do obejrzenia w Zakopanem w ci\u0105g\u0142ej eksploatacji stan techniczny perfekcyjnyo na bie\u017c\u0105co serwisowana. Kocio\u0142 olej opa\u0142owy, 5 program\u00f3w mycia.\" \/>\n<meta property=\"og:url\" content=\"https:\/\/kupmyjnie.pl\/produkt\/myjnia-bkf-dwustanowiskowa-2013\/\" \/>\n<meta property=\"og:site_name\" content=\"KUPMYJNIE.pl\" \/>\n<meta property=\"article:modified_time\" content=\"2021-11-17T09:38:32+00:00\" \/>\n<meta property=\"og:image\" content=\"https:\/\/kupmyjnie.pl\/wp-content\/uploads\/2019\/03\/1.jpg\" \/>\n\t<meta property=\"og:image:width\" content=\"1008\" \/>\n\t<meta property=\"og:image:height\" content=\"756\" \/>\n\t<meta property=\"og:image:type\" content=\"image\/jpeg\" \/>\n<meta name=\"twitter:card\" content=\"summary_large_image\" \/>\n<script type=\"application\/ld+json\" class=\"yoast-schema-graph\">{\"@context\":\"https:\/\/schema.org\",\"@graph\":[{\"@type\":\"WebPage\",\"@id\":\"https:\/\/kupmyjnie.pl\/produkt\/myjnia-bkf-dwustanowiskowa-2013\/\",\"url\":\"https:\/\/kupmyjnie.pl\/produkt\/myjnia-bkf-dwustanowiskowa-2013\/\",\"name\":\"Myjnia BKF dwustanowiskowa 2013 - KUPMYJNIE.pl\",\"isPartOf\":{\"@id\":\"https:\/\/kupmyjnie.pl\/#website\"},\"primaryImageOfPage\":{\"@id\":\"https:\/\/kupmyjnie.pl\/produkt\/myjnia-bkf-dwustanowiskowa-2013\/#primaryimage\"},\"image\":{\"@id\":\"https:\/\/kupmyjnie.pl\/produkt\/myjnia-bkf-dwustanowiskowa-2013\/#primaryimage\"},\"thumbnailUrl\":\"https:\/\/kupmyjnie.pl\/wp-content\/uploads\/2019\/03\/1.jpg\",\"datePublished\":\"2019-03-08T11:22:04+00:00\",\"dateModified\":\"2021-11-17T09:38:32+00:00\",\"breadcrumb\":{\"@id\":\"https:\/\/kupmyjnie.pl\/produkt\/myjnia-bkf-dwustanowiskowa-2013\/#breadcrumb\"},\"inLanguage\":\"en-US\",\"potentialAction\":[{\"@type\":\"ReadAction\",\"target\":[\"https:\/\/kupmyjnie.pl\/produkt\/myjnia-bkf-dwustanowiskowa-2013\/\"]}]},{\"@type\":\"ImageObject\",\"inLanguage\":\"en-US\",\"@id\":\"https:\/\/kupmyjnie.pl\/produkt\/myjnia-bkf-dwustanowiskowa-2013\/#primaryimage\",\"url\":\"https:\/\/kupmyjnie.pl\/wp-content\/uploads\/2019\/03\/1.jpg\",\"contentUrl\":\"https:\/\/kupmyjnie.pl\/wp-content\/uploads\/2019\/03\/1.jpg\",\"width\":1008,\"height\":756},{\"@type\":\"BreadcrumbList\",\"@id\":\"https:\/\/kupmyjnie.pl\/produkt\/myjnia-bkf-dwustanowiskowa-2013\/#breadcrumb\",\"itemListElement\":[{\"@type\":\"ListItem\",\"position\":1,\"name\":\"Home\",\"item\":\"https:\/\/kupmyjnie.pl\/en\/\"},{\"@type\":\"ListItem\",\"position\":2,\"name\":\"Aktualne og\u0142oszenia\",\"item\":\"https:\/\/kupmyjnie.pl\/ogloszenia\/\"},{\"@type\":\"ListItem\",\"position\":3,\"name\":\"Myjnia BKF dwustanowiskowa 2013\"}]},{\"@type\":\"WebSite\",\"@id\":\"https:\/\/kupmyjnie.pl\/#website\",\"url\":\"https:\/\/kupmyjnie.pl\/\",\"name\":\"KUPMYJNIE.pl\",\"description\":\"Gie\u0142da myjni u\u017cywanych\",\"potentialAction\":[{\"@type\":\"SearchAction\",\"target\":{\"@type\":\"EntryPoint\",\"urlTemplate\":\"https:\/\/kupmyjnie.pl\/?s={search_term_string}\"},\"query-input\":{\"@type\":\"PropertyValueSpecification\",\"valueRequired\":true,\"valueName\":\"search_term_string\"}}],\"inLanguage\":\"en-US\"}]}<\/script>\n<!-- \/ Yoast SEO Premium plugin. -->","yoast_head_json":{"title":"Myjnia BKF dwustanowiskowa 2013 - KUPMYJNIE.pl","robots":{"index":"index","follow":"follow","max-snippet":"max-snippet:-1","max-image-preview":"max-image-preview:large","max-video-preview":"max-video-preview:-1"},"canonical":"https:\/\/kupmyjnie.pl\/produkt\/myjnia-bkf-dwustanowiskowa-2013\/","og_locale":"en_US","og_type":"article","og_title":"Myjnia BKF dwustanowiskowa 2013","og_description":"Sprzedam modu\u0142 2-stanowiska BKF-u. Myjnia do obejrzenia w Zakopanem w ci\u0105g\u0142ej eksploatacji stan techniczny perfekcyjnyo na bie\u017c\u0105co serwisowana. Kocio\u0142 olej opa\u0142owy, 5 program\u00f3w mycia.","og_url":"https:\/\/kupmyjnie.pl\/produkt\/myjnia-bkf-dwustanowiskowa-2013\/","og_site_name":"KUPMYJNIE.pl","article_modified_time":"2021-11-17T09:38:32+00:00","og_image":[{"width":1008,"height":756,"url":"https:\/\/kupmyjnie.pl\/wp-content\/uploads\/2019\/03\/1.jpg","type":"image\/jpeg"}],"twitter_card":"summary_large_image","schema":{"@context":"https:\/\/schema.org","@graph":[{"@type":"WebPage","@id":"https:\/\/kupmyjnie.pl\/produkt\/myjnia-bkf-dwustanowiskowa-2013\/","url":"https:\/\/kupmyjnie.pl\/produkt\/myjnia-bkf-dwustanowiskowa-2013\/","name":"Myjnia BKF dwustanowiskowa 2013 - KUPMYJNIE.pl","isPartOf":{"@id":"https:\/\/kupmyjnie.pl\/#website"},"primaryImageOfPage":{"@id":"https:\/\/kupmyjnie.pl\/produkt\/myjnia-bkf-dwustanowiskowa-2013\/#primaryimage"},"image":{"@id":"https:\/\/kupmyjnie.pl\/produkt\/myjnia-bkf-dwustanowiskowa-2013\/#primaryimage"},"thumbnailUrl":"https:\/\/kupmyjnie.pl\/wp-content\/uploads\/2019\/03\/1.jpg","datePublished":"2019-03-08T11:22:04+00:00","dateModified":"2021-11-17T09:38:32+00:00","breadcrumb":{"@id":"https:\/\/kupmyjnie.pl\/produkt\/myjnia-bkf-dwustanowiskowa-2013\/#breadcrumb"},"inLanguage":"en-US","potentialAction":[{"@type":"ReadAction","target":["https:\/\/kupmyjnie.pl\/produkt\/myjnia-bkf-dwustanowiskowa-2013\/"]}]},{"@type":"ImageObject","inLanguage":"en-US","@id":"https:\/\/kupmyjnie.pl\/produkt\/myjnia-bkf-dwustanowiskowa-2013\/#primaryimage","url":"https:\/\/kupmyjnie.pl\/wp-content\/uploads\/2019\/03\/1.jpg","contentUrl":"https:\/\/kupmyjnie.pl\/wp-content\/uploads\/2019\/03\/1.jpg","width":1008,"height":756},{"@type":"BreadcrumbList","@id":"https:\/\/kupmyjnie.pl\/produkt\/myjnia-bkf-dwustanowiskowa-2013\/#breadcrumb","itemListElement":[{"@type":"ListItem","position":1,"name":"Home","item":"https:\/\/kupmyjnie.pl\/en\/"},{"@type":"ListItem","position":2,"name":"Aktualne og\u0142oszenia","item":"https:\/\/kupmyjnie.pl\/ogloszenia\/"},{"@type":"ListItem","position":3,"name":"Myjnia BKF dwustanowiskowa 2013"}]},{"@type":"WebSite","@id":"https:\/\/kupmyjnie.pl\/#website","url":"https:\/\/kupmyjnie.pl\/","name":"KUPMYJNIE.pl","description":"Gie\u0142da myjni u\u017cywanych","potentialAction":[{"@type":"SearchAction","target":{"@type":"EntryPoint","urlTemplate":"https:\/\/kupmyjnie.pl\/?s={search_term_string}"},"query-input":{"@type":"PropertyValueSpecification","valueRequired":true,"valueName":"search_term_string"}}],"inLanguage":"en-US"}]}},"_links":{"self":[{"href":"https:\/\/kupmyjnie.pl\/en\/wp-json\/wp\/v2\/product\/558","targetHints":{"allow":["GET"]}}],"collection":[{"href":"https:\/\/kupmyjnie.pl\/en\/wp-json\/wp\/v2\/product"}],"about":[{"href":"https:\/\/kupmyjnie.pl\/en\/wp-json\/wp\/v2\/types\/product"}],"replies":[{"embeddable":true,"href":"https:\/\/kupmyjnie.pl\/en\/wp-json\/wp\/v2\/comments?post=558"}],"wp:featuredmedia":[{"embeddable":true,"href":"https:\/\/kupmyjnie.pl\/en\/wp-json\/wp\/v2\/media\/560"}],"wp:attachment":[{"href":"https:\/\/kupmyjnie.pl\/en\/wp-json\/wp\/v2\/media?parent=558"}],"wp:term":[{"taxonomy":"product_brand","embeddable":true,"href":"https:\/\/kupmyjnie.pl\/en\/wp-json\/wp\/v2\/product_brand?post=558"},{"taxonomy":"product_cat","embeddable":true,"href":"https:\/\/kupmyjnie.pl\/en\/wp-json\/wp\/v2\/product_cat?post=558"},{"taxonomy":"product_tag","embeddable":true,"href":"https:\/\/kupmyjnie.pl\/en\/wp-json\/wp\/v2\/product_tag?post=558"}],"curies":[{"name":"wp","href":"https:\/\/api.w.org\/{rel}","templated":true}]}}