{"id":564,"date":"2019-05-29T15:06:44","date_gmt":"2019-05-29T13:06:44","guid":{"rendered":"http:\/\/kupmyjnie.pl\/?post_type=product&#038;p=564"},"modified":"2019-08-27T15:15:16","modified_gmt":"2019-08-27T13:15:16","slug":"564","status":"publish","type":"product","link":"https:\/\/kupmyjnie.pl\/en\/produkt\/564\/","title":{"rendered":""},"content":{"rendered":"<p>Sprzedam myjnie :<br \/>\nProducent: Euro-ekol<br \/>\nTyp:kontenerowa<br \/>\nRok prod. 2013<br \/>\nStanowiska 3<br \/>\nZasilanie: kocio\u0142 gazowy i solar<br \/>\nIlo\u015b\u0107 program\u00f3w :2 st. 5 program\u00f3w 1 stanowisko 4 programy<br \/>\nDodatkowo: 2 stanowiska szczotka, odkurzacz, nalewak p\u0142ynu ,oprysk felg,monitoring,alarm,rozmieniarka<br \/>\ndostepno\u015bc:od zaraz<br \/>\nstan myjni :bardzo dobry<\/p>\n","protected":false},"excerpt":{"rendered":"<p>3-stanowiskowa myjnia kontenerowa Euro-ecol<br \/>\nZasilanie: kocio\u0142 gazowy i solar<br \/>\nDodatkowo: 2 stanowiska szczotka, odkurzacz, nalewak p\u0142ynu ,oprysk felg,monitoring,alarm,rozmieniarka<\/p>\n","protected":false},"featured_media":571,"comment_status":"open","ping_status":"closed","template":"","meta":[],"product_brand":[],"product_cat":[34],"product_tag":[],"class_list":{"0":"post-564","1":"product","2":"type-product","3":"status-publish","4":"has-post-thumbnail","6":"product_cat-uncategorized","8":"first","9":"outofstock","10":"purchasable","11":"product-type-simple"},"yoast_head":"<!-- This site is optimized with the Yoast SEO Premium plugin v26.8 (Yoast SEO v26.8) - https:\/\/yoast.com\/product\/yoast-seo-premium-wordpress\/ -->\n<title>- KUPMYJNIE.pl<\/title>\n<meta name=\"robots\" content=\"index, follow, max-snippet:-1, max-image-preview:large, max-video-preview:-1\" \/>\n<link rel=\"canonical\" href=\"https:\/\/kupmyjnie.pl\/produkt\/564\/\" \/>\n<meta property=\"og:locale\" content=\"en_US\" \/>\n<meta property=\"og:type\" content=\"article\" \/>\n<meta property=\"og:description\" content=\"3-stanowiskowa myjnia kontenerowa Euro-ecol Zasilanie: kocio\u0142 gazowy i solar Dodatkowo: 2 stanowiska szczotka, odkurzacz, nalewak p\u0142ynu ,oprysk felg,monitoring,alarm,rozmieniarka\" \/>\n<meta property=\"og:url\" content=\"https:\/\/kupmyjnie.pl\/produkt\/564\/\" \/>\n<meta property=\"og:site_name\" content=\"KUPMYJNIE.pl\" \/>\n<meta property=\"article:modified_time\" content=\"2019-08-27T13:15:16+00:00\" \/>\n<meta property=\"og:image\" content=\"https:\/\/kupmyjnie.pl\/wp-content\/uploads\/2019\/05\/20190524_100833.jpg\" \/>\n\t<meta property=\"og:image:width\" content=\"1200\" \/>\n\t<meta property=\"og:image:height\" content=\"900\" \/>\n\t<meta property=\"og:image:type\" content=\"image\/jpeg\" \/>\n<meta name=\"twitter:card\" content=\"summary_large_image\" \/>\n<script type=\"application\/ld+json\" class=\"yoast-schema-graph\">{\"@context\":\"https:\/\/schema.org\",\"@graph\":[{\"@type\":\"WebPage\",\"@id\":\"https:\/\/kupmyjnie.pl\/produkt\/564\/\",\"url\":\"https:\/\/kupmyjnie.pl\/produkt\/564\/\",\"name\":\"- KUPMYJNIE.pl\",\"isPartOf\":{\"@id\":\"https:\/\/kupmyjnie.pl\/#website\"},\"primaryImageOfPage\":{\"@id\":\"https:\/\/kupmyjnie.pl\/produkt\/564\/#primaryimage\"},\"image\":{\"@id\":\"https:\/\/kupmyjnie.pl\/produkt\/564\/#primaryimage\"},\"thumbnailUrl\":\"https:\/\/kupmyjnie.pl\/wp-content\/uploads\/2019\/05\/20190524_100833.jpg\",\"datePublished\":\"2019-05-29T13:06:44+00:00\",\"dateModified\":\"2019-08-27T13:15:16+00:00\",\"breadcrumb\":{\"@id\":\"https:\/\/kupmyjnie.pl\/produkt\/564\/#breadcrumb\"},\"inLanguage\":\"en-US\",\"potentialAction\":[{\"@type\":\"ReadAction\",\"target\":[\"https:\/\/kupmyjnie.pl\/produkt\/564\/\"]}]},{\"@type\":\"ImageObject\",\"inLanguage\":\"en-US\",\"@id\":\"https:\/\/kupmyjnie.pl\/produkt\/564\/#primaryimage\",\"url\":\"https:\/\/kupmyjnie.pl\/wp-content\/uploads\/2019\/05\/20190524_100833.jpg\",\"contentUrl\":\"https:\/\/kupmyjnie.pl\/wp-content\/uploads\/2019\/05\/20190524_100833.jpg\",\"width\":1200,\"height\":900},{\"@type\":\"BreadcrumbList\",\"@id\":\"https:\/\/kupmyjnie.pl\/produkt\/564\/#breadcrumb\",\"itemListElement\":[{\"@type\":\"ListItem\",\"position\":1,\"name\":\"Home\",\"item\":\"https:\/\/kupmyjnie.pl\/en\/\"},{\"@type\":\"ListItem\",\"position\":2,\"name\":\"Aktualne og\u0142oszenia\",\"item\":\"https:\/\/kupmyjnie.pl\/ogloszenia\/\"}]},{\"@type\":\"WebSite\",\"@id\":\"https:\/\/kupmyjnie.pl\/#website\",\"url\":\"https:\/\/kupmyjnie.pl\/\",\"name\":\"KUPMYJNIE.pl\",\"description\":\"Gie\u0142da myjni u\u017cywanych\",\"potentialAction\":[{\"@type\":\"SearchAction\",\"target\":{\"@type\":\"EntryPoint\",\"urlTemplate\":\"https:\/\/kupmyjnie.pl\/?s={search_term_string}\"},\"query-input\":{\"@type\":\"PropertyValueSpecification\",\"valueRequired\":true,\"valueName\":\"search_term_string\"}}],\"inLanguage\":\"en-US\"}]}<\/script>\n<!-- \/ Yoast SEO Premium plugin. -->","yoast_head_json":{"title":"- KUPMYJNIE.pl","robots":{"index":"index","follow":"follow","max-snippet":"max-snippet:-1","max-image-preview":"max-image-preview:large","max-video-preview":"max-video-preview:-1"},"canonical":"https:\/\/kupmyjnie.pl\/produkt\/564\/","og_locale":"en_US","og_type":"article","og_description":"3-stanowiskowa myjnia kontenerowa Euro-ecol Zasilanie: kocio\u0142 gazowy i solar Dodatkowo: 2 stanowiska szczotka, odkurzacz, nalewak p\u0142ynu ,oprysk felg,monitoring,alarm,rozmieniarka","og_url":"https:\/\/kupmyjnie.pl\/produkt\/564\/","og_site_name":"KUPMYJNIE.pl","article_modified_time":"2019-08-27T13:15:16+00:00","og_image":[{"width":1200,"height":900,"url":"https:\/\/kupmyjnie.pl\/wp-content\/uploads\/2019\/05\/20190524_100833.jpg","type":"image\/jpeg"}],"twitter_card":"summary_large_image","schema":{"@context":"https:\/\/schema.org","@graph":[{"@type":"WebPage","@id":"https:\/\/kupmyjnie.pl\/produkt\/564\/","url":"https:\/\/kupmyjnie.pl\/produkt\/564\/","name":"- KUPMYJNIE.pl","isPartOf":{"@id":"https:\/\/kupmyjnie.pl\/#website"},"primaryImageOfPage":{"@id":"https:\/\/kupmyjnie.pl\/produkt\/564\/#primaryimage"},"image":{"@id":"https:\/\/kupmyjnie.pl\/produkt\/564\/#primaryimage"},"thumbnailUrl":"https:\/\/kupmyjnie.pl\/wp-content\/uploads\/2019\/05\/20190524_100833.jpg","datePublished":"2019-05-29T13:06:44+00:00","dateModified":"2019-08-27T13:15:16+00:00","breadcrumb":{"@id":"https:\/\/kupmyjnie.pl\/produkt\/564\/#breadcrumb"},"inLanguage":"en-US","potentialAction":[{"@type":"ReadAction","target":["https:\/\/kupmyjnie.pl\/produkt\/564\/"]}]},{"@type":"ImageObject","inLanguage":"en-US","@id":"https:\/\/kupmyjnie.pl\/produkt\/564\/#primaryimage","url":"https:\/\/kupmyjnie.pl\/wp-content\/uploads\/2019\/05\/20190524_100833.jpg","contentUrl":"https:\/\/kupmyjnie.pl\/wp-content\/uploads\/2019\/05\/20190524_100833.jpg","width":1200,"height":900},{"@type":"BreadcrumbList","@id":"https:\/\/kupmyjnie.pl\/produkt\/564\/#breadcrumb","itemListElement":[{"@type":"ListItem","position":1,"name":"Home","item":"https:\/\/kupmyjnie.pl\/en\/"},{"@type":"ListItem","position":2,"name":"Aktualne og\u0142oszenia","item":"https:\/\/kupmyjnie.pl\/ogloszenia\/"}]},{"@type":"WebSite","@id":"https:\/\/kupmyjnie.pl\/#website","url":"https:\/\/kupmyjnie.pl\/","name":"KUPMYJNIE.pl","description":"Gie\u0142da myjni u\u017cywanych","potentialAction":[{"@type":"SearchAction","target":{"@type":"EntryPoint","urlTemplate":"https:\/\/kupmyjnie.pl\/?s={search_term_string}"},"query-input":{"@type":"PropertyValueSpecification","valueRequired":true,"valueName":"search_term_string"}}],"inLanguage":"en-US"}]}},"_links":{"self":[{"href":"https:\/\/kupmyjnie.pl\/en\/wp-json\/wp\/v2\/product\/564","targetHints":{"allow":["GET"]}}],"collection":[{"href":"https:\/\/kupmyjnie.pl\/en\/wp-json\/wp\/v2\/product"}],"about":[{"href":"https:\/\/kupmyjnie.pl\/en\/wp-json\/wp\/v2\/types\/product"}],"replies":[{"embeddable":true,"href":"https:\/\/kupmyjnie.pl\/en\/wp-json\/wp\/v2\/comments?post=564"}],"wp:featuredmedia":[{"embeddable":true,"href":"https:\/\/kupmyjnie.pl\/en\/wp-json\/wp\/v2\/media\/571"}],"wp:attachment":[{"href":"https:\/\/kupmyjnie.pl\/en\/wp-json\/wp\/v2\/media?parent=564"}],"wp:term":[{"taxonomy":"product_brand","embeddable":true,"href":"https:\/\/kupmyjnie.pl\/en\/wp-json\/wp\/v2\/product_brand?post=564"},{"taxonomy":"product_cat","embeddable":true,"href":"https:\/\/kupmyjnie.pl\/en\/wp-json\/wp\/v2\/product_cat?post=564"},{"taxonomy":"product_tag","embeddable":true,"href":"https:\/\/kupmyjnie.pl\/en\/wp-json\/wp\/v2\/product_tag?post=564"}],"curies":[{"name":"wp","href":"https:\/\/api.w.org\/{rel}","templated":true}]}}