{"id":575,"date":"2019-06-25T09:30:30","date_gmt":"2019-06-25T07:30:30","guid":{"rendered":"http:\/\/kupmyjnie.pl\/?post_type=product&#038;p=575"},"modified":"2020-09-21T15:52:29","modified_gmt":"2020-09-21T13:52:29","slug":"jednostanowiskowa-myjnia-hydropress-2015","status":"publish","type":"product","link":"https:\/\/kupmyjnie.pl\/en\/produkt\/jednostanowiskowa-myjnia-hydropress-2015\/","title":{"rendered":"Jednostanowiskowa myjnia Hydropress 2015"},"content":{"rendered":"<p>Producent: Hydropress<br \/>\nModel: Myjnia 1 st<br \/>\nRok produkcji: 2015<br \/>\nIlo\u015b\u0107 stanowisk: 1<br \/>\nRodzaj kot\u0142a: Kocio\u0142 na olej opa\u0142owy<br \/>\nProgramy: 5 program\u00f3w mycia: Mycie zasadnicze, szczotka, sp\u0142ukiwanie wst\u0119pne, woskowania na gor\u0105co, sp\u0142ukiwanie ko\u0144cowe &#8211; nab\u0142yszczanie<br \/>\nDodatkowe funkcjonalno\u015bci: Automatyczne odstawianie grzania stanowisk, centralny punkt p\u0142atno\u015bci z p\u0142atno\u015bci\u0105 kartami<br \/>\nLokalizacja: Gda\u0144sk<br \/>\nDost\u0119pno\u015b\u0107: Od zaraz<br \/>\nStan: Bardzo dobry<br \/>\nProponowana cena: 40000,00 z\u0142 netto<br \/>\nInformacje dodatkowe: Do sprzedania technologia myjni 1 st firmy Hydropress.<br \/>\nOferta obejmuje nast\u0119puj\u0105ce elementy:<br \/>\n&#8211; technologia mycia w szafie technologicznej<br \/>\n&#8211; szafa technologiczna<br \/>\n&#8211; szczotka<br \/>\n&#8211; lanca + w\u0119\u017ce<br \/>\n&#8211; centralny system p\u0142atno\u015bci z p\u0142atno\u015bci\u0105 kartami p\u0142atniczymi<br \/>\nLokalizacja: wojew\u00f3dztwo pomorskie<\/p>\n<p>Uwaga!<br \/>\nDemonta\u017c i transport myjni po stronie kupuj\u0105cego.<\/p>\n","protected":false},"excerpt":{"rendered":"<p>Producent: Hydropress 2015<br \/>\nIlo\u015b\u0107 stanowisk: 1<br \/>\nRodzaj kot\u0142a: Kocio\u0142 na olej opa\u0142owy<br \/>\nOferta obejmuje nast\u0119puj\u0105ce elementy:<br \/>\n&#8211; technologia mycia w szafie technologicznej<br \/>\n&#8211; szafa technologiczna<br \/>\n&#8211; szczotka<br \/>\n&#8211; lanca + w\u0119\u017ce<br \/>\n&#8211; centralny system p\u0142atno\u015bci z p\u0142atno\u015bci\u0105 kartami p\u0142atniczymi<\/p>\n","protected":false},"featured_media":576,"comment_status":"open","ping_status":"closed","template":"","meta":[],"product_brand":[],"product_cat":[34],"product_tag":[],"class_list":{"0":"post-575","1":"product","2":"type-product","3":"status-publish","4":"has-post-thumbnail","6":"product_cat-uncategorized","8":"first","9":"outofstock","10":"taxable","11":"shipping-taxable","12":"purchasable","13":"product-type-simple"},"yoast_head":"<!-- This site is optimized with the Yoast SEO Premium plugin v26.8 (Yoast SEO v26.8) - https:\/\/yoast.com\/product\/yoast-seo-premium-wordpress\/ -->\n<title>Jednostanowiskowa myjnia Hydropress 2015 - KUPMYJNIE.pl<\/title>\n<meta name=\"robots\" content=\"index, follow, max-snippet:-1, max-image-preview:large, max-video-preview:-1\" \/>\n<link rel=\"canonical\" href=\"https:\/\/kupmyjnie.pl\/produkt\/jednostanowiskowa-myjnia-hydropress-2015\/\" \/>\n<meta property=\"og:locale\" content=\"en_US\" \/>\n<meta property=\"og:type\" content=\"article\" \/>\n<meta property=\"og:title\" content=\"Jednostanowiskowa myjnia Hydropress 2015\" \/>\n<meta property=\"og:description\" content=\"Producent: Hydropress 2015 Ilo\u015b\u0107 stanowisk: 1 Rodzaj kot\u0142a: Kocio\u0142 na olej opa\u0142owy Oferta obejmuje nast\u0119puj\u0105ce elementy: - technologia mycia w szafie technologicznej - szafa technologiczna - szczotka - lanca + w\u0119\u017ce - centralny system p\u0142atno\u015bci z p\u0142atno\u015bci\u0105 kartami p\u0142atniczymi\" \/>\n<meta property=\"og:url\" content=\"https:\/\/kupmyjnie.pl\/produkt\/jednostanowiskowa-myjnia-hydropress-2015\/\" \/>\n<meta property=\"og:site_name\" content=\"KUPMYJNIE.pl\" \/>\n<meta property=\"article:modified_time\" content=\"2020-09-21T13:52:29+00:00\" \/>\n<meta property=\"og:image\" content=\"https:\/\/kupmyjnie.pl\/wp-content\/uploads\/2019\/06\/dsc06888-scaled.jpg\" \/>\n\t<meta property=\"og:image:width\" content=\"3872\" \/>\n\t<meta property=\"og:image:height\" content=\"2592\" \/>\n\t<meta property=\"og:image:type\" content=\"image\/jpeg\" \/>\n<meta name=\"twitter:card\" content=\"summary_large_image\" \/>\n<meta name=\"twitter:label1\" content=\"Est. reading time\" \/>\n\t<meta name=\"twitter:data1\" content=\"1 minute\" \/>\n<script type=\"application\/ld+json\" class=\"yoast-schema-graph\">{\"@context\":\"https:\/\/schema.org\",\"@graph\":[{\"@type\":\"WebPage\",\"@id\":\"https:\/\/kupmyjnie.pl\/produkt\/jednostanowiskowa-myjnia-hydropress-2015\/\",\"url\":\"https:\/\/kupmyjnie.pl\/produkt\/jednostanowiskowa-myjnia-hydropress-2015\/\",\"name\":\"Jednostanowiskowa myjnia Hydropress 2015 - KUPMYJNIE.pl\",\"isPartOf\":{\"@id\":\"https:\/\/kupmyjnie.pl\/#website\"},\"primaryImageOfPage\":{\"@id\":\"https:\/\/kupmyjnie.pl\/produkt\/jednostanowiskowa-myjnia-hydropress-2015\/#primaryimage\"},\"image\":{\"@id\":\"https:\/\/kupmyjnie.pl\/produkt\/jednostanowiskowa-myjnia-hydropress-2015\/#primaryimage\"},\"thumbnailUrl\":\"https:\/\/kupmyjnie.pl\/wp-content\/uploads\/2019\/06\/dsc06888-scaled.jpg\",\"datePublished\":\"2019-06-25T07:30:30+00:00\",\"dateModified\":\"2020-09-21T13:52:29+00:00\",\"breadcrumb\":{\"@id\":\"https:\/\/kupmyjnie.pl\/produkt\/jednostanowiskowa-myjnia-hydropress-2015\/#breadcrumb\"},\"inLanguage\":\"en-US\",\"potentialAction\":[{\"@type\":\"ReadAction\",\"target\":[\"https:\/\/kupmyjnie.pl\/produkt\/jednostanowiskowa-myjnia-hydropress-2015\/\"]}]},{\"@type\":\"ImageObject\",\"inLanguage\":\"en-US\",\"@id\":\"https:\/\/kupmyjnie.pl\/produkt\/jednostanowiskowa-myjnia-hydropress-2015\/#primaryimage\",\"url\":\"https:\/\/kupmyjnie.pl\/wp-content\/uploads\/2019\/06\/dsc06888-scaled.jpg\",\"contentUrl\":\"https:\/\/kupmyjnie.pl\/wp-content\/uploads\/2019\/06\/dsc06888-scaled.jpg\",\"width\":3872,\"height\":2592,\"caption\":\"SONY DSC\"},{\"@type\":\"BreadcrumbList\",\"@id\":\"https:\/\/kupmyjnie.pl\/produkt\/jednostanowiskowa-myjnia-hydropress-2015\/#breadcrumb\",\"itemListElement\":[{\"@type\":\"ListItem\",\"position\":1,\"name\":\"Home\",\"item\":\"https:\/\/kupmyjnie.pl\/en\/\"},{\"@type\":\"ListItem\",\"position\":2,\"name\":\"Aktualne og\u0142oszenia\",\"item\":\"https:\/\/kupmyjnie.pl\/ogloszenia\/\"},{\"@type\":\"ListItem\",\"position\":3,\"name\":\"Jednostanowiskowa myjnia Hydropress 2015\"}]},{\"@type\":\"WebSite\",\"@id\":\"https:\/\/kupmyjnie.pl\/#website\",\"url\":\"https:\/\/kupmyjnie.pl\/\",\"name\":\"KUPMYJNIE.pl\",\"description\":\"Gie\u0142da myjni u\u017cywanych\",\"potentialAction\":[{\"@type\":\"SearchAction\",\"target\":{\"@type\":\"EntryPoint\",\"urlTemplate\":\"https:\/\/kupmyjnie.pl\/?s={search_term_string}\"},\"query-input\":{\"@type\":\"PropertyValueSpecification\",\"valueRequired\":true,\"valueName\":\"search_term_string\"}}],\"inLanguage\":\"en-US\"}]}<\/script>\n<!-- \/ Yoast SEO Premium plugin. -->","yoast_head_json":{"title":"Jednostanowiskowa myjnia Hydropress 2015 - KUPMYJNIE.pl","robots":{"index":"index","follow":"follow","max-snippet":"max-snippet:-1","max-image-preview":"max-image-preview:large","max-video-preview":"max-video-preview:-1"},"canonical":"https:\/\/kupmyjnie.pl\/produkt\/jednostanowiskowa-myjnia-hydropress-2015\/","og_locale":"en_US","og_type":"article","og_title":"Jednostanowiskowa myjnia Hydropress 2015","og_description":"Producent: Hydropress 2015 Ilo\u015b\u0107 stanowisk: 1 Rodzaj kot\u0142a: Kocio\u0142 na olej opa\u0142owy Oferta obejmuje nast\u0119puj\u0105ce elementy: - technologia mycia w szafie technologicznej - szafa technologiczna - szczotka - lanca + w\u0119\u017ce - centralny system p\u0142atno\u015bci z p\u0142atno\u015bci\u0105 kartami p\u0142atniczymi","og_url":"https:\/\/kupmyjnie.pl\/produkt\/jednostanowiskowa-myjnia-hydropress-2015\/","og_site_name":"KUPMYJNIE.pl","article_modified_time":"2020-09-21T13:52:29+00:00","og_image":[{"width":3872,"height":2592,"url":"https:\/\/kupmyjnie.pl\/wp-content\/uploads\/2019\/06\/dsc06888-scaled.jpg","type":"image\/jpeg"}],"twitter_card":"summary_large_image","twitter_misc":{"Est. reading time":"1 minute"},"schema":{"@context":"https:\/\/schema.org","@graph":[{"@type":"WebPage","@id":"https:\/\/kupmyjnie.pl\/produkt\/jednostanowiskowa-myjnia-hydropress-2015\/","url":"https:\/\/kupmyjnie.pl\/produkt\/jednostanowiskowa-myjnia-hydropress-2015\/","name":"Jednostanowiskowa myjnia Hydropress 2015 - KUPMYJNIE.pl","isPartOf":{"@id":"https:\/\/kupmyjnie.pl\/#website"},"primaryImageOfPage":{"@id":"https:\/\/kupmyjnie.pl\/produkt\/jednostanowiskowa-myjnia-hydropress-2015\/#primaryimage"},"image":{"@id":"https:\/\/kupmyjnie.pl\/produkt\/jednostanowiskowa-myjnia-hydropress-2015\/#primaryimage"},"thumbnailUrl":"https:\/\/kupmyjnie.pl\/wp-content\/uploads\/2019\/06\/dsc06888-scaled.jpg","datePublished":"2019-06-25T07:30:30+00:00","dateModified":"2020-09-21T13:52:29+00:00","breadcrumb":{"@id":"https:\/\/kupmyjnie.pl\/produkt\/jednostanowiskowa-myjnia-hydropress-2015\/#breadcrumb"},"inLanguage":"en-US","potentialAction":[{"@type":"ReadAction","target":["https:\/\/kupmyjnie.pl\/produkt\/jednostanowiskowa-myjnia-hydropress-2015\/"]}]},{"@type":"ImageObject","inLanguage":"en-US","@id":"https:\/\/kupmyjnie.pl\/produkt\/jednostanowiskowa-myjnia-hydropress-2015\/#primaryimage","url":"https:\/\/kupmyjnie.pl\/wp-content\/uploads\/2019\/06\/dsc06888-scaled.jpg","contentUrl":"https:\/\/kupmyjnie.pl\/wp-content\/uploads\/2019\/06\/dsc06888-scaled.jpg","width":3872,"height":2592,"caption":"SONY DSC"},{"@type":"BreadcrumbList","@id":"https:\/\/kupmyjnie.pl\/produkt\/jednostanowiskowa-myjnia-hydropress-2015\/#breadcrumb","itemListElement":[{"@type":"ListItem","position":1,"name":"Home","item":"https:\/\/kupmyjnie.pl\/en\/"},{"@type":"ListItem","position":2,"name":"Aktualne og\u0142oszenia","item":"https:\/\/kupmyjnie.pl\/ogloszenia\/"},{"@type":"ListItem","position":3,"name":"Jednostanowiskowa myjnia Hydropress 2015"}]},{"@type":"WebSite","@id":"https:\/\/kupmyjnie.pl\/#website","url":"https:\/\/kupmyjnie.pl\/","name":"KUPMYJNIE.pl","description":"Gie\u0142da myjni u\u017cywanych","potentialAction":[{"@type":"SearchAction","target":{"@type":"EntryPoint","urlTemplate":"https:\/\/kupmyjnie.pl\/?s={search_term_string}"},"query-input":{"@type":"PropertyValueSpecification","valueRequired":true,"valueName":"search_term_string"}}],"inLanguage":"en-US"}]}},"_links":{"self":[{"href":"https:\/\/kupmyjnie.pl\/en\/wp-json\/wp\/v2\/product\/575","targetHints":{"allow":["GET"]}}],"collection":[{"href":"https:\/\/kupmyjnie.pl\/en\/wp-json\/wp\/v2\/product"}],"about":[{"href":"https:\/\/kupmyjnie.pl\/en\/wp-json\/wp\/v2\/types\/product"}],"replies":[{"embeddable":true,"href":"https:\/\/kupmyjnie.pl\/en\/wp-json\/wp\/v2\/comments?post=575"}],"wp:featuredmedia":[{"embeddable":true,"href":"https:\/\/kupmyjnie.pl\/en\/wp-json\/wp\/v2\/media\/576"}],"wp:attachment":[{"href":"https:\/\/kupmyjnie.pl\/en\/wp-json\/wp\/v2\/media?parent=575"}],"wp:term":[{"taxonomy":"product_brand","embeddable":true,"href":"https:\/\/kupmyjnie.pl\/en\/wp-json\/wp\/v2\/product_brand?post=575"},{"taxonomy":"product_cat","embeddable":true,"href":"https:\/\/kupmyjnie.pl\/en\/wp-json\/wp\/v2\/product_cat?post=575"},{"taxonomy":"product_tag","embeddable":true,"href":"https:\/\/kupmyjnie.pl\/en\/wp-json\/wp\/v2\/product_tag?post=575"}],"curies":[{"name":"wp","href":"https:\/\/api.w.org\/{rel}","templated":true}]}}