{"id":580,"date":"2019-07-19T15:13:07","date_gmt":"2019-07-19T13:13:07","guid":{"rendered":"http:\/\/kupmyjnie.pl\/?post_type=product&#038;p=580"},"modified":"2019-07-25T16:07:18","modified_gmt":"2019-07-25T14:07:18","slug":"myjnia-automatyczna-istobal-m-nex22","status":"publish","type":"product","link":"https:\/\/kupmyjnie.pl\/en\/produkt\/myjnia-automatyczna-istobal-m-nex22\/","title":{"rendered":"Myjnia automatyczna Istobal M NEX22"},"content":{"rendered":"<div>\n<div>Istobal M NEX22,\u00a0 kt\u00f3ra\u00a0 zosta\u0142a oddana do u\u017cytku w po\u0142owie listopada listopada 2013 r.<\/div>\n<div><\/div>\n<div>Obecnie ma oko\u0142o 49,400 myc<\/div>\n<\/div>\n<div>Myjnia samochodowa: wysoko\u015b\u0107: 3,5 m, szeroko\u015b\u0107: 3,6 m, g\u0142\u0119boko\u015b\u0107: 1,6 m<\/div>\n<div>Myjnia obs\u0142uguje samochody o wymiarach do: Wysoko\u015b\u0107: 2,7 m, szeroko\u015b\u0107: 2,5 m<\/div>\n<div>Zawiera . System mycia pod\u0142\u00f3g, w tym elementy steruj\u0105ce<\/div>\n","protected":false},"excerpt":{"rendered":"<div>\n<div>Istobal M NEX22,\u00a0 kt\u00f3ra\u00a0 zosta\u0142a oddana do u\u017cytku w po\u0142owie listopada listopada 2013 r.<\/div>\n<div><\/div>\n<div>Obecnie ma oko\u0142o 49,400 myc<\/div>\n<\/div>\n<div>Myjnia samochodowa: wysoko\u015b\u0107: 3,5 m, szeroko\u015b\u0107: 3,6 m, g\u0142\u0119boko\u015b\u0107: 1,6 m<\/div>\n<div>Myjnia obs\u0142uguje samochody o wymiarach do: Wysoko\u015b\u0107: 2,7 m, szeroko\u015b\u0107: 2,5 m<\/div>\n<div>Zawiera . System mycia pod\u0142\u00f3g, w tym elementy steruj\u0105ce<\/div>\n","protected":false},"featured_media":581,"comment_status":"open","ping_status":"closed","template":"","meta":[],"product_brand":[],"product_cat":[34],"product_tag":[],"class_list":{"0":"post-580","1":"product","2":"type-product","3":"status-publish","4":"has-post-thumbnail","6":"product_cat-uncategorized","8":"first","9":"instock","10":"taxable","11":"shipping-taxable","12":"product-type-simple"},"yoast_head":"<!-- This site is optimized with the Yoast SEO Premium plugin v26.8 (Yoast SEO v26.8) - https:\/\/yoast.com\/product\/yoast-seo-premium-wordpress\/ -->\n<title>Myjnia automatyczna Istobal M NEX22 - KUPMYJNIE.pl<\/title>\n<meta name=\"robots\" content=\"index, follow, max-snippet:-1, max-image-preview:large, max-video-preview:-1\" \/>\n<link rel=\"canonical\" href=\"https:\/\/kupmyjnie.pl\/produkt\/myjnia-automatyczna-istobal-m-nex22\/\" \/>\n<meta property=\"og:locale\" content=\"en_US\" \/>\n<meta property=\"og:type\" content=\"article\" \/>\n<meta property=\"og:title\" content=\"Myjnia automatyczna Istobal M NEX22\" \/>\n<meta property=\"og:description\" content=\"Istobal M NEX22,\u00a0 kt\u00f3ra\u00a0 zosta\u0142a oddana do u\u017cytku w po\u0142owie listopada listopada 2013 r.  Obecnie ma oko\u0142o 49,400 myc  Myjnia samochodowa: wysoko\u015b\u0107: 3,5 m, szeroko\u015b\u0107: 3,6 m, g\u0142\u0119boko\u015b\u0107: 1,6 m Myjnia obs\u0142uguje samochody o wymiarach do: Wysoko\u015b\u0107: 2,7 m, szeroko\u015b\u0107: 2,5 m Zawiera . System mycia pod\u0142\u00f3g, w tym elementy steruj\u0105ce\" \/>\n<meta property=\"og:url\" content=\"https:\/\/kupmyjnie.pl\/produkt\/myjnia-automatyczna-istobal-m-nex22\/\" \/>\n<meta property=\"og:site_name\" content=\"KUPMYJNIE.pl\" \/>\n<meta property=\"article:modified_time\" content=\"2019-07-25T14:07:18+00:00\" \/>\n<meta property=\"og:image\" content=\"https:\/\/kupmyjnie.pl\/wp-content\/uploads\/2019\/07\/myjnia-1.jpg\" \/>\n\t<meta property=\"og:image:width\" content=\"572\" \/>\n\t<meta property=\"og:image:height\" content=\"725\" \/>\n\t<meta property=\"og:image:type\" content=\"image\/jpeg\" \/>\n<meta name=\"twitter:card\" content=\"summary_large_image\" \/>\n<script type=\"application\/ld+json\" class=\"yoast-schema-graph\">{\"@context\":\"https:\/\/schema.org\",\"@graph\":[{\"@type\":\"WebPage\",\"@id\":\"https:\/\/kupmyjnie.pl\/produkt\/myjnia-automatyczna-istobal-m-nex22\/\",\"url\":\"https:\/\/kupmyjnie.pl\/produkt\/myjnia-automatyczna-istobal-m-nex22\/\",\"name\":\"Myjnia automatyczna Istobal M NEX22 - KUPMYJNIE.pl\",\"isPartOf\":{\"@id\":\"https:\/\/kupmyjnie.pl\/#website\"},\"primaryImageOfPage\":{\"@id\":\"https:\/\/kupmyjnie.pl\/produkt\/myjnia-automatyczna-istobal-m-nex22\/#primaryimage\"},\"image\":{\"@id\":\"https:\/\/kupmyjnie.pl\/produkt\/myjnia-automatyczna-istobal-m-nex22\/#primaryimage\"},\"thumbnailUrl\":\"https:\/\/kupmyjnie.pl\/wp-content\/uploads\/2019\/07\/myjnia-1.jpg\",\"datePublished\":\"2019-07-19T13:13:07+00:00\",\"dateModified\":\"2019-07-25T14:07:18+00:00\",\"breadcrumb\":{\"@id\":\"https:\/\/kupmyjnie.pl\/produkt\/myjnia-automatyczna-istobal-m-nex22\/#breadcrumb\"},\"inLanguage\":\"en-US\",\"potentialAction\":[{\"@type\":\"ReadAction\",\"target\":[\"https:\/\/kupmyjnie.pl\/produkt\/myjnia-automatyczna-istobal-m-nex22\/\"]}]},{\"@type\":\"ImageObject\",\"inLanguage\":\"en-US\",\"@id\":\"https:\/\/kupmyjnie.pl\/produkt\/myjnia-automatyczna-istobal-m-nex22\/#primaryimage\",\"url\":\"https:\/\/kupmyjnie.pl\/wp-content\/uploads\/2019\/07\/myjnia-1.jpg\",\"contentUrl\":\"https:\/\/kupmyjnie.pl\/wp-content\/uploads\/2019\/07\/myjnia-1.jpg\",\"width\":572,\"height\":725},{\"@type\":\"BreadcrumbList\",\"@id\":\"https:\/\/kupmyjnie.pl\/produkt\/myjnia-automatyczna-istobal-m-nex22\/#breadcrumb\",\"itemListElement\":[{\"@type\":\"ListItem\",\"position\":1,\"name\":\"Home\",\"item\":\"https:\/\/kupmyjnie.pl\/en\/\"},{\"@type\":\"ListItem\",\"position\":2,\"name\":\"Aktualne og\u0142oszenia\",\"item\":\"https:\/\/kupmyjnie.pl\/ogloszenia\/\"},{\"@type\":\"ListItem\",\"position\":3,\"name\":\"Myjnia automatyczna Istobal M NEX22\"}]},{\"@type\":\"WebSite\",\"@id\":\"https:\/\/kupmyjnie.pl\/#website\",\"url\":\"https:\/\/kupmyjnie.pl\/\",\"name\":\"KUPMYJNIE.pl\",\"description\":\"Gie\u0142da myjni u\u017cywanych\",\"potentialAction\":[{\"@type\":\"SearchAction\",\"target\":{\"@type\":\"EntryPoint\",\"urlTemplate\":\"https:\/\/kupmyjnie.pl\/?s={search_term_string}\"},\"query-input\":{\"@type\":\"PropertyValueSpecification\",\"valueRequired\":true,\"valueName\":\"search_term_string\"}}],\"inLanguage\":\"en-US\"}]}<\/script>\n<!-- \/ Yoast SEO Premium plugin. -->","yoast_head_json":{"title":"Myjnia automatyczna Istobal M NEX22 - KUPMYJNIE.pl","robots":{"index":"index","follow":"follow","max-snippet":"max-snippet:-1","max-image-preview":"max-image-preview:large","max-video-preview":"max-video-preview:-1"},"canonical":"https:\/\/kupmyjnie.pl\/produkt\/myjnia-automatyczna-istobal-m-nex22\/","og_locale":"en_US","og_type":"article","og_title":"Myjnia automatyczna Istobal M NEX22","og_description":"Istobal M NEX22,\u00a0 kt\u00f3ra\u00a0 zosta\u0142a oddana do u\u017cytku w po\u0142owie listopada listopada 2013 r.  Obecnie ma oko\u0142o 49,400 myc  Myjnia samochodowa: wysoko\u015b\u0107: 3,5 m, szeroko\u015b\u0107: 3,6 m, g\u0142\u0119boko\u015b\u0107: 1,6 m Myjnia obs\u0142uguje samochody o wymiarach do: Wysoko\u015b\u0107: 2,7 m, szeroko\u015b\u0107: 2,5 m Zawiera . System mycia pod\u0142\u00f3g, w tym elementy steruj\u0105ce","og_url":"https:\/\/kupmyjnie.pl\/produkt\/myjnia-automatyczna-istobal-m-nex22\/","og_site_name":"KUPMYJNIE.pl","article_modified_time":"2019-07-25T14:07:18+00:00","og_image":[{"width":572,"height":725,"url":"https:\/\/kupmyjnie.pl\/wp-content\/uploads\/2019\/07\/myjnia-1.jpg","type":"image\/jpeg"}],"twitter_card":"summary_large_image","schema":{"@context":"https:\/\/schema.org","@graph":[{"@type":"WebPage","@id":"https:\/\/kupmyjnie.pl\/produkt\/myjnia-automatyczna-istobal-m-nex22\/","url":"https:\/\/kupmyjnie.pl\/produkt\/myjnia-automatyczna-istobal-m-nex22\/","name":"Myjnia automatyczna Istobal M NEX22 - KUPMYJNIE.pl","isPartOf":{"@id":"https:\/\/kupmyjnie.pl\/#website"},"primaryImageOfPage":{"@id":"https:\/\/kupmyjnie.pl\/produkt\/myjnia-automatyczna-istobal-m-nex22\/#primaryimage"},"image":{"@id":"https:\/\/kupmyjnie.pl\/produkt\/myjnia-automatyczna-istobal-m-nex22\/#primaryimage"},"thumbnailUrl":"https:\/\/kupmyjnie.pl\/wp-content\/uploads\/2019\/07\/myjnia-1.jpg","datePublished":"2019-07-19T13:13:07+00:00","dateModified":"2019-07-25T14:07:18+00:00","breadcrumb":{"@id":"https:\/\/kupmyjnie.pl\/produkt\/myjnia-automatyczna-istobal-m-nex22\/#breadcrumb"},"inLanguage":"en-US","potentialAction":[{"@type":"ReadAction","target":["https:\/\/kupmyjnie.pl\/produkt\/myjnia-automatyczna-istobal-m-nex22\/"]}]},{"@type":"ImageObject","inLanguage":"en-US","@id":"https:\/\/kupmyjnie.pl\/produkt\/myjnia-automatyczna-istobal-m-nex22\/#primaryimage","url":"https:\/\/kupmyjnie.pl\/wp-content\/uploads\/2019\/07\/myjnia-1.jpg","contentUrl":"https:\/\/kupmyjnie.pl\/wp-content\/uploads\/2019\/07\/myjnia-1.jpg","width":572,"height":725},{"@type":"BreadcrumbList","@id":"https:\/\/kupmyjnie.pl\/produkt\/myjnia-automatyczna-istobal-m-nex22\/#breadcrumb","itemListElement":[{"@type":"ListItem","position":1,"name":"Home","item":"https:\/\/kupmyjnie.pl\/en\/"},{"@type":"ListItem","position":2,"name":"Aktualne og\u0142oszenia","item":"https:\/\/kupmyjnie.pl\/ogloszenia\/"},{"@type":"ListItem","position":3,"name":"Myjnia automatyczna Istobal M NEX22"}]},{"@type":"WebSite","@id":"https:\/\/kupmyjnie.pl\/#website","url":"https:\/\/kupmyjnie.pl\/","name":"KUPMYJNIE.pl","description":"Gie\u0142da myjni u\u017cywanych","potentialAction":[{"@type":"SearchAction","target":{"@type":"EntryPoint","urlTemplate":"https:\/\/kupmyjnie.pl\/?s={search_term_string}"},"query-input":{"@type":"PropertyValueSpecification","valueRequired":true,"valueName":"search_term_string"}}],"inLanguage":"en-US"}]}},"_links":{"self":[{"href":"https:\/\/kupmyjnie.pl\/en\/wp-json\/wp\/v2\/product\/580","targetHints":{"allow":["GET"]}}],"collection":[{"href":"https:\/\/kupmyjnie.pl\/en\/wp-json\/wp\/v2\/product"}],"about":[{"href":"https:\/\/kupmyjnie.pl\/en\/wp-json\/wp\/v2\/types\/product"}],"replies":[{"embeddable":true,"href":"https:\/\/kupmyjnie.pl\/en\/wp-json\/wp\/v2\/comments?post=580"}],"wp:featuredmedia":[{"embeddable":true,"href":"https:\/\/kupmyjnie.pl\/en\/wp-json\/wp\/v2\/media\/581"}],"wp:attachment":[{"href":"https:\/\/kupmyjnie.pl\/en\/wp-json\/wp\/v2\/media?parent=580"}],"wp:term":[{"taxonomy":"product_brand","embeddable":true,"href":"https:\/\/kupmyjnie.pl\/en\/wp-json\/wp\/v2\/product_brand?post=580"},{"taxonomy":"product_cat","embeddable":true,"href":"https:\/\/kupmyjnie.pl\/en\/wp-json\/wp\/v2\/product_cat?post=580"},{"taxonomy":"product_tag","embeddable":true,"href":"https:\/\/kupmyjnie.pl\/en\/wp-json\/wp\/v2\/product_tag?post=580"}],"curies":[{"name":"wp","href":"https:\/\/api.w.org\/{rel}","templated":true}]}}