{"id":585,"date":"2019-07-25T10:23:37","date_gmt":"2019-07-25T08:23:37","guid":{"rendered":"http:\/\/kupmyjnie.pl\/?post_type=product&#038;p=585"},"modified":"2019-07-25T10:25:46","modified_gmt":"2019-07-25T08:25:46","slug":"myjnia-bkf-3-stanowiskowa-modulowa","status":"publish","type":"product","link":"https:\/\/kupmyjnie.pl\/en\/produkt\/myjnia-bkf-3-stanowiskowa-modulowa\/","title":{"rendered":"Myjnia BKF 3 stanowiskowa modu\u0142owa"},"content":{"rendered":"<p>Specyfikacja techniczna:<br \/>\nRok produkcji urz\u0105dze\u0144: 2012<br \/>\nIlo\u015b\u0107 stanowisk: 3<br \/>\nUmieszczenie techniki: technika w module<br \/>\nModel kot\u0142a: 35 TC<br \/>\nSpos\u00f3b zasilania kot\u0142a: propan-butan<br \/>\nKocio\u0142 kondensacyjny: TAK<\/p>\n<p>Programy mycia:<br \/>\n1. Oprysk wst\u0119pny<br \/>\n2. Mycie zasadnicze<br \/>\n3. Sp\u0142ukiwanie<br \/>\n4. Konserwacja polimerem<br \/>\n5. Nab\u0142yszczanie<\/p>\n<p>Wyposa\u017cenie dodatkowe:<br \/>\nCzytnik kart i kluczy lojalno\u015bciowych na 3 stanowisku<\/p>\n<p>Myjnia jest po przegl\u0105dzie przez serwis BKF, urz\u0105dzenie w pe\u0142ni sprawne.<br \/>\nTransport po stronie kupuj\u0105cego.<\/p>\n<p>&nbsp;<\/p>\n<p>&nbsp;<\/p>\n","protected":false},"excerpt":{"rendered":"<p>Specyfikacja techniczna:<br \/>\nRok produkcji urz\u0105dze\u0144: 2012<br \/>\nIlo\u015b\u0107 stanowisk: 3<br \/>\nUmieszczenie techniki: technika w module<br \/>\nModel kot\u0142a: 35 TC<br \/>\nSpos\u00f3b zasilania kot\u0142a: propan-butan<br \/>\nKocio\u0142 kondensacyjny: TAK<\/p>\n","protected":false},"featured_media":590,"comment_status":"open","ping_status":"closed","template":"","meta":[],"product_brand":[],"product_cat":[34],"product_tag":[],"class_list":{"0":"post-585","1":"product","2":"type-product","3":"status-publish","4":"has-post-thumbnail","6":"product_cat-uncategorized","8":"first","9":"instock","10":"taxable","11":"shipping-taxable","12":"purchasable","13":"product-type-simple"},"yoast_head":"<!-- This site is optimized with the Yoast SEO Premium plugin v26.8 (Yoast SEO v26.8) - https:\/\/yoast.com\/product\/yoast-seo-premium-wordpress\/ -->\n<title>Myjnia BKF 3 stanowiskowa modu\u0142owa - KUPMYJNIE.pl<\/title>\n<meta name=\"robots\" content=\"index, follow, max-snippet:-1, max-image-preview:large, max-video-preview:-1\" \/>\n<link rel=\"canonical\" href=\"https:\/\/kupmyjnie.pl\/produkt\/myjnia-bkf-3-stanowiskowa-modulowa\/\" \/>\n<meta property=\"og:locale\" content=\"en_US\" \/>\n<meta property=\"og:type\" content=\"article\" \/>\n<meta property=\"og:title\" content=\"Myjnia BKF 3 stanowiskowa modu\u0142owa\" \/>\n<meta property=\"og:description\" content=\"Specyfikacja techniczna: Rok produkcji urz\u0105dze\u0144: 2012 Ilo\u015b\u0107 stanowisk: 3 Umieszczenie techniki: technika w module Model kot\u0142a: 35 TC Spos\u00f3b zasilania kot\u0142a: propan-butan Kocio\u0142 kondensacyjny: TAK\" \/>\n<meta property=\"og:url\" content=\"https:\/\/kupmyjnie.pl\/produkt\/myjnia-bkf-3-stanowiskowa-modulowa\/\" \/>\n<meta property=\"og:site_name\" content=\"KUPMYJNIE.pl\" \/>\n<meta property=\"article:modified_time\" content=\"2019-07-25T08:25:46+00:00\" \/>\n<meta property=\"og:image\" content=\"https:\/\/kupmyjnie.pl\/wp-content\/uploads\/2019\/07\/1-1.jpg\" \/>\n\t<meta property=\"og:image:width\" content=\"525\" \/>\n\t<meta property=\"og:image:height\" content=\"700\" \/>\n\t<meta property=\"og:image:type\" content=\"image\/jpeg\" \/>\n<meta name=\"twitter:card\" content=\"summary_large_image\" \/>\n<script type=\"application\/ld+json\" class=\"yoast-schema-graph\">{\"@context\":\"https:\/\/schema.org\",\"@graph\":[{\"@type\":\"WebPage\",\"@id\":\"https:\/\/kupmyjnie.pl\/produkt\/myjnia-bkf-3-stanowiskowa-modulowa\/\",\"url\":\"https:\/\/kupmyjnie.pl\/produkt\/myjnia-bkf-3-stanowiskowa-modulowa\/\",\"name\":\"Myjnia BKF 3 stanowiskowa modu\u0142owa - KUPMYJNIE.pl\",\"isPartOf\":{\"@id\":\"https:\/\/kupmyjnie.pl\/#website\"},\"primaryImageOfPage\":{\"@id\":\"https:\/\/kupmyjnie.pl\/produkt\/myjnia-bkf-3-stanowiskowa-modulowa\/#primaryimage\"},\"image\":{\"@id\":\"https:\/\/kupmyjnie.pl\/produkt\/myjnia-bkf-3-stanowiskowa-modulowa\/#primaryimage\"},\"thumbnailUrl\":\"https:\/\/kupmyjnie.pl\/wp-content\/uploads\/2019\/07\/1-1.jpg\",\"datePublished\":\"2019-07-25T08:23:37+00:00\",\"dateModified\":\"2019-07-25T08:25:46+00:00\",\"breadcrumb\":{\"@id\":\"https:\/\/kupmyjnie.pl\/produkt\/myjnia-bkf-3-stanowiskowa-modulowa\/#breadcrumb\"},\"inLanguage\":\"en-US\",\"potentialAction\":[{\"@type\":\"ReadAction\",\"target\":[\"https:\/\/kupmyjnie.pl\/produkt\/myjnia-bkf-3-stanowiskowa-modulowa\/\"]}]},{\"@type\":\"ImageObject\",\"inLanguage\":\"en-US\",\"@id\":\"https:\/\/kupmyjnie.pl\/produkt\/myjnia-bkf-3-stanowiskowa-modulowa\/#primaryimage\",\"url\":\"https:\/\/kupmyjnie.pl\/wp-content\/uploads\/2019\/07\/1-1.jpg\",\"contentUrl\":\"https:\/\/kupmyjnie.pl\/wp-content\/uploads\/2019\/07\/1-1.jpg\",\"width\":525,\"height\":700},{\"@type\":\"BreadcrumbList\",\"@id\":\"https:\/\/kupmyjnie.pl\/produkt\/myjnia-bkf-3-stanowiskowa-modulowa\/#breadcrumb\",\"itemListElement\":[{\"@type\":\"ListItem\",\"position\":1,\"name\":\"Home\",\"item\":\"https:\/\/kupmyjnie.pl\/en\/\"},{\"@type\":\"ListItem\",\"position\":2,\"name\":\"Aktualne og\u0142oszenia\",\"item\":\"https:\/\/kupmyjnie.pl\/ogloszenia\/\"},{\"@type\":\"ListItem\",\"position\":3,\"name\":\"Myjnia BKF 3 stanowiskowa modu\u0142owa\"}]},{\"@type\":\"WebSite\",\"@id\":\"https:\/\/kupmyjnie.pl\/#website\",\"url\":\"https:\/\/kupmyjnie.pl\/\",\"name\":\"KUPMYJNIE.pl\",\"description\":\"Gie\u0142da myjni u\u017cywanych\",\"potentialAction\":[{\"@type\":\"SearchAction\",\"target\":{\"@type\":\"EntryPoint\",\"urlTemplate\":\"https:\/\/kupmyjnie.pl\/?s={search_term_string}\"},\"query-input\":{\"@type\":\"PropertyValueSpecification\",\"valueRequired\":true,\"valueName\":\"search_term_string\"}}],\"inLanguage\":\"en-US\"}]}<\/script>\n<!-- \/ Yoast SEO Premium plugin. -->","yoast_head_json":{"title":"Myjnia BKF 3 stanowiskowa modu\u0142owa - KUPMYJNIE.pl","robots":{"index":"index","follow":"follow","max-snippet":"max-snippet:-1","max-image-preview":"max-image-preview:large","max-video-preview":"max-video-preview:-1"},"canonical":"https:\/\/kupmyjnie.pl\/produkt\/myjnia-bkf-3-stanowiskowa-modulowa\/","og_locale":"en_US","og_type":"article","og_title":"Myjnia BKF 3 stanowiskowa modu\u0142owa","og_description":"Specyfikacja techniczna: Rok produkcji urz\u0105dze\u0144: 2012 Ilo\u015b\u0107 stanowisk: 3 Umieszczenie techniki: technika w module Model kot\u0142a: 35 TC Spos\u00f3b zasilania kot\u0142a: propan-butan Kocio\u0142 kondensacyjny: TAK","og_url":"https:\/\/kupmyjnie.pl\/produkt\/myjnia-bkf-3-stanowiskowa-modulowa\/","og_site_name":"KUPMYJNIE.pl","article_modified_time":"2019-07-25T08:25:46+00:00","og_image":[{"width":525,"height":700,"url":"https:\/\/kupmyjnie.pl\/wp-content\/uploads\/2019\/07\/1-1.jpg","type":"image\/jpeg"}],"twitter_card":"summary_large_image","schema":{"@context":"https:\/\/schema.org","@graph":[{"@type":"WebPage","@id":"https:\/\/kupmyjnie.pl\/produkt\/myjnia-bkf-3-stanowiskowa-modulowa\/","url":"https:\/\/kupmyjnie.pl\/produkt\/myjnia-bkf-3-stanowiskowa-modulowa\/","name":"Myjnia BKF 3 stanowiskowa modu\u0142owa - KUPMYJNIE.pl","isPartOf":{"@id":"https:\/\/kupmyjnie.pl\/#website"},"primaryImageOfPage":{"@id":"https:\/\/kupmyjnie.pl\/produkt\/myjnia-bkf-3-stanowiskowa-modulowa\/#primaryimage"},"image":{"@id":"https:\/\/kupmyjnie.pl\/produkt\/myjnia-bkf-3-stanowiskowa-modulowa\/#primaryimage"},"thumbnailUrl":"https:\/\/kupmyjnie.pl\/wp-content\/uploads\/2019\/07\/1-1.jpg","datePublished":"2019-07-25T08:23:37+00:00","dateModified":"2019-07-25T08:25:46+00:00","breadcrumb":{"@id":"https:\/\/kupmyjnie.pl\/produkt\/myjnia-bkf-3-stanowiskowa-modulowa\/#breadcrumb"},"inLanguage":"en-US","potentialAction":[{"@type":"ReadAction","target":["https:\/\/kupmyjnie.pl\/produkt\/myjnia-bkf-3-stanowiskowa-modulowa\/"]}]},{"@type":"ImageObject","inLanguage":"en-US","@id":"https:\/\/kupmyjnie.pl\/produkt\/myjnia-bkf-3-stanowiskowa-modulowa\/#primaryimage","url":"https:\/\/kupmyjnie.pl\/wp-content\/uploads\/2019\/07\/1-1.jpg","contentUrl":"https:\/\/kupmyjnie.pl\/wp-content\/uploads\/2019\/07\/1-1.jpg","width":525,"height":700},{"@type":"BreadcrumbList","@id":"https:\/\/kupmyjnie.pl\/produkt\/myjnia-bkf-3-stanowiskowa-modulowa\/#breadcrumb","itemListElement":[{"@type":"ListItem","position":1,"name":"Home","item":"https:\/\/kupmyjnie.pl\/en\/"},{"@type":"ListItem","position":2,"name":"Aktualne og\u0142oszenia","item":"https:\/\/kupmyjnie.pl\/ogloszenia\/"},{"@type":"ListItem","position":3,"name":"Myjnia BKF 3 stanowiskowa modu\u0142owa"}]},{"@type":"WebSite","@id":"https:\/\/kupmyjnie.pl\/#website","url":"https:\/\/kupmyjnie.pl\/","name":"KUPMYJNIE.pl","description":"Gie\u0142da myjni u\u017cywanych","potentialAction":[{"@type":"SearchAction","target":{"@type":"EntryPoint","urlTemplate":"https:\/\/kupmyjnie.pl\/?s={search_term_string}"},"query-input":{"@type":"PropertyValueSpecification","valueRequired":true,"valueName":"search_term_string"}}],"inLanguage":"en-US"}]}},"_links":{"self":[{"href":"https:\/\/kupmyjnie.pl\/en\/wp-json\/wp\/v2\/product\/585","targetHints":{"allow":["GET"]}}],"collection":[{"href":"https:\/\/kupmyjnie.pl\/en\/wp-json\/wp\/v2\/product"}],"about":[{"href":"https:\/\/kupmyjnie.pl\/en\/wp-json\/wp\/v2\/types\/product"}],"replies":[{"embeddable":true,"href":"https:\/\/kupmyjnie.pl\/en\/wp-json\/wp\/v2\/comments?post=585"}],"wp:featuredmedia":[{"embeddable":true,"href":"https:\/\/kupmyjnie.pl\/en\/wp-json\/wp\/v2\/media\/590"}],"wp:attachment":[{"href":"https:\/\/kupmyjnie.pl\/en\/wp-json\/wp\/v2\/media?parent=585"}],"wp:term":[{"taxonomy":"product_brand","embeddable":true,"href":"https:\/\/kupmyjnie.pl\/en\/wp-json\/wp\/v2\/product_brand?post=585"},{"taxonomy":"product_cat","embeddable":true,"href":"https:\/\/kupmyjnie.pl\/en\/wp-json\/wp\/v2\/product_cat?post=585"},{"taxonomy":"product_tag","embeddable":true,"href":"https:\/\/kupmyjnie.pl\/en\/wp-json\/wp\/v2\/product_tag?post=585"}],"curies":[{"name":"wp","href":"https:\/\/api.w.org\/{rel}","templated":true}]}}