{"id":606,"date":"2019-08-21T09:11:07","date_gmt":"2019-08-21T07:11:07","guid":{"rendered":"http:\/\/kupmyjnie.pl\/?post_type=product&#038;p=606"},"modified":"2020-11-25T10:00:00","modified_gmt":"2020-11-25T09:00:00","slug":"myjnia-bkf-3-stanowiskowa-kontenerowa","status":"publish","type":"product","link":"https:\/\/kupmyjnie.pl\/en\/produkt\/myjnia-bkf-3-stanowiskowa-kontenerowa\/","title":{"rendered":"Myjnia BKF 3 stanowiskowa Kontenerowa"},"content":{"rendered":"<p>Producent: BKF<br \/>\nModel: CW3K<br \/>\nRok produkcji: 2016<br \/>\nIlo\u015b\u0107 stanowisk: 3<br \/>\nRodzaj kot\u0142a: OLEJ OPA\u0141OWY<br \/>\nProgramy: 6<br \/>\nDodatkowe funkcjonalno\u015bci: SYSTEM ZASYSANIA MONET YETI + ROZMIENIARKA<br \/>\nLokalizacja: BEZ LOKALIZACJI &#8211; SPRZEDA\u017b KOMPLETNEJ MYJNI<br \/>\nDost\u0119pno\u015b\u0107: natychmiastowy<br \/>\nStan: BARDZO DOBRY<br \/>\nSTAN TECHNICZNY &#8211; bardzo dobry , wszystkie serwisy wykonywane w firmie BKF , u\u017cywane \u015brodki chemiczne tylko od autoryzowanych dostawc\u00f3w.Do sprzedania kompletna 3-stanowiskowa Myjnia Samoobs\u0142ugowa Kontenerowa firmy BKF , rok produkcji 2016<br \/>\nOferta zawiera:<br \/>\n1. Kontener z pe\u0142n\u0105 technik\u0105 mycia BKF , czyli<br \/>\n* 6 program\u00f3w mycia<br \/>\n* dwufunkcyjny kocio\u0142 ACV \/ olej opa\u0142owy \/<br \/>\n* system zasysania monet do sejfu<br \/>\n* rozmieniarka +system yeti \/ sortowanie bilonu i automatyczne<br \/>\nuzupe\u0142nianie rozmieniarki \/<br \/>\n* p\u0142atno\u015b\u0107 kartami p\u0142atniczymi<br \/>\n2. Kompletna konstrukcja wersja PRO,<br \/>\n* pod\u015bwietlana attyka<br \/>\n* obudowane kolumny no\u015bne<br \/>\n* banery z opisem program\u00f3w<br \/>\n3. Kontener socjalny<br \/>\n4. Odkurzacz 2- stanowiskowy<\/p>\n","protected":false},"excerpt":{"rendered":"<p>Rok produkcji: 2016<br \/>\nIlo\u015b\u0107 stanowisk: 3<br \/>\nRodzaj kot\u0142a: OLEJ OPA\u0141OWY<br \/>\nProgramy: 6<br \/>\nDodatkowe funkcjonalno\u015bci: SYSTEM ZASYSANIA MONET YETI + ROZMIENIARKA<br \/>\nLokalizacja: BEZ LOKALIZACJI &#8211; SPRZEDA\u017b KOMPLETNEJ MYJNI<br \/>\nDost\u0119pno\u015b\u0107: natychmiastowy<br \/>\nStan: BARDZO DOBRY<\/p>\n","protected":false},"featured_media":609,"comment_status":"open","ping_status":"closed","template":"","meta":[],"product_brand":[],"product_cat":[34],"product_tag":[],"class_list":{"0":"post-606","1":"product","2":"type-product","3":"status-publish","4":"has-post-thumbnail","6":"product_cat-uncategorized","8":"first","9":"outofstock","10":"taxable","11":"shipping-taxable","12":"purchasable","13":"product-type-simple"},"yoast_head":"<!-- This site is optimized with the Yoast SEO Premium plugin v26.8 (Yoast SEO v26.8) - https:\/\/yoast.com\/product\/yoast-seo-premium-wordpress\/ -->\n<title>Myjnia BKF 3 stanowiskowa Kontenerowa - KUPMYJNIE.pl<\/title>\n<meta name=\"robots\" content=\"index, follow, max-snippet:-1, max-image-preview:large, max-video-preview:-1\" \/>\n<link rel=\"canonical\" href=\"https:\/\/kupmyjnie.pl\/produkt\/myjnia-bkf-3-stanowiskowa-kontenerowa\/\" \/>\n<meta property=\"og:locale\" content=\"en_US\" \/>\n<meta property=\"og:type\" content=\"article\" \/>\n<meta property=\"og:title\" content=\"Myjnia BKF 3 stanowiskowa Kontenerowa\" \/>\n<meta property=\"og:description\" content=\"Rok produkcji: 2016 Ilo\u015b\u0107 stanowisk: 3 Rodzaj kot\u0142a: OLEJ OPA\u0141OWY Programy: 6 Dodatkowe funkcjonalno\u015bci: SYSTEM ZASYSANIA MONET YETI + ROZMIENIARKA Lokalizacja: BEZ LOKALIZACJI - SPRZEDA\u017b KOMPLETNEJ MYJNI Dost\u0119pno\u015b\u0107: natychmiastowy Stan: BARDZO DOBRY\" \/>\n<meta property=\"og:url\" content=\"https:\/\/kupmyjnie.pl\/produkt\/myjnia-bkf-3-stanowiskowa-kontenerowa\/\" \/>\n<meta property=\"og:site_name\" content=\"KUPMYJNIE.pl\" \/>\n<meta property=\"article:modified_time\" content=\"2020-11-25T09:00:00+00:00\" \/>\n<meta property=\"og:image\" content=\"https:\/\/kupmyjnie.pl\/wp-content\/uploads\/2019\/08\/img_6128.jpg\" \/>\n\t<meta property=\"og:image:width\" content=\"2000\" \/>\n\t<meta property=\"og:image:height\" content=\"1500\" \/>\n\t<meta property=\"og:image:type\" content=\"image\/jpeg\" \/>\n<meta name=\"twitter:card\" content=\"summary_large_image\" \/>\n<meta name=\"twitter:label1\" content=\"Est. reading time\" \/>\n\t<meta name=\"twitter:data1\" content=\"1 minute\" \/>\n<script type=\"application\/ld+json\" class=\"yoast-schema-graph\">{\"@context\":\"https:\/\/schema.org\",\"@graph\":[{\"@type\":\"WebPage\",\"@id\":\"https:\/\/kupmyjnie.pl\/produkt\/myjnia-bkf-3-stanowiskowa-kontenerowa\/\",\"url\":\"https:\/\/kupmyjnie.pl\/produkt\/myjnia-bkf-3-stanowiskowa-kontenerowa\/\",\"name\":\"Myjnia BKF 3 stanowiskowa Kontenerowa - KUPMYJNIE.pl\",\"isPartOf\":{\"@id\":\"https:\/\/kupmyjnie.pl\/#website\"},\"primaryImageOfPage\":{\"@id\":\"https:\/\/kupmyjnie.pl\/produkt\/myjnia-bkf-3-stanowiskowa-kontenerowa\/#primaryimage\"},\"image\":{\"@id\":\"https:\/\/kupmyjnie.pl\/produkt\/myjnia-bkf-3-stanowiskowa-kontenerowa\/#primaryimage\"},\"thumbnailUrl\":\"https:\/\/kupmyjnie.pl\/wp-content\/uploads\/2019\/08\/img_6128.jpg\",\"datePublished\":\"2019-08-21T07:11:07+00:00\",\"dateModified\":\"2020-11-25T09:00:00+00:00\",\"breadcrumb\":{\"@id\":\"https:\/\/kupmyjnie.pl\/produkt\/myjnia-bkf-3-stanowiskowa-kontenerowa\/#breadcrumb\"},\"inLanguage\":\"en-US\",\"potentialAction\":[{\"@type\":\"ReadAction\",\"target\":[\"https:\/\/kupmyjnie.pl\/produkt\/myjnia-bkf-3-stanowiskowa-kontenerowa\/\"]}]},{\"@type\":\"ImageObject\",\"inLanguage\":\"en-US\",\"@id\":\"https:\/\/kupmyjnie.pl\/produkt\/myjnia-bkf-3-stanowiskowa-kontenerowa\/#primaryimage\",\"url\":\"https:\/\/kupmyjnie.pl\/wp-content\/uploads\/2019\/08\/img_6128.jpg\",\"contentUrl\":\"https:\/\/kupmyjnie.pl\/wp-content\/uploads\/2019\/08\/img_6128.jpg\",\"width\":2000,\"height\":1500},{\"@type\":\"BreadcrumbList\",\"@id\":\"https:\/\/kupmyjnie.pl\/produkt\/myjnia-bkf-3-stanowiskowa-kontenerowa\/#breadcrumb\",\"itemListElement\":[{\"@type\":\"ListItem\",\"position\":1,\"name\":\"Home\",\"item\":\"https:\/\/kupmyjnie.pl\/en\/\"},{\"@type\":\"ListItem\",\"position\":2,\"name\":\"Aktualne og\u0142oszenia\",\"item\":\"https:\/\/kupmyjnie.pl\/ogloszenia\/\"},{\"@type\":\"ListItem\",\"position\":3,\"name\":\"Myjnia BKF 3 stanowiskowa Kontenerowa\"}]},{\"@type\":\"WebSite\",\"@id\":\"https:\/\/kupmyjnie.pl\/#website\",\"url\":\"https:\/\/kupmyjnie.pl\/\",\"name\":\"KUPMYJNIE.pl\",\"description\":\"Gie\u0142da myjni u\u017cywanych\",\"potentialAction\":[{\"@type\":\"SearchAction\",\"target\":{\"@type\":\"EntryPoint\",\"urlTemplate\":\"https:\/\/kupmyjnie.pl\/?s={search_term_string}\"},\"query-input\":{\"@type\":\"PropertyValueSpecification\",\"valueRequired\":true,\"valueName\":\"search_term_string\"}}],\"inLanguage\":\"en-US\"}]}<\/script>\n<!-- \/ Yoast SEO Premium plugin. -->","yoast_head_json":{"title":"Myjnia BKF 3 stanowiskowa Kontenerowa - KUPMYJNIE.pl","robots":{"index":"index","follow":"follow","max-snippet":"max-snippet:-1","max-image-preview":"max-image-preview:large","max-video-preview":"max-video-preview:-1"},"canonical":"https:\/\/kupmyjnie.pl\/produkt\/myjnia-bkf-3-stanowiskowa-kontenerowa\/","og_locale":"en_US","og_type":"article","og_title":"Myjnia BKF 3 stanowiskowa Kontenerowa","og_description":"Rok produkcji: 2016 Ilo\u015b\u0107 stanowisk: 3 Rodzaj kot\u0142a: OLEJ OPA\u0141OWY Programy: 6 Dodatkowe funkcjonalno\u015bci: SYSTEM ZASYSANIA MONET YETI + ROZMIENIARKA Lokalizacja: BEZ LOKALIZACJI - SPRZEDA\u017b KOMPLETNEJ MYJNI Dost\u0119pno\u015b\u0107: natychmiastowy Stan: BARDZO DOBRY","og_url":"https:\/\/kupmyjnie.pl\/produkt\/myjnia-bkf-3-stanowiskowa-kontenerowa\/","og_site_name":"KUPMYJNIE.pl","article_modified_time":"2020-11-25T09:00:00+00:00","og_image":[{"width":2000,"height":1500,"url":"https:\/\/kupmyjnie.pl\/wp-content\/uploads\/2019\/08\/img_6128.jpg","type":"image\/jpeg"}],"twitter_card":"summary_large_image","twitter_misc":{"Est. reading time":"1 minute"},"schema":{"@context":"https:\/\/schema.org","@graph":[{"@type":"WebPage","@id":"https:\/\/kupmyjnie.pl\/produkt\/myjnia-bkf-3-stanowiskowa-kontenerowa\/","url":"https:\/\/kupmyjnie.pl\/produkt\/myjnia-bkf-3-stanowiskowa-kontenerowa\/","name":"Myjnia BKF 3 stanowiskowa Kontenerowa - KUPMYJNIE.pl","isPartOf":{"@id":"https:\/\/kupmyjnie.pl\/#website"},"primaryImageOfPage":{"@id":"https:\/\/kupmyjnie.pl\/produkt\/myjnia-bkf-3-stanowiskowa-kontenerowa\/#primaryimage"},"image":{"@id":"https:\/\/kupmyjnie.pl\/produkt\/myjnia-bkf-3-stanowiskowa-kontenerowa\/#primaryimage"},"thumbnailUrl":"https:\/\/kupmyjnie.pl\/wp-content\/uploads\/2019\/08\/img_6128.jpg","datePublished":"2019-08-21T07:11:07+00:00","dateModified":"2020-11-25T09:00:00+00:00","breadcrumb":{"@id":"https:\/\/kupmyjnie.pl\/produkt\/myjnia-bkf-3-stanowiskowa-kontenerowa\/#breadcrumb"},"inLanguage":"en-US","potentialAction":[{"@type":"ReadAction","target":["https:\/\/kupmyjnie.pl\/produkt\/myjnia-bkf-3-stanowiskowa-kontenerowa\/"]}]},{"@type":"ImageObject","inLanguage":"en-US","@id":"https:\/\/kupmyjnie.pl\/produkt\/myjnia-bkf-3-stanowiskowa-kontenerowa\/#primaryimage","url":"https:\/\/kupmyjnie.pl\/wp-content\/uploads\/2019\/08\/img_6128.jpg","contentUrl":"https:\/\/kupmyjnie.pl\/wp-content\/uploads\/2019\/08\/img_6128.jpg","width":2000,"height":1500},{"@type":"BreadcrumbList","@id":"https:\/\/kupmyjnie.pl\/produkt\/myjnia-bkf-3-stanowiskowa-kontenerowa\/#breadcrumb","itemListElement":[{"@type":"ListItem","position":1,"name":"Home","item":"https:\/\/kupmyjnie.pl\/en\/"},{"@type":"ListItem","position":2,"name":"Aktualne og\u0142oszenia","item":"https:\/\/kupmyjnie.pl\/ogloszenia\/"},{"@type":"ListItem","position":3,"name":"Myjnia BKF 3 stanowiskowa Kontenerowa"}]},{"@type":"WebSite","@id":"https:\/\/kupmyjnie.pl\/#website","url":"https:\/\/kupmyjnie.pl\/","name":"KUPMYJNIE.pl","description":"Gie\u0142da myjni u\u017cywanych","potentialAction":[{"@type":"SearchAction","target":{"@type":"EntryPoint","urlTemplate":"https:\/\/kupmyjnie.pl\/?s={search_term_string}"},"query-input":{"@type":"PropertyValueSpecification","valueRequired":true,"valueName":"search_term_string"}}],"inLanguage":"en-US"}]}},"_links":{"self":[{"href":"https:\/\/kupmyjnie.pl\/en\/wp-json\/wp\/v2\/product\/606","targetHints":{"allow":["GET"]}}],"collection":[{"href":"https:\/\/kupmyjnie.pl\/en\/wp-json\/wp\/v2\/product"}],"about":[{"href":"https:\/\/kupmyjnie.pl\/en\/wp-json\/wp\/v2\/types\/product"}],"replies":[{"embeddable":true,"href":"https:\/\/kupmyjnie.pl\/en\/wp-json\/wp\/v2\/comments?post=606"}],"wp:featuredmedia":[{"embeddable":true,"href":"https:\/\/kupmyjnie.pl\/en\/wp-json\/wp\/v2\/media\/609"}],"wp:attachment":[{"href":"https:\/\/kupmyjnie.pl\/en\/wp-json\/wp\/v2\/media?parent=606"}],"wp:term":[{"taxonomy":"product_brand","embeddable":true,"href":"https:\/\/kupmyjnie.pl\/en\/wp-json\/wp\/v2\/product_brand?post=606"},{"taxonomy":"product_cat","embeddable":true,"href":"https:\/\/kupmyjnie.pl\/en\/wp-json\/wp\/v2\/product_cat?post=606"},{"taxonomy":"product_tag","embeddable":true,"href":"https:\/\/kupmyjnie.pl\/en\/wp-json\/wp\/v2\/product_tag?post=606"}],"curies":[{"name":"wp","href":"https:\/\/api.w.org\/{rel}","templated":true}]}}