{"id":622,"date":"2019-09-09T14:51:06","date_gmt":"2019-09-09T12:51:06","guid":{"rendered":"http:\/\/kupmyjnie.pl\/?post_type=product&#038;p=622"},"modified":"2020-09-21T15:50:51","modified_gmt":"2020-09-21T13:50:51","slug":"myjnia-samoobslugowa-4-stanowiskowa-autospa","status":"publish","type":"product","link":"https:\/\/kupmyjnie.pl\/en\/produkt\/myjnia-samoobslugowa-4-stanowiskowa-autospa\/","title":{"rendered":"Myjnia samoobs\u0142ugowa 4-stanowiskowa Autospa"},"content":{"rendered":"<p>Model: Myjnia samoobs\u0142ugowa 4-stanowiskowa<br \/>\nRok produkcji: 2012<br \/>\nIlo\u015b\u0107 stanowisk: 4<br \/>\nRodzaj kot\u0142a: olejowy<br \/>\nProgramy: 6, oprysk felg, mycie zasadnicze, mycie szczotk\u0105, p\u0142ukanie, nab\u0142yszczanie, woskowanie<br \/>\nDodatkowe funkcjonalno\u015bci: rozmieniarka, system zasysania monet, p\u0142ato\u015b\u0107 kluczem, odkurzacze<br \/>\nStan: bardzo dobry<br \/>\nInformacje dodatkowe: Sprzedam dochodow\u0105 myjni\u0119 samoobs\u0142ugow\u0105, bezdotykow\u0105, czterostanowiskow\u0105 w najlepszej lokalizacji w mie\u015bcie, na parkingu Tesco, przy najwi\u0119kszym osiedlu mieszkaniowym w Skierniewicach. Pe\u0142ne wyposa\u017cenie: dwa odkurzacze, rozmieniarka, system zasysania monet, monitoring, zdalny panel sterowania, szczotki na stanowiskach, oprysk felg, podgrzewanie posadzki. Czynna 24h\/dob\u0119<br \/>\nLokalizacja: wojew\u00f3dztwo \u0142\u00f3dzkie<\/p>\n","protected":false},"excerpt":{"rendered":"<p>Model: Myjnia samoobs\u0142ugowa 4-stanowiskowa<br \/>\nRok produkcji: 2012<br \/>\nIlo\u015b\u0107 stanowisk: 4<br \/>\nRodzaj kot\u0142a: olejowy<br \/>\nProgramy: 6, oprysk felg, mycie zasadnicze, mycie szczotk\u0105, p\u0142ukanie, nab\u0142yszczanie, woskowanie<br \/>\nDodatkowe funkcjonalno\u015bci: rozmieniarka, system zasysania monet, p\u0142ato\u015b\u0107 kluczem, odkurzacze<br \/>\nDost\u0119pno\u015b\u0107: od zaraz<br \/>\nStan: bardzo dobry<\/p>\n","protected":false},"featured_media":623,"comment_status":"open","ping_status":"closed","template":"","meta":[],"product_brand":[],"product_cat":[34],"product_tag":[],"class_list":{"0":"post-622","1":"product","2":"type-product","3":"status-publish","4":"has-post-thumbnail","6":"product_cat-uncategorized","8":"first","9":"outofstock","10":"taxable","11":"shipping-taxable","12":"purchasable","13":"product-type-simple"},"yoast_head":"<!-- This site is optimized with the Yoast SEO Premium plugin v26.8 (Yoast SEO v26.8) - https:\/\/yoast.com\/product\/yoast-seo-premium-wordpress\/ -->\n<title>Myjnia samoobs\u0142ugowa 4-stanowiskowa Autospa - KUPMYJNIE.pl<\/title>\n<meta name=\"robots\" content=\"index, follow, max-snippet:-1, max-image-preview:large, max-video-preview:-1\" \/>\n<link rel=\"canonical\" href=\"https:\/\/kupmyjnie.pl\/produkt\/myjnia-samoobslugowa-4-stanowiskowa-autospa\/\" \/>\n<meta property=\"og:locale\" content=\"en_US\" \/>\n<meta property=\"og:type\" content=\"article\" \/>\n<meta property=\"og:title\" content=\"Myjnia samoobs\u0142ugowa 4-stanowiskowa Autospa\" \/>\n<meta property=\"og:description\" content=\"Model: Myjnia samoobs\u0142ugowa 4-stanowiskowa Rok produkcji: 2012 Ilo\u015b\u0107 stanowisk: 4 Rodzaj kot\u0142a: olejowy Programy: 6, oprysk felg, mycie zasadnicze, mycie szczotk\u0105, p\u0142ukanie, nab\u0142yszczanie, woskowanie Dodatkowe funkcjonalno\u015bci: rozmieniarka, system zasysania monet, p\u0142ato\u015b\u0107 kluczem, odkurzacze Dost\u0119pno\u015b\u0107: od zaraz Stan: bardzo dobry\" \/>\n<meta property=\"og:url\" content=\"https:\/\/kupmyjnie.pl\/produkt\/myjnia-samoobslugowa-4-stanowiskowa-autospa\/\" \/>\n<meta property=\"og:site_name\" content=\"KUPMYJNIE.pl\" \/>\n<meta property=\"article:modified_time\" content=\"2020-09-21T13:50:51+00:00\" \/>\n<meta property=\"og:image\" content=\"https:\/\/kupmyjnie.pl\/wp-content\/uploads\/2019\/09\/1.jpg\" \/>\n\t<meta property=\"og:image:width\" content=\"910\" \/>\n\t<meta property=\"og:image:height\" content=\"683\" \/>\n\t<meta property=\"og:image:type\" content=\"image\/jpeg\" \/>\n<meta name=\"twitter:card\" content=\"summary_large_image\" \/>\n<script type=\"application\/ld+json\" class=\"yoast-schema-graph\">{\"@context\":\"https:\/\/schema.org\",\"@graph\":[{\"@type\":\"WebPage\",\"@id\":\"https:\/\/kupmyjnie.pl\/produkt\/myjnia-samoobslugowa-4-stanowiskowa-autospa\/\",\"url\":\"https:\/\/kupmyjnie.pl\/produkt\/myjnia-samoobslugowa-4-stanowiskowa-autospa\/\",\"name\":\"Myjnia samoobs\u0142ugowa 4-stanowiskowa Autospa - KUPMYJNIE.pl\",\"isPartOf\":{\"@id\":\"https:\/\/kupmyjnie.pl\/#website\"},\"primaryImageOfPage\":{\"@id\":\"https:\/\/kupmyjnie.pl\/produkt\/myjnia-samoobslugowa-4-stanowiskowa-autospa\/#primaryimage\"},\"image\":{\"@id\":\"https:\/\/kupmyjnie.pl\/produkt\/myjnia-samoobslugowa-4-stanowiskowa-autospa\/#primaryimage\"},\"thumbnailUrl\":\"https:\/\/kupmyjnie.pl\/wp-content\/uploads\/2019\/09\/1.jpg\",\"datePublished\":\"2019-09-09T12:51:06+00:00\",\"dateModified\":\"2020-09-21T13:50:51+00:00\",\"breadcrumb\":{\"@id\":\"https:\/\/kupmyjnie.pl\/produkt\/myjnia-samoobslugowa-4-stanowiskowa-autospa\/#breadcrumb\"},\"inLanguage\":\"en-US\",\"potentialAction\":[{\"@type\":\"ReadAction\",\"target\":[\"https:\/\/kupmyjnie.pl\/produkt\/myjnia-samoobslugowa-4-stanowiskowa-autospa\/\"]}]},{\"@type\":\"ImageObject\",\"inLanguage\":\"en-US\",\"@id\":\"https:\/\/kupmyjnie.pl\/produkt\/myjnia-samoobslugowa-4-stanowiskowa-autospa\/#primaryimage\",\"url\":\"https:\/\/kupmyjnie.pl\/wp-content\/uploads\/2019\/09\/1.jpg\",\"contentUrl\":\"https:\/\/kupmyjnie.pl\/wp-content\/uploads\/2019\/09\/1.jpg\",\"width\":910,\"height\":683},{\"@type\":\"BreadcrumbList\",\"@id\":\"https:\/\/kupmyjnie.pl\/produkt\/myjnia-samoobslugowa-4-stanowiskowa-autospa\/#breadcrumb\",\"itemListElement\":[{\"@type\":\"ListItem\",\"position\":1,\"name\":\"Home\",\"item\":\"https:\/\/kupmyjnie.pl\/en\/\"},{\"@type\":\"ListItem\",\"position\":2,\"name\":\"Aktualne og\u0142oszenia\",\"item\":\"https:\/\/kupmyjnie.pl\/ogloszenia\/\"},{\"@type\":\"ListItem\",\"position\":3,\"name\":\"Myjnia samoobs\u0142ugowa 4-stanowiskowa Autospa\"}]},{\"@type\":\"WebSite\",\"@id\":\"https:\/\/kupmyjnie.pl\/#website\",\"url\":\"https:\/\/kupmyjnie.pl\/\",\"name\":\"KUPMYJNIE.pl\",\"description\":\"Gie\u0142da myjni u\u017cywanych\",\"potentialAction\":[{\"@type\":\"SearchAction\",\"target\":{\"@type\":\"EntryPoint\",\"urlTemplate\":\"https:\/\/kupmyjnie.pl\/?s={search_term_string}\"},\"query-input\":{\"@type\":\"PropertyValueSpecification\",\"valueRequired\":true,\"valueName\":\"search_term_string\"}}],\"inLanguage\":\"en-US\"}]}<\/script>\n<!-- \/ Yoast SEO Premium plugin. -->","yoast_head_json":{"title":"Myjnia samoobs\u0142ugowa 4-stanowiskowa Autospa - KUPMYJNIE.pl","robots":{"index":"index","follow":"follow","max-snippet":"max-snippet:-1","max-image-preview":"max-image-preview:large","max-video-preview":"max-video-preview:-1"},"canonical":"https:\/\/kupmyjnie.pl\/produkt\/myjnia-samoobslugowa-4-stanowiskowa-autospa\/","og_locale":"en_US","og_type":"article","og_title":"Myjnia samoobs\u0142ugowa 4-stanowiskowa Autospa","og_description":"Model: Myjnia samoobs\u0142ugowa 4-stanowiskowa Rok produkcji: 2012 Ilo\u015b\u0107 stanowisk: 4 Rodzaj kot\u0142a: olejowy Programy: 6, oprysk felg, mycie zasadnicze, mycie szczotk\u0105, p\u0142ukanie, nab\u0142yszczanie, woskowanie Dodatkowe funkcjonalno\u015bci: rozmieniarka, system zasysania monet, p\u0142ato\u015b\u0107 kluczem, odkurzacze Dost\u0119pno\u015b\u0107: od zaraz Stan: bardzo dobry","og_url":"https:\/\/kupmyjnie.pl\/produkt\/myjnia-samoobslugowa-4-stanowiskowa-autospa\/","og_site_name":"KUPMYJNIE.pl","article_modified_time":"2020-09-21T13:50:51+00:00","og_image":[{"width":910,"height":683,"url":"https:\/\/kupmyjnie.pl\/wp-content\/uploads\/2019\/09\/1.jpg","type":"image\/jpeg"}],"twitter_card":"summary_large_image","schema":{"@context":"https:\/\/schema.org","@graph":[{"@type":"WebPage","@id":"https:\/\/kupmyjnie.pl\/produkt\/myjnia-samoobslugowa-4-stanowiskowa-autospa\/","url":"https:\/\/kupmyjnie.pl\/produkt\/myjnia-samoobslugowa-4-stanowiskowa-autospa\/","name":"Myjnia samoobs\u0142ugowa 4-stanowiskowa Autospa - KUPMYJNIE.pl","isPartOf":{"@id":"https:\/\/kupmyjnie.pl\/#website"},"primaryImageOfPage":{"@id":"https:\/\/kupmyjnie.pl\/produkt\/myjnia-samoobslugowa-4-stanowiskowa-autospa\/#primaryimage"},"image":{"@id":"https:\/\/kupmyjnie.pl\/produkt\/myjnia-samoobslugowa-4-stanowiskowa-autospa\/#primaryimage"},"thumbnailUrl":"https:\/\/kupmyjnie.pl\/wp-content\/uploads\/2019\/09\/1.jpg","datePublished":"2019-09-09T12:51:06+00:00","dateModified":"2020-09-21T13:50:51+00:00","breadcrumb":{"@id":"https:\/\/kupmyjnie.pl\/produkt\/myjnia-samoobslugowa-4-stanowiskowa-autospa\/#breadcrumb"},"inLanguage":"en-US","potentialAction":[{"@type":"ReadAction","target":["https:\/\/kupmyjnie.pl\/produkt\/myjnia-samoobslugowa-4-stanowiskowa-autospa\/"]}]},{"@type":"ImageObject","inLanguage":"en-US","@id":"https:\/\/kupmyjnie.pl\/produkt\/myjnia-samoobslugowa-4-stanowiskowa-autospa\/#primaryimage","url":"https:\/\/kupmyjnie.pl\/wp-content\/uploads\/2019\/09\/1.jpg","contentUrl":"https:\/\/kupmyjnie.pl\/wp-content\/uploads\/2019\/09\/1.jpg","width":910,"height":683},{"@type":"BreadcrumbList","@id":"https:\/\/kupmyjnie.pl\/produkt\/myjnia-samoobslugowa-4-stanowiskowa-autospa\/#breadcrumb","itemListElement":[{"@type":"ListItem","position":1,"name":"Home","item":"https:\/\/kupmyjnie.pl\/en\/"},{"@type":"ListItem","position":2,"name":"Aktualne og\u0142oszenia","item":"https:\/\/kupmyjnie.pl\/ogloszenia\/"},{"@type":"ListItem","position":3,"name":"Myjnia samoobs\u0142ugowa 4-stanowiskowa Autospa"}]},{"@type":"WebSite","@id":"https:\/\/kupmyjnie.pl\/#website","url":"https:\/\/kupmyjnie.pl\/","name":"KUPMYJNIE.pl","description":"Gie\u0142da myjni u\u017cywanych","potentialAction":[{"@type":"SearchAction","target":{"@type":"EntryPoint","urlTemplate":"https:\/\/kupmyjnie.pl\/?s={search_term_string}"},"query-input":{"@type":"PropertyValueSpecification","valueRequired":true,"valueName":"search_term_string"}}],"inLanguage":"en-US"}]}},"_links":{"self":[{"href":"https:\/\/kupmyjnie.pl\/en\/wp-json\/wp\/v2\/product\/622","targetHints":{"allow":["GET"]}}],"collection":[{"href":"https:\/\/kupmyjnie.pl\/en\/wp-json\/wp\/v2\/product"}],"about":[{"href":"https:\/\/kupmyjnie.pl\/en\/wp-json\/wp\/v2\/types\/product"}],"replies":[{"embeddable":true,"href":"https:\/\/kupmyjnie.pl\/en\/wp-json\/wp\/v2\/comments?post=622"}],"wp:featuredmedia":[{"embeddable":true,"href":"https:\/\/kupmyjnie.pl\/en\/wp-json\/wp\/v2\/media\/623"}],"wp:attachment":[{"href":"https:\/\/kupmyjnie.pl\/en\/wp-json\/wp\/v2\/media?parent=622"}],"wp:term":[{"taxonomy":"product_brand","embeddable":true,"href":"https:\/\/kupmyjnie.pl\/en\/wp-json\/wp\/v2\/product_brand?post=622"},{"taxonomy":"product_cat","embeddable":true,"href":"https:\/\/kupmyjnie.pl\/en\/wp-json\/wp\/v2\/product_cat?post=622"},{"taxonomy":"product_tag","embeddable":true,"href":"https:\/\/kupmyjnie.pl\/en\/wp-json\/wp\/v2\/product_tag?post=622"}],"curies":[{"name":"wp","href":"https:\/\/api.w.org\/{rel}","templated":true}]}}