{"id":625,"date":"2019-10-08T11:04:46","date_gmt":"2019-10-08T09:04:46","guid":{"rendered":"http:\/\/kupmyjnie.pl\/?post_type=product&#038;p=625"},"modified":"2020-09-21T15:50:18","modified_gmt":"2020-09-21T13:50:18","slug":"myjnia-hypromat","status":"publish","type":"product","link":"https:\/\/kupmyjnie.pl\/en\/produkt\/myjnia-hypromat\/","title":{"rendered":"Myjnia Hypromat"},"content":{"rendered":"<p>Producent: Hypromat<br \/>\nModel: SZT4<br \/>\nRok produkcji: 2007<br \/>\nIlo\u015b\u0107 stanowisk: 4<br \/>\nRodzaj kot\u0142a: Buderus gaz<br \/>\nProgramy: 3<br \/>\nDodatkowe funkcjonalno\u015bci: Automat do sprzeda\u017cy \u017ceton\u00f3w, 2 odkurzacze<br \/>\nLokalizacja: Szczecin<br \/>\nDost\u0119pno\u015b\u0107: Od zaraz<br \/>\nStan: Dobry<br \/>\nProponowana cena: 790 000<br \/>\nInformacje dodatkowe: Sprzedam bardzo dobrze funkcjonuj\u0105c\u0105 myjni\u0119 z du\u017c\u0105 ilo\u015bci\u0105 klient\u00f3w indywidualnych i instytucjonalnych. \u015awietna lokalizacja.<br \/>\nLokalizacja: wojew\u00f3dztwo zachodniopomorskie<\/p>\n","protected":false},"excerpt":{"rendered":"<p>Producent: Hypromat<br \/>\nModel: SZT4<br \/>\nRok produkcji: 2007<br \/>\nIlo\u015b\u0107 stanowisk: 4<br \/>\nRodzaj kot\u0142a: Buderus gaz<br \/>\nProgramy: 3<br \/>\nDodatkowe funkcjonalno\u015bci: Automat do sprzeda\u017cy \u017ceton\u00f3w, 2 odkurzacze<br \/>\nStan: Dobry<br \/>\nProponowana cena: 790 000<br \/>\nInformacje dodatkowe: Sprzedam bardzo dobrze funkcjonuj\u0105c\u0105 myjni\u0119 z du\u017c\u0105 ilo\u015bci\u0105 klient\u00f3w indywidualnych i instytucjonalnych. \u015awietna lokalizacja.<\/p>\n","protected":false},"featured_media":626,"comment_status":"open","ping_status":"closed","template":"","meta":[],"product_brand":[],"product_cat":[34],"product_tag":[],"class_list":{"0":"post-625","1":"product","2":"type-product","3":"status-publish","4":"has-post-thumbnail","6":"product_cat-uncategorized","8":"first","9":"instock","10":"taxable","11":"shipping-taxable","12":"purchasable","13":"product-type-simple"},"yoast_head":"<!-- This site is optimized with the Yoast SEO Premium plugin v26.8 (Yoast SEO v26.8) - https:\/\/yoast.com\/product\/yoast-seo-premium-wordpress\/ -->\n<title>Myjnia Hypromat - KUPMYJNIE.pl<\/title>\n<meta name=\"robots\" content=\"index, follow, max-snippet:-1, max-image-preview:large, max-video-preview:-1\" \/>\n<link rel=\"canonical\" href=\"https:\/\/kupmyjnie.pl\/produkt\/myjnia-hypromat\/\" \/>\n<meta property=\"og:locale\" content=\"en_US\" \/>\n<meta property=\"og:type\" content=\"article\" \/>\n<meta property=\"og:title\" content=\"Myjnia Hypromat\" \/>\n<meta property=\"og:description\" content=\"Producent: Hypromat Model: SZT4 Rok produkcji: 2007 Ilo\u015b\u0107 stanowisk: 4 Rodzaj kot\u0142a: Buderus gaz Programy: 3 Dodatkowe funkcjonalno\u015bci: Automat do sprzeda\u017cy \u017ceton\u00f3w, 2 odkurzacze Stan: Dobry Proponowana cena: 790 000 Informacje dodatkowe: Sprzedam bardzo dobrze funkcjonuj\u0105c\u0105 myjni\u0119 z du\u017c\u0105 ilo\u015bci\u0105 klient\u00f3w indywidualnych i instytucjonalnych. \u015awietna lokalizacja.\" \/>\n<meta property=\"og:url\" content=\"https:\/\/kupmyjnie.pl\/produkt\/myjnia-hypromat\/\" \/>\n<meta property=\"og:site_name\" content=\"KUPMYJNIE.pl\" \/>\n<meta property=\"article:modified_time\" content=\"2020-09-21T13:50:18+00:00\" \/>\n<meta property=\"og:image\" content=\"https:\/\/kupmyjnie.pl\/wp-content\/uploads\/2019\/10\/IMG_4186.jpg\" \/>\n\t<meta property=\"og:image:width\" content=\"310\" \/>\n\t<meta property=\"og:image:height\" content=\"216\" \/>\n\t<meta property=\"og:image:type\" content=\"image\/jpeg\" \/>\n<meta name=\"twitter:card\" content=\"summary_large_image\" \/>\n<script type=\"application\/ld+json\" class=\"yoast-schema-graph\">{\"@context\":\"https:\/\/schema.org\",\"@graph\":[{\"@type\":\"WebPage\",\"@id\":\"https:\/\/kupmyjnie.pl\/produkt\/myjnia-hypromat\/\",\"url\":\"https:\/\/kupmyjnie.pl\/produkt\/myjnia-hypromat\/\",\"name\":\"Myjnia Hypromat - KUPMYJNIE.pl\",\"isPartOf\":{\"@id\":\"https:\/\/kupmyjnie.pl\/#website\"},\"primaryImageOfPage\":{\"@id\":\"https:\/\/kupmyjnie.pl\/produkt\/myjnia-hypromat\/#primaryimage\"},\"image\":{\"@id\":\"https:\/\/kupmyjnie.pl\/produkt\/myjnia-hypromat\/#primaryimage\"},\"thumbnailUrl\":\"https:\/\/kupmyjnie.pl\/wp-content\/uploads\/2019\/10\/IMG_4186.jpg\",\"datePublished\":\"2019-10-08T09:04:46+00:00\",\"dateModified\":\"2020-09-21T13:50:18+00:00\",\"breadcrumb\":{\"@id\":\"https:\/\/kupmyjnie.pl\/produkt\/myjnia-hypromat\/#breadcrumb\"},\"inLanguage\":\"en-US\",\"potentialAction\":[{\"@type\":\"ReadAction\",\"target\":[\"https:\/\/kupmyjnie.pl\/produkt\/myjnia-hypromat\/\"]}]},{\"@type\":\"ImageObject\",\"inLanguage\":\"en-US\",\"@id\":\"https:\/\/kupmyjnie.pl\/produkt\/myjnia-hypromat\/#primaryimage\",\"url\":\"https:\/\/kupmyjnie.pl\/wp-content\/uploads\/2019\/10\/IMG_4186.jpg\",\"contentUrl\":\"https:\/\/kupmyjnie.pl\/wp-content\/uploads\/2019\/10\/IMG_4186.jpg\",\"width\":310,\"height\":216},{\"@type\":\"BreadcrumbList\",\"@id\":\"https:\/\/kupmyjnie.pl\/produkt\/myjnia-hypromat\/#breadcrumb\",\"itemListElement\":[{\"@type\":\"ListItem\",\"position\":1,\"name\":\"Home\",\"item\":\"https:\/\/kupmyjnie.pl\/en\/\"},{\"@type\":\"ListItem\",\"position\":2,\"name\":\"Aktualne og\u0142oszenia\",\"item\":\"https:\/\/kupmyjnie.pl\/ogloszenia\/\"},{\"@type\":\"ListItem\",\"position\":3,\"name\":\"Myjnia Hypromat\"}]},{\"@type\":\"WebSite\",\"@id\":\"https:\/\/kupmyjnie.pl\/#website\",\"url\":\"https:\/\/kupmyjnie.pl\/\",\"name\":\"KUPMYJNIE.pl\",\"description\":\"Gie\u0142da myjni u\u017cywanych\",\"potentialAction\":[{\"@type\":\"SearchAction\",\"target\":{\"@type\":\"EntryPoint\",\"urlTemplate\":\"https:\/\/kupmyjnie.pl\/?s={search_term_string}\"},\"query-input\":{\"@type\":\"PropertyValueSpecification\",\"valueRequired\":true,\"valueName\":\"search_term_string\"}}],\"inLanguage\":\"en-US\"}]}<\/script>\n<!-- \/ Yoast SEO Premium plugin. -->","yoast_head_json":{"title":"Myjnia Hypromat - KUPMYJNIE.pl","robots":{"index":"index","follow":"follow","max-snippet":"max-snippet:-1","max-image-preview":"max-image-preview:large","max-video-preview":"max-video-preview:-1"},"canonical":"https:\/\/kupmyjnie.pl\/produkt\/myjnia-hypromat\/","og_locale":"en_US","og_type":"article","og_title":"Myjnia Hypromat","og_description":"Producent: Hypromat Model: SZT4 Rok produkcji: 2007 Ilo\u015b\u0107 stanowisk: 4 Rodzaj kot\u0142a: Buderus gaz Programy: 3 Dodatkowe funkcjonalno\u015bci: Automat do sprzeda\u017cy \u017ceton\u00f3w, 2 odkurzacze Stan: Dobry Proponowana cena: 790 000 Informacje dodatkowe: Sprzedam bardzo dobrze funkcjonuj\u0105c\u0105 myjni\u0119 z du\u017c\u0105 ilo\u015bci\u0105 klient\u00f3w indywidualnych i instytucjonalnych. \u015awietna lokalizacja.","og_url":"https:\/\/kupmyjnie.pl\/produkt\/myjnia-hypromat\/","og_site_name":"KUPMYJNIE.pl","article_modified_time":"2020-09-21T13:50:18+00:00","og_image":[{"width":310,"height":216,"url":"https:\/\/kupmyjnie.pl\/wp-content\/uploads\/2019\/10\/IMG_4186.jpg","type":"image\/jpeg"}],"twitter_card":"summary_large_image","schema":{"@context":"https:\/\/schema.org","@graph":[{"@type":"WebPage","@id":"https:\/\/kupmyjnie.pl\/produkt\/myjnia-hypromat\/","url":"https:\/\/kupmyjnie.pl\/produkt\/myjnia-hypromat\/","name":"Myjnia Hypromat - KUPMYJNIE.pl","isPartOf":{"@id":"https:\/\/kupmyjnie.pl\/#website"},"primaryImageOfPage":{"@id":"https:\/\/kupmyjnie.pl\/produkt\/myjnia-hypromat\/#primaryimage"},"image":{"@id":"https:\/\/kupmyjnie.pl\/produkt\/myjnia-hypromat\/#primaryimage"},"thumbnailUrl":"https:\/\/kupmyjnie.pl\/wp-content\/uploads\/2019\/10\/IMG_4186.jpg","datePublished":"2019-10-08T09:04:46+00:00","dateModified":"2020-09-21T13:50:18+00:00","breadcrumb":{"@id":"https:\/\/kupmyjnie.pl\/produkt\/myjnia-hypromat\/#breadcrumb"},"inLanguage":"en-US","potentialAction":[{"@type":"ReadAction","target":["https:\/\/kupmyjnie.pl\/produkt\/myjnia-hypromat\/"]}]},{"@type":"ImageObject","inLanguage":"en-US","@id":"https:\/\/kupmyjnie.pl\/produkt\/myjnia-hypromat\/#primaryimage","url":"https:\/\/kupmyjnie.pl\/wp-content\/uploads\/2019\/10\/IMG_4186.jpg","contentUrl":"https:\/\/kupmyjnie.pl\/wp-content\/uploads\/2019\/10\/IMG_4186.jpg","width":310,"height":216},{"@type":"BreadcrumbList","@id":"https:\/\/kupmyjnie.pl\/produkt\/myjnia-hypromat\/#breadcrumb","itemListElement":[{"@type":"ListItem","position":1,"name":"Home","item":"https:\/\/kupmyjnie.pl\/en\/"},{"@type":"ListItem","position":2,"name":"Aktualne og\u0142oszenia","item":"https:\/\/kupmyjnie.pl\/ogloszenia\/"},{"@type":"ListItem","position":3,"name":"Myjnia Hypromat"}]},{"@type":"WebSite","@id":"https:\/\/kupmyjnie.pl\/#website","url":"https:\/\/kupmyjnie.pl\/","name":"KUPMYJNIE.pl","description":"Gie\u0142da myjni u\u017cywanych","potentialAction":[{"@type":"SearchAction","target":{"@type":"EntryPoint","urlTemplate":"https:\/\/kupmyjnie.pl\/?s={search_term_string}"},"query-input":{"@type":"PropertyValueSpecification","valueRequired":true,"valueName":"search_term_string"}}],"inLanguage":"en-US"}]}},"_links":{"self":[{"href":"https:\/\/kupmyjnie.pl\/en\/wp-json\/wp\/v2\/product\/625","targetHints":{"allow":["GET"]}}],"collection":[{"href":"https:\/\/kupmyjnie.pl\/en\/wp-json\/wp\/v2\/product"}],"about":[{"href":"https:\/\/kupmyjnie.pl\/en\/wp-json\/wp\/v2\/types\/product"}],"replies":[{"embeddable":true,"href":"https:\/\/kupmyjnie.pl\/en\/wp-json\/wp\/v2\/comments?post=625"}],"wp:featuredmedia":[{"embeddable":true,"href":"https:\/\/kupmyjnie.pl\/en\/wp-json\/wp\/v2\/media\/626"}],"wp:attachment":[{"href":"https:\/\/kupmyjnie.pl\/en\/wp-json\/wp\/v2\/media?parent=625"}],"wp:term":[{"taxonomy":"product_brand","embeddable":true,"href":"https:\/\/kupmyjnie.pl\/en\/wp-json\/wp\/v2\/product_brand?post=625"},{"taxonomy":"product_cat","embeddable":true,"href":"https:\/\/kupmyjnie.pl\/en\/wp-json\/wp\/v2\/product_cat?post=625"},{"taxonomy":"product_tag","embeddable":true,"href":"https:\/\/kupmyjnie.pl\/en\/wp-json\/wp\/v2\/product_tag?post=625"}],"curies":[{"name":"wp","href":"https:\/\/api.w.org\/{rel}","templated":true}]}}