{"id":673,"date":"2019-10-28T08:42:16","date_gmt":"2019-10-28T07:42:16","guid":{"rendered":"http:\/\/kupmyjnie.pl\/?post_type=product&#038;p=673"},"modified":"2020-08-20T08:40:43","modified_gmt":"2020-08-20T06:40:43","slug":"dwustanowiskowa-myjnia-christ","status":"publish","type":"product","link":"https:\/\/kupmyjnie.pl\/en\/produkt\/dwustanowiskowa-myjnia-christ\/","title":{"rendered":"Dwustanowiskowa myjnia Christ"},"content":{"rendered":"<p>Producent: Christ<br \/>\nModel: R\u0119czna 2-stanowiskowa<br \/>\nRok produkcji: 2013<br \/>\nIlo\u015b\u0107 stanowisk: Dwa<br \/>\nRodzaj kot\u0142a:<br \/>\nProgramy: 6<br \/>\nStan: dobry<\/p>\n<p>W sk\u0142ad myjni wchodzi<br \/>\n&#8211; 2 pompy CAT-350 wraz z silnikami jeden 2,2 KW drugi 4 KW<br \/>\n&#8211; 4 pompki chemii IWAKI<br \/>\n&#8211; 3 terminale sterownicze (jeden wolno stoj\u0105cy s\u0142upek ,dwa do integracji na kontener)<br \/>\n&#8211; G\u0142\u00f3wna szafa sterownicza, czyli komputer<br \/>\nMaszyna pracowa\u0142a niespe\u0142na 5 lat<\/p>\n<p><iframe loading=\"lazy\" title=\"27 pa\u017adziernika 2019\" width=\"1140\" height=\"641\" src=\"https:\/\/www.youtube.com\/embed\/Mn5zlhF7h90?feature=oembed\" frameborder=\"0\" allow=\"accelerometer; autoplay; clipboard-write; encrypted-media; gyroscope; picture-in-picture; web-share\" referrerpolicy=\"strict-origin-when-cross-origin\" allowfullscreen><\/iframe><\/p>\n","protected":false},"excerpt":{"rendered":"<p>Producent: Christ<br \/>\nModel: R\u0119czna 2-stanowiskowa<br \/>\nRok produkcji: 2013<br \/>\nIlo\u015b\u0107 stanowisk: Dwa<br \/>\nRodzaj kot\u0142a:<br \/>\nProgramy: 6<br \/>\nStan: dobry<\/p>\n<p>Cena do negocjacji<\/p>\n","protected":false},"featured_media":678,"comment_status":"open","ping_status":"closed","template":"","meta":[],"product_brand":[],"product_cat":[34],"product_tag":[],"class_list":{"0":"post-673","1":"product","2":"type-product","3":"status-publish","4":"has-post-thumbnail","6":"product_cat-uncategorized","8":"first","9":"instock","10":"taxable","11":"shipping-taxable","12":"product-type-simple"},"yoast_head":"<!-- This site is optimized with the Yoast SEO Premium plugin v26.8 (Yoast SEO v26.8) - https:\/\/yoast.com\/product\/yoast-seo-premium-wordpress\/ -->\n<title>Dwustanowiskowa myjnia Christ - KUPMYJNIE.pl<\/title>\n<meta name=\"robots\" content=\"index, follow, max-snippet:-1, max-image-preview:large, max-video-preview:-1\" \/>\n<link rel=\"canonical\" href=\"https:\/\/kupmyjnie.pl\/produkt\/dwustanowiskowa-myjnia-christ\/\" \/>\n<meta property=\"og:locale\" content=\"en_US\" \/>\n<meta property=\"og:type\" content=\"article\" \/>\n<meta property=\"og:title\" content=\"Dwustanowiskowa myjnia Christ\" \/>\n<meta property=\"og:description\" content=\"Producent: Christ Model: R\u0119czna 2-stanowiskowa Rok produkcji: 2013 Ilo\u015b\u0107 stanowisk: Dwa Rodzaj kot\u0142a: Programy: 6 Stan: dobry  Cena do negocjacji\" \/>\n<meta property=\"og:url\" content=\"https:\/\/kupmyjnie.pl\/produkt\/dwustanowiskowa-myjnia-christ\/\" \/>\n<meta property=\"og:site_name\" content=\"KUPMYJNIE.pl\" \/>\n<meta property=\"article:modified_time\" content=\"2020-08-20T06:40:43+00:00\" \/>\n<meta property=\"og:image\" content=\"https:\/\/kupmyjnie.pl\/wp-content\/uploads\/2019\/10\/20191016_101600.jpg\" \/>\n\t<meta property=\"og:image:width\" content=\"1500\" \/>\n\t<meta property=\"og:image:height\" content=\"2000\" \/>\n\t<meta property=\"og:image:type\" content=\"image\/jpeg\" \/>\n<meta name=\"twitter:card\" content=\"summary_large_image\" \/>\n<script type=\"application\/ld+json\" class=\"yoast-schema-graph\">{\"@context\":\"https:\/\/schema.org\",\"@graph\":[{\"@type\":\"WebPage\",\"@id\":\"https:\/\/kupmyjnie.pl\/produkt\/dwustanowiskowa-myjnia-christ\/\",\"url\":\"https:\/\/kupmyjnie.pl\/produkt\/dwustanowiskowa-myjnia-christ\/\",\"name\":\"Dwustanowiskowa myjnia Christ - KUPMYJNIE.pl\",\"isPartOf\":{\"@id\":\"https:\/\/kupmyjnie.pl\/#website\"},\"primaryImageOfPage\":{\"@id\":\"https:\/\/kupmyjnie.pl\/produkt\/dwustanowiskowa-myjnia-christ\/#primaryimage\"},\"image\":{\"@id\":\"https:\/\/kupmyjnie.pl\/produkt\/dwustanowiskowa-myjnia-christ\/#primaryimage\"},\"thumbnailUrl\":\"https:\/\/kupmyjnie.pl\/wp-content\/uploads\/2019\/10\/20191016_101600.jpg\",\"datePublished\":\"2019-10-28T07:42:16+00:00\",\"dateModified\":\"2020-08-20T06:40:43+00:00\",\"breadcrumb\":{\"@id\":\"https:\/\/kupmyjnie.pl\/produkt\/dwustanowiskowa-myjnia-christ\/#breadcrumb\"},\"inLanguage\":\"en-US\",\"potentialAction\":[{\"@type\":\"ReadAction\",\"target\":[\"https:\/\/kupmyjnie.pl\/produkt\/dwustanowiskowa-myjnia-christ\/\"]}]},{\"@type\":\"ImageObject\",\"inLanguage\":\"en-US\",\"@id\":\"https:\/\/kupmyjnie.pl\/produkt\/dwustanowiskowa-myjnia-christ\/#primaryimage\",\"url\":\"https:\/\/kupmyjnie.pl\/wp-content\/uploads\/2019\/10\/20191016_101600.jpg\",\"contentUrl\":\"https:\/\/kupmyjnie.pl\/wp-content\/uploads\/2019\/10\/20191016_101600.jpg\",\"width\":1500,\"height\":2000},{\"@type\":\"BreadcrumbList\",\"@id\":\"https:\/\/kupmyjnie.pl\/produkt\/dwustanowiskowa-myjnia-christ\/#breadcrumb\",\"itemListElement\":[{\"@type\":\"ListItem\",\"position\":1,\"name\":\"Home\",\"item\":\"https:\/\/kupmyjnie.pl\/en\/\"},{\"@type\":\"ListItem\",\"position\":2,\"name\":\"Aktualne og\u0142oszenia\",\"item\":\"https:\/\/kupmyjnie.pl\/ogloszenia\/\"},{\"@type\":\"ListItem\",\"position\":3,\"name\":\"Dwustanowiskowa myjnia Christ\"}]},{\"@type\":\"WebSite\",\"@id\":\"https:\/\/kupmyjnie.pl\/#website\",\"url\":\"https:\/\/kupmyjnie.pl\/\",\"name\":\"KUPMYJNIE.pl\",\"description\":\"Gie\u0142da myjni u\u017cywanych\",\"potentialAction\":[{\"@type\":\"SearchAction\",\"target\":{\"@type\":\"EntryPoint\",\"urlTemplate\":\"https:\/\/kupmyjnie.pl\/?s={search_term_string}\"},\"query-input\":{\"@type\":\"PropertyValueSpecification\",\"valueRequired\":true,\"valueName\":\"search_term_string\"}}],\"inLanguage\":\"en-US\"}]}<\/script>\n<!-- \/ Yoast SEO Premium plugin. -->","yoast_head_json":{"title":"Dwustanowiskowa myjnia Christ - KUPMYJNIE.pl","robots":{"index":"index","follow":"follow","max-snippet":"max-snippet:-1","max-image-preview":"max-image-preview:large","max-video-preview":"max-video-preview:-1"},"canonical":"https:\/\/kupmyjnie.pl\/produkt\/dwustanowiskowa-myjnia-christ\/","og_locale":"en_US","og_type":"article","og_title":"Dwustanowiskowa myjnia Christ","og_description":"Producent: Christ Model: R\u0119czna 2-stanowiskowa Rok produkcji: 2013 Ilo\u015b\u0107 stanowisk: Dwa Rodzaj kot\u0142a: Programy: 6 Stan: dobry  Cena do negocjacji","og_url":"https:\/\/kupmyjnie.pl\/produkt\/dwustanowiskowa-myjnia-christ\/","og_site_name":"KUPMYJNIE.pl","article_modified_time":"2020-08-20T06:40:43+00:00","og_image":[{"width":1500,"height":2000,"url":"https:\/\/kupmyjnie.pl\/wp-content\/uploads\/2019\/10\/20191016_101600.jpg","type":"image\/jpeg"}],"twitter_card":"summary_large_image","schema":{"@context":"https:\/\/schema.org","@graph":[{"@type":"WebPage","@id":"https:\/\/kupmyjnie.pl\/produkt\/dwustanowiskowa-myjnia-christ\/","url":"https:\/\/kupmyjnie.pl\/produkt\/dwustanowiskowa-myjnia-christ\/","name":"Dwustanowiskowa myjnia Christ - KUPMYJNIE.pl","isPartOf":{"@id":"https:\/\/kupmyjnie.pl\/#website"},"primaryImageOfPage":{"@id":"https:\/\/kupmyjnie.pl\/produkt\/dwustanowiskowa-myjnia-christ\/#primaryimage"},"image":{"@id":"https:\/\/kupmyjnie.pl\/produkt\/dwustanowiskowa-myjnia-christ\/#primaryimage"},"thumbnailUrl":"https:\/\/kupmyjnie.pl\/wp-content\/uploads\/2019\/10\/20191016_101600.jpg","datePublished":"2019-10-28T07:42:16+00:00","dateModified":"2020-08-20T06:40:43+00:00","breadcrumb":{"@id":"https:\/\/kupmyjnie.pl\/produkt\/dwustanowiskowa-myjnia-christ\/#breadcrumb"},"inLanguage":"en-US","potentialAction":[{"@type":"ReadAction","target":["https:\/\/kupmyjnie.pl\/produkt\/dwustanowiskowa-myjnia-christ\/"]}]},{"@type":"ImageObject","inLanguage":"en-US","@id":"https:\/\/kupmyjnie.pl\/produkt\/dwustanowiskowa-myjnia-christ\/#primaryimage","url":"https:\/\/kupmyjnie.pl\/wp-content\/uploads\/2019\/10\/20191016_101600.jpg","contentUrl":"https:\/\/kupmyjnie.pl\/wp-content\/uploads\/2019\/10\/20191016_101600.jpg","width":1500,"height":2000},{"@type":"BreadcrumbList","@id":"https:\/\/kupmyjnie.pl\/produkt\/dwustanowiskowa-myjnia-christ\/#breadcrumb","itemListElement":[{"@type":"ListItem","position":1,"name":"Home","item":"https:\/\/kupmyjnie.pl\/en\/"},{"@type":"ListItem","position":2,"name":"Aktualne og\u0142oszenia","item":"https:\/\/kupmyjnie.pl\/ogloszenia\/"},{"@type":"ListItem","position":3,"name":"Dwustanowiskowa myjnia Christ"}]},{"@type":"WebSite","@id":"https:\/\/kupmyjnie.pl\/#website","url":"https:\/\/kupmyjnie.pl\/","name":"KUPMYJNIE.pl","description":"Gie\u0142da myjni u\u017cywanych","potentialAction":[{"@type":"SearchAction","target":{"@type":"EntryPoint","urlTemplate":"https:\/\/kupmyjnie.pl\/?s={search_term_string}"},"query-input":{"@type":"PropertyValueSpecification","valueRequired":true,"valueName":"search_term_string"}}],"inLanguage":"en-US"}]}},"_links":{"self":[{"href":"https:\/\/kupmyjnie.pl\/en\/wp-json\/wp\/v2\/product\/673","targetHints":{"allow":["GET"]}}],"collection":[{"href":"https:\/\/kupmyjnie.pl\/en\/wp-json\/wp\/v2\/product"}],"about":[{"href":"https:\/\/kupmyjnie.pl\/en\/wp-json\/wp\/v2\/types\/product"}],"replies":[{"embeddable":true,"href":"https:\/\/kupmyjnie.pl\/en\/wp-json\/wp\/v2\/comments?post=673"}],"wp:featuredmedia":[{"embeddable":true,"href":"https:\/\/kupmyjnie.pl\/en\/wp-json\/wp\/v2\/media\/678"}],"wp:attachment":[{"href":"https:\/\/kupmyjnie.pl\/en\/wp-json\/wp\/v2\/media?parent=673"}],"wp:term":[{"taxonomy":"product_brand","embeddable":true,"href":"https:\/\/kupmyjnie.pl\/en\/wp-json\/wp\/v2\/product_brand?post=673"},{"taxonomy":"product_cat","embeddable":true,"href":"https:\/\/kupmyjnie.pl\/en\/wp-json\/wp\/v2\/product_cat?post=673"},{"taxonomy":"product_tag","embeddable":true,"href":"https:\/\/kupmyjnie.pl\/en\/wp-json\/wp\/v2\/product_tag?post=673"}],"curies":[{"name":"wp","href":"https:\/\/api.w.org\/{rel}","templated":true}]}}