{"id":681,"date":"2019-11-12T16:40:50","date_gmt":"2019-11-12T15:40:50","guid":{"rendered":"http:\/\/kupmyjnie.pl\/?post_type=product&#038;p=681"},"modified":"2020-09-21T15:47:29","modified_gmt":"2020-09-21T13:47:29","slug":"myjnia-cmk-3-stanowiskowa","status":"publish","type":"product","link":"https:\/\/kupmyjnie.pl\/en\/produkt\/myjnia-cmk-3-stanowiskowa\/","title":{"rendered":"Myjnia CMK 3 &#8211; stanowiskowa"},"content":{"rendered":"<pre class=\"moz-quote-pre\">Producent: CMK myjnie\r\nModel: myjnia bezdotykowa\r\nRok produkcji: 2014\r\nIlo\u015b\u0107 stanowisk: 3\r\nRodzaj kot\u0142a: gazowe\r\nProgramy: 5 program\u00f3w, pianowanie, mycie zasadnicze, p\u0142ukanie, woskowanie, nab\u0142yszczanie\r\nDodatkowe funkcjonalno\u015bci: rozmieniarka banknot\u00f3w z sysytemem lojalno\u015bciowym, p\u0142atno\u015b\u0107 telefonem\r\nInformacje dodatkowe: Do sprzedania myjnia bezdotykowa 3-stanowiskowa w centrum du\u017cego osiedla we Wroc\u0142awiu (teren dzier\u017cawiony). Ugruntowana pozycja na rynku. 5 program\u00f3w mycia: 1 piana 2XL, 2 mycie zasadnicze, 3 p\u0142ukanie, 4 woskowanie, 5 nab\u0142yszczanie. Myjnia wyposa\u017cona w rozmieniark\u0119 banknot\u00f3w, program lojalno\u015bciowy, system p\u0142atno\u015bci telefonem, stanowisko odkurzania. Zapraszam do kontaktu.\r\nLokalizacja: wojew\u00f3dztwo: dolno\u015bl\u0105skie<\/pre>\n<div class=\"moz-txt-sig\">&#8212;<\/div>\n","protected":false},"excerpt":{"rendered":"<p>Producent: CMK myjnie<br \/>\nModel: myjnia bezdotykowa<br \/>\nRok produkcji: 2014<br \/>\nIlo\u015b\u0107 stanowisk: 3<br \/>\nRodzaj kot\u0142a: gazowe<\/p>\n","protected":false},"featured_media":683,"comment_status":"open","ping_status":"closed","template":"","meta":[],"product_brand":[],"product_cat":[34],"product_tag":[],"class_list":{"0":"post-681","1":"product","2":"type-product","3":"status-publish","4":"has-post-thumbnail","6":"product_cat-uncategorized","8":"first","9":"instock","10":"taxable","11":"shipping-taxable","12":"purchasable","13":"product-type-simple"},"yoast_head":"<!-- This site is optimized with the Yoast SEO Premium plugin v26.8 (Yoast SEO v26.8) - https:\/\/yoast.com\/product\/yoast-seo-premium-wordpress\/ -->\n<title>Myjnia CMK 3 - stanowiskowa - KUPMYJNIE.pl<\/title>\n<meta name=\"robots\" content=\"index, follow, max-snippet:-1, max-image-preview:large, max-video-preview:-1\" \/>\n<link rel=\"canonical\" href=\"https:\/\/kupmyjnie.pl\/produkt\/myjnia-cmk-3-stanowiskowa\/\" \/>\n<meta property=\"og:locale\" content=\"en_US\" \/>\n<meta property=\"og:type\" content=\"article\" \/>\n<meta property=\"og:title\" content=\"Myjnia CMK 3 - stanowiskowa\" \/>\n<meta property=\"og:description\" content=\"Producent: CMK myjnie Model: myjnia bezdotykowa Rok produkcji: 2014 Ilo\u015b\u0107 stanowisk: 3 Rodzaj kot\u0142a: gazowe\" \/>\n<meta property=\"og:url\" content=\"https:\/\/kupmyjnie.pl\/produkt\/myjnia-cmk-3-stanowiskowa\/\" \/>\n<meta property=\"og:site_name\" content=\"KUPMYJNIE.pl\" \/>\n<meta property=\"article:modified_time\" content=\"2020-09-21T13:47:29+00:00\" \/>\n<meta property=\"og:image\" content=\"https:\/\/kupmyjnie.pl\/wp-content\/uploads\/2019\/11\/20150415_122852.jpg\" \/>\n\t<meta property=\"og:image:width\" content=\"1200\" \/>\n\t<meta property=\"og:image:height\" content=\"2000\" \/>\n\t<meta property=\"og:image:type\" content=\"image\/jpeg\" \/>\n<meta name=\"twitter:card\" content=\"summary_large_image\" \/>\n<script type=\"application\/ld+json\" class=\"yoast-schema-graph\">{\"@context\":\"https:\/\/schema.org\",\"@graph\":[{\"@type\":\"WebPage\",\"@id\":\"https:\/\/kupmyjnie.pl\/produkt\/myjnia-cmk-3-stanowiskowa\/\",\"url\":\"https:\/\/kupmyjnie.pl\/produkt\/myjnia-cmk-3-stanowiskowa\/\",\"name\":\"Myjnia CMK 3 - stanowiskowa - KUPMYJNIE.pl\",\"isPartOf\":{\"@id\":\"https:\/\/kupmyjnie.pl\/#website\"},\"primaryImageOfPage\":{\"@id\":\"https:\/\/kupmyjnie.pl\/produkt\/myjnia-cmk-3-stanowiskowa\/#primaryimage\"},\"image\":{\"@id\":\"https:\/\/kupmyjnie.pl\/produkt\/myjnia-cmk-3-stanowiskowa\/#primaryimage\"},\"thumbnailUrl\":\"https:\/\/kupmyjnie.pl\/wp-content\/uploads\/2019\/11\/20150415_122852.jpg\",\"datePublished\":\"2019-11-12T15:40:50+00:00\",\"dateModified\":\"2020-09-21T13:47:29+00:00\",\"breadcrumb\":{\"@id\":\"https:\/\/kupmyjnie.pl\/produkt\/myjnia-cmk-3-stanowiskowa\/#breadcrumb\"},\"inLanguage\":\"en-US\",\"potentialAction\":[{\"@type\":\"ReadAction\",\"target\":[\"https:\/\/kupmyjnie.pl\/produkt\/myjnia-cmk-3-stanowiskowa\/\"]}]},{\"@type\":\"ImageObject\",\"inLanguage\":\"en-US\",\"@id\":\"https:\/\/kupmyjnie.pl\/produkt\/myjnia-cmk-3-stanowiskowa\/#primaryimage\",\"url\":\"https:\/\/kupmyjnie.pl\/wp-content\/uploads\/2019\/11\/20150415_122852.jpg\",\"contentUrl\":\"https:\/\/kupmyjnie.pl\/wp-content\/uploads\/2019\/11\/20150415_122852.jpg\",\"width\":1200,\"height\":2000},{\"@type\":\"BreadcrumbList\",\"@id\":\"https:\/\/kupmyjnie.pl\/produkt\/myjnia-cmk-3-stanowiskowa\/#breadcrumb\",\"itemListElement\":[{\"@type\":\"ListItem\",\"position\":1,\"name\":\"Home\",\"item\":\"https:\/\/kupmyjnie.pl\/en\/\"},{\"@type\":\"ListItem\",\"position\":2,\"name\":\"Aktualne og\u0142oszenia\",\"item\":\"https:\/\/kupmyjnie.pl\/ogloszenia\/\"},{\"@type\":\"ListItem\",\"position\":3,\"name\":\"Myjnia CMK 3 &#8211; stanowiskowa\"}]},{\"@type\":\"WebSite\",\"@id\":\"https:\/\/kupmyjnie.pl\/#website\",\"url\":\"https:\/\/kupmyjnie.pl\/\",\"name\":\"KUPMYJNIE.pl\",\"description\":\"Gie\u0142da myjni u\u017cywanych\",\"potentialAction\":[{\"@type\":\"SearchAction\",\"target\":{\"@type\":\"EntryPoint\",\"urlTemplate\":\"https:\/\/kupmyjnie.pl\/?s={search_term_string}\"},\"query-input\":{\"@type\":\"PropertyValueSpecification\",\"valueRequired\":true,\"valueName\":\"search_term_string\"}}],\"inLanguage\":\"en-US\"}]}<\/script>\n<!-- \/ Yoast SEO Premium plugin. -->","yoast_head_json":{"title":"Myjnia CMK 3 - stanowiskowa - KUPMYJNIE.pl","robots":{"index":"index","follow":"follow","max-snippet":"max-snippet:-1","max-image-preview":"max-image-preview:large","max-video-preview":"max-video-preview:-1"},"canonical":"https:\/\/kupmyjnie.pl\/produkt\/myjnia-cmk-3-stanowiskowa\/","og_locale":"en_US","og_type":"article","og_title":"Myjnia CMK 3 - stanowiskowa","og_description":"Producent: CMK myjnie Model: myjnia bezdotykowa Rok produkcji: 2014 Ilo\u015b\u0107 stanowisk: 3 Rodzaj kot\u0142a: gazowe","og_url":"https:\/\/kupmyjnie.pl\/produkt\/myjnia-cmk-3-stanowiskowa\/","og_site_name":"KUPMYJNIE.pl","article_modified_time":"2020-09-21T13:47:29+00:00","og_image":[{"width":1200,"height":2000,"url":"https:\/\/kupmyjnie.pl\/wp-content\/uploads\/2019\/11\/20150415_122852.jpg","type":"image\/jpeg"}],"twitter_card":"summary_large_image","schema":{"@context":"https:\/\/schema.org","@graph":[{"@type":"WebPage","@id":"https:\/\/kupmyjnie.pl\/produkt\/myjnia-cmk-3-stanowiskowa\/","url":"https:\/\/kupmyjnie.pl\/produkt\/myjnia-cmk-3-stanowiskowa\/","name":"Myjnia CMK 3 - stanowiskowa - KUPMYJNIE.pl","isPartOf":{"@id":"https:\/\/kupmyjnie.pl\/#website"},"primaryImageOfPage":{"@id":"https:\/\/kupmyjnie.pl\/produkt\/myjnia-cmk-3-stanowiskowa\/#primaryimage"},"image":{"@id":"https:\/\/kupmyjnie.pl\/produkt\/myjnia-cmk-3-stanowiskowa\/#primaryimage"},"thumbnailUrl":"https:\/\/kupmyjnie.pl\/wp-content\/uploads\/2019\/11\/20150415_122852.jpg","datePublished":"2019-11-12T15:40:50+00:00","dateModified":"2020-09-21T13:47:29+00:00","breadcrumb":{"@id":"https:\/\/kupmyjnie.pl\/produkt\/myjnia-cmk-3-stanowiskowa\/#breadcrumb"},"inLanguage":"en-US","potentialAction":[{"@type":"ReadAction","target":["https:\/\/kupmyjnie.pl\/produkt\/myjnia-cmk-3-stanowiskowa\/"]}]},{"@type":"ImageObject","inLanguage":"en-US","@id":"https:\/\/kupmyjnie.pl\/produkt\/myjnia-cmk-3-stanowiskowa\/#primaryimage","url":"https:\/\/kupmyjnie.pl\/wp-content\/uploads\/2019\/11\/20150415_122852.jpg","contentUrl":"https:\/\/kupmyjnie.pl\/wp-content\/uploads\/2019\/11\/20150415_122852.jpg","width":1200,"height":2000},{"@type":"BreadcrumbList","@id":"https:\/\/kupmyjnie.pl\/produkt\/myjnia-cmk-3-stanowiskowa\/#breadcrumb","itemListElement":[{"@type":"ListItem","position":1,"name":"Home","item":"https:\/\/kupmyjnie.pl\/en\/"},{"@type":"ListItem","position":2,"name":"Aktualne og\u0142oszenia","item":"https:\/\/kupmyjnie.pl\/ogloszenia\/"},{"@type":"ListItem","position":3,"name":"Myjnia CMK 3 &#8211; stanowiskowa"}]},{"@type":"WebSite","@id":"https:\/\/kupmyjnie.pl\/#website","url":"https:\/\/kupmyjnie.pl\/","name":"KUPMYJNIE.pl","description":"Gie\u0142da myjni u\u017cywanych","potentialAction":[{"@type":"SearchAction","target":{"@type":"EntryPoint","urlTemplate":"https:\/\/kupmyjnie.pl\/?s={search_term_string}"},"query-input":{"@type":"PropertyValueSpecification","valueRequired":true,"valueName":"search_term_string"}}],"inLanguage":"en-US"}]}},"_links":{"self":[{"href":"https:\/\/kupmyjnie.pl\/en\/wp-json\/wp\/v2\/product\/681","targetHints":{"allow":["GET"]}}],"collection":[{"href":"https:\/\/kupmyjnie.pl\/en\/wp-json\/wp\/v2\/product"}],"about":[{"href":"https:\/\/kupmyjnie.pl\/en\/wp-json\/wp\/v2\/types\/product"}],"replies":[{"embeddable":true,"href":"https:\/\/kupmyjnie.pl\/en\/wp-json\/wp\/v2\/comments?post=681"}],"wp:featuredmedia":[{"embeddable":true,"href":"https:\/\/kupmyjnie.pl\/en\/wp-json\/wp\/v2\/media\/683"}],"wp:attachment":[{"href":"https:\/\/kupmyjnie.pl\/en\/wp-json\/wp\/v2\/media?parent=681"}],"wp:term":[{"taxonomy":"product_brand","embeddable":true,"href":"https:\/\/kupmyjnie.pl\/en\/wp-json\/wp\/v2\/product_brand?post=681"},{"taxonomy":"product_cat","embeddable":true,"href":"https:\/\/kupmyjnie.pl\/en\/wp-json\/wp\/v2\/product_cat?post=681"},{"taxonomy":"product_tag","embeddable":true,"href":"https:\/\/kupmyjnie.pl\/en\/wp-json\/wp\/v2\/product_tag?post=681"}],"curies":[{"name":"wp","href":"https:\/\/api.w.org\/{rel}","templated":true}]}}