{"id":685,"date":"2019-11-14T09:12:24","date_gmt":"2019-11-14T08:12:24","guid":{"rendered":"http:\/\/kupmyjnie.pl\/?post_type=product&#038;p=685"},"modified":"2020-01-24T09:25:05","modified_gmt":"2020-01-24T08:25:05","slug":"myjnia-karcher-6-stanowisk-2010","status":"publish","type":"product","link":"https:\/\/kupmyjnie.pl\/en\/produkt\/myjnia-karcher-6-stanowisk-2010\/","title":{"rendered":"Myjnia Karcher 6 stanowisk 2010"},"content":{"rendered":"<p>Producent: Karcher<br \/>\nModel: Ca\u0142a technologia<br \/>\nRok produkcji: 2010<br \/>\nIlo\u015b\u0107 stanowisk: 6<br \/>\nRodzaj kot\u0142a: Olejowe<br \/>\nProgramy: 1. Mycie Wst\u0119pne 2. Szczotka z aktywn\u0105 pian\u0105 3.P\u0142ukanie 4. Wosk na gor\u0105co 5. Konserwacja wod\u0105 osmotyczn\u0105<br \/>\nDost\u0119pno\u015b\u0107: Od Zaraz<br \/>\nStan: Bardzo doby &#8211; serwisowana na bie\u017c\u0105co<\/p>\n","protected":false},"excerpt":{"rendered":"<p>Producent: Karcher<br \/>\nModel: Ca\u0142a technologia<br \/>\nRok produkcji: 2010<br \/>\nIlo\u015b\u0107 stanowisk: 6<br \/>\nRodzaj kot\u0142a: Olejowe<br \/>\nProgramy: 1. Mycie Wst\u0119pne 2. Szczotka z aktywn\u0105 pian\u0105 3.P\u0142ukanie 4. Wosk na gor\u0105co 5. Konserwacja wod\u0105 osmotyczn\u0105<\/p>\n","protected":false},"featured_media":686,"comment_status":"open","ping_status":"closed","template":"","meta":[],"product_brand":[],"product_cat":[34],"product_tag":[],"class_list":{"0":"post-685","1":"product","2":"type-product","3":"status-publish","4":"has-post-thumbnail","6":"product_cat-uncategorized","8":"first","9":"outofstock","10":"taxable","11":"shipping-taxable","12":"purchasable","13":"product-type-simple"},"yoast_head":"<!-- This site is optimized with the Yoast SEO Premium plugin v26.8 (Yoast SEO v26.8) - https:\/\/yoast.com\/product\/yoast-seo-premium-wordpress\/ -->\n<title>Myjnia Karcher 6 stanowisk 2010 - KUPMYJNIE.pl<\/title>\n<meta name=\"robots\" content=\"index, follow, max-snippet:-1, max-image-preview:large, max-video-preview:-1\" \/>\n<link rel=\"canonical\" href=\"https:\/\/kupmyjnie.pl\/produkt\/myjnia-karcher-6-stanowisk-2010\/\" \/>\n<meta property=\"og:locale\" content=\"en_US\" \/>\n<meta property=\"og:type\" content=\"article\" \/>\n<meta property=\"og:title\" content=\"Myjnia Karcher 6 stanowisk 2010\" \/>\n<meta property=\"og:description\" content=\"Producent: Karcher Model: Ca\u0142a technologia Rok produkcji: 2010 Ilo\u015b\u0107 stanowisk: 6 Rodzaj kot\u0142a: Olejowe Programy: 1. Mycie Wst\u0119pne 2. Szczotka z aktywn\u0105 pian\u0105 3.P\u0142ukanie 4. Wosk na gor\u0105co 5. Konserwacja wod\u0105 osmotyczn\u0105\" \/>\n<meta property=\"og:url\" content=\"https:\/\/kupmyjnie.pl\/produkt\/myjnia-karcher-6-stanowisk-2010\/\" \/>\n<meta property=\"og:site_name\" content=\"KUPMYJNIE.pl\" \/>\n<meta property=\"article:modified_time\" content=\"2020-01-24T08:25:05+00:00\" \/>\n<meta property=\"og:image\" content=\"https:\/\/kupmyjnie.pl\/wp-content\/uploads\/2019\/11\/img_9896.jpeg\" \/>\n\t<meta property=\"og:image:width\" content=\"1440\" \/>\n\t<meta property=\"og:image:height\" content=\"1920\" \/>\n\t<meta property=\"og:image:type\" content=\"image\/jpeg\" \/>\n<meta name=\"twitter:card\" content=\"summary_large_image\" \/>\n<script type=\"application\/ld+json\" class=\"yoast-schema-graph\">{\"@context\":\"https:\/\/schema.org\",\"@graph\":[{\"@type\":\"WebPage\",\"@id\":\"https:\/\/kupmyjnie.pl\/produkt\/myjnia-karcher-6-stanowisk-2010\/\",\"url\":\"https:\/\/kupmyjnie.pl\/produkt\/myjnia-karcher-6-stanowisk-2010\/\",\"name\":\"Myjnia Karcher 6 stanowisk 2010 - KUPMYJNIE.pl\",\"isPartOf\":{\"@id\":\"https:\/\/kupmyjnie.pl\/#website\"},\"primaryImageOfPage\":{\"@id\":\"https:\/\/kupmyjnie.pl\/produkt\/myjnia-karcher-6-stanowisk-2010\/#primaryimage\"},\"image\":{\"@id\":\"https:\/\/kupmyjnie.pl\/produkt\/myjnia-karcher-6-stanowisk-2010\/#primaryimage\"},\"thumbnailUrl\":\"https:\/\/kupmyjnie.pl\/wp-content\/uploads\/2019\/11\/img_9896.jpeg\",\"datePublished\":\"2019-11-14T08:12:24+00:00\",\"dateModified\":\"2020-01-24T08:25:05+00:00\",\"breadcrumb\":{\"@id\":\"https:\/\/kupmyjnie.pl\/produkt\/myjnia-karcher-6-stanowisk-2010\/#breadcrumb\"},\"inLanguage\":\"en-US\",\"potentialAction\":[{\"@type\":\"ReadAction\",\"target\":[\"https:\/\/kupmyjnie.pl\/produkt\/myjnia-karcher-6-stanowisk-2010\/\"]}]},{\"@type\":\"ImageObject\",\"inLanguage\":\"en-US\",\"@id\":\"https:\/\/kupmyjnie.pl\/produkt\/myjnia-karcher-6-stanowisk-2010\/#primaryimage\",\"url\":\"https:\/\/kupmyjnie.pl\/wp-content\/uploads\/2019\/11\/img_9896.jpeg\",\"contentUrl\":\"https:\/\/kupmyjnie.pl\/wp-content\/uploads\/2019\/11\/img_9896.jpeg\",\"width\":1440,\"height\":1920},{\"@type\":\"BreadcrumbList\",\"@id\":\"https:\/\/kupmyjnie.pl\/produkt\/myjnia-karcher-6-stanowisk-2010\/#breadcrumb\",\"itemListElement\":[{\"@type\":\"ListItem\",\"position\":1,\"name\":\"Home\",\"item\":\"https:\/\/kupmyjnie.pl\/en\/\"},{\"@type\":\"ListItem\",\"position\":2,\"name\":\"Aktualne og\u0142oszenia\",\"item\":\"https:\/\/kupmyjnie.pl\/ogloszenia\/\"},{\"@type\":\"ListItem\",\"position\":3,\"name\":\"Myjnia Karcher 6 stanowisk 2010\"}]},{\"@type\":\"WebSite\",\"@id\":\"https:\/\/kupmyjnie.pl\/#website\",\"url\":\"https:\/\/kupmyjnie.pl\/\",\"name\":\"KUPMYJNIE.pl\",\"description\":\"Gie\u0142da myjni u\u017cywanych\",\"potentialAction\":[{\"@type\":\"SearchAction\",\"target\":{\"@type\":\"EntryPoint\",\"urlTemplate\":\"https:\/\/kupmyjnie.pl\/?s={search_term_string}\"},\"query-input\":{\"@type\":\"PropertyValueSpecification\",\"valueRequired\":true,\"valueName\":\"search_term_string\"}}],\"inLanguage\":\"en-US\"}]}<\/script>\n<!-- \/ Yoast SEO Premium plugin. -->","yoast_head_json":{"title":"Myjnia Karcher 6 stanowisk 2010 - KUPMYJNIE.pl","robots":{"index":"index","follow":"follow","max-snippet":"max-snippet:-1","max-image-preview":"max-image-preview:large","max-video-preview":"max-video-preview:-1"},"canonical":"https:\/\/kupmyjnie.pl\/produkt\/myjnia-karcher-6-stanowisk-2010\/","og_locale":"en_US","og_type":"article","og_title":"Myjnia Karcher 6 stanowisk 2010","og_description":"Producent: Karcher Model: Ca\u0142a technologia Rok produkcji: 2010 Ilo\u015b\u0107 stanowisk: 6 Rodzaj kot\u0142a: Olejowe Programy: 1. Mycie Wst\u0119pne 2. Szczotka z aktywn\u0105 pian\u0105 3.P\u0142ukanie 4. Wosk na gor\u0105co 5. Konserwacja wod\u0105 osmotyczn\u0105","og_url":"https:\/\/kupmyjnie.pl\/produkt\/myjnia-karcher-6-stanowisk-2010\/","og_site_name":"KUPMYJNIE.pl","article_modified_time":"2020-01-24T08:25:05+00:00","og_image":[{"width":1440,"height":1920,"url":"https:\/\/kupmyjnie.pl\/wp-content\/uploads\/2019\/11\/img_9896.jpeg","type":"image\/jpeg"}],"twitter_card":"summary_large_image","schema":{"@context":"https:\/\/schema.org","@graph":[{"@type":"WebPage","@id":"https:\/\/kupmyjnie.pl\/produkt\/myjnia-karcher-6-stanowisk-2010\/","url":"https:\/\/kupmyjnie.pl\/produkt\/myjnia-karcher-6-stanowisk-2010\/","name":"Myjnia Karcher 6 stanowisk 2010 - KUPMYJNIE.pl","isPartOf":{"@id":"https:\/\/kupmyjnie.pl\/#website"},"primaryImageOfPage":{"@id":"https:\/\/kupmyjnie.pl\/produkt\/myjnia-karcher-6-stanowisk-2010\/#primaryimage"},"image":{"@id":"https:\/\/kupmyjnie.pl\/produkt\/myjnia-karcher-6-stanowisk-2010\/#primaryimage"},"thumbnailUrl":"https:\/\/kupmyjnie.pl\/wp-content\/uploads\/2019\/11\/img_9896.jpeg","datePublished":"2019-11-14T08:12:24+00:00","dateModified":"2020-01-24T08:25:05+00:00","breadcrumb":{"@id":"https:\/\/kupmyjnie.pl\/produkt\/myjnia-karcher-6-stanowisk-2010\/#breadcrumb"},"inLanguage":"en-US","potentialAction":[{"@type":"ReadAction","target":["https:\/\/kupmyjnie.pl\/produkt\/myjnia-karcher-6-stanowisk-2010\/"]}]},{"@type":"ImageObject","inLanguage":"en-US","@id":"https:\/\/kupmyjnie.pl\/produkt\/myjnia-karcher-6-stanowisk-2010\/#primaryimage","url":"https:\/\/kupmyjnie.pl\/wp-content\/uploads\/2019\/11\/img_9896.jpeg","contentUrl":"https:\/\/kupmyjnie.pl\/wp-content\/uploads\/2019\/11\/img_9896.jpeg","width":1440,"height":1920},{"@type":"BreadcrumbList","@id":"https:\/\/kupmyjnie.pl\/produkt\/myjnia-karcher-6-stanowisk-2010\/#breadcrumb","itemListElement":[{"@type":"ListItem","position":1,"name":"Home","item":"https:\/\/kupmyjnie.pl\/en\/"},{"@type":"ListItem","position":2,"name":"Aktualne og\u0142oszenia","item":"https:\/\/kupmyjnie.pl\/ogloszenia\/"},{"@type":"ListItem","position":3,"name":"Myjnia Karcher 6 stanowisk 2010"}]},{"@type":"WebSite","@id":"https:\/\/kupmyjnie.pl\/#website","url":"https:\/\/kupmyjnie.pl\/","name":"KUPMYJNIE.pl","description":"Gie\u0142da myjni u\u017cywanych","potentialAction":[{"@type":"SearchAction","target":{"@type":"EntryPoint","urlTemplate":"https:\/\/kupmyjnie.pl\/?s={search_term_string}"},"query-input":{"@type":"PropertyValueSpecification","valueRequired":true,"valueName":"search_term_string"}}],"inLanguage":"en-US"}]}},"_links":{"self":[{"href":"https:\/\/kupmyjnie.pl\/en\/wp-json\/wp\/v2\/product\/685","targetHints":{"allow":["GET"]}}],"collection":[{"href":"https:\/\/kupmyjnie.pl\/en\/wp-json\/wp\/v2\/product"}],"about":[{"href":"https:\/\/kupmyjnie.pl\/en\/wp-json\/wp\/v2\/types\/product"}],"replies":[{"embeddable":true,"href":"https:\/\/kupmyjnie.pl\/en\/wp-json\/wp\/v2\/comments?post=685"}],"wp:featuredmedia":[{"embeddable":true,"href":"https:\/\/kupmyjnie.pl\/en\/wp-json\/wp\/v2\/media\/686"}],"wp:attachment":[{"href":"https:\/\/kupmyjnie.pl\/en\/wp-json\/wp\/v2\/media?parent=685"}],"wp:term":[{"taxonomy":"product_brand","embeddable":true,"href":"https:\/\/kupmyjnie.pl\/en\/wp-json\/wp\/v2\/product_brand?post=685"},{"taxonomy":"product_cat","embeddable":true,"href":"https:\/\/kupmyjnie.pl\/en\/wp-json\/wp\/v2\/product_cat?post=685"},{"taxonomy":"product_tag","embeddable":true,"href":"https:\/\/kupmyjnie.pl\/en\/wp-json\/wp\/v2\/product_tag?post=685"}],"curies":[{"name":"wp","href":"https:\/\/api.w.org\/{rel}","templated":true}]}}