{"id":766,"date":"2020-09-11T09:38:08","date_gmt":"2020-09-11T07:38:08","guid":{"rendered":"http:\/\/kupmyjnie.pl\/?post_type=product&#038;p=766"},"modified":"2021-11-30T10:06:33","modified_gmt":"2021-11-30T09:06:33","slug":"myjnia-3-stanowiskowa-bkf-2020","status":"publish","type":"product","link":"https:\/\/kupmyjnie.pl\/en\/produkt\/myjnia-3-stanowiskowa-bkf-2020\/","title":{"rendered":"Myjnia 3-stanowiskowa BKF 2020 wraz z lokalizacj\u0105 lub demonta\u017c"},"content":{"rendered":"<p>Dane dotycz\u0105ce myjni<br \/>\nProducent: BKF<br \/>\nModel: Modu\u0142 3-stanowiska<br \/>\nRok produkcji: 2020<br \/>\nIlo\u015b\u0107 stanowisk: 3<br \/>\nRodzaj kot\u0142a: olej opa\u0142owy<br \/>\nProgramy: 5\u00a0program\u00f3w piana aktywna mycie zasadnicze sp\u0142ukiwanie polimer nab\u0142yszczanie<br \/>\nDodatkowe funkcjonalno\u015bci:<br \/>\nLokalizacja: wojew\u00f3dztwo ma\u0142opolskie<br \/>\nDost\u0119pno\u015b\u0107: od r\u0119ki<br \/>\nStan:nowy bardzo dobry<br \/>\nInformacje dodatkowe: Sprzedam myjnie BKF- 3 stanowiska z 2020 rok.Gwarancja do 2022r. .Myjnia funkcjonuje od czerwca br. zdobywa coraz to nowych zadowolonych klient\u00f3w , znajduj\u0119 si\u0119 na dzier\u017cawionym terenie (UMOWA NA 10 LAT Z MO\u017bLIWO\u015aCI\u0104 PRZED\u0141U\u017bENIA) . Posiada 5 program\u00f3w mycia : 1.piana aktywna 2. mycie zasadnicze 3.sp\u0142ukiwanie 4.woskowanie (polimer na gor\u0105c\u0105) 5.nab\u0142yszczanie. Cena dotyczy odst\u0119pnego + przej\u0119cie leasingu.Cena do negocjacji. Doskona\u0142a lokalizacja.<\/p>\n<p><strong>Druga opcja do rozbi\u00f3rki i zabrania dotyczy wszystkiego co widoczne na zdj\u0119ciach .<\/strong><br \/>\n<strong>Cena 320000 netto (cena do negocjacji)<\/strong><\/p>\n","protected":false},"excerpt":{"rendered":"<p>Dane dotycz\u0105ce myjni<br \/>\nProducent: BKF<br \/>\nModel: Modu\u0142 3-stanowiska<br \/>\nRok produkcji: 2020<br \/>\nIlo\u015b\u0107 stanowisk: 3<br \/>\nRodzaj kot\u0142a: olej opa\u0142owy<br \/>\nProgramy: 5\u00a0program\u00f3w piana aktywna mycie zasadnicze sp\u0142ukiwanie polimer nab\u0142yszczanie<br \/>\nDodatkowe funkcjonalno\u015bci:<br \/>\nLokalizacja: wojew\u00f3dztwo ma\u0142opolskie<br \/>\nDost\u0119pno\u015b\u0107: od r\u0119ki<br \/>\nStan: nowy bardzo dobry<br \/>\nProponowana cena: 260.000 netto<br \/>\nInformacje dodatkowe: Sprzedam myjnie BKF- 3 stanowiska z 2020 rok.Gwarancja do 2022r. .Myjnia funkcjonuje od czerwca br. zdobywa coraz to nowych zadowolonych klient\u00f3w , znajduj\u0119 si\u0119 na dzier\u017cawionym terenie (UMOWA NA 10 LAT Z MO\u017bLIWO\u015aCI\u0104 PRZED\u0141U\u017bENIA) . Posiada 5 program\u00f3w mycia : 1.piana aktywna 2. mycie zasadnicze 3.sp\u0142ukiwanie 4.woskowanie (polimer na gor\u0105c\u0105) 5.nab\u0142yszczanie. Cena dotyczy odst\u0119pnego + przej\u0119cie leasingu. Cena do negocjacji.<\/p>\n<p><strong>Druga opcja do rozbi\u00f3rki i zabrania dotyczy wszystkiego co widoczne na zdj\u0119ciach .<\/strong><br \/>\n<strong>Cena 320000 netto (cena do negocjacji)<\/strong><\/p>\n","protected":false},"featured_media":769,"comment_status":"open","ping_status":"closed","template":"","meta":[],"product_brand":[],"product_cat":[26],"product_tag":[],"class_list":{"0":"post-766","1":"product","2":"type-product","3":"status-publish","4":"has-post-thumbnail","6":"product_cat-myjnie","8":"first","9":"instock","10":"taxable","11":"shipping-taxable","12":"purchasable","13":"product-type-simple"},"yoast_head":"<!-- This site is optimized with the Yoast SEO Premium plugin v26.8 (Yoast SEO v26.8) - https:\/\/yoast.com\/product\/yoast-seo-premium-wordpress\/ -->\n<title>Myjnia 3-stanowiskowa BKF 2020 wraz z lokalizacj\u0105 lub demonta\u017c - KUPMYJNIE.pl<\/title>\n<meta name=\"robots\" content=\"index, follow, max-snippet:-1, max-image-preview:large, max-video-preview:-1\" \/>\n<link rel=\"canonical\" href=\"https:\/\/kupmyjnie.pl\/produkt\/myjnia-3-stanowiskowa-bkf-2020\/\" \/>\n<meta property=\"og:locale\" content=\"en_US\" \/>\n<meta property=\"og:type\" content=\"article\" \/>\n<meta property=\"og:title\" content=\"Myjnia 3-stanowiskowa BKF 2020 wraz z lokalizacj\u0105 lub demonta\u017c\" \/>\n<meta property=\"og:description\" content=\"Dane dotycz\u0105ce myjni Producent: BKF Model: Modu\u0142 3-stanowiska Rok produkcji: 2020 Ilo\u015b\u0107 stanowisk: 3 Rodzaj kot\u0142a: olej opa\u0142owy Programy: 5\u00a0program\u00f3w piana aktywna mycie zasadnicze sp\u0142ukiwanie polimer nab\u0142yszczanie Dodatkowe funkcjonalno\u015bci: Lokalizacja: wojew\u00f3dztwo ma\u0142opolskie Dost\u0119pno\u015b\u0107: od r\u0119ki Stan: nowy bardzo dobry Proponowana cena: 260.000 netto Informacje dodatkowe: Sprzedam myjnie BKF- 3 stanowiska z 2020 rok.Gwarancja do 2022r. .Myjnia funkcjonuje od czerwca br. zdobywa coraz to nowych zadowolonych klient\u00f3w , znajduj\u0119 si\u0119 na dzier\u017cawionym terenie (UMOWA NA 10 LAT Z MO\u017bLIWO\u015aCI\u0104 PRZED\u0141U\u017bENIA) . Posiada 5 program\u00f3w mycia : 1.piana aktywna 2. mycie zasadnicze 3.sp\u0142ukiwanie 4.woskowanie (polimer na gor\u0105c\u0105) 5.nab\u0142yszczanie. Cena dotyczy odst\u0119pnego + przej\u0119cie leasingu. Cena do negocjacji.  Druga opcja do rozbi\u00f3rki i zabrania dotyczy wszystkiego co widoczne na zdj\u0119ciach . Cena 320000 netto (cena do negocjacji)\" \/>\n<meta property=\"og:url\" content=\"https:\/\/kupmyjnie.pl\/produkt\/myjnia-3-stanowiskowa-bkf-2020\/\" \/>\n<meta property=\"og:site_name\" content=\"KUPMYJNIE.pl\" \/>\n<meta property=\"article:modified_time\" content=\"2021-11-30T09:06:33+00:00\" \/>\n<meta property=\"og:image\" content=\"https:\/\/kupmyjnie.pl\/wp-content\/uploads\/2020\/09\/IMG_5942.jpg\" \/>\n\t<meta property=\"og:image:width\" content=\"2016\" \/>\n\t<meta property=\"og:image:height\" content=\"1512\" \/>\n\t<meta property=\"og:image:type\" content=\"image\/jpeg\" \/>\n<meta name=\"twitter:card\" content=\"summary_large_image\" \/>\n<meta name=\"twitter:label1\" content=\"Est. reading time\" \/>\n\t<meta name=\"twitter:data1\" content=\"1 minute\" \/>\n<script type=\"application\/ld+json\" class=\"yoast-schema-graph\">{\"@context\":\"https:\/\/schema.org\",\"@graph\":[{\"@type\":\"WebPage\",\"@id\":\"https:\/\/kupmyjnie.pl\/produkt\/myjnia-3-stanowiskowa-bkf-2020\/\",\"url\":\"https:\/\/kupmyjnie.pl\/produkt\/myjnia-3-stanowiskowa-bkf-2020\/\",\"name\":\"Myjnia 3-stanowiskowa BKF 2020 wraz z lokalizacj\u0105 lub demonta\u017c - KUPMYJNIE.pl\",\"isPartOf\":{\"@id\":\"https:\/\/kupmyjnie.pl\/#website\"},\"primaryImageOfPage\":{\"@id\":\"https:\/\/kupmyjnie.pl\/produkt\/myjnia-3-stanowiskowa-bkf-2020\/#primaryimage\"},\"image\":{\"@id\":\"https:\/\/kupmyjnie.pl\/produkt\/myjnia-3-stanowiskowa-bkf-2020\/#primaryimage\"},\"thumbnailUrl\":\"https:\/\/kupmyjnie.pl\/wp-content\/uploads\/2020\/09\/IMG_5942.jpg\",\"datePublished\":\"2020-09-11T07:38:08+00:00\",\"dateModified\":\"2021-11-30T09:06:33+00:00\",\"breadcrumb\":{\"@id\":\"https:\/\/kupmyjnie.pl\/produkt\/myjnia-3-stanowiskowa-bkf-2020\/#breadcrumb\"},\"inLanguage\":\"en-US\",\"potentialAction\":[{\"@type\":\"ReadAction\",\"target\":[\"https:\/\/kupmyjnie.pl\/produkt\/myjnia-3-stanowiskowa-bkf-2020\/\"]}]},{\"@type\":\"ImageObject\",\"inLanguage\":\"en-US\",\"@id\":\"https:\/\/kupmyjnie.pl\/produkt\/myjnia-3-stanowiskowa-bkf-2020\/#primaryimage\",\"url\":\"https:\/\/kupmyjnie.pl\/wp-content\/uploads\/2020\/09\/IMG_5942.jpg\",\"contentUrl\":\"https:\/\/kupmyjnie.pl\/wp-content\/uploads\/2020\/09\/IMG_5942.jpg\",\"width\":2016,\"height\":1512},{\"@type\":\"BreadcrumbList\",\"@id\":\"https:\/\/kupmyjnie.pl\/produkt\/myjnia-3-stanowiskowa-bkf-2020\/#breadcrumb\",\"itemListElement\":[{\"@type\":\"ListItem\",\"position\":1,\"name\":\"Home\",\"item\":\"https:\/\/kupmyjnie.pl\/en\/\"},{\"@type\":\"ListItem\",\"position\":2,\"name\":\"Aktualne og\u0142oszenia\",\"item\":\"https:\/\/kupmyjnie.pl\/ogloszenia\/\"},{\"@type\":\"ListItem\",\"position\":3,\"name\":\"Myjnia 3-stanowiskowa BKF 2020 wraz z lokalizacj\u0105 lub demonta\u017c\"}]},{\"@type\":\"WebSite\",\"@id\":\"https:\/\/kupmyjnie.pl\/#website\",\"url\":\"https:\/\/kupmyjnie.pl\/\",\"name\":\"KUPMYJNIE.pl\",\"description\":\"Gie\u0142da myjni u\u017cywanych\",\"potentialAction\":[{\"@type\":\"SearchAction\",\"target\":{\"@type\":\"EntryPoint\",\"urlTemplate\":\"https:\/\/kupmyjnie.pl\/?s={search_term_string}\"},\"query-input\":{\"@type\":\"PropertyValueSpecification\",\"valueRequired\":true,\"valueName\":\"search_term_string\"}}],\"inLanguage\":\"en-US\"}]}<\/script>\n<!-- \/ Yoast SEO Premium plugin. -->","yoast_head_json":{"title":"Myjnia 3-stanowiskowa BKF 2020 wraz z lokalizacj\u0105 lub demonta\u017c - KUPMYJNIE.pl","robots":{"index":"index","follow":"follow","max-snippet":"max-snippet:-1","max-image-preview":"max-image-preview:large","max-video-preview":"max-video-preview:-1"},"canonical":"https:\/\/kupmyjnie.pl\/produkt\/myjnia-3-stanowiskowa-bkf-2020\/","og_locale":"en_US","og_type":"article","og_title":"Myjnia 3-stanowiskowa BKF 2020 wraz z lokalizacj\u0105 lub demonta\u017c","og_description":"Dane dotycz\u0105ce myjni Producent: BKF Model: Modu\u0142 3-stanowiska Rok produkcji: 2020 Ilo\u015b\u0107 stanowisk: 3 Rodzaj kot\u0142a: olej opa\u0142owy Programy: 5\u00a0program\u00f3w piana aktywna mycie zasadnicze sp\u0142ukiwanie polimer nab\u0142yszczanie Dodatkowe funkcjonalno\u015bci: Lokalizacja: wojew\u00f3dztwo ma\u0142opolskie Dost\u0119pno\u015b\u0107: od r\u0119ki Stan: nowy bardzo dobry Proponowana cena: 260.000 netto Informacje dodatkowe: Sprzedam myjnie BKF- 3 stanowiska z 2020 rok.Gwarancja do 2022r. .Myjnia funkcjonuje od czerwca br. zdobywa coraz to nowych zadowolonych klient\u00f3w , znajduj\u0119 si\u0119 na dzier\u017cawionym terenie (UMOWA NA 10 LAT Z MO\u017bLIWO\u015aCI\u0104 PRZED\u0141U\u017bENIA) . Posiada 5 program\u00f3w mycia : 1.piana aktywna 2. mycie zasadnicze 3.sp\u0142ukiwanie 4.woskowanie (polimer na gor\u0105c\u0105) 5.nab\u0142yszczanie. Cena dotyczy odst\u0119pnego + przej\u0119cie leasingu. Cena do negocjacji.  Druga opcja do rozbi\u00f3rki i zabrania dotyczy wszystkiego co widoczne na zdj\u0119ciach . Cena 320000 netto (cena do negocjacji)","og_url":"https:\/\/kupmyjnie.pl\/produkt\/myjnia-3-stanowiskowa-bkf-2020\/","og_site_name":"KUPMYJNIE.pl","article_modified_time":"2021-11-30T09:06:33+00:00","og_image":[{"width":2016,"height":1512,"url":"https:\/\/kupmyjnie.pl\/wp-content\/uploads\/2020\/09\/IMG_5942.jpg","type":"image\/jpeg"}],"twitter_card":"summary_large_image","twitter_misc":{"Est. reading time":"1 minute"},"schema":{"@context":"https:\/\/schema.org","@graph":[{"@type":"WebPage","@id":"https:\/\/kupmyjnie.pl\/produkt\/myjnia-3-stanowiskowa-bkf-2020\/","url":"https:\/\/kupmyjnie.pl\/produkt\/myjnia-3-stanowiskowa-bkf-2020\/","name":"Myjnia 3-stanowiskowa BKF 2020 wraz z lokalizacj\u0105 lub demonta\u017c - KUPMYJNIE.pl","isPartOf":{"@id":"https:\/\/kupmyjnie.pl\/#website"},"primaryImageOfPage":{"@id":"https:\/\/kupmyjnie.pl\/produkt\/myjnia-3-stanowiskowa-bkf-2020\/#primaryimage"},"image":{"@id":"https:\/\/kupmyjnie.pl\/produkt\/myjnia-3-stanowiskowa-bkf-2020\/#primaryimage"},"thumbnailUrl":"https:\/\/kupmyjnie.pl\/wp-content\/uploads\/2020\/09\/IMG_5942.jpg","datePublished":"2020-09-11T07:38:08+00:00","dateModified":"2021-11-30T09:06:33+00:00","breadcrumb":{"@id":"https:\/\/kupmyjnie.pl\/produkt\/myjnia-3-stanowiskowa-bkf-2020\/#breadcrumb"},"inLanguage":"en-US","potentialAction":[{"@type":"ReadAction","target":["https:\/\/kupmyjnie.pl\/produkt\/myjnia-3-stanowiskowa-bkf-2020\/"]}]},{"@type":"ImageObject","inLanguage":"en-US","@id":"https:\/\/kupmyjnie.pl\/produkt\/myjnia-3-stanowiskowa-bkf-2020\/#primaryimage","url":"https:\/\/kupmyjnie.pl\/wp-content\/uploads\/2020\/09\/IMG_5942.jpg","contentUrl":"https:\/\/kupmyjnie.pl\/wp-content\/uploads\/2020\/09\/IMG_5942.jpg","width":2016,"height":1512},{"@type":"BreadcrumbList","@id":"https:\/\/kupmyjnie.pl\/produkt\/myjnia-3-stanowiskowa-bkf-2020\/#breadcrumb","itemListElement":[{"@type":"ListItem","position":1,"name":"Home","item":"https:\/\/kupmyjnie.pl\/en\/"},{"@type":"ListItem","position":2,"name":"Aktualne og\u0142oszenia","item":"https:\/\/kupmyjnie.pl\/ogloszenia\/"},{"@type":"ListItem","position":3,"name":"Myjnia 3-stanowiskowa BKF 2020 wraz z lokalizacj\u0105 lub demonta\u017c"}]},{"@type":"WebSite","@id":"https:\/\/kupmyjnie.pl\/#website","url":"https:\/\/kupmyjnie.pl\/","name":"KUPMYJNIE.pl","description":"Gie\u0142da myjni u\u017cywanych","potentialAction":[{"@type":"SearchAction","target":{"@type":"EntryPoint","urlTemplate":"https:\/\/kupmyjnie.pl\/?s={search_term_string}"},"query-input":{"@type":"PropertyValueSpecification","valueRequired":true,"valueName":"search_term_string"}}],"inLanguage":"en-US"}]}},"_links":{"self":[{"href":"https:\/\/kupmyjnie.pl\/en\/wp-json\/wp\/v2\/product\/766","targetHints":{"allow":["GET"]}}],"collection":[{"href":"https:\/\/kupmyjnie.pl\/en\/wp-json\/wp\/v2\/product"}],"about":[{"href":"https:\/\/kupmyjnie.pl\/en\/wp-json\/wp\/v2\/types\/product"}],"replies":[{"embeddable":true,"href":"https:\/\/kupmyjnie.pl\/en\/wp-json\/wp\/v2\/comments?post=766"}],"wp:featuredmedia":[{"embeddable":true,"href":"https:\/\/kupmyjnie.pl\/en\/wp-json\/wp\/v2\/media\/769"}],"wp:attachment":[{"href":"https:\/\/kupmyjnie.pl\/en\/wp-json\/wp\/v2\/media?parent=766"}],"wp:term":[{"taxonomy":"product_brand","embeddable":true,"href":"https:\/\/kupmyjnie.pl\/en\/wp-json\/wp\/v2\/product_brand?post=766"},{"taxonomy":"product_cat","embeddable":true,"href":"https:\/\/kupmyjnie.pl\/en\/wp-json\/wp\/v2\/product_cat?post=766"},{"taxonomy":"product_tag","embeddable":true,"href":"https:\/\/kupmyjnie.pl\/en\/wp-json\/wp\/v2\/product_tag?post=766"}],"curies":[{"name":"wp","href":"https:\/\/api.w.org\/{rel}","templated":true}]}}