{"id":817,"date":"2021-11-22T09:52:10","date_gmt":"2021-11-22T08:52:10","guid":{"rendered":"http:\/\/kupmyjnie.pl\/?post_type=product&#038;p=817"},"modified":"2022-01-24T12:11:59","modified_gmt":"2022-01-24T11:11:59","slug":"myjnia-karcher-4-stanowiskowa","status":"publish","type":"product","link":"https:\/\/kupmyjnie.pl\/en\/produkt\/myjnia-karcher-4-stanowiskowa\/","title":{"rendered":"Myjnia Karcher &#8211; 4 stanowiskowa"},"content":{"rendered":"","protected":false},"excerpt":{"rendered":"<p><strong>Do sprzedania technika myjni 4-stanowiskowej wraz z konstrukcj\u0105 i wyposa\u017ceniem dodatkowym.<br \/>\nW sk\u0142ad zestawu wchodz\u0105:<\/strong><\/p>\n<ul>\n<li>Technika Myjni SB MB 5\/10 &#8211; CAB &#8211; cena 50000 netto<\/li>\n<li>Odkurzacz Karcher Duo &#8211;\u00a0cena 5000 netto<\/li>\n<li>Rozmieniarka CAR-WASH &#8211; cena 2000 netto<\/li>\n<\/ul>\n<p>Istnieje mo\u017cliwo\u015b\u0107 zakupu ca\u0142o\u015bci lub pojedynczych element\u00f3w.<\/p>\n<p>Dane szczeg\u00f3\u0142owe:<br \/>\nProducent: KARCHER<br \/>\nModel: SB MB 5\/10 &#8211; CAB<br \/>\nRok produkcji: 2012<br \/>\nIlo\u015b\u0107 stanowisk: 4<br \/>\nRodzaj kot\u0142a: kocio\u0142 gazowy<br \/>\nProgramy: 5 (mycie podstawowe, szczotka, sp\u0142ukiwanie wod\u0105, konserwacja woskiem, p\u0142ukanie wod\u0105 uzdatnion\u0105)<br \/>\nDodatkowe funkcjonalno\u015bci:<br \/>\nLokalizacja: Bia\u0142ystok, ul. Gen. W\u0142. Andersa 40<br \/>\nDost\u0119pno\u015b\u0107: 24 h<br \/>\nStan: dobry<\/p>\n<p>&nbsp;<\/p>\n","protected":false},"featured_media":818,"comment_status":"open","ping_status":"closed","template":"","meta":[],"product_brand":[],"product_cat":[26],"product_tag":[],"class_list":{"0":"post-817","1":"product","2":"type-product","3":"status-publish","4":"has-post-thumbnail","6":"product_cat-myjnie","8":"first","9":"instock","10":"featured","11":"taxable","12":"shipping-taxable","13":"purchasable","14":"product-type-simple"},"yoast_head":"<!-- This site is optimized with the Yoast SEO Premium plugin v26.8 (Yoast SEO v26.8) - https:\/\/yoast.com\/product\/yoast-seo-premium-wordpress\/ -->\n<title>Myjnia Karcher - 4 stanowiskowa - KUPMYJNIE.pl<\/title>\n<meta name=\"robots\" content=\"index, follow, max-snippet:-1, max-image-preview:large, max-video-preview:-1\" \/>\n<link rel=\"canonical\" href=\"https:\/\/kupmyjnie.pl\/produkt\/myjnia-karcher-4-stanowiskowa\/\" \/>\n<meta property=\"og:locale\" content=\"en_US\" \/>\n<meta property=\"og:type\" content=\"article\" \/>\n<meta property=\"og:title\" content=\"Myjnia Karcher - 4 stanowiskowa\" \/>\n<meta property=\"og:description\" content=\"Do sprzedania technika myjni 4-stanowiskowej wraz z konstrukcj\u0105 i wyposa\u017ceniem dodatkowym. W sk\u0142ad zestawu wchodz\u0105:   Technika Myjni SB MB 5\/10 - CAB - cena 50000 netto  Odkurzacz Karcher Duo -\u00a0cena 5000 netto  Rozmieniarka CAR-WASH - cena 2000 netto  Istnieje mo\u017cliwo\u015b\u0107 zakupu ca\u0142o\u015bci lub pojedynczych element\u00f3w.  Dane szczeg\u00f3\u0142owe: Producent: KARCHER Model: SB MB 5\/10 - CAB Rok produkcji: 2012 Ilo\u015b\u0107 stanowisk: 4 Rodzaj kot\u0142a: kocio\u0142 gazowy Programy: 5 (mycie podstawowe, szczotka, sp\u0142ukiwanie wod\u0105, konserwacja woskiem, p\u0142ukanie wod\u0105 uzdatnion\u0105) Dodatkowe funkcjonalno\u015bci: Lokalizacja: Bia\u0142ystok, ul. Gen. W\u0142. Andersa 40 Dost\u0119pno\u015b\u0107: 24 h Stan: dobry  &nbsp;\" \/>\n<meta property=\"og:url\" content=\"https:\/\/kupmyjnie.pl\/produkt\/myjnia-karcher-4-stanowiskowa\/\" \/>\n<meta property=\"og:site_name\" content=\"KUPMYJNIE.pl\" \/>\n<meta property=\"article:modified_time\" content=\"2022-01-24T11:11:59+00:00\" \/>\n<meta property=\"og:image\" content=\"https:\/\/kupmyjnie.pl\/wp-content\/uploads\/2021\/11\/20210706_082753.jpg\" \/>\n\t<meta property=\"og:image:width\" content=\"2000\" \/>\n\t<meta property=\"og:image:height\" content=\"1500\" \/>\n\t<meta property=\"og:image:type\" content=\"image\/jpeg\" \/>\n<meta name=\"twitter:card\" content=\"summary_large_image\" \/>\n<script type=\"application\/ld+json\" class=\"yoast-schema-graph\">{\"@context\":\"https:\/\/schema.org\",\"@graph\":[{\"@type\":\"WebPage\",\"@id\":\"https:\/\/kupmyjnie.pl\/produkt\/myjnia-karcher-4-stanowiskowa\/\",\"url\":\"https:\/\/kupmyjnie.pl\/produkt\/myjnia-karcher-4-stanowiskowa\/\",\"name\":\"Myjnia Karcher - 4 stanowiskowa - KUPMYJNIE.pl\",\"isPartOf\":{\"@id\":\"https:\/\/kupmyjnie.pl\/#website\"},\"primaryImageOfPage\":{\"@id\":\"https:\/\/kupmyjnie.pl\/produkt\/myjnia-karcher-4-stanowiskowa\/#primaryimage\"},\"image\":{\"@id\":\"https:\/\/kupmyjnie.pl\/produkt\/myjnia-karcher-4-stanowiskowa\/#primaryimage\"},\"thumbnailUrl\":\"https:\/\/kupmyjnie.pl\/wp-content\/uploads\/2021\/11\/20210706_082753.jpg\",\"datePublished\":\"2021-11-22T08:52:10+00:00\",\"dateModified\":\"2022-01-24T11:11:59+00:00\",\"breadcrumb\":{\"@id\":\"https:\/\/kupmyjnie.pl\/produkt\/myjnia-karcher-4-stanowiskowa\/#breadcrumb\"},\"inLanguage\":\"en-US\",\"potentialAction\":[{\"@type\":\"ReadAction\",\"target\":[\"https:\/\/kupmyjnie.pl\/produkt\/myjnia-karcher-4-stanowiskowa\/\"]}]},{\"@type\":\"ImageObject\",\"inLanguage\":\"en-US\",\"@id\":\"https:\/\/kupmyjnie.pl\/produkt\/myjnia-karcher-4-stanowiskowa\/#primaryimage\",\"url\":\"https:\/\/kupmyjnie.pl\/wp-content\/uploads\/2021\/11\/20210706_082753.jpg\",\"contentUrl\":\"https:\/\/kupmyjnie.pl\/wp-content\/uploads\/2021\/11\/20210706_082753.jpg\",\"width\":2000,\"height\":1500},{\"@type\":\"BreadcrumbList\",\"@id\":\"https:\/\/kupmyjnie.pl\/produkt\/myjnia-karcher-4-stanowiskowa\/#breadcrumb\",\"itemListElement\":[{\"@type\":\"ListItem\",\"position\":1,\"name\":\"Home\",\"item\":\"https:\/\/kupmyjnie.pl\/en\/\"},{\"@type\":\"ListItem\",\"position\":2,\"name\":\"Aktualne og\u0142oszenia\",\"item\":\"https:\/\/kupmyjnie.pl\/ogloszenia\/\"},{\"@type\":\"ListItem\",\"position\":3,\"name\":\"Myjnia Karcher &#8211; 4 stanowiskowa\"}]},{\"@type\":\"WebSite\",\"@id\":\"https:\/\/kupmyjnie.pl\/#website\",\"url\":\"https:\/\/kupmyjnie.pl\/\",\"name\":\"KUPMYJNIE.pl\",\"description\":\"Gie\u0142da myjni u\u017cywanych\",\"potentialAction\":[{\"@type\":\"SearchAction\",\"target\":{\"@type\":\"EntryPoint\",\"urlTemplate\":\"https:\/\/kupmyjnie.pl\/?s={search_term_string}\"},\"query-input\":{\"@type\":\"PropertyValueSpecification\",\"valueRequired\":true,\"valueName\":\"search_term_string\"}}],\"inLanguage\":\"en-US\"}]}<\/script>\n<!-- \/ Yoast SEO Premium plugin. -->","yoast_head_json":{"title":"Myjnia Karcher - 4 stanowiskowa - KUPMYJNIE.pl","robots":{"index":"index","follow":"follow","max-snippet":"max-snippet:-1","max-image-preview":"max-image-preview:large","max-video-preview":"max-video-preview:-1"},"canonical":"https:\/\/kupmyjnie.pl\/produkt\/myjnia-karcher-4-stanowiskowa\/","og_locale":"en_US","og_type":"article","og_title":"Myjnia Karcher - 4 stanowiskowa","og_description":"Do sprzedania technika myjni 4-stanowiskowej wraz z konstrukcj\u0105 i wyposa\u017ceniem dodatkowym. W sk\u0142ad zestawu wchodz\u0105:   Technika Myjni SB MB 5\/10 - CAB - cena 50000 netto  Odkurzacz Karcher Duo -\u00a0cena 5000 netto  Rozmieniarka CAR-WASH - cena 2000 netto  Istnieje mo\u017cliwo\u015b\u0107 zakupu ca\u0142o\u015bci lub pojedynczych element\u00f3w.  Dane szczeg\u00f3\u0142owe: Producent: KARCHER Model: SB MB 5\/10 - CAB Rok produkcji: 2012 Ilo\u015b\u0107 stanowisk: 4 Rodzaj kot\u0142a: kocio\u0142 gazowy Programy: 5 (mycie podstawowe, szczotka, sp\u0142ukiwanie wod\u0105, konserwacja woskiem, p\u0142ukanie wod\u0105 uzdatnion\u0105) Dodatkowe funkcjonalno\u015bci: Lokalizacja: Bia\u0142ystok, ul. Gen. W\u0142. Andersa 40 Dost\u0119pno\u015b\u0107: 24 h Stan: dobry  &nbsp;","og_url":"https:\/\/kupmyjnie.pl\/produkt\/myjnia-karcher-4-stanowiskowa\/","og_site_name":"KUPMYJNIE.pl","article_modified_time":"2022-01-24T11:11:59+00:00","og_image":[{"width":2000,"height":1500,"url":"https:\/\/kupmyjnie.pl\/wp-content\/uploads\/2021\/11\/20210706_082753.jpg","type":"image\/jpeg"}],"twitter_card":"summary_large_image","schema":{"@context":"https:\/\/schema.org","@graph":[{"@type":"WebPage","@id":"https:\/\/kupmyjnie.pl\/produkt\/myjnia-karcher-4-stanowiskowa\/","url":"https:\/\/kupmyjnie.pl\/produkt\/myjnia-karcher-4-stanowiskowa\/","name":"Myjnia Karcher - 4 stanowiskowa - KUPMYJNIE.pl","isPartOf":{"@id":"https:\/\/kupmyjnie.pl\/#website"},"primaryImageOfPage":{"@id":"https:\/\/kupmyjnie.pl\/produkt\/myjnia-karcher-4-stanowiskowa\/#primaryimage"},"image":{"@id":"https:\/\/kupmyjnie.pl\/produkt\/myjnia-karcher-4-stanowiskowa\/#primaryimage"},"thumbnailUrl":"https:\/\/kupmyjnie.pl\/wp-content\/uploads\/2021\/11\/20210706_082753.jpg","datePublished":"2021-11-22T08:52:10+00:00","dateModified":"2022-01-24T11:11:59+00:00","breadcrumb":{"@id":"https:\/\/kupmyjnie.pl\/produkt\/myjnia-karcher-4-stanowiskowa\/#breadcrumb"},"inLanguage":"en-US","potentialAction":[{"@type":"ReadAction","target":["https:\/\/kupmyjnie.pl\/produkt\/myjnia-karcher-4-stanowiskowa\/"]}]},{"@type":"ImageObject","inLanguage":"en-US","@id":"https:\/\/kupmyjnie.pl\/produkt\/myjnia-karcher-4-stanowiskowa\/#primaryimage","url":"https:\/\/kupmyjnie.pl\/wp-content\/uploads\/2021\/11\/20210706_082753.jpg","contentUrl":"https:\/\/kupmyjnie.pl\/wp-content\/uploads\/2021\/11\/20210706_082753.jpg","width":2000,"height":1500},{"@type":"BreadcrumbList","@id":"https:\/\/kupmyjnie.pl\/produkt\/myjnia-karcher-4-stanowiskowa\/#breadcrumb","itemListElement":[{"@type":"ListItem","position":1,"name":"Home","item":"https:\/\/kupmyjnie.pl\/en\/"},{"@type":"ListItem","position":2,"name":"Aktualne og\u0142oszenia","item":"https:\/\/kupmyjnie.pl\/ogloszenia\/"},{"@type":"ListItem","position":3,"name":"Myjnia Karcher &#8211; 4 stanowiskowa"}]},{"@type":"WebSite","@id":"https:\/\/kupmyjnie.pl\/#website","url":"https:\/\/kupmyjnie.pl\/","name":"KUPMYJNIE.pl","description":"Gie\u0142da myjni u\u017cywanych","potentialAction":[{"@type":"SearchAction","target":{"@type":"EntryPoint","urlTemplate":"https:\/\/kupmyjnie.pl\/?s={search_term_string}"},"query-input":{"@type":"PropertyValueSpecification","valueRequired":true,"valueName":"search_term_string"}}],"inLanguage":"en-US"}]}},"_links":{"self":[{"href":"https:\/\/kupmyjnie.pl\/en\/wp-json\/wp\/v2\/product\/817","targetHints":{"allow":["GET"]}}],"collection":[{"href":"https:\/\/kupmyjnie.pl\/en\/wp-json\/wp\/v2\/product"}],"about":[{"href":"https:\/\/kupmyjnie.pl\/en\/wp-json\/wp\/v2\/types\/product"}],"replies":[{"embeddable":true,"href":"https:\/\/kupmyjnie.pl\/en\/wp-json\/wp\/v2\/comments?post=817"}],"wp:featuredmedia":[{"embeddable":true,"href":"https:\/\/kupmyjnie.pl\/en\/wp-json\/wp\/v2\/media\/818"}],"wp:attachment":[{"href":"https:\/\/kupmyjnie.pl\/en\/wp-json\/wp\/v2\/media?parent=817"}],"wp:term":[{"taxonomy":"product_brand","embeddable":true,"href":"https:\/\/kupmyjnie.pl\/en\/wp-json\/wp\/v2\/product_brand?post=817"},{"taxonomy":"product_cat","embeddable":true,"href":"https:\/\/kupmyjnie.pl\/en\/wp-json\/wp\/v2\/product_cat?post=817"},{"taxonomy":"product_tag","embeddable":true,"href":"https:\/\/kupmyjnie.pl\/en\/wp-json\/wp\/v2\/product_tag?post=817"}],"curies":[{"name":"wp","href":"https:\/\/api.w.org\/{rel}","templated":true}]}}