{"id":829,"date":"2022-01-24T12:34:14","date_gmt":"2022-01-24T11:34:14","guid":{"rendered":"http:\/\/kupmyjnie.pl\/?post_type=product&#038;p=829"},"modified":"2022-03-15T08:03:51","modified_gmt":"2022-03-15T07:03:51","slug":"myjnia-abox-4-stanowiskowa-grodzisk-mazowiecki","status":"publish","type":"product","link":"https:\/\/kupmyjnie.pl\/en\/produkt\/myjnia-abox-4-stanowiskowa-grodzisk-mazowiecki\/","title":{"rendered":"Myjnia Abox 4 &#8211; stanowiskowa Grodzisk Mazowiecki"},"content":{"rendered":"","protected":false},"excerpt":{"rendered":"<p>Na sprzeda\u017c ca\u0142a kompletna myjnia (konstrukcja ze stali kwasoodpornej polerowanej, technika z dozowaniem mikroproszku z wykorzystaniem wody z odrzutu z osmozy, kontener technologiczny myjni, szafa sterownicza, 2 x odkurzacz WINDY 3 bezworkowy 3-fazowy ze stali nierdzewnej, 2x trzepaczka do dywanik\u00f3w welurowych oraz 4 x stela\u017c z uchwytami do mycia dywanik\u00f3w gumowych, rozmieniarka banknot\u00f3w (2 i 5 z\u0142) , \u017cetony lojalno\u015bciowe.<br \/>\nMyjnia 4-stanowiskowa w bardzo dobrym stanie technicznym, wszystkie banery myjni (wymienione w II po\u0142owie 2021r.)<\/p>\n<p>PROGRAMY<br \/>\n1. Oprysk do felg<br \/>\n2. Mycie ci\u015bnieniowe wod\u0105 mi\u0119kk\u0105 60 stopni z mikroproszkiem<br \/>\n3. Sp\u0142ukiwanie wod\u0105 zdemineralizowan\u0105<br \/>\n4. Woskowanie<br \/>\n5. Nab\u0142yszczanie<\/p>\n<p>Pompa CAT x 4 &#8211; 350 (2 szt. 2019r. , 2szt. 2021) , wszystko na bie\u017c\u0105co modernizowane.<br \/>\nKocio\u0142 dwu-funkcyjny ACV Heat Master 100<br \/>\nSterowniki SIEMENS<br \/>\nElektrozawory DANFOSS<br \/>\nSystem zmi\u0119kczania i demineralizacji wody<br \/>\nPompy GRUNDFOSS<br \/>\nSystem przeciwzamarzaniowy<br \/>\nO\u015bwietlenie LED attyki oraz stanowisk<\/p>\n<p>Myjnia dost\u0119pna od zaraz.<br \/>\nSprzeda\u017c bez lokalizacji.<\/p>\n<p>Cena 290.000 netto podlega negocjacji , sprzeda\u017c na FV &#8211; 23%<br \/>\nDodatkowo mo\u017cliwo\u015b\u0107 sprzeda\u017cy pojazdu do obs\u0142ugi myjni.<br \/>\ntel. 693-090-994<\/p>\n","protected":false},"featured_media":830,"comment_status":"open","ping_status":"closed","template":"","meta":[],"product_brand":[],"product_cat":[34],"product_tag":[],"class_list":{"0":"post-829","1":"product","2":"type-product","3":"status-publish","4":"has-post-thumbnail","6":"product_cat-uncategorized","8":"first","9":"instock","10":"featured","11":"taxable","12":"shipping-taxable","13":"purchasable","14":"product-type-simple"},"yoast_head":"<!-- This site is optimized with the Yoast SEO Premium plugin v26.8 (Yoast SEO v26.8) - https:\/\/yoast.com\/product\/yoast-seo-premium-wordpress\/ -->\n<title>Myjnia Abox 4 - stanowiskowa Grodzisk Mazowiecki - KUPMYJNIE.pl<\/title>\n<meta name=\"robots\" content=\"index, follow, max-snippet:-1, max-image-preview:large, max-video-preview:-1\" \/>\n<link rel=\"canonical\" href=\"https:\/\/kupmyjnie.pl\/produkt\/myjnia-abox-4-stanowiskowa-grodzisk-mazowiecki\/\" \/>\n<meta property=\"og:locale\" content=\"en_US\" \/>\n<meta property=\"og:type\" content=\"article\" \/>\n<meta property=\"og:title\" content=\"Myjnia Abox 4 - stanowiskowa Grodzisk Mazowiecki\" \/>\n<meta property=\"og:description\" content=\"Na sprzeda\u017c ca\u0142a kompletna myjnia (konstrukcja ze stali kwasoodpornej polerowanej, technika z dozowaniem mikroproszku z wykorzystaniem wody z odrzutu z osmozy, kontener technologiczny myjni, szafa sterownicza, 2 x odkurzacz WINDY 3 bezworkowy 3-fazowy ze stali nierdzewnej, 2x trzepaczka do dywanik\u00f3w welurowych oraz 4 x stela\u017c z uchwytami do mycia dywanik\u00f3w gumowych, rozmieniarka banknot\u00f3w (2 i 5 z\u0142) , \u017cetony lojalno\u015bciowe. Myjnia 4-stanowiskowa w bardzo dobrym stanie technicznym, wszystkie banery myjni (wymienione w II po\u0142owie 2021r.)  PROGRAMY 1. Oprysk do felg 2. Mycie ci\u015bnieniowe wod\u0105 mi\u0119kk\u0105 60 stopni z mikroproszkiem 3. Sp\u0142ukiwanie wod\u0105 zdemineralizowan\u0105 4. Woskowanie 5. Nab\u0142yszczanie  Pompa CAT x 4 - 350 (2 szt. 2019r. , 2szt. 2021) , wszystko na bie\u017c\u0105co modernizowane. Kocio\u0142 dwu-funkcyjny ACV Heat Master 100 Sterowniki SIEMENS Elektrozawory DANFOSS System zmi\u0119kczania i demineralizacji wody Pompy GRUNDFOSS System przeciwzamarzaniowy O\u015bwietlenie LED attyki oraz stanowisk  Myjnia dost\u0119pna od zaraz. Sprzeda\u017c bez lokalizacji.  Cena 290.000 netto podlega negocjacji , sprzeda\u017c na FV - 23% Dodatkowo mo\u017cliwo\u015b\u0107 sprzeda\u017cy pojazdu do obs\u0142ugi myjni. tel. 693-090-994\" \/>\n<meta property=\"og:url\" content=\"https:\/\/kupmyjnie.pl\/produkt\/myjnia-abox-4-stanowiskowa-grodzisk-mazowiecki\/\" \/>\n<meta property=\"og:site_name\" content=\"KUPMYJNIE.pl\" \/>\n<meta property=\"article:modified_time\" content=\"2022-03-15T07:03:51+00:00\" \/>\n<meta property=\"og:image\" content=\"https:\/\/kupmyjnie.pl\/wp-content\/uploads\/2022\/01\/DSC_1826.jpg\" \/>\n\t<meta property=\"og:image:width\" content=\"2000\" \/>\n\t<meta property=\"og:image:height\" content=\"1125\" \/>\n\t<meta property=\"og:image:type\" content=\"image\/jpeg\" \/>\n<meta name=\"twitter:card\" content=\"summary_large_image\" \/>\n<script type=\"application\/ld+json\" class=\"yoast-schema-graph\">{\"@context\":\"https:\/\/schema.org\",\"@graph\":[{\"@type\":\"WebPage\",\"@id\":\"https:\/\/kupmyjnie.pl\/produkt\/myjnia-abox-4-stanowiskowa-grodzisk-mazowiecki\/\",\"url\":\"https:\/\/kupmyjnie.pl\/produkt\/myjnia-abox-4-stanowiskowa-grodzisk-mazowiecki\/\",\"name\":\"Myjnia Abox 4 - stanowiskowa Grodzisk Mazowiecki - KUPMYJNIE.pl\",\"isPartOf\":{\"@id\":\"https:\/\/kupmyjnie.pl\/#website\"},\"primaryImageOfPage\":{\"@id\":\"https:\/\/kupmyjnie.pl\/produkt\/myjnia-abox-4-stanowiskowa-grodzisk-mazowiecki\/#primaryimage\"},\"image\":{\"@id\":\"https:\/\/kupmyjnie.pl\/produkt\/myjnia-abox-4-stanowiskowa-grodzisk-mazowiecki\/#primaryimage\"},\"thumbnailUrl\":\"https:\/\/kupmyjnie.pl\/wp-content\/uploads\/2022\/01\/DSC_1826.jpg\",\"datePublished\":\"2022-01-24T11:34:14+00:00\",\"dateModified\":\"2022-03-15T07:03:51+00:00\",\"breadcrumb\":{\"@id\":\"https:\/\/kupmyjnie.pl\/produkt\/myjnia-abox-4-stanowiskowa-grodzisk-mazowiecki\/#breadcrumb\"},\"inLanguage\":\"en-US\",\"potentialAction\":[{\"@type\":\"ReadAction\",\"target\":[\"https:\/\/kupmyjnie.pl\/produkt\/myjnia-abox-4-stanowiskowa-grodzisk-mazowiecki\/\"]}]},{\"@type\":\"ImageObject\",\"inLanguage\":\"en-US\",\"@id\":\"https:\/\/kupmyjnie.pl\/produkt\/myjnia-abox-4-stanowiskowa-grodzisk-mazowiecki\/#primaryimage\",\"url\":\"https:\/\/kupmyjnie.pl\/wp-content\/uploads\/2022\/01\/DSC_1826.jpg\",\"contentUrl\":\"https:\/\/kupmyjnie.pl\/wp-content\/uploads\/2022\/01\/DSC_1826.jpg\",\"width\":2000,\"height\":1125},{\"@type\":\"BreadcrumbList\",\"@id\":\"https:\/\/kupmyjnie.pl\/produkt\/myjnia-abox-4-stanowiskowa-grodzisk-mazowiecki\/#breadcrumb\",\"itemListElement\":[{\"@type\":\"ListItem\",\"position\":1,\"name\":\"Home\",\"item\":\"https:\/\/kupmyjnie.pl\/en\/\"},{\"@type\":\"ListItem\",\"position\":2,\"name\":\"Aktualne og\u0142oszenia\",\"item\":\"https:\/\/kupmyjnie.pl\/ogloszenia\/\"},{\"@type\":\"ListItem\",\"position\":3,\"name\":\"Myjnia Abox 4 &#8211; stanowiskowa Grodzisk Mazowiecki\"}]},{\"@type\":\"WebSite\",\"@id\":\"https:\/\/kupmyjnie.pl\/#website\",\"url\":\"https:\/\/kupmyjnie.pl\/\",\"name\":\"KUPMYJNIE.pl\",\"description\":\"Gie\u0142da myjni u\u017cywanych\",\"potentialAction\":[{\"@type\":\"SearchAction\",\"target\":{\"@type\":\"EntryPoint\",\"urlTemplate\":\"https:\/\/kupmyjnie.pl\/?s={search_term_string}\"},\"query-input\":{\"@type\":\"PropertyValueSpecification\",\"valueRequired\":true,\"valueName\":\"search_term_string\"}}],\"inLanguage\":\"en-US\"}]}<\/script>\n<!-- \/ Yoast SEO Premium plugin. -->","yoast_head_json":{"title":"Myjnia Abox 4 - stanowiskowa Grodzisk Mazowiecki - KUPMYJNIE.pl","robots":{"index":"index","follow":"follow","max-snippet":"max-snippet:-1","max-image-preview":"max-image-preview:large","max-video-preview":"max-video-preview:-1"},"canonical":"https:\/\/kupmyjnie.pl\/produkt\/myjnia-abox-4-stanowiskowa-grodzisk-mazowiecki\/","og_locale":"en_US","og_type":"article","og_title":"Myjnia Abox 4 - stanowiskowa Grodzisk Mazowiecki","og_description":"Na sprzeda\u017c ca\u0142a kompletna myjnia (konstrukcja ze stali kwasoodpornej polerowanej, technika z dozowaniem mikroproszku z wykorzystaniem wody z odrzutu z osmozy, kontener technologiczny myjni, szafa sterownicza, 2 x odkurzacz WINDY 3 bezworkowy 3-fazowy ze stali nierdzewnej, 2x trzepaczka do dywanik\u00f3w welurowych oraz 4 x stela\u017c z uchwytami do mycia dywanik\u00f3w gumowych, rozmieniarka banknot\u00f3w (2 i 5 z\u0142) , \u017cetony lojalno\u015bciowe. Myjnia 4-stanowiskowa w bardzo dobrym stanie technicznym, wszystkie banery myjni (wymienione w II po\u0142owie 2021r.)  PROGRAMY 1. Oprysk do felg 2. Mycie ci\u015bnieniowe wod\u0105 mi\u0119kk\u0105 60 stopni z mikroproszkiem 3. Sp\u0142ukiwanie wod\u0105 zdemineralizowan\u0105 4. Woskowanie 5. Nab\u0142yszczanie  Pompa CAT x 4 - 350 (2 szt. 2019r. , 2szt. 2021) , wszystko na bie\u017c\u0105co modernizowane. Kocio\u0142 dwu-funkcyjny ACV Heat Master 100 Sterowniki SIEMENS Elektrozawory DANFOSS System zmi\u0119kczania i demineralizacji wody Pompy GRUNDFOSS System przeciwzamarzaniowy O\u015bwietlenie LED attyki oraz stanowisk  Myjnia dost\u0119pna od zaraz. Sprzeda\u017c bez lokalizacji.  Cena 290.000 netto podlega negocjacji , sprzeda\u017c na FV - 23% Dodatkowo mo\u017cliwo\u015b\u0107 sprzeda\u017cy pojazdu do obs\u0142ugi myjni. tel. 693-090-994","og_url":"https:\/\/kupmyjnie.pl\/produkt\/myjnia-abox-4-stanowiskowa-grodzisk-mazowiecki\/","og_site_name":"KUPMYJNIE.pl","article_modified_time":"2022-03-15T07:03:51+00:00","og_image":[{"width":2000,"height":1125,"url":"https:\/\/kupmyjnie.pl\/wp-content\/uploads\/2022\/01\/DSC_1826.jpg","type":"image\/jpeg"}],"twitter_card":"summary_large_image","schema":{"@context":"https:\/\/schema.org","@graph":[{"@type":"WebPage","@id":"https:\/\/kupmyjnie.pl\/produkt\/myjnia-abox-4-stanowiskowa-grodzisk-mazowiecki\/","url":"https:\/\/kupmyjnie.pl\/produkt\/myjnia-abox-4-stanowiskowa-grodzisk-mazowiecki\/","name":"Myjnia Abox 4 - stanowiskowa Grodzisk Mazowiecki - KUPMYJNIE.pl","isPartOf":{"@id":"https:\/\/kupmyjnie.pl\/#website"},"primaryImageOfPage":{"@id":"https:\/\/kupmyjnie.pl\/produkt\/myjnia-abox-4-stanowiskowa-grodzisk-mazowiecki\/#primaryimage"},"image":{"@id":"https:\/\/kupmyjnie.pl\/produkt\/myjnia-abox-4-stanowiskowa-grodzisk-mazowiecki\/#primaryimage"},"thumbnailUrl":"https:\/\/kupmyjnie.pl\/wp-content\/uploads\/2022\/01\/DSC_1826.jpg","datePublished":"2022-01-24T11:34:14+00:00","dateModified":"2022-03-15T07:03:51+00:00","breadcrumb":{"@id":"https:\/\/kupmyjnie.pl\/produkt\/myjnia-abox-4-stanowiskowa-grodzisk-mazowiecki\/#breadcrumb"},"inLanguage":"en-US","potentialAction":[{"@type":"ReadAction","target":["https:\/\/kupmyjnie.pl\/produkt\/myjnia-abox-4-stanowiskowa-grodzisk-mazowiecki\/"]}]},{"@type":"ImageObject","inLanguage":"en-US","@id":"https:\/\/kupmyjnie.pl\/produkt\/myjnia-abox-4-stanowiskowa-grodzisk-mazowiecki\/#primaryimage","url":"https:\/\/kupmyjnie.pl\/wp-content\/uploads\/2022\/01\/DSC_1826.jpg","contentUrl":"https:\/\/kupmyjnie.pl\/wp-content\/uploads\/2022\/01\/DSC_1826.jpg","width":2000,"height":1125},{"@type":"BreadcrumbList","@id":"https:\/\/kupmyjnie.pl\/produkt\/myjnia-abox-4-stanowiskowa-grodzisk-mazowiecki\/#breadcrumb","itemListElement":[{"@type":"ListItem","position":1,"name":"Home","item":"https:\/\/kupmyjnie.pl\/en\/"},{"@type":"ListItem","position":2,"name":"Aktualne og\u0142oszenia","item":"https:\/\/kupmyjnie.pl\/ogloszenia\/"},{"@type":"ListItem","position":3,"name":"Myjnia Abox 4 &#8211; stanowiskowa Grodzisk Mazowiecki"}]},{"@type":"WebSite","@id":"https:\/\/kupmyjnie.pl\/#website","url":"https:\/\/kupmyjnie.pl\/","name":"KUPMYJNIE.pl","description":"Gie\u0142da myjni u\u017cywanych","potentialAction":[{"@type":"SearchAction","target":{"@type":"EntryPoint","urlTemplate":"https:\/\/kupmyjnie.pl\/?s={search_term_string}"},"query-input":{"@type":"PropertyValueSpecification","valueRequired":true,"valueName":"search_term_string"}}],"inLanguage":"en-US"}]}},"_links":{"self":[{"href":"https:\/\/kupmyjnie.pl\/en\/wp-json\/wp\/v2\/product\/829","targetHints":{"allow":["GET"]}}],"collection":[{"href":"https:\/\/kupmyjnie.pl\/en\/wp-json\/wp\/v2\/product"}],"about":[{"href":"https:\/\/kupmyjnie.pl\/en\/wp-json\/wp\/v2\/types\/product"}],"replies":[{"embeddable":true,"href":"https:\/\/kupmyjnie.pl\/en\/wp-json\/wp\/v2\/comments?post=829"}],"wp:featuredmedia":[{"embeddable":true,"href":"https:\/\/kupmyjnie.pl\/en\/wp-json\/wp\/v2\/media\/830"}],"wp:attachment":[{"href":"https:\/\/kupmyjnie.pl\/en\/wp-json\/wp\/v2\/media?parent=829"}],"wp:term":[{"taxonomy":"product_brand","embeddable":true,"href":"https:\/\/kupmyjnie.pl\/en\/wp-json\/wp\/v2\/product_brand?post=829"},{"taxonomy":"product_cat","embeddable":true,"href":"https:\/\/kupmyjnie.pl\/en\/wp-json\/wp\/v2\/product_cat?post=829"},{"taxonomy":"product_tag","embeddable":true,"href":"https:\/\/kupmyjnie.pl\/en\/wp-json\/wp\/v2\/product_tag?post=829"}],"curies":[{"name":"wp","href":"https:\/\/api.w.org\/{rel}","templated":true}]}}