{"id":852,"date":"2022-02-21T15:20:18","date_gmt":"2022-02-21T14:20:18","guid":{"rendered":"http:\/\/kupmyjnie.pl\/?post_type=product&#038;p=852"},"modified":"2022-02-21T15:20:18","modified_gmt":"2022-02-21T14:20:18","slug":"myjnia-ehrle-modulline-technika-na-sprzedaz-lotwa","status":"publish","type":"product","link":"https:\/\/kupmyjnie.pl\/en\/produkt\/myjnia-ehrle-modulline-technika-na-sprzedaz-lotwa\/","title":{"rendered":"Myjnia Ehrle Modulline &#8211; technika na sprzeda\u017c &#8211; \u0141otwa"},"content":{"rendered":"","protected":false},"excerpt":{"rendered":"<p>Na sprzeda\u017c oferujemy technik\u0119 myjni Ehrle Modulline &#8211; 4 stanowiska.<br \/>\nW sk\u0142ad oferty wchodz\u0105 wyposa\u017cenie kontenera (bez niego samego), pulpity steruj\u0105ce oraz w\u0119\u017ce.<br \/>\nPiec Buderus (olejowy) 105kV<br \/>\nPi\u0119\u0107 program\u00f3w mycia.<br \/>\n<strong>Cena 60000 Euro netto<\/strong><\/p>\n<p>Myjnia zlokalizowana na \u0141otwie.<br \/>\nW\u0142a\u015bciciel deklaruje pomoc przy demonta\u017cu.<br \/>\nTelefon:\u00a0+37122002201<\/p>\n","protected":false},"featured_media":853,"comment_status":"open","ping_status":"closed","template":"","meta":[],"product_brand":[],"product_cat":[34],"product_tag":[],"class_list":{"0":"post-852","1":"product","2":"type-product","3":"status-publish","4":"has-post-thumbnail","6":"product_cat-uncategorized","8":"first","9":"instock","10":"featured","11":"taxable","12":"shipping-taxable","13":"product-type-simple"},"yoast_head":"<!-- This site is optimized with the Yoast SEO Premium plugin v26.8 (Yoast SEO v26.8) - https:\/\/yoast.com\/product\/yoast-seo-premium-wordpress\/ -->\n<title>Myjnia Ehrle Modulline - technika na sprzeda\u017c - \u0141otwa - KUPMYJNIE.pl<\/title>\n<meta name=\"robots\" content=\"index, follow, max-snippet:-1, max-image-preview:large, max-video-preview:-1\" \/>\n<link rel=\"canonical\" href=\"https:\/\/kupmyjnie.pl\/produkt\/myjnia-ehrle-modulline-technika-na-sprzedaz-lotwa\/\" \/>\n<meta property=\"og:locale\" content=\"en_US\" \/>\n<meta property=\"og:type\" content=\"article\" \/>\n<meta property=\"og:title\" content=\"Myjnia Ehrle Modulline - technika na sprzeda\u017c - \u0141otwa\" \/>\n<meta property=\"og:description\" content=\"Na sprzeda\u017c oferujemy technik\u0119 myjni Ehrle Modulline - 4 stanowiska. W sk\u0142ad oferty wchodz\u0105 wyposa\u017cenie kontenera (bez niego samego), pulpity steruj\u0105ce oraz w\u0119\u017ce. Piec Buderus (olejowy) 105kV Pi\u0119\u0107 program\u00f3w mycia. Cena 60000 Euro netto  Myjnia zlokalizowana na \u0141otwie. W\u0142a\u015bciciel deklaruje pomoc przy demonta\u017cu. Telefon:\u00a0+37122002201\" \/>\n<meta property=\"og:url\" content=\"https:\/\/kupmyjnie.pl\/produkt\/myjnia-ehrle-modulline-technika-na-sprzedaz-lotwa\/\" \/>\n<meta property=\"og:site_name\" content=\"KUPMYJNIE.pl\" \/>\n<meta property=\"og:image\" content=\"https:\/\/kupmyjnie.pl\/wp-content\/uploads\/2022\/02\/WhatsApp-Image-2022-02-11-at-4.18.47-PM-Copy.jpeg\" \/>\n\t<meta property=\"og:image:width\" content=\"899\" \/>\n\t<meta property=\"og:image:height\" content=\"1599\" \/>\n\t<meta property=\"og:image:type\" content=\"image\/jpeg\" \/>\n<meta name=\"twitter:card\" content=\"summary_large_image\" \/>\n<script type=\"application\/ld+json\" class=\"yoast-schema-graph\">{\"@context\":\"https:\/\/schema.org\",\"@graph\":[{\"@type\":\"WebPage\",\"@id\":\"https:\/\/kupmyjnie.pl\/produkt\/myjnia-ehrle-modulline-technika-na-sprzedaz-lotwa\/\",\"url\":\"https:\/\/kupmyjnie.pl\/produkt\/myjnia-ehrle-modulline-technika-na-sprzedaz-lotwa\/\",\"name\":\"Myjnia Ehrle Modulline - technika na sprzeda\u017c - \u0141otwa - KUPMYJNIE.pl\",\"isPartOf\":{\"@id\":\"https:\/\/kupmyjnie.pl\/#website\"},\"primaryImageOfPage\":{\"@id\":\"https:\/\/kupmyjnie.pl\/produkt\/myjnia-ehrle-modulline-technika-na-sprzedaz-lotwa\/#primaryimage\"},\"image\":{\"@id\":\"https:\/\/kupmyjnie.pl\/produkt\/myjnia-ehrle-modulline-technika-na-sprzedaz-lotwa\/#primaryimage\"},\"thumbnailUrl\":\"https:\/\/kupmyjnie.pl\/wp-content\/uploads\/2022\/02\/WhatsApp-Image-2022-02-11-at-4.18.47-PM-Copy.jpeg\",\"datePublished\":\"2022-02-21T14:20:18+00:00\",\"breadcrumb\":{\"@id\":\"https:\/\/kupmyjnie.pl\/produkt\/myjnia-ehrle-modulline-technika-na-sprzedaz-lotwa\/#breadcrumb\"},\"inLanguage\":\"en-US\",\"potentialAction\":[{\"@type\":\"ReadAction\",\"target\":[\"https:\/\/kupmyjnie.pl\/produkt\/myjnia-ehrle-modulline-technika-na-sprzedaz-lotwa\/\"]}]},{\"@type\":\"ImageObject\",\"inLanguage\":\"en-US\",\"@id\":\"https:\/\/kupmyjnie.pl\/produkt\/myjnia-ehrle-modulline-technika-na-sprzedaz-lotwa\/#primaryimage\",\"url\":\"https:\/\/kupmyjnie.pl\/wp-content\/uploads\/2022\/02\/WhatsApp-Image-2022-02-11-at-4.18.47-PM-Copy.jpeg\",\"contentUrl\":\"https:\/\/kupmyjnie.pl\/wp-content\/uploads\/2022\/02\/WhatsApp-Image-2022-02-11-at-4.18.47-PM-Copy.jpeg\",\"width\":899,\"height\":1599},{\"@type\":\"BreadcrumbList\",\"@id\":\"https:\/\/kupmyjnie.pl\/produkt\/myjnia-ehrle-modulline-technika-na-sprzedaz-lotwa\/#breadcrumb\",\"itemListElement\":[{\"@type\":\"ListItem\",\"position\":1,\"name\":\"Home\",\"item\":\"https:\/\/kupmyjnie.pl\/en\/\"},{\"@type\":\"ListItem\",\"position\":2,\"name\":\"Aktualne og\u0142oszenia\",\"item\":\"https:\/\/kupmyjnie.pl\/ogloszenia\/\"},{\"@type\":\"ListItem\",\"position\":3,\"name\":\"Myjnia Ehrle Modulline &#8211; technika na sprzeda\u017c &#8211; \u0141otwa\"}]},{\"@type\":\"WebSite\",\"@id\":\"https:\/\/kupmyjnie.pl\/#website\",\"url\":\"https:\/\/kupmyjnie.pl\/\",\"name\":\"KUPMYJNIE.pl\",\"description\":\"Gie\u0142da myjni u\u017cywanych\",\"potentialAction\":[{\"@type\":\"SearchAction\",\"target\":{\"@type\":\"EntryPoint\",\"urlTemplate\":\"https:\/\/kupmyjnie.pl\/?s={search_term_string}\"},\"query-input\":{\"@type\":\"PropertyValueSpecification\",\"valueRequired\":true,\"valueName\":\"search_term_string\"}}],\"inLanguage\":\"en-US\"}]}<\/script>\n<!-- \/ Yoast SEO Premium plugin. -->","yoast_head_json":{"title":"Myjnia Ehrle Modulline - technika na sprzeda\u017c - \u0141otwa - KUPMYJNIE.pl","robots":{"index":"index","follow":"follow","max-snippet":"max-snippet:-1","max-image-preview":"max-image-preview:large","max-video-preview":"max-video-preview:-1"},"canonical":"https:\/\/kupmyjnie.pl\/produkt\/myjnia-ehrle-modulline-technika-na-sprzedaz-lotwa\/","og_locale":"en_US","og_type":"article","og_title":"Myjnia Ehrle Modulline - technika na sprzeda\u017c - \u0141otwa","og_description":"Na sprzeda\u017c oferujemy technik\u0119 myjni Ehrle Modulline - 4 stanowiska. W sk\u0142ad oferty wchodz\u0105 wyposa\u017cenie kontenera (bez niego samego), pulpity steruj\u0105ce oraz w\u0119\u017ce. Piec Buderus (olejowy) 105kV Pi\u0119\u0107 program\u00f3w mycia. Cena 60000 Euro netto  Myjnia zlokalizowana na \u0141otwie. W\u0142a\u015bciciel deklaruje pomoc przy demonta\u017cu. Telefon:\u00a0+37122002201","og_url":"https:\/\/kupmyjnie.pl\/produkt\/myjnia-ehrle-modulline-technika-na-sprzedaz-lotwa\/","og_site_name":"KUPMYJNIE.pl","og_image":[{"width":899,"height":1599,"url":"https:\/\/kupmyjnie.pl\/wp-content\/uploads\/2022\/02\/WhatsApp-Image-2022-02-11-at-4.18.47-PM-Copy.jpeg","type":"image\/jpeg"}],"twitter_card":"summary_large_image","schema":{"@context":"https:\/\/schema.org","@graph":[{"@type":"WebPage","@id":"https:\/\/kupmyjnie.pl\/produkt\/myjnia-ehrle-modulline-technika-na-sprzedaz-lotwa\/","url":"https:\/\/kupmyjnie.pl\/produkt\/myjnia-ehrle-modulline-technika-na-sprzedaz-lotwa\/","name":"Myjnia Ehrle Modulline - technika na sprzeda\u017c - \u0141otwa - KUPMYJNIE.pl","isPartOf":{"@id":"https:\/\/kupmyjnie.pl\/#website"},"primaryImageOfPage":{"@id":"https:\/\/kupmyjnie.pl\/produkt\/myjnia-ehrle-modulline-technika-na-sprzedaz-lotwa\/#primaryimage"},"image":{"@id":"https:\/\/kupmyjnie.pl\/produkt\/myjnia-ehrle-modulline-technika-na-sprzedaz-lotwa\/#primaryimage"},"thumbnailUrl":"https:\/\/kupmyjnie.pl\/wp-content\/uploads\/2022\/02\/WhatsApp-Image-2022-02-11-at-4.18.47-PM-Copy.jpeg","datePublished":"2022-02-21T14:20:18+00:00","breadcrumb":{"@id":"https:\/\/kupmyjnie.pl\/produkt\/myjnia-ehrle-modulline-technika-na-sprzedaz-lotwa\/#breadcrumb"},"inLanguage":"en-US","potentialAction":[{"@type":"ReadAction","target":["https:\/\/kupmyjnie.pl\/produkt\/myjnia-ehrle-modulline-technika-na-sprzedaz-lotwa\/"]}]},{"@type":"ImageObject","inLanguage":"en-US","@id":"https:\/\/kupmyjnie.pl\/produkt\/myjnia-ehrle-modulline-technika-na-sprzedaz-lotwa\/#primaryimage","url":"https:\/\/kupmyjnie.pl\/wp-content\/uploads\/2022\/02\/WhatsApp-Image-2022-02-11-at-4.18.47-PM-Copy.jpeg","contentUrl":"https:\/\/kupmyjnie.pl\/wp-content\/uploads\/2022\/02\/WhatsApp-Image-2022-02-11-at-4.18.47-PM-Copy.jpeg","width":899,"height":1599},{"@type":"BreadcrumbList","@id":"https:\/\/kupmyjnie.pl\/produkt\/myjnia-ehrle-modulline-technika-na-sprzedaz-lotwa\/#breadcrumb","itemListElement":[{"@type":"ListItem","position":1,"name":"Home","item":"https:\/\/kupmyjnie.pl\/en\/"},{"@type":"ListItem","position":2,"name":"Aktualne og\u0142oszenia","item":"https:\/\/kupmyjnie.pl\/ogloszenia\/"},{"@type":"ListItem","position":3,"name":"Myjnia Ehrle Modulline &#8211; technika na sprzeda\u017c &#8211; \u0141otwa"}]},{"@type":"WebSite","@id":"https:\/\/kupmyjnie.pl\/#website","url":"https:\/\/kupmyjnie.pl\/","name":"KUPMYJNIE.pl","description":"Gie\u0142da myjni u\u017cywanych","potentialAction":[{"@type":"SearchAction","target":{"@type":"EntryPoint","urlTemplate":"https:\/\/kupmyjnie.pl\/?s={search_term_string}"},"query-input":{"@type":"PropertyValueSpecification","valueRequired":true,"valueName":"search_term_string"}}],"inLanguage":"en-US"}]}},"_links":{"self":[{"href":"https:\/\/kupmyjnie.pl\/en\/wp-json\/wp\/v2\/product\/852","targetHints":{"allow":["GET"]}}],"collection":[{"href":"https:\/\/kupmyjnie.pl\/en\/wp-json\/wp\/v2\/product"}],"about":[{"href":"https:\/\/kupmyjnie.pl\/en\/wp-json\/wp\/v2\/types\/product"}],"replies":[{"embeddable":true,"href":"https:\/\/kupmyjnie.pl\/en\/wp-json\/wp\/v2\/comments?post=852"}],"wp:featuredmedia":[{"embeddable":true,"href":"https:\/\/kupmyjnie.pl\/en\/wp-json\/wp\/v2\/media\/853"}],"wp:attachment":[{"href":"https:\/\/kupmyjnie.pl\/en\/wp-json\/wp\/v2\/media?parent=852"}],"wp:term":[{"taxonomy":"product_brand","embeddable":true,"href":"https:\/\/kupmyjnie.pl\/en\/wp-json\/wp\/v2\/product_brand?post=852"},{"taxonomy":"product_cat","embeddable":true,"href":"https:\/\/kupmyjnie.pl\/en\/wp-json\/wp\/v2\/product_cat?post=852"},{"taxonomy":"product_tag","embeddable":true,"href":"https:\/\/kupmyjnie.pl\/en\/wp-json\/wp\/v2\/product_tag?post=852"}],"curies":[{"name":"wp","href":"https:\/\/api.w.org\/{rel}","templated":true}]}}