{"id":871,"date":"2022-07-12T11:05:55","date_gmt":"2022-07-12T09:05:55","guid":{"rendered":"http:\/\/kupmyjnie.pl\/?post_type=product&#038;p=871"},"modified":"2024-08-07T09:08:27","modified_gmt":"2024-08-07T07:08:27","slug":"myjnia-bkf-6-cio-stanowiskowa","status":"publish","type":"product","link":"https:\/\/kupmyjnie.pl\/en\/produkt\/myjnia-bkf-6-cio-stanowiskowa\/","title":{"rendered":"Myjnia BKF 6-cio stanowiskowa"},"content":{"rendered":"","protected":false},"excerpt":{"rendered":"<p>Do sprzedania Myjnia 6 &#8211; cio stanowiskowa BKF kontenerowa. Rok produkcji 2014. Stan myjni bardzo dobry zasilanie gazowe.<br \/>\nMyjnia wyposa\u017cona w system p\u0142atno\u015bci kart\u0105.<br \/>\nPi\u0119\u0107 program\u00f3w mycia.<br \/>\n1. Aktywna Piana<br \/>\n2. Mycie zasadnicze<br \/>\n3. Sp\u0142ukiwanie<br \/>\n4. Wosk<br \/>\n5. Nab\u0142yszczenie<\/p>\n<p>Myjnia wyposa\u017cona dodatkowo w odkurzacz dwustanowiskowy oraz stanowisko z p\u0142ynem do spryskiwaczy.<br \/>\nMyjni\u0119 mo\u017cna zobaczy\u0107 w Wa\u0142brzychu, ul. 1 Maja na terenie CH Galeria Victoria.<br \/>\nOsoby zainteresowane zapraszamy do kontaktu pod nr tel. 506 500 367.<\/p>\n<p>Cena: 1500000 netto do negocjacji.<\/p>\n","protected":false},"featured_media":872,"comment_status":"open","ping_status":"closed","template":"","meta":[],"product_brand":[],"product_cat":[34],"product_tag":[],"class_list":{"0":"post-871","1":"product","2":"type-product","3":"status-publish","4":"has-post-thumbnail","6":"product_cat-uncategorized","8":"first","9":"instock","10":"featured","11":"taxable","12":"shipping-taxable","13":"purchasable","14":"product-type-simple"},"yoast_head":"<!-- This site is optimized with the Yoast SEO Premium plugin v26.8 (Yoast SEO v26.8) - https:\/\/yoast.com\/product\/yoast-seo-premium-wordpress\/ -->\n<title>Myjnia BKF 6-cio stanowiskowa - KUPMYJNIE.pl<\/title>\n<meta name=\"robots\" content=\"index, follow, max-snippet:-1, max-image-preview:large, max-video-preview:-1\" \/>\n<link rel=\"canonical\" href=\"https:\/\/kupmyjnie.pl\/produkt\/myjnia-bkf-6-cio-stanowiskowa\/\" \/>\n<meta property=\"og:locale\" content=\"en_US\" \/>\n<meta property=\"og:type\" content=\"article\" \/>\n<meta property=\"og:title\" content=\"Myjnia BKF 6-cio stanowiskowa\" \/>\n<meta property=\"og:description\" content=\"Do sprzedania Myjnia 6 - cio stanowiskowa BKF kontenerowa. Rok produkcji 2014. Stan myjni bardzo dobry zasilanie gazowe. Myjnia wyposa\u017cona w system p\u0142atno\u015bci kart\u0105. Pi\u0119\u0107 program\u00f3w mycia. 1. Aktywna Piana 2. Mycie zasadnicze 3. Sp\u0142ukiwanie 4. Wosk 5. Nab\u0142yszczenie  Myjnia wyposa\u017cona dodatkowo w odkurzacz dwustanowiskowy oraz stanowisko z p\u0142ynem do spryskiwaczy. Myjni\u0119 mo\u017cna zobaczy\u0107 w Wa\u0142brzychu, ul. 1 Maja na terenie CH Galeria Victoria. Osoby zainteresowane zapraszamy do kontaktu pod nr tel. 506 500 367.  Cena: 1500000 netto do negocjacji.\" \/>\n<meta property=\"og:url\" content=\"https:\/\/kupmyjnie.pl\/produkt\/myjnia-bkf-6-cio-stanowiskowa\/\" \/>\n<meta property=\"og:site_name\" content=\"KUPMYJNIE.pl\" \/>\n<meta property=\"article:modified_time\" content=\"2024-08-07T07:08:27+00:00\" \/>\n<meta property=\"og:image\" content=\"https:\/\/kupmyjnie.pl\/wp-content\/uploads\/2022\/07\/IMG_5138.jpeg\" \/>\n\t<meta property=\"og:image:width\" content=\"2365\" \/>\n\t<meta property=\"og:image:height\" content=\"1330\" \/>\n\t<meta property=\"og:image:type\" content=\"image\/jpeg\" \/>\n<meta name=\"twitter:card\" content=\"summary_large_image\" \/>\n<script type=\"application\/ld+json\" class=\"yoast-schema-graph\">{\"@context\":\"https:\/\/schema.org\",\"@graph\":[{\"@type\":\"WebPage\",\"@id\":\"https:\/\/kupmyjnie.pl\/produkt\/myjnia-bkf-6-cio-stanowiskowa\/\",\"url\":\"https:\/\/kupmyjnie.pl\/produkt\/myjnia-bkf-6-cio-stanowiskowa\/\",\"name\":\"Myjnia BKF 6-cio stanowiskowa - KUPMYJNIE.pl\",\"isPartOf\":{\"@id\":\"https:\/\/kupmyjnie.pl\/#website\"},\"primaryImageOfPage\":{\"@id\":\"https:\/\/kupmyjnie.pl\/produkt\/myjnia-bkf-6-cio-stanowiskowa\/#primaryimage\"},\"image\":{\"@id\":\"https:\/\/kupmyjnie.pl\/produkt\/myjnia-bkf-6-cio-stanowiskowa\/#primaryimage\"},\"thumbnailUrl\":\"https:\/\/kupmyjnie.pl\/wp-content\/uploads\/2022\/07\/IMG_5138.jpeg\",\"datePublished\":\"2022-07-12T09:05:55+00:00\",\"dateModified\":\"2024-08-07T07:08:27+00:00\",\"breadcrumb\":{\"@id\":\"https:\/\/kupmyjnie.pl\/produkt\/myjnia-bkf-6-cio-stanowiskowa\/#breadcrumb\"},\"inLanguage\":\"en-US\",\"potentialAction\":[{\"@type\":\"ReadAction\",\"target\":[\"https:\/\/kupmyjnie.pl\/produkt\/myjnia-bkf-6-cio-stanowiskowa\/\"]}]},{\"@type\":\"ImageObject\",\"inLanguage\":\"en-US\",\"@id\":\"https:\/\/kupmyjnie.pl\/produkt\/myjnia-bkf-6-cio-stanowiskowa\/#primaryimage\",\"url\":\"https:\/\/kupmyjnie.pl\/wp-content\/uploads\/2022\/07\/IMG_5138.jpeg\",\"contentUrl\":\"https:\/\/kupmyjnie.pl\/wp-content\/uploads\/2022\/07\/IMG_5138.jpeg\",\"width\":2365,\"height\":1330},{\"@type\":\"BreadcrumbList\",\"@id\":\"https:\/\/kupmyjnie.pl\/produkt\/myjnia-bkf-6-cio-stanowiskowa\/#breadcrumb\",\"itemListElement\":[{\"@type\":\"ListItem\",\"position\":1,\"name\":\"Home\",\"item\":\"https:\/\/kupmyjnie.pl\/en\/\"},{\"@type\":\"ListItem\",\"position\":2,\"name\":\"Aktualne og\u0142oszenia\",\"item\":\"https:\/\/kupmyjnie.pl\/ogloszenia\/\"},{\"@type\":\"ListItem\",\"position\":3,\"name\":\"Myjnia BKF 6-cio stanowiskowa\"}]},{\"@type\":\"WebSite\",\"@id\":\"https:\/\/kupmyjnie.pl\/#website\",\"url\":\"https:\/\/kupmyjnie.pl\/\",\"name\":\"KUPMYJNIE.pl\",\"description\":\"Gie\u0142da myjni u\u017cywanych\",\"potentialAction\":[{\"@type\":\"SearchAction\",\"target\":{\"@type\":\"EntryPoint\",\"urlTemplate\":\"https:\/\/kupmyjnie.pl\/?s={search_term_string}\"},\"query-input\":{\"@type\":\"PropertyValueSpecification\",\"valueRequired\":true,\"valueName\":\"search_term_string\"}}],\"inLanguage\":\"en-US\"}]}<\/script>\n<!-- \/ Yoast SEO Premium plugin. -->","yoast_head_json":{"title":"Myjnia BKF 6-cio stanowiskowa - KUPMYJNIE.pl","robots":{"index":"index","follow":"follow","max-snippet":"max-snippet:-1","max-image-preview":"max-image-preview:large","max-video-preview":"max-video-preview:-1"},"canonical":"https:\/\/kupmyjnie.pl\/produkt\/myjnia-bkf-6-cio-stanowiskowa\/","og_locale":"en_US","og_type":"article","og_title":"Myjnia BKF 6-cio stanowiskowa","og_description":"Do sprzedania Myjnia 6 - cio stanowiskowa BKF kontenerowa. Rok produkcji 2014. Stan myjni bardzo dobry zasilanie gazowe. Myjnia wyposa\u017cona w system p\u0142atno\u015bci kart\u0105. Pi\u0119\u0107 program\u00f3w mycia. 1. Aktywna Piana 2. Mycie zasadnicze 3. Sp\u0142ukiwanie 4. Wosk 5. Nab\u0142yszczenie  Myjnia wyposa\u017cona dodatkowo w odkurzacz dwustanowiskowy oraz stanowisko z p\u0142ynem do spryskiwaczy. Myjni\u0119 mo\u017cna zobaczy\u0107 w Wa\u0142brzychu, ul. 1 Maja na terenie CH Galeria Victoria. Osoby zainteresowane zapraszamy do kontaktu pod nr tel. 506 500 367.  Cena: 1500000 netto do negocjacji.","og_url":"https:\/\/kupmyjnie.pl\/produkt\/myjnia-bkf-6-cio-stanowiskowa\/","og_site_name":"KUPMYJNIE.pl","article_modified_time":"2024-08-07T07:08:27+00:00","og_image":[{"width":2365,"height":1330,"url":"https:\/\/kupmyjnie.pl\/wp-content\/uploads\/2022\/07\/IMG_5138.jpeg","type":"image\/jpeg"}],"twitter_card":"summary_large_image","schema":{"@context":"https:\/\/schema.org","@graph":[{"@type":"WebPage","@id":"https:\/\/kupmyjnie.pl\/produkt\/myjnia-bkf-6-cio-stanowiskowa\/","url":"https:\/\/kupmyjnie.pl\/produkt\/myjnia-bkf-6-cio-stanowiskowa\/","name":"Myjnia BKF 6-cio stanowiskowa - KUPMYJNIE.pl","isPartOf":{"@id":"https:\/\/kupmyjnie.pl\/#website"},"primaryImageOfPage":{"@id":"https:\/\/kupmyjnie.pl\/produkt\/myjnia-bkf-6-cio-stanowiskowa\/#primaryimage"},"image":{"@id":"https:\/\/kupmyjnie.pl\/produkt\/myjnia-bkf-6-cio-stanowiskowa\/#primaryimage"},"thumbnailUrl":"https:\/\/kupmyjnie.pl\/wp-content\/uploads\/2022\/07\/IMG_5138.jpeg","datePublished":"2022-07-12T09:05:55+00:00","dateModified":"2024-08-07T07:08:27+00:00","breadcrumb":{"@id":"https:\/\/kupmyjnie.pl\/produkt\/myjnia-bkf-6-cio-stanowiskowa\/#breadcrumb"},"inLanguage":"en-US","potentialAction":[{"@type":"ReadAction","target":["https:\/\/kupmyjnie.pl\/produkt\/myjnia-bkf-6-cio-stanowiskowa\/"]}]},{"@type":"ImageObject","inLanguage":"en-US","@id":"https:\/\/kupmyjnie.pl\/produkt\/myjnia-bkf-6-cio-stanowiskowa\/#primaryimage","url":"https:\/\/kupmyjnie.pl\/wp-content\/uploads\/2022\/07\/IMG_5138.jpeg","contentUrl":"https:\/\/kupmyjnie.pl\/wp-content\/uploads\/2022\/07\/IMG_5138.jpeg","width":2365,"height":1330},{"@type":"BreadcrumbList","@id":"https:\/\/kupmyjnie.pl\/produkt\/myjnia-bkf-6-cio-stanowiskowa\/#breadcrumb","itemListElement":[{"@type":"ListItem","position":1,"name":"Home","item":"https:\/\/kupmyjnie.pl\/en\/"},{"@type":"ListItem","position":2,"name":"Aktualne og\u0142oszenia","item":"https:\/\/kupmyjnie.pl\/ogloszenia\/"},{"@type":"ListItem","position":3,"name":"Myjnia BKF 6-cio stanowiskowa"}]},{"@type":"WebSite","@id":"https:\/\/kupmyjnie.pl\/#website","url":"https:\/\/kupmyjnie.pl\/","name":"KUPMYJNIE.pl","description":"Gie\u0142da myjni u\u017cywanych","potentialAction":[{"@type":"SearchAction","target":{"@type":"EntryPoint","urlTemplate":"https:\/\/kupmyjnie.pl\/?s={search_term_string}"},"query-input":{"@type":"PropertyValueSpecification","valueRequired":true,"valueName":"search_term_string"}}],"inLanguage":"en-US"}]}},"_links":{"self":[{"href":"https:\/\/kupmyjnie.pl\/en\/wp-json\/wp\/v2\/product\/871","targetHints":{"allow":["GET"]}}],"collection":[{"href":"https:\/\/kupmyjnie.pl\/en\/wp-json\/wp\/v2\/product"}],"about":[{"href":"https:\/\/kupmyjnie.pl\/en\/wp-json\/wp\/v2\/types\/product"}],"replies":[{"embeddable":true,"href":"https:\/\/kupmyjnie.pl\/en\/wp-json\/wp\/v2\/comments?post=871"}],"wp:featuredmedia":[{"embeddable":true,"href":"https:\/\/kupmyjnie.pl\/en\/wp-json\/wp\/v2\/media\/872"}],"wp:attachment":[{"href":"https:\/\/kupmyjnie.pl\/en\/wp-json\/wp\/v2\/media?parent=871"}],"wp:term":[{"taxonomy":"product_brand","embeddable":true,"href":"https:\/\/kupmyjnie.pl\/en\/wp-json\/wp\/v2\/product_brand?post=871"},{"taxonomy":"product_cat","embeddable":true,"href":"https:\/\/kupmyjnie.pl\/en\/wp-json\/wp\/v2\/product_cat?post=871"},{"taxonomy":"product_tag","embeddable":true,"href":"https:\/\/kupmyjnie.pl\/en\/wp-json\/wp\/v2\/product_tag?post=871"}],"curies":[{"name":"wp","href":"https:\/\/api.w.org\/{rel}","templated":true}]}}