{"id":875,"date":"2022-08-06T08:11:49","date_gmt":"2022-08-06T06:11:49","guid":{"rendered":"http:\/\/kupmyjnie.pl\/?post_type=product&#038;p=875"},"modified":"2022-12-05T14:00:29","modified_gmt":"2022-12-05T13:00:29","slug":"myjnia-bezdotykowa-samoobslugowa-ehrle-3-stanowiska","status":"publish","type":"product","link":"https:\/\/kupmyjnie.pl\/en\/produkt\/myjnia-bezdotykowa-samoobslugowa-ehrle-3-stanowiska\/","title":{"rendered":"Myjnia bezdotykowa samoobs\u0142ugowa Ehrle 3 stanowiska"},"content":{"rendered":"","protected":false},"excerpt":{"rendered":"<p>Sprzedam myjni\u0119 samoobs\u0142ugow\u0105, 3-stanowiskow\u0105, marki Ehrle, wyposa\u017con\u0105 w 2 podw\u00f3jne odkurzacze, rozmieniark\u0119 oraz kompresor i automat samoobs\u0142ugowy ze \u015bciereczkami. Zasysanie monet, monitoring, alarm. Na ka\u017cdym stanowisku 3 lance: piana, mycie, szczotka, Myjnia oddana do u\u017cytkowania w styczniu 2020, posadowiona na terenie parkingu nowo powsta\u0142ego centrum handlowego (Biedronka, Rossmann, Pepco, Tedi). Obok market budowlany Pszcz\u00f3\u0142ka, ko\u015bci\u00f3\u0142, stacja benzynowa w trakcie budowy. Sprzeda\u017c wraz z cesj\u0105 umowy dzier\u017cawy gruntu.<br \/>\nCena 295.000 brutto<\/p>\n<p>Szczeg\u00f3\u0142owe informacje telefonicznie pod numerem<strong> 606 903 855<\/strong>.<\/p>\n","protected":false},"featured_media":881,"comment_status":"open","ping_status":"closed","template":"","meta":[],"product_brand":[],"product_cat":[34],"product_tag":[],"class_list":{"0":"post-875","1":"product","2":"type-product","3":"status-publish","4":"has-post-thumbnail","6":"product_cat-uncategorized","8":"first","9":"instock","10":"featured","11":"taxable","12":"shipping-taxable","13":"purchasable","14":"product-type-simple"},"yoast_head":"<!-- This site is optimized with the Yoast SEO Premium plugin v26.8 (Yoast SEO v26.8) - https:\/\/yoast.com\/product\/yoast-seo-premium-wordpress\/ -->\n<title>Myjnia bezdotykowa samoobs\u0142ugowa Ehrle 3 stanowiska - KUPMYJNIE.pl<\/title>\n<meta name=\"robots\" content=\"index, follow, max-snippet:-1, max-image-preview:large, max-video-preview:-1\" \/>\n<link rel=\"canonical\" href=\"https:\/\/kupmyjnie.pl\/produkt\/myjnia-bezdotykowa-samoobslugowa-ehrle-3-stanowiska\/\" \/>\n<meta property=\"og:locale\" content=\"en_US\" \/>\n<meta property=\"og:type\" content=\"article\" \/>\n<meta property=\"og:title\" content=\"Myjnia bezdotykowa samoobs\u0142ugowa Ehrle 3 stanowiska\" \/>\n<meta property=\"og:description\" content=\"Sprzedam myjni\u0119 samoobs\u0142ugow\u0105, 3-stanowiskow\u0105, marki Ehrle, wyposa\u017con\u0105 w 2 podw\u00f3jne odkurzacze, rozmieniark\u0119 oraz kompresor i automat samoobs\u0142ugowy ze \u015bciereczkami. Zasysanie monet, monitoring, alarm. Na ka\u017cdym stanowisku 3 lance: piana, mycie, szczotka, Myjnia oddana do u\u017cytkowania w styczniu 2020, posadowiona na terenie parkingu nowo powsta\u0142ego centrum handlowego (Biedronka, Rossmann, Pepco, Tedi). Obok market budowlany Pszcz\u00f3\u0142ka, ko\u015bci\u00f3\u0142, stacja benzynowa w trakcie budowy. Sprzeda\u017c wraz z cesj\u0105 umowy dzier\u017cawy gruntu. Cena 295.000 brutto  Szczeg\u00f3\u0142owe informacje telefonicznie pod numerem 606 903 855.\" \/>\n<meta property=\"og:url\" content=\"https:\/\/kupmyjnie.pl\/produkt\/myjnia-bezdotykowa-samoobslugowa-ehrle-3-stanowiska\/\" \/>\n<meta property=\"og:site_name\" content=\"KUPMYJNIE.pl\" \/>\n<meta property=\"article:modified_time\" content=\"2022-12-05T13:00:29+00:00\" \/>\n<meta property=\"og:image\" content=\"https:\/\/kupmyjnie.pl\/wp-content\/uploads\/2022\/08\/myjnia-6.jpg\" \/>\n\t<meta property=\"og:image:width\" content=\"1000\" \/>\n\t<meta property=\"og:image:height\" content=\"473\" \/>\n\t<meta property=\"og:image:type\" content=\"image\/jpeg\" \/>\n<meta name=\"twitter:card\" content=\"summary_large_image\" \/>\n<script type=\"application\/ld+json\" class=\"yoast-schema-graph\">{\"@context\":\"https:\/\/schema.org\",\"@graph\":[{\"@type\":\"WebPage\",\"@id\":\"https:\/\/kupmyjnie.pl\/produkt\/myjnia-bezdotykowa-samoobslugowa-ehrle-3-stanowiska\/\",\"url\":\"https:\/\/kupmyjnie.pl\/produkt\/myjnia-bezdotykowa-samoobslugowa-ehrle-3-stanowiska\/\",\"name\":\"Myjnia bezdotykowa samoobs\u0142ugowa Ehrle 3 stanowiska - KUPMYJNIE.pl\",\"isPartOf\":{\"@id\":\"https:\/\/kupmyjnie.pl\/#website\"},\"primaryImageOfPage\":{\"@id\":\"https:\/\/kupmyjnie.pl\/produkt\/myjnia-bezdotykowa-samoobslugowa-ehrle-3-stanowiska\/#primaryimage\"},\"image\":{\"@id\":\"https:\/\/kupmyjnie.pl\/produkt\/myjnia-bezdotykowa-samoobslugowa-ehrle-3-stanowiska\/#primaryimage\"},\"thumbnailUrl\":\"https:\/\/kupmyjnie.pl\/wp-content\/uploads\/2022\/08\/myjnia-6.jpg\",\"datePublished\":\"2022-08-06T06:11:49+00:00\",\"dateModified\":\"2022-12-05T13:00:29+00:00\",\"breadcrumb\":{\"@id\":\"https:\/\/kupmyjnie.pl\/produkt\/myjnia-bezdotykowa-samoobslugowa-ehrle-3-stanowiska\/#breadcrumb\"},\"inLanguage\":\"en-US\",\"potentialAction\":[{\"@type\":\"ReadAction\",\"target\":[\"https:\/\/kupmyjnie.pl\/produkt\/myjnia-bezdotykowa-samoobslugowa-ehrle-3-stanowiska\/\"]}]},{\"@type\":\"ImageObject\",\"inLanguage\":\"en-US\",\"@id\":\"https:\/\/kupmyjnie.pl\/produkt\/myjnia-bezdotykowa-samoobslugowa-ehrle-3-stanowiska\/#primaryimage\",\"url\":\"https:\/\/kupmyjnie.pl\/wp-content\/uploads\/2022\/08\/myjnia-6.jpg\",\"contentUrl\":\"https:\/\/kupmyjnie.pl\/wp-content\/uploads\/2022\/08\/myjnia-6.jpg\",\"width\":1000,\"height\":473},{\"@type\":\"BreadcrumbList\",\"@id\":\"https:\/\/kupmyjnie.pl\/produkt\/myjnia-bezdotykowa-samoobslugowa-ehrle-3-stanowiska\/#breadcrumb\",\"itemListElement\":[{\"@type\":\"ListItem\",\"position\":1,\"name\":\"Home\",\"item\":\"https:\/\/kupmyjnie.pl\/en\/\"},{\"@type\":\"ListItem\",\"position\":2,\"name\":\"Aktualne og\u0142oszenia\",\"item\":\"https:\/\/kupmyjnie.pl\/ogloszenia\/\"},{\"@type\":\"ListItem\",\"position\":3,\"name\":\"Myjnia bezdotykowa samoobs\u0142ugowa Ehrle 3 stanowiska\"}]},{\"@type\":\"WebSite\",\"@id\":\"https:\/\/kupmyjnie.pl\/#website\",\"url\":\"https:\/\/kupmyjnie.pl\/\",\"name\":\"KUPMYJNIE.pl\",\"description\":\"Gie\u0142da myjni u\u017cywanych\",\"potentialAction\":[{\"@type\":\"SearchAction\",\"target\":{\"@type\":\"EntryPoint\",\"urlTemplate\":\"https:\/\/kupmyjnie.pl\/?s={search_term_string}\"},\"query-input\":{\"@type\":\"PropertyValueSpecification\",\"valueRequired\":true,\"valueName\":\"search_term_string\"}}],\"inLanguage\":\"en-US\"}]}<\/script>\n<!-- \/ Yoast SEO Premium plugin. -->","yoast_head_json":{"title":"Myjnia bezdotykowa samoobs\u0142ugowa Ehrle 3 stanowiska - KUPMYJNIE.pl","robots":{"index":"index","follow":"follow","max-snippet":"max-snippet:-1","max-image-preview":"max-image-preview:large","max-video-preview":"max-video-preview:-1"},"canonical":"https:\/\/kupmyjnie.pl\/produkt\/myjnia-bezdotykowa-samoobslugowa-ehrle-3-stanowiska\/","og_locale":"en_US","og_type":"article","og_title":"Myjnia bezdotykowa samoobs\u0142ugowa Ehrle 3 stanowiska","og_description":"Sprzedam myjni\u0119 samoobs\u0142ugow\u0105, 3-stanowiskow\u0105, marki Ehrle, wyposa\u017con\u0105 w 2 podw\u00f3jne odkurzacze, rozmieniark\u0119 oraz kompresor i automat samoobs\u0142ugowy ze \u015bciereczkami. Zasysanie monet, monitoring, alarm. Na ka\u017cdym stanowisku 3 lance: piana, mycie, szczotka, Myjnia oddana do u\u017cytkowania w styczniu 2020, posadowiona na terenie parkingu nowo powsta\u0142ego centrum handlowego (Biedronka, Rossmann, Pepco, Tedi). Obok market budowlany Pszcz\u00f3\u0142ka, ko\u015bci\u00f3\u0142, stacja benzynowa w trakcie budowy. Sprzeda\u017c wraz z cesj\u0105 umowy dzier\u017cawy gruntu. Cena 295.000 brutto  Szczeg\u00f3\u0142owe informacje telefonicznie pod numerem 606 903 855.","og_url":"https:\/\/kupmyjnie.pl\/produkt\/myjnia-bezdotykowa-samoobslugowa-ehrle-3-stanowiska\/","og_site_name":"KUPMYJNIE.pl","article_modified_time":"2022-12-05T13:00:29+00:00","og_image":[{"width":1000,"height":473,"url":"https:\/\/kupmyjnie.pl\/wp-content\/uploads\/2022\/08\/myjnia-6.jpg","type":"image\/jpeg"}],"twitter_card":"summary_large_image","schema":{"@context":"https:\/\/schema.org","@graph":[{"@type":"WebPage","@id":"https:\/\/kupmyjnie.pl\/produkt\/myjnia-bezdotykowa-samoobslugowa-ehrle-3-stanowiska\/","url":"https:\/\/kupmyjnie.pl\/produkt\/myjnia-bezdotykowa-samoobslugowa-ehrle-3-stanowiska\/","name":"Myjnia bezdotykowa samoobs\u0142ugowa Ehrle 3 stanowiska - KUPMYJNIE.pl","isPartOf":{"@id":"https:\/\/kupmyjnie.pl\/#website"},"primaryImageOfPage":{"@id":"https:\/\/kupmyjnie.pl\/produkt\/myjnia-bezdotykowa-samoobslugowa-ehrle-3-stanowiska\/#primaryimage"},"image":{"@id":"https:\/\/kupmyjnie.pl\/produkt\/myjnia-bezdotykowa-samoobslugowa-ehrle-3-stanowiska\/#primaryimage"},"thumbnailUrl":"https:\/\/kupmyjnie.pl\/wp-content\/uploads\/2022\/08\/myjnia-6.jpg","datePublished":"2022-08-06T06:11:49+00:00","dateModified":"2022-12-05T13:00:29+00:00","breadcrumb":{"@id":"https:\/\/kupmyjnie.pl\/produkt\/myjnia-bezdotykowa-samoobslugowa-ehrle-3-stanowiska\/#breadcrumb"},"inLanguage":"en-US","potentialAction":[{"@type":"ReadAction","target":["https:\/\/kupmyjnie.pl\/produkt\/myjnia-bezdotykowa-samoobslugowa-ehrle-3-stanowiska\/"]}]},{"@type":"ImageObject","inLanguage":"en-US","@id":"https:\/\/kupmyjnie.pl\/produkt\/myjnia-bezdotykowa-samoobslugowa-ehrle-3-stanowiska\/#primaryimage","url":"https:\/\/kupmyjnie.pl\/wp-content\/uploads\/2022\/08\/myjnia-6.jpg","contentUrl":"https:\/\/kupmyjnie.pl\/wp-content\/uploads\/2022\/08\/myjnia-6.jpg","width":1000,"height":473},{"@type":"BreadcrumbList","@id":"https:\/\/kupmyjnie.pl\/produkt\/myjnia-bezdotykowa-samoobslugowa-ehrle-3-stanowiska\/#breadcrumb","itemListElement":[{"@type":"ListItem","position":1,"name":"Home","item":"https:\/\/kupmyjnie.pl\/en\/"},{"@type":"ListItem","position":2,"name":"Aktualne og\u0142oszenia","item":"https:\/\/kupmyjnie.pl\/ogloszenia\/"},{"@type":"ListItem","position":3,"name":"Myjnia bezdotykowa samoobs\u0142ugowa Ehrle 3 stanowiska"}]},{"@type":"WebSite","@id":"https:\/\/kupmyjnie.pl\/#website","url":"https:\/\/kupmyjnie.pl\/","name":"KUPMYJNIE.pl","description":"Gie\u0142da myjni u\u017cywanych","potentialAction":[{"@type":"SearchAction","target":{"@type":"EntryPoint","urlTemplate":"https:\/\/kupmyjnie.pl\/?s={search_term_string}"},"query-input":{"@type":"PropertyValueSpecification","valueRequired":true,"valueName":"search_term_string"}}],"inLanguage":"en-US"}]}},"_links":{"self":[{"href":"https:\/\/kupmyjnie.pl\/en\/wp-json\/wp\/v2\/product\/875","targetHints":{"allow":["GET"]}}],"collection":[{"href":"https:\/\/kupmyjnie.pl\/en\/wp-json\/wp\/v2\/product"}],"about":[{"href":"https:\/\/kupmyjnie.pl\/en\/wp-json\/wp\/v2\/types\/product"}],"replies":[{"embeddable":true,"href":"https:\/\/kupmyjnie.pl\/en\/wp-json\/wp\/v2\/comments?post=875"}],"wp:featuredmedia":[{"embeddable":true,"href":"https:\/\/kupmyjnie.pl\/en\/wp-json\/wp\/v2\/media\/881"}],"wp:attachment":[{"href":"https:\/\/kupmyjnie.pl\/en\/wp-json\/wp\/v2\/media?parent=875"}],"wp:term":[{"taxonomy":"product_brand","embeddable":true,"href":"https:\/\/kupmyjnie.pl\/en\/wp-json\/wp\/v2\/product_brand?post=875"},{"taxonomy":"product_cat","embeddable":true,"href":"https:\/\/kupmyjnie.pl\/en\/wp-json\/wp\/v2\/product_cat?post=875"},{"taxonomy":"product_tag","embeddable":true,"href":"https:\/\/kupmyjnie.pl\/en\/wp-json\/wp\/v2\/product_tag?post=875"}],"curies":[{"name":"wp","href":"https:\/\/api.w.org\/{rel}","templated":true}]}}