{"id":904,"date":"2022-09-06T13:48:57","date_gmt":"2022-09-06T11:48:57","guid":{"rendered":"http:\/\/kupmyjnie.pl\/?post_type=product&#038;p=904"},"modified":"2022-09-07T13:21:28","modified_gmt":"2022-09-07T11:21:28","slug":"modul-ehrle-smart","status":"publish","type":"product","link":"https:\/\/kupmyjnie.pl\/en\/produkt\/modul-ehrle-smart\/","title":{"rendered":"Modu\u0142 Ehrle Smart"},"content":{"rendered":"","protected":false},"excerpt":{"rendered":"<p>Do sprzedania modu\u0142 Ehrle Smart, stan dobry.<br \/>\nLokalizacja: woj. Ma\u0142opolskie.<br \/>\nSprzeda\u017c na faktur\u0119 VAT. Oferujemy pomoc w formalno\u015bciach leasingowych.<\/p>\n<p>Kontakt telefoniczny pod numerem <strong>512787007<\/strong><\/p>\n","protected":false},"featured_media":905,"comment_status":"open","ping_status":"closed","template":"","meta":[],"product_brand":[],"product_cat":[34],"product_tag":[],"class_list":{"0":"post-904","1":"product","2":"type-product","3":"status-publish","4":"has-post-thumbnail","6":"product_cat-uncategorized","8":"first","9":"instock","10":"featured","11":"taxable","12":"shipping-taxable","13":"purchasable","14":"product-type-simple"},"yoast_head":"<!-- This site is optimized with the Yoast SEO Premium plugin v26.8 (Yoast SEO v26.8) - https:\/\/yoast.com\/product\/yoast-seo-premium-wordpress\/ -->\n<title>Modu\u0142 Ehrle Smart - KUPMYJNIE.pl<\/title>\n<meta name=\"robots\" content=\"index, follow, max-snippet:-1, max-image-preview:large, max-video-preview:-1\" \/>\n<link rel=\"canonical\" href=\"https:\/\/kupmyjnie.pl\/produkt\/modul-ehrle-smart\/\" \/>\n<meta property=\"og:locale\" content=\"en_US\" \/>\n<meta property=\"og:type\" content=\"article\" \/>\n<meta property=\"og:title\" content=\"Modu\u0142 Ehrle Smart\" \/>\n<meta property=\"og:description\" content=\"Do sprzedania modu\u0142 Ehrle Smart, stan dobry. Lokalizacja: woj. Ma\u0142opolskie. Sprzeda\u017c na faktur\u0119 VAT. Oferujemy pomoc w formalno\u015bciach leasingowych.  Kontakt telefoniczny pod numerem 512787007\" \/>\n<meta property=\"og:url\" content=\"https:\/\/kupmyjnie.pl\/produkt\/modul-ehrle-smart\/\" \/>\n<meta property=\"og:site_name\" content=\"KUPMYJNIE.pl\" \/>\n<meta property=\"article:modified_time\" content=\"2022-09-07T11:21:28+00:00\" \/>\n<meta property=\"og:image\" content=\"https:\/\/kupmyjnie.pl\/wp-content\/uploads\/2022\/09\/20220906_130011-e1662464615103.jpg\" \/>\n\t<meta property=\"og:image:width\" content=\"1282\" \/>\n\t<meta property=\"og:image:height\" content=\"1710\" \/>\n\t<meta property=\"og:image:type\" content=\"image\/jpeg\" \/>\n<meta name=\"twitter:card\" content=\"summary_large_image\" \/>\n<script type=\"application\/ld+json\" class=\"yoast-schema-graph\">{\"@context\":\"https:\/\/schema.org\",\"@graph\":[{\"@type\":\"WebPage\",\"@id\":\"https:\/\/kupmyjnie.pl\/produkt\/modul-ehrle-smart\/\",\"url\":\"https:\/\/kupmyjnie.pl\/produkt\/modul-ehrle-smart\/\",\"name\":\"Modu\u0142 Ehrle Smart - KUPMYJNIE.pl\",\"isPartOf\":{\"@id\":\"https:\/\/kupmyjnie.pl\/#website\"},\"primaryImageOfPage\":{\"@id\":\"https:\/\/kupmyjnie.pl\/produkt\/modul-ehrle-smart\/#primaryimage\"},\"image\":{\"@id\":\"https:\/\/kupmyjnie.pl\/produkt\/modul-ehrle-smart\/#primaryimage\"},\"thumbnailUrl\":\"https:\/\/kupmyjnie.pl\/wp-content\/uploads\/2022\/09\/20220906_130011-e1662464615103.jpg\",\"datePublished\":\"2022-09-06T11:48:57+00:00\",\"dateModified\":\"2022-09-07T11:21:28+00:00\",\"breadcrumb\":{\"@id\":\"https:\/\/kupmyjnie.pl\/produkt\/modul-ehrle-smart\/#breadcrumb\"},\"inLanguage\":\"en-US\",\"potentialAction\":[{\"@type\":\"ReadAction\",\"target\":[\"https:\/\/kupmyjnie.pl\/produkt\/modul-ehrle-smart\/\"]}]},{\"@type\":\"ImageObject\",\"inLanguage\":\"en-US\",\"@id\":\"https:\/\/kupmyjnie.pl\/produkt\/modul-ehrle-smart\/#primaryimage\",\"url\":\"https:\/\/kupmyjnie.pl\/wp-content\/uploads\/2022\/09\/20220906_130011-e1662464615103.jpg\",\"contentUrl\":\"https:\/\/kupmyjnie.pl\/wp-content\/uploads\/2022\/09\/20220906_130011-e1662464615103.jpg\",\"width\":1282,\"height\":1710},{\"@type\":\"BreadcrumbList\",\"@id\":\"https:\/\/kupmyjnie.pl\/produkt\/modul-ehrle-smart\/#breadcrumb\",\"itemListElement\":[{\"@type\":\"ListItem\",\"position\":1,\"name\":\"Home\",\"item\":\"https:\/\/kupmyjnie.pl\/en\/\"},{\"@type\":\"ListItem\",\"position\":2,\"name\":\"Aktualne og\u0142oszenia\",\"item\":\"https:\/\/kupmyjnie.pl\/ogloszenia\/\"},{\"@type\":\"ListItem\",\"position\":3,\"name\":\"Modu\u0142 Ehrle Smart\"}]},{\"@type\":\"WebSite\",\"@id\":\"https:\/\/kupmyjnie.pl\/#website\",\"url\":\"https:\/\/kupmyjnie.pl\/\",\"name\":\"KUPMYJNIE.pl\",\"description\":\"Gie\u0142da myjni u\u017cywanych\",\"potentialAction\":[{\"@type\":\"SearchAction\",\"target\":{\"@type\":\"EntryPoint\",\"urlTemplate\":\"https:\/\/kupmyjnie.pl\/?s={search_term_string}\"},\"query-input\":{\"@type\":\"PropertyValueSpecification\",\"valueRequired\":true,\"valueName\":\"search_term_string\"}}],\"inLanguage\":\"en-US\"}]}<\/script>\n<!-- \/ Yoast SEO Premium plugin. -->","yoast_head_json":{"title":"Modu\u0142 Ehrle Smart - KUPMYJNIE.pl","robots":{"index":"index","follow":"follow","max-snippet":"max-snippet:-1","max-image-preview":"max-image-preview:large","max-video-preview":"max-video-preview:-1"},"canonical":"https:\/\/kupmyjnie.pl\/produkt\/modul-ehrle-smart\/","og_locale":"en_US","og_type":"article","og_title":"Modu\u0142 Ehrle Smart","og_description":"Do sprzedania modu\u0142 Ehrle Smart, stan dobry. Lokalizacja: woj. Ma\u0142opolskie. Sprzeda\u017c na faktur\u0119 VAT. Oferujemy pomoc w formalno\u015bciach leasingowych.  Kontakt telefoniczny pod numerem 512787007","og_url":"https:\/\/kupmyjnie.pl\/produkt\/modul-ehrle-smart\/","og_site_name":"KUPMYJNIE.pl","article_modified_time":"2022-09-07T11:21:28+00:00","og_image":[{"width":1282,"height":1710,"url":"https:\/\/kupmyjnie.pl\/wp-content\/uploads\/2022\/09\/20220906_130011-e1662464615103.jpg","type":"image\/jpeg"}],"twitter_card":"summary_large_image","schema":{"@context":"https:\/\/schema.org","@graph":[{"@type":"WebPage","@id":"https:\/\/kupmyjnie.pl\/produkt\/modul-ehrle-smart\/","url":"https:\/\/kupmyjnie.pl\/produkt\/modul-ehrle-smart\/","name":"Modu\u0142 Ehrle Smart - KUPMYJNIE.pl","isPartOf":{"@id":"https:\/\/kupmyjnie.pl\/#website"},"primaryImageOfPage":{"@id":"https:\/\/kupmyjnie.pl\/produkt\/modul-ehrle-smart\/#primaryimage"},"image":{"@id":"https:\/\/kupmyjnie.pl\/produkt\/modul-ehrle-smart\/#primaryimage"},"thumbnailUrl":"https:\/\/kupmyjnie.pl\/wp-content\/uploads\/2022\/09\/20220906_130011-e1662464615103.jpg","datePublished":"2022-09-06T11:48:57+00:00","dateModified":"2022-09-07T11:21:28+00:00","breadcrumb":{"@id":"https:\/\/kupmyjnie.pl\/produkt\/modul-ehrle-smart\/#breadcrumb"},"inLanguage":"en-US","potentialAction":[{"@type":"ReadAction","target":["https:\/\/kupmyjnie.pl\/produkt\/modul-ehrle-smart\/"]}]},{"@type":"ImageObject","inLanguage":"en-US","@id":"https:\/\/kupmyjnie.pl\/produkt\/modul-ehrle-smart\/#primaryimage","url":"https:\/\/kupmyjnie.pl\/wp-content\/uploads\/2022\/09\/20220906_130011-e1662464615103.jpg","contentUrl":"https:\/\/kupmyjnie.pl\/wp-content\/uploads\/2022\/09\/20220906_130011-e1662464615103.jpg","width":1282,"height":1710},{"@type":"BreadcrumbList","@id":"https:\/\/kupmyjnie.pl\/produkt\/modul-ehrle-smart\/#breadcrumb","itemListElement":[{"@type":"ListItem","position":1,"name":"Home","item":"https:\/\/kupmyjnie.pl\/en\/"},{"@type":"ListItem","position":2,"name":"Aktualne og\u0142oszenia","item":"https:\/\/kupmyjnie.pl\/ogloszenia\/"},{"@type":"ListItem","position":3,"name":"Modu\u0142 Ehrle Smart"}]},{"@type":"WebSite","@id":"https:\/\/kupmyjnie.pl\/#website","url":"https:\/\/kupmyjnie.pl\/","name":"KUPMYJNIE.pl","description":"Gie\u0142da myjni u\u017cywanych","potentialAction":[{"@type":"SearchAction","target":{"@type":"EntryPoint","urlTemplate":"https:\/\/kupmyjnie.pl\/?s={search_term_string}"},"query-input":{"@type":"PropertyValueSpecification","valueRequired":true,"valueName":"search_term_string"}}],"inLanguage":"en-US"}]}},"_links":{"self":[{"href":"https:\/\/kupmyjnie.pl\/en\/wp-json\/wp\/v2\/product\/904","targetHints":{"allow":["GET"]}}],"collection":[{"href":"https:\/\/kupmyjnie.pl\/en\/wp-json\/wp\/v2\/product"}],"about":[{"href":"https:\/\/kupmyjnie.pl\/en\/wp-json\/wp\/v2\/types\/product"}],"replies":[{"embeddable":true,"href":"https:\/\/kupmyjnie.pl\/en\/wp-json\/wp\/v2\/comments?post=904"}],"wp:featuredmedia":[{"embeddable":true,"href":"https:\/\/kupmyjnie.pl\/en\/wp-json\/wp\/v2\/media\/905"}],"wp:attachment":[{"href":"https:\/\/kupmyjnie.pl\/en\/wp-json\/wp\/v2\/media?parent=904"}],"wp:term":[{"taxonomy":"product_brand","embeddable":true,"href":"https:\/\/kupmyjnie.pl\/en\/wp-json\/wp\/v2\/product_brand?post=904"},{"taxonomy":"product_cat","embeddable":true,"href":"https:\/\/kupmyjnie.pl\/en\/wp-json\/wp\/v2\/product_cat?post=904"},{"taxonomy":"product_tag","embeddable":true,"href":"https:\/\/kupmyjnie.pl\/en\/wp-json\/wp\/v2\/product_tag?post=904"}],"curies":[{"name":"wp","href":"https:\/\/api.w.org\/{rel}","templated":true}]}}